{"id":3339,"date":"2025-04-05T02:54:17","date_gmt":"2025-04-05T02:54:17","guid":{"rendered":"https:\/\/babypillowwholesale.com\/?post_type=product&#038;p=3339"},"modified":"2025-06-08T11:49:36","modified_gmt":"2025-06-08T11:49:36","slug":"long-eared-rabbit-infant-pillow","status":"publish","type":"product","link":"https:\/\/babypillowwholesale.com\/nb\/product\/long-eared-rabbit-infant-pillow\/","title":{"rendered":"Spedbarnspute med lange kanin\u00f8rer"},"content":{"rendered":"<div class=\"auto-hide-last-sibling-br paragraph-qzbcQC paragraph-element br-paragraph-space\" data-immersive-translate-walked=\"8e61f2e7-6af2-46e5-9672-3b9e4f4033d9\" data-immersive-translate-paragraph=\"1\">\n<div class=\"auto-hide-last-sibling-br paragraph-qzbcQC paragraph-element br-paragraph-space\">\n<div class=\"auto-hide-last-sibling-br paragraph-qzbcQC paragraph-element br-paragraph-space\">\n<div class=\"auto-hide-last-sibling-br paragraph-qzbcQC paragraph-element br-paragraph-space\">\n<div class=\"auto-hide-last-sibling-br paragraph-qzbcQC paragraph-element br-paragraph-space\">\n<div class=\"auto-hide-last-sibling-br paragraph-qzbcQC paragraph-element br-paragraph-space\">\n<div class=\"auto-hide-last-sibling-br paragraph-qzbcQC paragraph-element br-paragraph-space\">\n<div class=\"auto-hide-last-sibling-br paragraph-qzbcQC paragraph-element br-paragraph-space\">\n<div class=\"auto-hide-last-sibling-br paragraph-qzbcQC paragraph-element br-paragraph-space\">\n<div class=\"auto-hide-last-sibling-br paragraph-qzbcQC paragraph-element br-paragraph-space\">\n<div class=\"auto-hide-last-sibling-br paragraph-qzbcQC paragraph-element br-paragraph-space\">\n<div class=\"auto-hide-last-sibling-br paragraph-qzbcQC paragraph-element br-paragraph-space\">\n<div class=\"auto-hide-last-sibling-br paragraph-qzbcQC paragraph-element br-paragraph-space\">Vi presenterer Long - Eared Rabbit Infant Pillow, en herlig og uunnv\u00e6rlig sovekompanjong for barn i alderen 1 - 3 \u00e5r. Denne puten er inspirert av den elskelige kaninen med de lange \u00f8rene, som har b\u00e5de sjarmerende og fengslende trekk. De lange, oppreiste \u00f8rene ser ut til \u00e5 v\u00e6re i konstant beredskap, mens de lyse, uttrykksfulle \u00f8ynene og de r\u00f8dmende kinnene gir den et uimotst\u00e5elig s\u00f8tt og innbydende utseende.<\/div>\n<p>&nbsp;<\/p>\n<div class=\"auto-hide-last-sibling-br paragraph-qzbcQC paragraph-element br-paragraph-space\">M\u00e5ling 40*<em>24*<\/em>3CM, er den omhyggelig utformet for \u00e5 gi akkurat passe st\u00f8tte til barnets hode og nakke. N\u00e5r barnet legger seg ned for \u00e5 sove, vugger puten det forsiktig og bidrar til en behagelig og sunn sovestilling som sikrer en avslappende natt. Puten er laget av myke, hudvennlige materialer og har en fl\u00f8yelsmyk ber\u00f8ring, som en forsiktig klem, og skaper en koselig oase som beroliger barnet ditt til en fredelig s\u00f8vn.<\/div>\n<p>&nbsp;<\/p>\n<div class=\"auto-hide-last-sibling-br paragraph-qzbcQC paragraph-element br-paragraph-space\">Puten er tilgjengelig i de myke, beroligende nyansene rosa og bl\u00e5tt, og den utfyller enkelt enhver barnehageinnredning og tilf\u00f8rer et snev av farge og sjarm. Se for deg de rolige kveldene n\u00e5r barnet ditt koser seg med Spedbarnsputen Kanin med lange \u00f8rer. Den blir mer enn bare en pute; den er en kilde til tr\u00f8st og trygghet. I l\u00f8pet av dagen kan den forvandles til en lekefavoritt, en myk rekvisitt for fantasifulle eventyr eller en tr\u00f8stende venn n\u00e5r barnet er tr\u00f8tt eller urolig.<\/div>\n<p>&nbsp;<\/p>\n<div class=\"auto-hide-last-sibling-br paragraph-qzbcQC paragraph-element br-paragraph-space\">Foreldrene er fulle av lovord om denne herlige puten. \"Barnet mitt elsker puten med de lange kanin\u00f8rene. Den har blitt en fast del av nattbordet. Den er utrolig myk, og det s\u00f8te designet gj\u00f8r den s\u00e5 spesiell\", sier en forn\u00f8yd mamma. En pappa legger til: \"Vi elsker at den ikke bare er en pute, men ogs\u00e5 en del av barnets lek. Den er ogs\u00e5 slitesterk, noe som er flott med tanke p\u00e5 hvor mye den blir brukt. Et fantastisk tilskudd til hjemmet v\u00e5rt.\"<\/div>\n<p>&nbsp;<\/p>\n<div class=\"auto-hide-last-sibling-br paragraph-qzbcQC paragraph-element br-paragraph-space\">Spedbarnsputen Long - Eared Rabbit er en harmonisk blanding av komfort, s\u00f8thet og funksjonalitet. Den er ikke bare et senget\u00f8y, den er en kj\u00e6r del av barnets hverdag og tilf\u00f8rer hvert \u00f8yeblikk et dryss av kanininspirert magi.<\/div>\n<\/div>\n<\/div>\n<\/div>\n<\/div>\n<\/div>\n<\/div>\n<\/div>\n<\/div>\n<\/div>\n<\/div>\n<\/div>\n<\/div>","protected":false},"excerpt":{"rendered":"<div class=\"container-QE4ayg\">\n<div class=\"item-jU10IN\">\n<div class=\"container-jODEnh chrome70-container\">\n<div class=\"inner-eE95c9 inner-item-aL3Ui_\" data-target-id=\"message-box-target-id\" data-testid=\"union_message\">\n<div class=\"message-block-container-liuetz\" data-testid=\"message-block-container\">\n<div class=\"message-box-ZWbBdF\" data-testid=\"receive_message\">\n<div class=\"message-box-content-wrapper-srHdUj\">\n<div class=\"message-content message-box-content-otxGGw receive-message-box-content-_lREFj samantha-message-box-content-Qjmpja\" data-testid=\"message_content\">\n<div class=\"container-hfX5E8 flow-markdown-body theme-samantha-yJEgBp\" dir=\"ltr\" data-testid=\"message_text_content\" data-show-indicator=\"false\">\n<div class=\"auto-hide-last-sibling-br paragraph-qzbcQC paragraph-element br-paragraph-space\">Spedbarnsputen Long - Eared Rabbit er et sjarmerende sovetilbeh\u00f8r som er skreddersydd for barn i alderen 1 - 3 \u00e5r. Designet er inspirert av en s\u00f8t kanin med lange, oppreiste \u00f8rer, lyse \u00f8yne og r\u00f8dmende kinn, noe som gir den et uimotst\u00e5elig s\u00f8tt utseende. Den m\u00e5ler 40*.<em>24*<\/em>3 cm, gir den tilstrekkelig st\u00f8tte for barnets hode og nakke, og bidrar til \u00e5 opprettholde en behagelig sovestilling. Den er laget av myke og hudvennlige materialer, og gir en sk\u00e5nsom og koselig f\u00f8lelse. Puten er tilgjengelig i rosa og bl\u00e5tt, og passer godt inn i ulike barnehager. Denne puten s\u00f8rger ikke bare for en avslappende s\u00f8vn for det lille barnet ditt, men tilf\u00f8rer ogs\u00e5 et snev av innfall og varme til leggetiden, noe som gj\u00f8r den til et herlig tillegg til de s\u00f8vnrelaterte tingene deres.<\/div>\n<\/div>\n<\/div>\n<\/div>\n<\/div>\n<\/div>\n<\/div>\n<\/div>\n<\/div>\n<\/div>","protected":false},"featured_media":3340,"comment_status":"open","ping_status":"closed","template":"","meta":{"_uag_custom_page_level_css":"","site-sidebar-layout":"default","site-content-layout":"","ast-site-content-layout":"default","site-content-style":"default","site-sidebar-style":"default","ast-global-header-display":"","ast-banner-title-visibility":"","ast-main-header-display":"","ast-hfb-above-header-display":"","ast-hfb-below-header-display":"","ast-hfb-mobile-header-display":"","site-post-title":"","ast-breadcrumbs-content":"","ast-featured-img":"","footer-sml-layout":"","ast-disable-related-posts":"","theme-transparent-header-meta":"default","adv-header-id-meta":"","stick-header-meta":"","header-above-stick-meta":"","header-main-stick-meta":"","header-below-stick-meta":"","astra-migrate-meta-layouts":"set","ast-page-background-enabled":"default","ast-page-background-meta":{"desktop":{"background-color":"","background-image":"","background-repeat":"repeat","background-position":"center center","background-size":"auto","background-attachment":"scroll","background-type":"","background-media":"","overlay-type":"","overlay-color":"","overlay-opacity":"","overlay-gradient":""},"tablet":{"background-color":"","background-image":"","background-repeat":"repeat","background-position":"center center","background-size":"auto","background-attachment":"scroll","background-type":"","background-media":"","overlay-type":"","overlay-color":"","overlay-opacity":"","overlay-gradient":""},"mobile":{"background-color":"","background-image":"","background-repeat":"repeat","background-position":"center center","background-size":"auto","background-attachment":"scroll","background-type":"","background-media":"","overlay-type":"","overlay-color":"","overlay-opacity":"","overlay-gradient":""}},"ast-content-background-meta":{"desktop":{"background-color":"var(--ast-global-color-5)","background-image":"","background-repeat":"repeat","background-position":"center center","background-size":"auto","background-attachment":"scroll","background-type":"","background-media":"","overlay-type":"","overlay-color":"","overlay-opacity":"","overlay-gradient":""},"tablet":{"background-color":"var(--ast-global-color-5)","background-image":"","background-repeat":"repeat","background-position":"center center","background-size":"auto","background-attachment":"scroll","background-type":"","background-media":"","overlay-type":"","overlay-color":"","overlay-opacity":"","overlay-gradient":""},"mobile":{"background-color":"var(--ast-global-color-5)","background-image":"","background-repeat":"repeat","background-position":"center center","background-size":"auto","background-attachment":"scroll","background-type":"","background-media":"","overlay-type":"","overlay-color":"","overlay-opacity":"","overlay-gradient":""}}},"product_brand":[],"product_cat":[56,42],"product_tag":[70,68,71,69],"class_list":{"0":"post-3339","1":"product","2":"type-product","3":"status-publish","4":"has-post-thumbnail","6":"product_cat-1-to-3-years","7":"product_cat-merchandise","8":"product_tag-babypillow","9":"product_tag-cuteanimalpillow","10":"product_tag-headshapesupport","11":"product_tag-kouniushapingpillow","12":"desktop-align-left","13":"tablet-align-left","14":"mobile-align-left","16":"first","17":"instock","18":"shipping-taxable","19":"product-type-simple"},"aioseo_notices":[],"uagb_featured_image_src":{"full":["https:\/\/babypillowwholesale.com\/wp-content\/uploads\/2025\/04\/1098.jpg",1000,1000,false],"thumbnail":["https:\/\/babypillowwholesale.com\/wp-content\/uploads\/2025\/04\/1098-150x150.jpg",150,150,true],"medium":["https:\/\/babypillowwholesale.com\/wp-content\/uploads\/2025\/04\/1098-300x300.jpg",300,300,true],"medium_large":["https:\/\/babypillowwholesale.com\/wp-content\/uploads\/2025\/04\/1098-768x768.jpg",768,768,true],"large":["https:\/\/babypillowwholesale.com\/wp-content\/uploads\/2025\/04\/1098.jpg",1000,1000,false],"1536x1536":["https:\/\/babypillowwholesale.com\/wp-content\/uploads\/2025\/04\/1098.jpg",1000,1000,false],"2048x2048":["https:\/\/babypillowwholesale.com\/wp-content\/uploads\/2025\/04\/1098.jpg",1000,1000,false],"trp-custom-language-flag":["https:\/\/babypillowwholesale.com\/wp-content\/uploads\/2025\/04\/1098.jpg",12,12,false],"woocommerce_thumbnail":["https:\/\/babypillowwholesale.com\/wp-content\/uploads\/2025\/04\/1098-300x300.jpg",300,300,true],"woocommerce_single":["https:\/\/babypillowwholesale.com\/wp-content\/uploads\/2025\/04\/1098-600x600.jpg",600,600,true],"woocommerce_gallery_thumbnail":["https:\/\/babypillowwholesale.com\/wp-content\/uploads\/2025\/04\/1098-100x100.jpg",100,100,true]},"uagb_author_info":{"display_name":"Etnen zhong","author_link":"https:\/\/babypillowwholesale.com\/nb\/author\/"},"uagb_comment_info":0,"uagb_excerpt":"The Long - Eared Rabbit Infant Pillow is a charming sleep accessory tailored for children aged 1 - 3 years. Its design is inspired by a cute long - eared rabbit, featuring long, upright ears, bright eyes, and blushing cheeks, which gives it an irresistibly adorable look. Measuring 40*24*3CM, it provides adequate support for a&hellip;","jetpack_sharing_enabled":true,"_links":{"self":[{"href":"https:\/\/babypillowwholesale.com\/nb\/wp-json\/wp\/v2\/product\/3339","targetHints":{"allow":["GET"]}}],"collection":[{"href":"https:\/\/babypillowwholesale.com\/nb\/wp-json\/wp\/v2\/product"}],"about":[{"href":"https:\/\/babypillowwholesale.com\/nb\/wp-json\/wp\/v2\/types\/product"}],"replies":[{"embeddable":true,"href":"https:\/\/babypillowwholesale.com\/nb\/wp-json\/wp\/v2\/comments?post=3339"}],"wp:featuredmedia":[{"embeddable":true,"href":"https:\/\/babypillowwholesale.com\/nb\/wp-json\/wp\/v2\/media\/3340"}],"wp:attachment":[{"href":"https:\/\/babypillowwholesale.com\/nb\/wp-json\/wp\/v2\/media?parent=3339"}],"wp:term":[{"taxonomy":"product_brand","embeddable":true,"href":"https:\/\/babypillowwholesale.com\/nb\/wp-json\/wp\/v2\/product_brand?post=3339"},{"taxonomy":"product_cat","embeddable":true,"href":"https:\/\/babypillowwholesale.com\/nb\/wp-json\/wp\/v2\/product_cat?post=3339"},{"taxonomy":"product_tag","embeddable":true,"href":"https:\/\/babypillowwholesale.com\/nb\/wp-json\/wp\/v2\/product_tag?post=3339"}],"curies":[{"name":"wp","href":"https:\/\/api.w.org\/{rel}","templated":true}]}}