{"id":3313,"date":"2025-03-26T08:34:46","date_gmt":"2025-03-26T08:34:46","guid":{"rendered":"https:\/\/babypillowwholesale.com\/?post_type=product&#038;p=3313"},"modified":"2025-06-08T15:21:39","modified_gmt":"2025-06-08T15:21:39","slug":"little-raccoon-contour-pillow","status":"publish","type":"product","link":"https:\/\/babypillowwholesale.com\/nb\/product\/little-raccoon-contour-pillow\/","title":{"rendered":"Little Raccoon Contour Pillow"},"content":{"rendered":"<div class=\"auto-hide-last-sibling-br paragraph-qzbcQC paragraph-element br-paragraph-space\" data-immersive-translate-walked=\"8e61f2e7-6af2-46e5-9672-3b9e4f4033d9\" data-immersive-translate-paragraph=\"1\">\n<div class=\"auto-hide-last-sibling-br paragraph-qzbcQC paragraph-element br-paragraph-space\">\n<div class=\"auto-hide-last-sibling-br paragraph-qzbcQC paragraph-element br-paragraph-space\">\n<div class=\"auto-hide-last-sibling-br paragraph-qzbcQC paragraph-element br-paragraph-space\">\n<div class=\"auto-hide-last-sibling-br paragraph-qzbcQC paragraph-element br-paragraph-space\">Vi presenterer Little Raccoon Contour Pillow, en herlig blanding av s\u00f8t design og profesjonell pleie, omhyggelig utformet for spedbarn i alderen 0-12 m\u00e5neder. Den sjarmerende designen - med en kosete vaskebj\u00f8rn med runde plysj\u00f8rer og et rolig uttrykk - gir varme til babyens viktigste ting. Puten er ikke bare s\u00f8t, den har ogs\u00e5 en vitenskapelig, ergonomisk struktur som gir ergonomisk st\u00f8tte og vugger babyens hode p\u00e5 en sk\u00e5nsom m\u00e5te for \u00e5 fremme en sunn hodeformutvikling.<\/div>\n<p>&nbsp;<\/p>\n<div class=\"auto-hide-last-sibling-br paragraph-qzbcQC paragraph-element br-paragraph-space\">I hverdagen passer den s\u00f8ml\u00f8st inn i ulike milj\u00f8er. Hjemme kan du plassere den i barnesengen: N\u00e5r barnet ditt sovner, skaper putens myke konturer en rolig oase. N\u00e5r dere er p\u00e5 tur utend\u00f8rs - enten det er en spasertur i parken eller et bes\u00f8k hos familien - passer den perfekt i barnevognen og gir konstant komfort. Selv under lek p\u00e5 en myk matte st\u00f8tter puten babyens hode og s\u00f8rger for at det er behagelig \u00e5 v\u00e6re med p\u00e5 alle aktiviteter.<\/div>\n<p>&nbsp;<\/p>\n<div class=\"auto-hide-last-sibling-br paragraph-qzbcQC paragraph-element br-paragraph-space\">Foreldre er begeistret for denne puten. \"Babyen min ligger s\u00e5 godt p\u00e5 Little Raccoon Contour Pillow! Den er utrolig myk, og jeg elsker hvordan konturutformingen st\u00f8tter hodet p\u00e5 en sk\u00e5nsom m\u00e5te. Den rosa fargen lyser ogs\u00e5 opp p\u00e5 barnerommet\", sier en forn\u00f8yd mamma. En pappa legger til: \"Vi tar med denne puten overalt. Den er slitesterk, enkel \u00e5 rengj\u00f8re, og den bl\u00e5 fargen passer perfekt til babyens kl\u00e6r. Et must for b\u00e5de komfort og hodeforming!\"<\/div>\n<p>&nbsp;<\/p>\n<div class=\"auto-hide-last-sibling-br paragraph-qzbcQC paragraph-element br-paragraph-space\">Little Raccoon Contour Pillow er tilgjengelig i myk rosa eller beroligende bl\u00e5, og er mer enn bare et babytilbeh\u00f8r. Den er en hengiven f\u00f8lgesvenn som kombinerer inntagende estetikk med profesjonell hodeformende st\u00f8tte, slik at den lille kan nyte komfort og omsorg i hvert eneste dyrebare \u00f8yeblikk av sin tidlige vekst.<\/div>\n<\/div>\n<\/div>\n<\/div>\n<\/div>","protected":false},"excerpt":{"rendered":"<p>Little Raccoon Contour Pillow, som er skreddersydd for spedbarn i alderen 0-12 m\u00e5neder, forener s\u00f8thet med profesjonell omsorg. Designet er inspirert av en kosete vaskebj\u00f8rn med runde \u00f8rer og et rolig uttrykk, og gir babyutstyret et kj\u00e6rlig preg. Putens konturstruktur gir vitenskapelig, ergonomisk st\u00f8tte og omfavner forsiktig babyens hode for \u00e5 fremme en sunn utvikling av hodeformen. Puten har en st\u00f8rrelse p\u00e5 29*.<em>21*<\/em>1,5 cm, passer den s\u00f8ml\u00f8st inn i barnesenger for avslappende lur, barnevogner under utflukter eller lek hjemme. Puten er ikke bare en funksjonell hodest\u00f8tte, den er ogs\u00e5 en varm f\u00f8lgesvenn som s\u00f8rger for komfort og sjarm gjennom barnets dyrebare tidlige vekststadier.<\/p>","protected":false},"featured_media":3314,"comment_status":"open","ping_status":"closed","template":"","meta":{"_uag_custom_page_level_css":"","site-sidebar-layout":"default","site-content-layout":"","ast-site-content-layout":"default","site-content-style":"default","site-sidebar-style":"default","ast-global-header-display":"","ast-banner-title-visibility":"","ast-main-header-display":"","ast-hfb-above-header-display":"","ast-hfb-below-header-display":"","ast-hfb-mobile-header-display":"","site-post-title":"","ast-breadcrumbs-content":"","ast-featured-img":"","footer-sml-layout":"","ast-disable-related-posts":"","theme-transparent-header-meta":"default","adv-header-id-meta":"","stick-header-meta":"","header-above-stick-meta":"","header-main-stick-meta":"","header-below-stick-meta":"","astra-migrate-meta-layouts":"set","ast-page-background-enabled":"default","ast-page-background-meta":{"desktop":{"background-color":"","background-image":"","background-repeat":"repeat","background-position":"center center","background-size":"auto","background-attachment":"scroll","background-type":"","background-media":"","overlay-type":"","overlay-color":"","overlay-opacity":"","overlay-gradient":""},"tablet":{"background-color":"","background-image":"","background-repeat":"repeat","background-position":"center center","background-size":"auto","background-attachment":"scroll","background-type":"","background-media":"","overlay-type":"","overlay-color":"","overlay-opacity":"","overlay-gradient":""},"mobile":{"background-color":"","background-image":"","background-repeat":"repeat","background-position":"center center","background-size":"auto","background-attachment":"scroll","background-type":"","background-media":"","overlay-type":"","overlay-color":"","overlay-opacity":"","overlay-gradient":""}},"ast-content-background-meta":{"desktop":{"background-color":"var(--ast-global-color-5)","background-image":"","background-repeat":"repeat","background-position":"center center","background-size":"auto","background-attachment":"scroll","background-type":"","background-media":"","overlay-type":"","overlay-color":"","overlay-opacity":"","overlay-gradient":""},"tablet":{"background-color":"var(--ast-global-color-5)","background-image":"","background-repeat":"repeat","background-position":"center center","background-size":"auto","background-attachment":"scroll","background-type":"","background-media":"","overlay-type":"","overlay-color":"","overlay-opacity":"","overlay-gradient":""},"mobile":{"background-color":"var(--ast-global-color-5)","background-image":"","background-repeat":"repeat","background-position":"center center","background-size":"auto","background-attachment":"scroll","background-type":"","background-media":"","overlay-type":"","overlay-color":"","overlay-opacity":"","overlay-gradient":""}}},"product_brand":[],"product_cat":[55,42],"product_tag":[70,68,71,69],"class_list":{"0":"post-3313","1":"product","2":"type-product","3":"status-publish","4":"has-post-thumbnail","6":"product_cat-0-to-1-year","7":"product_cat-merchandise","8":"product_tag-babypillow","9":"product_tag-cuteanimalpillow","10":"product_tag-headshapesupport","11":"product_tag-kouniushapingpillow","12":"desktop-align-left","13":"tablet-align-left","14":"mobile-align-left","16":"first","17":"instock","18":"featured","19":"shipping-taxable","20":"product-type-simple"},"aioseo_notices":[],"uagb_featured_image_src":{"full":["https:\/\/babypillowwholesale.com\/wp-content\/uploads\/2025\/03\/1520.jpg",1000,1000,false],"thumbnail":["https:\/\/babypillowwholesale.com\/wp-content\/uploads\/2025\/03\/1520-150x150.jpg",150,150,true],"medium":["https:\/\/babypillowwholesale.com\/wp-content\/uploads\/2025\/03\/1520-300x300.jpg",300,300,true],"medium_large":["https:\/\/babypillowwholesale.com\/wp-content\/uploads\/2025\/03\/1520-768x768.jpg",768,768,true],"large":["https:\/\/babypillowwholesale.com\/wp-content\/uploads\/2025\/03\/1520.jpg",1000,1000,false],"1536x1536":["https:\/\/babypillowwholesale.com\/wp-content\/uploads\/2025\/03\/1520.jpg",1000,1000,false],"2048x2048":["https:\/\/babypillowwholesale.com\/wp-content\/uploads\/2025\/03\/1520.jpg",1000,1000,false],"trp-custom-language-flag":["https:\/\/babypillowwholesale.com\/wp-content\/uploads\/2025\/03\/1520.jpg",12,12,false],"woocommerce_thumbnail":["https:\/\/babypillowwholesale.com\/wp-content\/uploads\/2025\/03\/1520-300x300.jpg",300,300,true],"woocommerce_single":["https:\/\/babypillowwholesale.com\/wp-content\/uploads\/2025\/03\/1520-600x600.jpg",600,600,true],"woocommerce_gallery_thumbnail":["https:\/\/babypillowwholesale.com\/wp-content\/uploads\/2025\/03\/1520-100x100.jpg",100,100,true]},"uagb_author_info":{"display_name":"Etnen zhong","author_link":"https:\/\/babypillowwholesale.com\/nb\/author\/"},"uagb_comment_info":0,"uagb_excerpt":"The Little Raccoon Contour Pillow, tailored for infants aged 0\u201312 months, harmonizes cuteness with professional care. Its design, inspired by a cuddly little raccoon with round ears and a serene expression, adds an endearing touch to baby essentials. The pillow\u2019s contour structure offers scientific, ergonomic support, gently embracing the baby\u2019s head to nurture healthy head&hellip;","jetpack_sharing_enabled":true,"_links":{"self":[{"href":"https:\/\/babypillowwholesale.com\/nb\/wp-json\/wp\/v2\/product\/3313","targetHints":{"allow":["GET"]}}],"collection":[{"href":"https:\/\/babypillowwholesale.com\/nb\/wp-json\/wp\/v2\/product"}],"about":[{"href":"https:\/\/babypillowwholesale.com\/nb\/wp-json\/wp\/v2\/types\/product"}],"replies":[{"embeddable":true,"href":"https:\/\/babypillowwholesale.com\/nb\/wp-json\/wp\/v2\/comments?post=3313"}],"wp:featuredmedia":[{"embeddable":true,"href":"https:\/\/babypillowwholesale.com\/nb\/wp-json\/wp\/v2\/media\/3314"}],"wp:attachment":[{"href":"https:\/\/babypillowwholesale.com\/nb\/wp-json\/wp\/v2\/media?parent=3313"}],"wp:term":[{"taxonomy":"product_brand","embeddable":true,"href":"https:\/\/babypillowwholesale.com\/nb\/wp-json\/wp\/v2\/product_brand?post=3313"},{"taxonomy":"product_cat","embeddable":true,"href":"https:\/\/babypillowwholesale.com\/nb\/wp-json\/wp\/v2\/product_cat?post=3313"},{"taxonomy":"product_tag","embeddable":true,"href":"https:\/\/babypillowwholesale.com\/nb\/wp-json\/wp\/v2\/product_tag?post=3313"}],"curies":[{"name":"wp","href":"https:\/\/api.w.org\/{rel}","templated":true}]}}