{"id":3306,"date":"2025-03-24T15:28:09","date_gmt":"2025-03-24T15:28:09","guid":{"rendered":"https:\/\/babypillowwholesale.com\/?post_type=product&#038;p=3306"},"modified":"2025-06-08T15:34:36","modified_gmt":"2025-06-08T15:34:36","slug":"bear-shaping-pillow","status":"publish","type":"product","link":"https:\/\/babypillowwholesale.com\/nb\/product\/bear-shaping-pillow\/","title":{"rendered":"Pute med bj\u00f8rneforming"},"content":{"rendered":"<div class=\"auto-hide-last-sibling-br paragraph-qzbcQC paragraph-element br-paragraph-space\" data-immersive-translate-walked=\"8e61f2e7-6af2-46e5-9672-3b9e4f4033d9\" data-immersive-translate-paragraph=\"1\">\n<div class=\"auto-hide-last-sibling-br paragraph-qzbcQC paragraph-element br-paragraph-space\">\n<div class=\"auto-hide-last-sibling-br paragraph-qzbcQC paragraph-element br-paragraph-space\">Oppdag Bear Shaping Pillow, en fengslende blanding av sjarm og praktisk funksjonalitet designet for spedbarn i alderen 0 til 6 m\u00e5neder. Den finurlige designen viser en s\u00f8t bj\u00f8rn som holder rundt en stjerne, sammen med rosa kinn og et dr\u00f8mmende motiv, noe som skaper umiddelbar glede. I tillegg til det s\u00f8te utseendet, er denne 25*...<em>20*<\/em>1,5 cm pute st\u00f8tter barnets hode p\u00e5 en ergonomisk m\u00e5te og bidrar til en sunn hodeutvikling i de kritiske tidlige stadiene.<\/div>\n<p>&nbsp;<\/p>\n<div class=\"auto-hide-last-sibling-br paragraph-qzbcQC paragraph-element br-paragraph-space\">I hverdagen passer det s\u00f8ml\u00f8st inn i ulike scenarier: plassert i en barneseng for \u00e5 skape en rolig soveoase hjemme, plassert i en barnevogn for komfortable utflukter - enten det er en spasertur i parken eller et bes\u00f8k hos besteforeldrene - eller lagt p\u00e5 et lekematte for koselige stunder under lek.<\/div>\n<p>&nbsp;<\/p>\n<div class=\"auto-hide-last-sibling-br paragraph-qzbcQC paragraph-element br-paragraph-space\">Foreldrene roser den helhjertet. \"Barnet mitt lyser opp av bj\u00f8rnens s\u00f8te design! Puten er utrolig myk, og jeg har sett merkbare forbedringer i hodeformingen. Little Dinosaur-fargen passer ogs\u00e5 perfekt til barnerommet v\u00e5rt\", sier en forn\u00f8yd mamma. En pappa legger til: \"Den er blitt uunnv\u00e6rlig p\u00e5 hver eneste tur. Den er lett \u00e5 ta med seg, og fargevalgene gj\u00f8r den ekstra morsom. Vi kan ikke anbefale den nok!\"<\/div>\n<div><\/div>\n<div class=\"auto-hide-last-sibling-br paragraph-qzbcQC paragraph-element br-paragraph-space\">Med fargevalg som Pink Rabbit, Little Dinosaur og Little Lion kombinerer Bear Shaping Pillow funksjonell st\u00f8tte med fantasifull design. Den er mer enn et babytilbeh\u00f8r - den er en kj\u00e6rlig f\u00f8lgesvenn som omslutter den lille i komfort, s\u00f8thet og omsorg gjennom alle de dyrebare \u00f8yeblikkene i den f\u00f8rste tiden.<\/div>\n<\/div>\n<\/div>","protected":false},"excerpt":{"rendered":"<p>Bear Shaping Pillow er en herlig pute for spedbarn i alderen 0 til 6 m\u00e5neder. Puten har et sjarmerende bj\u00f8rnemotiv - s\u00f8t med detaljer som en stjernesvingende positur, r\u00f8dmende kinn og finurlige omgivelser. Den m\u00e5ler 25* cm.<em>20*<\/em>1,5 cm, st\u00f8tter puten barnets hode p\u00e5 en ergonomisk m\u00e5te og bidrar til en sunn hodeforming i den tidlige vekstfasen. Den passer s\u00f8ml\u00f8st inn i ulike situasjoner: i barnesengen for en rolig lur, i barnevognen p\u00e5 utflukter eller p\u00e5 myke matter hjemme. Med fargevalgene Pink Rabbit, Little Dinosaur og Little Lion kombinerer den funksjonalitet med fantasi, og gir sk\u00e5nsom st\u00f8tte samtidig som den setter et lekent og s\u00f8tt preg p\u00e5 babystellet, noe som tilfredsstiller b\u00e5de praktiske behov og estetisk smak.<\/p>","protected":false},"featured_media":3307,"comment_status":"open","ping_status":"closed","template":"","meta":{"_uag_custom_page_level_css":"","site-sidebar-layout":"default","site-content-layout":"","ast-site-content-layout":"default","site-content-style":"default","site-sidebar-style":"default","ast-global-header-display":"","ast-banner-title-visibility":"","ast-main-header-display":"","ast-hfb-above-header-display":"","ast-hfb-below-header-display":"","ast-hfb-mobile-header-display":"","site-post-title":"","ast-breadcrumbs-content":"","ast-featured-img":"","footer-sml-layout":"","ast-disable-related-posts":"","theme-transparent-header-meta":"default","adv-header-id-meta":"","stick-header-meta":"","header-above-stick-meta":"","header-main-stick-meta":"","header-below-stick-meta":"","astra-migrate-meta-layouts":"set","ast-page-background-enabled":"default","ast-page-background-meta":{"desktop":{"background-color":"","background-image":"","background-repeat":"repeat","background-position":"center center","background-size":"auto","background-attachment":"scroll","background-type":"","background-media":"","overlay-type":"","overlay-color":"","overlay-opacity":"","overlay-gradient":""},"tablet":{"background-color":"","background-image":"","background-repeat":"repeat","background-position":"center center","background-size":"auto","background-attachment":"scroll","background-type":"","background-media":"","overlay-type":"","overlay-color":"","overlay-opacity":"","overlay-gradient":""},"mobile":{"background-color":"","background-image":"","background-repeat":"repeat","background-position":"center center","background-size":"auto","background-attachment":"scroll","background-type":"","background-media":"","overlay-type":"","overlay-color":"","overlay-opacity":"","overlay-gradient":""}},"ast-content-background-meta":{"desktop":{"background-color":"var(--ast-global-color-5)","background-image":"","background-repeat":"repeat","background-position":"center center","background-size":"auto","background-attachment":"scroll","background-type":"","background-media":"","overlay-type":"","overlay-color":"","overlay-opacity":"","overlay-gradient":""},"tablet":{"background-color":"var(--ast-global-color-5)","background-image":"","background-repeat":"repeat","background-position":"center center","background-size":"auto","background-attachment":"scroll","background-type":"","background-media":"","overlay-type":"","overlay-color":"","overlay-opacity":"","overlay-gradient":""},"mobile":{"background-color":"var(--ast-global-color-5)","background-image":"","background-repeat":"repeat","background-position":"center center","background-size":"auto","background-attachment":"scroll","background-type":"","background-media":"","overlay-type":"","overlay-color":"","overlay-opacity":"","overlay-gradient":""}}},"product_brand":[],"product_cat":[54,42],"product_tag":[70,68,71,69],"class_list":{"0":"post-3306","1":"product","2":"type-product","3":"status-publish","4":"has-post-thumbnail","6":"product_cat-0-to-6months","7":"product_cat-merchandise","8":"product_tag-babypillow","9":"product_tag-cuteanimalpillow","10":"product_tag-headshapesupport","11":"product_tag-kouniushapingpillow","12":"desktop-align-left","13":"tablet-align-left","14":"mobile-align-left","16":"first","17":"instock","18":"shipping-taxable","19":"product-type-simple"},"aioseo_notices":[],"uagb_featured_image_src":{"full":["https:\/\/babypillowwholesale.com\/wp-content\/uploads\/2025\/03\/1137.jpg",1000,1000,false],"thumbnail":["https:\/\/babypillowwholesale.com\/wp-content\/uploads\/2025\/03\/1137-150x150.jpg",150,150,true],"medium":["https:\/\/babypillowwholesale.com\/wp-content\/uploads\/2025\/03\/1137-300x300.jpg",300,300,true],"medium_large":["https:\/\/babypillowwholesale.com\/wp-content\/uploads\/2025\/03\/1137-768x768.jpg",768,768,true],"large":["https:\/\/babypillowwholesale.com\/wp-content\/uploads\/2025\/03\/1137.jpg",1000,1000,false],"1536x1536":["https:\/\/babypillowwholesale.com\/wp-content\/uploads\/2025\/03\/1137.jpg",1000,1000,false],"2048x2048":["https:\/\/babypillowwholesale.com\/wp-content\/uploads\/2025\/03\/1137.jpg",1000,1000,false],"trp-custom-language-flag":["https:\/\/babypillowwholesale.com\/wp-content\/uploads\/2025\/03\/1137.jpg",12,12,false],"woocommerce_thumbnail":["https:\/\/babypillowwholesale.com\/wp-content\/uploads\/2025\/03\/1137-300x300.jpg",300,300,true],"woocommerce_single":["https:\/\/babypillowwholesale.com\/wp-content\/uploads\/2025\/03\/1137-600x600.jpg",600,600,true],"woocommerce_gallery_thumbnail":["https:\/\/babypillowwholesale.com\/wp-content\/uploads\/2025\/03\/1137-100x100.jpg",100,100,true]},"uagb_author_info":{"display_name":"Etnen zhong","author_link":"https:\/\/babypillowwholesale.com\/nb\/author\/"},"uagb_comment_info":0,"uagb_excerpt":"The Bear Shaping Pillow is a delightful essential for infants aged 0 to 6 months. Its design showcases a charming bear motif\u2014adorable with details like a star - wielding pose, blushing cheeks, and whimsical surroundings. Measuring 25*20*1.5CM, the pillow ergonomically supports a baby\u2019s head, gently guiding healthy head shaping during early growth. It fits seamlessly&hellip;","jetpack_sharing_enabled":true,"_links":{"self":[{"href":"https:\/\/babypillowwholesale.com\/nb\/wp-json\/wp\/v2\/product\/3306","targetHints":{"allow":["GET"]}}],"collection":[{"href":"https:\/\/babypillowwholesale.com\/nb\/wp-json\/wp\/v2\/product"}],"about":[{"href":"https:\/\/babypillowwholesale.com\/nb\/wp-json\/wp\/v2\/types\/product"}],"replies":[{"embeddable":true,"href":"https:\/\/babypillowwholesale.com\/nb\/wp-json\/wp\/v2\/comments?post=3306"}],"wp:featuredmedia":[{"embeddable":true,"href":"https:\/\/babypillowwholesale.com\/nb\/wp-json\/wp\/v2\/media\/3307"}],"wp:attachment":[{"href":"https:\/\/babypillowwholesale.com\/nb\/wp-json\/wp\/v2\/media?parent=3306"}],"wp:term":[{"taxonomy":"product_brand","embeddable":true,"href":"https:\/\/babypillowwholesale.com\/nb\/wp-json\/wp\/v2\/product_brand?post=3306"},{"taxonomy":"product_cat","embeddable":true,"href":"https:\/\/babypillowwholesale.com\/nb\/wp-json\/wp\/v2\/product_cat?post=3306"},{"taxonomy":"product_tag","embeddable":true,"href":"https:\/\/babypillowwholesale.com\/nb\/wp-json\/wp\/v2\/product_tag?post=3306"}],"curies":[{"name":"wp","href":"https:\/\/api.w.org\/{rel}","templated":true}]}}