{"id":3297,"date":"2025-03-22T02:36:47","date_gmt":"2025-03-22T02:36:47","guid":{"rendered":"https:\/\/babypillowwholesale.com\/?post_type=product&#038;p=3297"},"modified":"2025-06-08T16:05:37","modified_gmt":"2025-06-08T16:05:37","slug":"snotty-elephant-shaping-pillow","status":"publish","type":"product","link":"https:\/\/babypillowwholesale.com\/nb\/product\/snotty-elephant-shaping-pillow\/","title":{"rendered":"Snotty Elephant Shaping Pillow"},"content":{"rendered":"<div class=\"auto-hide-last-sibling-br paragraph-qzbcQC paragraph-element br-paragraph-space\" data-immersive-translate-walked=\"8e61f2e7-6af2-46e5-9672-3b9e4f4033d9\" data-immersive-translate-paragraph=\"1\">\n<div class=\"auto-hide-last-sibling-br paragraph-qzbcQC paragraph-element br-paragraph-space\">Dykk ned i en verden av komfort og s\u00f8thet med v\u00e5r Snotty Elephant Shaping Pillow, en dr\u00f8mmende pute som er designet spesielt for de minste skattene i alderen 0 til 6 m\u00e5neder. Den fortryllende designen, inspirert av den snille Snotty-elefanten, har store, slappe \u00f8rer og et s\u00f8tt, minimalistisk ansikt, og tilf\u00f8rer \u00f8yeblikkelig et skvett av oseanisk sjarm til babyens barnerom. Denne puten har ikke bare et bed\u00e5rende utseende, den er ogs\u00e5 et kraftverk av st\u00f8tte. Den presist konturerte sentrale utskj\u00e6ringen gir en \u00f8m, betryggende omfavnelse av babyens skj\u00f8re hode, og leder det elegant mot en perfekt form mens det utforsker underverkene i sine f\u00f8rste dager. Den m\u00e5ler 26,5*25*1,5 cm og er utrolig allsidig. N\u00e5r du er hjemme p\u00e5 en rolig ettermiddag, kan du plassere den i babyens barneseng og se hvordan den forvandler middagsluren til et fredfylt eventyr i havet. N\u00e5r dere er ute p\u00e5 familieutflukt, enten det er en tur til stranden eller et bes\u00f8k p\u00e5 akvariet, passer puten perfekt i barnevognen og s\u00f8rger for at barnet f\u00e5r en behagelig tur omgitt av den velkjente sjarmen til Snotty-elefanten. Foreldrene er begeistret for denne puten! \"Babyen min elsker \u00e5 kose seg med denne Snotty-elefantputen. Den er s\u00e5 myk, og designet er unikt. Jeg har ogs\u00e5 lagt merke til at den er god for \u00e5 opprettholde en god hodeform\", sier en forn\u00f8yd mamma. En pappa sa: \"Den har blitt et must for oss. Den er enkel \u00e5 b\u00e6re rundt p\u00e5, og fargevalgene er veldig fine. Babyen v\u00e5r virker alltid s\u00e5 forn\u00f8yd n\u00e5r hun bruker den.\" Ocean Elephant Shaping Pillow er tilgjengelig i de sjarmerende fargene rosa og bl\u00e5tt, og er mer enn bare et babytilbeh\u00f8r; den er en elsket f\u00f8lgesvenn som lover komfort, st\u00f8tte og en hel masse oseanisk sjarm i babyens dyrebare f\u00f8rste m\u00e5neder.<\/div>\n<\/div>","protected":false},"excerpt":{"rendered":"<p>Snotty Elephant Shaping Pillow er et tiltalende og praktisk valg for spedbarn i alderen 0 til 6 m\u00e5neder. Puten har et i\u00f8ynefallende design som er modellert etter en elefant med havtema, store \u00f8rer og et enkelt, s\u00f8tt ansikt. Den sentrale utskj\u00e6ringen i puten er n\u00f8ye formet for \u00e5 gi sk\u00e5nsom st\u00f8tte til babyens hode, noe som bidrar til \u00e5 opprettholde en riktig hodeform under den tidlige utviklingen. Puten m\u00e5ler 26,5*<em>25*<\/em>1,5 cm, passer den godt i barnesenger, barnevogner eller n\u00e5r babyen slapper av p\u00e5 en lekematte. Den er tilgjengelig i rosa og bl\u00e5tt, noe som gir foreldre muligheten til \u00e5 velge en farge som passer deres smak eller barnehageinnredning, og kombinerer b\u00e5de sjarm og funksjonalitet for babypleie.<\/p>","protected":false},"featured_media":3298,"comment_status":"open","ping_status":"closed","template":"","meta":{"_uag_custom_page_level_css":"","site-sidebar-layout":"default","site-content-layout":"","ast-site-content-layout":"default","site-content-style":"default","site-sidebar-style":"default","ast-global-header-display":"","ast-banner-title-visibility":"","ast-main-header-display":"","ast-hfb-above-header-display":"","ast-hfb-below-header-display":"","ast-hfb-mobile-header-display":"","site-post-title":"","ast-breadcrumbs-content":"","ast-featured-img":"","footer-sml-layout":"","ast-disable-related-posts":"","theme-transparent-header-meta":"default","adv-header-id-meta":"","stick-header-meta":"","header-above-stick-meta":"","header-main-stick-meta":"","header-below-stick-meta":"","astra-migrate-meta-layouts":"set","ast-page-background-enabled":"default","ast-page-background-meta":{"desktop":{"background-color":"","background-image":"","background-repeat":"repeat","background-position":"center center","background-size":"auto","background-attachment":"scroll","background-type":"","background-media":"","overlay-type":"","overlay-color":"","overlay-opacity":"","overlay-gradient":""},"tablet":{"background-color":"","background-image":"","background-repeat":"repeat","background-position":"center center","background-size":"auto","background-attachment":"scroll","background-type":"","background-media":"","overlay-type":"","overlay-color":"","overlay-opacity":"","overlay-gradient":""},"mobile":{"background-color":"","background-image":"","background-repeat":"repeat","background-position":"center center","background-size":"auto","background-attachment":"scroll","background-type":"","background-media":"","overlay-type":"","overlay-color":"","overlay-opacity":"","overlay-gradient":""}},"ast-content-background-meta":{"desktop":{"background-color":"var(--ast-global-color-5)","background-image":"","background-repeat":"repeat","background-position":"center center","background-size":"auto","background-attachment":"scroll","background-type":"","background-media":"","overlay-type":"","overlay-color":"","overlay-opacity":"","overlay-gradient":""},"tablet":{"background-color":"var(--ast-global-color-5)","background-image":"","background-repeat":"repeat","background-position":"center center","background-size":"auto","background-attachment":"scroll","background-type":"","background-media":"","overlay-type":"","overlay-color":"","overlay-opacity":"","overlay-gradient":""},"mobile":{"background-color":"var(--ast-global-color-5)","background-image":"","background-repeat":"repeat","background-position":"center center","background-size":"auto","background-attachment":"scroll","background-type":"","background-media":"","overlay-type":"","overlay-color":"","overlay-opacity":"","overlay-gradient":""}}},"product_brand":[],"product_cat":[54,42],"product_tag":[70,68,71,69],"class_list":{"0":"post-3297","1":"product","2":"type-product","3":"status-publish","4":"has-post-thumbnail","6":"product_cat-0-to-6months","7":"product_cat-merchandise","8":"product_tag-babypillow","9":"product_tag-cuteanimalpillow","10":"product_tag-headshapesupport","11":"product_tag-kouniushapingpillow","12":"desktop-align-left","13":"tablet-align-left","14":"mobile-align-left","16":"first","17":"instock","18":"shipping-taxable","19":"product-type-simple"},"aioseo_notices":[],"uagb_featured_image_src":{"full":["https:\/\/babypillowwholesale.com\/wp-content\/uploads\/2025\/03\/1510.jpg",1000,1000,false],"thumbnail":["https:\/\/babypillowwholesale.com\/wp-content\/uploads\/2025\/03\/1510-150x150.jpg",150,150,true],"medium":["https:\/\/babypillowwholesale.com\/wp-content\/uploads\/2025\/03\/1510-300x300.jpg",300,300,true],"medium_large":["https:\/\/babypillowwholesale.com\/wp-content\/uploads\/2025\/03\/1510-768x768.jpg",768,768,true],"large":["https:\/\/babypillowwholesale.com\/wp-content\/uploads\/2025\/03\/1510.jpg",1000,1000,false],"1536x1536":["https:\/\/babypillowwholesale.com\/wp-content\/uploads\/2025\/03\/1510.jpg",1000,1000,false],"2048x2048":["https:\/\/babypillowwholesale.com\/wp-content\/uploads\/2025\/03\/1510.jpg",1000,1000,false],"trp-custom-language-flag":["https:\/\/babypillowwholesale.com\/wp-content\/uploads\/2025\/03\/1510.jpg",12,12,false],"woocommerce_thumbnail":["https:\/\/babypillowwholesale.com\/wp-content\/uploads\/2025\/03\/1510-300x300.jpg",300,300,true],"woocommerce_single":["https:\/\/babypillowwholesale.com\/wp-content\/uploads\/2025\/03\/1510-600x600.jpg",600,600,true],"woocommerce_gallery_thumbnail":["https:\/\/babypillowwholesale.com\/wp-content\/uploads\/2025\/03\/1510-100x100.jpg",100,100,true]},"uagb_author_info":{"display_name":"Etnen zhong","author_link":"https:\/\/babypillowwholesale.com\/nb\/author\/"},"uagb_comment_info":1,"uagb_excerpt":"The Snotty Elephant Shaping Pillow is an appealing and practical choice for infants aged 0 to 6 months. Its design, modeled after an ocean - themed elephant with large ears and a simple, cute face, is eye - catching. The central cut - out of the pillow is carefully shaped to provide gentle support for&hellip;","jetpack_sharing_enabled":true,"_links":{"self":[{"href":"https:\/\/babypillowwholesale.com\/nb\/wp-json\/wp\/v2\/product\/3297","targetHints":{"allow":["GET"]}}],"collection":[{"href":"https:\/\/babypillowwholesale.com\/nb\/wp-json\/wp\/v2\/product"}],"about":[{"href":"https:\/\/babypillowwholesale.com\/nb\/wp-json\/wp\/v2\/types\/product"}],"replies":[{"embeddable":true,"href":"https:\/\/babypillowwholesale.com\/nb\/wp-json\/wp\/v2\/comments?post=3297"}],"wp:featuredmedia":[{"embeddable":true,"href":"https:\/\/babypillowwholesale.com\/nb\/wp-json\/wp\/v2\/media\/3298"}],"wp:attachment":[{"href":"https:\/\/babypillowwholesale.com\/nb\/wp-json\/wp\/v2\/media?parent=3297"}],"wp:term":[{"taxonomy":"product_brand","embeddable":true,"href":"https:\/\/babypillowwholesale.com\/nb\/wp-json\/wp\/v2\/product_brand?post=3297"},{"taxonomy":"product_cat","embeddable":true,"href":"https:\/\/babypillowwholesale.com\/nb\/wp-json\/wp\/v2\/product_cat?post=3297"},{"taxonomy":"product_tag","embeddable":true,"href":"https:\/\/babypillowwholesale.com\/nb\/wp-json\/wp\/v2\/product_tag?post=3297"}],"curies":[{"name":"wp","href":"https:\/\/api.w.org\/{rel}","templated":true}]}}