{"id":3291,"date":"2025-03-22T01:54:48","date_gmt":"2025-03-22T01:54:48","guid":{"rendered":"https:\/\/babypillowwholesale.com\/?post_type=product&#038;p=3291"},"modified":"2025-06-08T16:08:25","modified_gmt":"2025-06-08T16:08:25","slug":"kitten-shaping-pillow","status":"publish","type":"product","link":"https:\/\/babypillowwholesale.com\/nb\/product\/kitten-shaping-pillow\/","title":{"rendered":"Kattungeformende pute"},"content":{"rendered":"<div class=\"auto-hide-last-sibling-br paragraph-qzbcQC paragraph-element br-paragraph-space\" data-immersive-translate-walked=\"8e61f2e7-6af2-46e5-9672-3b9e4f4033d9\" data-immersive-translate-paragraph=\"1\">\n<div class=\"auto-hide-last-sibling-br paragraph-qzbcQC paragraph-element br-paragraph-space\">Velkommen til den helt fortryllende Kitten Shaping Pillow, en oase av komfort skreddersydd for de minste gullklumpene i alderen 0 til 6 m\u00e5neder. Designet er inspirert av en s\u00f8t kattunge med spenstige \u00f8rer og et s\u00f8tt, inntagende uttrykk, og er en visuell fryd som tilf\u00f8rer et snev av kattesjarm til babyens verden. Denne puten er ikke bare en fryd for \u00f8yet, den er ogs\u00e5 et mesterverk av funksjonalitet. Den strategisk plasserte sentrale utskj\u00e6ringen gir en sk\u00e5nsom, ergonomisk omfavnelse av babyens skj\u00f8re hode, og leder det elegant mot en perfekt form mens det opplever magien i de f\u00f8rste dagene. Med sine dimensjoner p\u00e5 26,5 * 25 * 1,5 cm er den en allsidig f\u00f8lgesvenn i ulike omgivelser. P\u00e5 de late morgenene hjemme kan du plassere den i babyens barneseng og se hvordan den forvandler rommet til et koselig tilfluktssted med kattunge-tema og luller den lille inn i en fredelig s\u00f8vn. N\u00e5r dere er ute p\u00e5 familieeventyr, enten det er en tur til akvariet eller et bes\u00f8k hos besteforeldrene, passer puten perfekt i barnevognen og s\u00f8rger for at babyen har det komfortabelt under hele reisen. Foreldrene er over seg av begeistring for denne puten! En mor sa: \"Barnet mitt lyser opp hver gang det ser denne kattungeputen. Den er supermyk, og designet er bare for s\u00f8tt. I tillegg har den v\u00e6rt perfekt for \u00e5 holde hodet i en god stilling.\" En pappa legger til: \"Jeg elsker at den er s\u00e5 enkel \u00e5 b\u00e6re rundt p\u00e5. De forskjellige fargevalgene er et stort pluss. Den har blitt en viktig del av babyens daglige rutine.\" Kitten Shaping Pillow er tilgjengelig i de sjarmerende fargene rosa, bl\u00e5 og m\u00f8rkegr\u00f8nn, og er mer enn bare et babytilbeh\u00f8r; den er en elsket f\u00f8lgesvenn som lover komfort, st\u00f8tte og mye s\u00f8thet i babyens dyrebare f\u00f8rste m\u00e5neder.<\/div>\n<\/div>","protected":false},"excerpt":{"rendered":"<p>Kitten Shaping Pillow er et sjarmerende og funksjonelt produkt som er utviklet for spedbarn i alderen 0 til 6 m\u00e5neder. Den s\u00f8te kattungeinspirerte designen, med kjekke \u00f8rer og et s\u00f8tt ansiktsuttrykk, er visuelt tiltalende og vil garantert vinne b\u00e5de foreldrenes og babyens hjerter. Den sentrale utskj\u00e6ringen i puten gir sk\u00e5nsom og ergonomisk st\u00f8tte til babyens hode, noe som bidrar til \u00e5 opprettholde en riktig hodeform under den viktige tidlige utviklingsfasen. Puten m\u00e5ler 26,5*<em>25*<\/em>1,5 cm passer den komfortabelt i barnesenger, barnevogner eller bilbarnestoler, og tilbyr en koselig hvileplass for den lille uansett hvor han eller hun befinner seg. Den er tilgjengelig i rosa, bl\u00e5 og m\u00f8rkegr\u00f8nn, noe som gir foreldre muligheten til \u00e5 velge en farge som passer til deres preferanser eller barnehageinnredning, og kombinerer s\u00f8thet og praktiske egenskaper for \u00e5 forbedre babyomsorgen.<\/p>","protected":false},"featured_media":3292,"comment_status":"open","ping_status":"closed","template":"","meta":{"_uag_custom_page_level_css":"","site-sidebar-layout":"default","site-content-layout":"","ast-site-content-layout":"default","site-content-style":"default","site-sidebar-style":"default","ast-global-header-display":"","ast-banner-title-visibility":"","ast-main-header-display":"","ast-hfb-above-header-display":"","ast-hfb-below-header-display":"","ast-hfb-mobile-header-display":"","site-post-title":"","ast-breadcrumbs-content":"","ast-featured-img":"","footer-sml-layout":"","ast-disable-related-posts":"","theme-transparent-header-meta":"default","adv-header-id-meta":"","stick-header-meta":"","header-above-stick-meta":"","header-main-stick-meta":"","header-below-stick-meta":"","astra-migrate-meta-layouts":"set","ast-page-background-enabled":"default","ast-page-background-meta":{"desktop":{"background-color":"","background-image":"","background-repeat":"repeat","background-position":"center center","background-size":"auto","background-attachment":"scroll","background-type":"","background-media":"","overlay-type":"","overlay-color":"","overlay-opacity":"","overlay-gradient":""},"tablet":{"background-color":"","background-image":"","background-repeat":"repeat","background-position":"center center","background-size":"auto","background-attachment":"scroll","background-type":"","background-media":"","overlay-type":"","overlay-color":"","overlay-opacity":"","overlay-gradient":""},"mobile":{"background-color":"","background-image":"","background-repeat":"repeat","background-position":"center center","background-size":"auto","background-attachment":"scroll","background-type":"","background-media":"","overlay-type":"","overlay-color":"","overlay-opacity":"","overlay-gradient":""}},"ast-content-background-meta":{"desktop":{"background-color":"var(--ast-global-color-5)","background-image":"","background-repeat":"repeat","background-position":"center center","background-size":"auto","background-attachment":"scroll","background-type":"","background-media":"","overlay-type":"","overlay-color":"","overlay-opacity":"","overlay-gradient":""},"tablet":{"background-color":"var(--ast-global-color-5)","background-image":"","background-repeat":"repeat","background-position":"center center","background-size":"auto","background-attachment":"scroll","background-type":"","background-media":"","overlay-type":"","overlay-color":"","overlay-opacity":"","overlay-gradient":""},"mobile":{"background-color":"var(--ast-global-color-5)","background-image":"","background-repeat":"repeat","background-position":"center center","background-size":"auto","background-attachment":"scroll","background-type":"","background-media":"","overlay-type":"","overlay-color":"","overlay-opacity":"","overlay-gradient":""}}},"product_brand":[],"product_cat":[54,42],"product_tag":[70,68,71,69],"class_list":{"0":"post-3291","1":"product","2":"type-product","3":"status-publish","4":"has-post-thumbnail","6":"product_cat-0-to-6months","7":"product_cat-merchandise","8":"product_tag-babypillow","9":"product_tag-cuteanimalpillow","10":"product_tag-headshapesupport","11":"product_tag-kouniushapingpillow","12":"desktop-align-left","13":"tablet-align-left","14":"mobile-align-left","16":"first","17":"instock","18":"shipping-taxable","19":"product-type-simple"},"aioseo_notices":[],"uagb_featured_image_src":{"full":["https:\/\/babypillowwholesale.com\/wp-content\/uploads\/2025\/03\/1509.jpg",1000,1000,false],"thumbnail":["https:\/\/babypillowwholesale.com\/wp-content\/uploads\/2025\/03\/1509-150x150.jpg",150,150,true],"medium":["https:\/\/babypillowwholesale.com\/wp-content\/uploads\/2025\/03\/1509-300x300.jpg",300,300,true],"medium_large":["https:\/\/babypillowwholesale.com\/wp-content\/uploads\/2025\/03\/1509-768x768.jpg",768,768,true],"large":["https:\/\/babypillowwholesale.com\/wp-content\/uploads\/2025\/03\/1509.jpg",1000,1000,false],"1536x1536":["https:\/\/babypillowwholesale.com\/wp-content\/uploads\/2025\/03\/1509.jpg",1000,1000,false],"2048x2048":["https:\/\/babypillowwholesale.com\/wp-content\/uploads\/2025\/03\/1509.jpg",1000,1000,false],"trp-custom-language-flag":["https:\/\/babypillowwholesale.com\/wp-content\/uploads\/2025\/03\/1509.jpg",12,12,false],"woocommerce_thumbnail":["https:\/\/babypillowwholesale.com\/wp-content\/uploads\/2025\/03\/1509-300x300.jpg",300,300,true],"woocommerce_single":["https:\/\/babypillowwholesale.com\/wp-content\/uploads\/2025\/03\/1509-600x600.jpg",600,600,true],"woocommerce_gallery_thumbnail":["https:\/\/babypillowwholesale.com\/wp-content\/uploads\/2025\/03\/1509-100x100.jpg",100,100,true]},"uagb_author_info":{"display_name":"Etnen zhong","author_link":"https:\/\/babypillowwholesale.com\/nb\/author\/"},"uagb_comment_info":0,"uagb_excerpt":"The Kitten Shaping Pillow is a charming and functional product designed for infants aged 0 to 6 months. Its cute kitten - inspired design, with perky ears and a sweet - faced expression, is visually appealing and sure to capture the hearts of both parents and babies. The central cut - out of the pillow&hellip;","jetpack_sharing_enabled":true,"_links":{"self":[{"href":"https:\/\/babypillowwholesale.com\/nb\/wp-json\/wp\/v2\/product\/3291","targetHints":{"allow":["GET"]}}],"collection":[{"href":"https:\/\/babypillowwholesale.com\/nb\/wp-json\/wp\/v2\/product"}],"about":[{"href":"https:\/\/babypillowwholesale.com\/nb\/wp-json\/wp\/v2\/types\/product"}],"replies":[{"embeddable":true,"href":"https:\/\/babypillowwholesale.com\/nb\/wp-json\/wp\/v2\/comments?post=3291"}],"wp:featuredmedia":[{"embeddable":true,"href":"https:\/\/babypillowwholesale.com\/nb\/wp-json\/wp\/v2\/media\/3292"}],"wp:attachment":[{"href":"https:\/\/babypillowwholesale.com\/nb\/wp-json\/wp\/v2\/media?parent=3291"}],"wp:term":[{"taxonomy":"product_brand","embeddable":true,"href":"https:\/\/babypillowwholesale.com\/nb\/wp-json\/wp\/v2\/product_brand?post=3291"},{"taxonomy":"product_cat","embeddable":true,"href":"https:\/\/babypillowwholesale.com\/nb\/wp-json\/wp\/v2\/product_cat?post=3291"},{"taxonomy":"product_tag","embeddable":true,"href":"https:\/\/babypillowwholesale.com\/nb\/wp-json\/wp\/v2\/product_tag?post=3291"}],"curies":[{"name":"wp","href":"https:\/\/api.w.org\/{rel}","templated":true}]}}