{"id":3261,"date":"2025-03-17T03:26:37","date_gmt":"2025-03-17T03:26:37","guid":{"rendered":"https:\/\/babypillowwholesale.com\/?post_type=product&#038;p=3261"},"modified":"2025-06-08T16:18:10","modified_gmt":"2025-06-08T16:18:10","slug":"apple-shaping-pillow","status":"publish","type":"product","link":"https:\/\/babypillowwholesale.com\/nb\/product\/apple-shaping-pillow\/","title":{"rendered":"Epleformende pute"},"content":{"rendered":"<div class=\"auto-hide-last-sibling-br paragraph-qzbcQC paragraph-element br-paragraph-space\" data-immersive-translate-walked=\"8e61f2e7-6af2-46e5-9672-3b9e4f4033d9\" data-immersive-translate-paragraph=\"1\">M\u00f8t Apple Shaping Pillow, en perfekt blanding av sjarm og funksjonalitet, skreddersydd for dyrebare spedbarn i alderen 0-6 m\u00e5neder. Den fortryllende epleinspirerte silhuetten, komplett med fine bladdetaljer, tilf\u00f8rer ikke bare et streif av s\u00f8thet til babyens verden, men tjener ogs\u00e5 et viktig form\u00e5l. Den strategisk plasserte utskj\u00e6ringen i midten gir en sk\u00e5nsom, vuggende st\u00f8tte til det sarte hodet til den lille, og leder det mot en vakker form etter hvert som det vokser. Med en st\u00f8rrelse p\u00e5 22*20*1,5\/3 cm er den utrolig allsidig. Legg den i babyens koselige barneseng, og se hvordan den forvandler middagsluren til en dr\u00f8mmeaktig opplevelse. P\u00e5 en solfylt dag ute kan du plassere den i barnevognen og s\u00f8rge for at babyen f\u00e5r en behagelig tur. Og p\u00e5 lange bilturer passer den perfekt i bilsetet, slik at babyen f\u00e5r et velkjent og beroligende sted \u00e5 hvile seg. Foreldre er begeistret for denne puten! Mange har fortalt at den har blitt en uunnv\u00e6rlig del av pleierutinene deres. \"Den lille ser s\u00e5 fredelig ut n\u00e5r han sover p\u00e5 denne epleformede puten. Den er myk, og jeg kan allerede se en forskjell i hodeformen\", sier en forn\u00f8yd mamma. En annen pappa kommenterer: \"De mange fargealternativene gjorde det enkelt \u00e5 matche med innredningen p\u00e5 barnerommet v\u00e5rt. Dessuten er det s\u00e5 praktisk \u00e5 ta den med seg overalt.\" Apple Shaping Pillow er tilgjengelig i herlige nyanser av rosa, sofistikert m\u00f8rkegr\u00f8nn og beroligende bl\u00e5, slik at du kan velge den fargen som passer best til din smak. Det er ikke bare en pute; det er en elsket f\u00f8lgesvenn for babyens f\u00f8rste tid.<\/div>","protected":false},"excerpt":{"rendered":"<p>Apple Shaping Pillow er et smart designet produkt for spedbarn i alderen 0 til 6 m\u00e5neder. Den epleformede formen er ikke bare s\u00f8t, men ogs\u00e5 praktisk. Den unike utskj\u00e6ringen i midten st\u00f8tter babyens hode p\u00e5 en sk\u00e5nsom m\u00e5te og bidrar til \u00e5 opprettholde en optimal form i de f\u00f8rste viktige m\u00e5nedene. M\u00e5ler 22* cm<em data-immersive-translate-walked=\"5509ee64-5f83-48cf-a52f-9b37e33a2d1d\">20*<\/em>1,5\/3 cm er den kompakt og enkel \u00e5 plassere i en barneseng, barnevogn eller bilbarnestol. Med fargevalgene rosa, m\u00f8rkegr\u00f8nn og bl\u00e5 passer den til ulike stilpreferanser, noe som gj\u00f8r den til et sjarmerende og funksjonelt tillegg til babyutstyret.<\/p>","protected":false},"featured_media":3279,"comment_status":"open","ping_status":"closed","template":"","meta":{"_uag_custom_page_level_css":"","site-sidebar-layout":"default","site-content-layout":"","ast-site-content-layout":"default","site-content-style":"default","site-sidebar-style":"default","ast-global-header-display":"","ast-banner-title-visibility":"","ast-main-header-display":"","ast-hfb-above-header-display":"","ast-hfb-below-header-display":"","ast-hfb-mobile-header-display":"","site-post-title":"","ast-breadcrumbs-content":"","ast-featured-img":"","footer-sml-layout":"","ast-disable-related-posts":"","theme-transparent-header-meta":"default","adv-header-id-meta":"","stick-header-meta":"","header-above-stick-meta":"","header-main-stick-meta":"","header-below-stick-meta":"","astra-migrate-meta-layouts":"set","ast-page-background-enabled":"default","ast-page-background-meta":{"desktop":{"background-color":"","background-image":"","background-repeat":"repeat","background-position":"center center","background-size":"auto","background-attachment":"scroll","background-type":"","background-media":"","overlay-type":"","overlay-color":"","overlay-opacity":"","overlay-gradient":""},"tablet":{"background-color":"","background-image":"","background-repeat":"repeat","background-position":"center center","background-size":"auto","background-attachment":"scroll","background-type":"","background-media":"","overlay-type":"","overlay-color":"","overlay-opacity":"","overlay-gradient":""},"mobile":{"background-color":"","background-image":"","background-repeat":"repeat","background-position":"center center","background-size":"auto","background-attachment":"scroll","background-type":"","background-media":"","overlay-type":"","overlay-color":"","overlay-opacity":"","overlay-gradient":""}},"ast-content-background-meta":{"desktop":{"background-color":"var(--ast-global-color-5)","background-image":"","background-repeat":"repeat","background-position":"center center","background-size":"auto","background-attachment":"scroll","background-type":"","background-media":"","overlay-type":"","overlay-color":"","overlay-opacity":"","overlay-gradient":""},"tablet":{"background-color":"var(--ast-global-color-5)","background-image":"","background-repeat":"repeat","background-position":"center center","background-size":"auto","background-attachment":"scroll","background-type":"","background-media":"","overlay-type":"","overlay-color":"","overlay-opacity":"","overlay-gradient":""},"mobile":{"background-color":"var(--ast-global-color-5)","background-image":"","background-repeat":"repeat","background-position":"center center","background-size":"auto","background-attachment":"scroll","background-type":"","background-media":"","overlay-type":"","overlay-color":"","overlay-opacity":"","overlay-gradient":""}}},"product_brand":[],"product_cat":[54,42],"product_tag":[70,68,71,69],"class_list":{"0":"post-3261","1":"product","2":"type-product","3":"status-publish","4":"has-post-thumbnail","6":"product_cat-0-to-6months","7":"product_cat-merchandise","8":"product_tag-babypillow","9":"product_tag-cuteanimalpillow","10":"product_tag-headshapesupport","11":"product_tag-kouniushapingpillow","12":"desktop-align-left","13":"tablet-align-left","14":"mobile-align-left","16":"first","17":"instock","18":"shipping-taxable","19":"product-type-simple"},"aioseo_notices":[],"uagb_featured_image_src":{"full":["https:\/\/babypillowwholesale.com\/wp-content\/uploads\/2025\/03\/1112-1.jpg",1000,1000,false],"thumbnail":["https:\/\/babypillowwholesale.com\/wp-content\/uploads\/2025\/03\/1112-1-150x150.jpg",150,150,true],"medium":["https:\/\/babypillowwholesale.com\/wp-content\/uploads\/2025\/03\/1112-1-300x300.jpg",300,300,true],"medium_large":["https:\/\/babypillowwholesale.com\/wp-content\/uploads\/2025\/03\/1112-1-768x768.jpg",768,768,true],"large":["https:\/\/babypillowwholesale.com\/wp-content\/uploads\/2025\/03\/1112-1.jpg",1000,1000,false],"1536x1536":["https:\/\/babypillowwholesale.com\/wp-content\/uploads\/2025\/03\/1112-1.jpg",1000,1000,false],"2048x2048":["https:\/\/babypillowwholesale.com\/wp-content\/uploads\/2025\/03\/1112-1.jpg",1000,1000,false],"trp-custom-language-flag":["https:\/\/babypillowwholesale.com\/wp-content\/uploads\/2025\/03\/1112-1.jpg",12,12,false],"woocommerce_thumbnail":["https:\/\/babypillowwholesale.com\/wp-content\/uploads\/2025\/03\/1112-1-300x300.jpg",300,300,true],"woocommerce_single":["https:\/\/babypillowwholesale.com\/wp-content\/uploads\/2025\/03\/1112-1-600x600.jpg",600,600,true],"woocommerce_gallery_thumbnail":["https:\/\/babypillowwholesale.com\/wp-content\/uploads\/2025\/03\/1112-1-100x100.jpg",100,100,true]},"uagb_author_info":{"display_name":"Etnen zhong","author_link":"https:\/\/babypillowwholesale.com\/nb\/author\/"},"uagb_comment_info":0,"uagb_excerpt":"The Apple Shaping Pillow is a cleverly designed product for infants aged 0 to 6 months. Its apple - shaped form is not only cute but also practical. The unique cut - out design in the middle gently supports the baby's head, helping to maintain an optimal shape during the crucial early months. Measuring 22*20*1.5\/3CM,&hellip;","jetpack_sharing_enabled":true,"_links":{"self":[{"href":"https:\/\/babypillowwholesale.com\/nb\/wp-json\/wp\/v2\/product\/3261","targetHints":{"allow":["GET"]}}],"collection":[{"href":"https:\/\/babypillowwholesale.com\/nb\/wp-json\/wp\/v2\/product"}],"about":[{"href":"https:\/\/babypillowwholesale.com\/nb\/wp-json\/wp\/v2\/types\/product"}],"replies":[{"embeddable":true,"href":"https:\/\/babypillowwholesale.com\/nb\/wp-json\/wp\/v2\/comments?post=3261"}],"wp:featuredmedia":[{"embeddable":true,"href":"https:\/\/babypillowwholesale.com\/nb\/wp-json\/wp\/v2\/media\/3279"}],"wp:attachment":[{"href":"https:\/\/babypillowwholesale.com\/nb\/wp-json\/wp\/v2\/media?parent=3261"}],"wp:term":[{"taxonomy":"product_brand","embeddable":true,"href":"https:\/\/babypillowwholesale.com\/nb\/wp-json\/wp\/v2\/product_brand?post=3261"},{"taxonomy":"product_cat","embeddable":true,"href":"https:\/\/babypillowwholesale.com\/nb\/wp-json\/wp\/v2\/product_cat?post=3261"},{"taxonomy":"product_tag","embeddable":true,"href":"https:\/\/babypillowwholesale.com\/nb\/wp-json\/wp\/v2\/product_tag?post=3261"}],"curies":[{"name":"wp","href":"https:\/\/api.w.org\/{rel}","templated":true}]}}