{"id":3152,"date":"2025-02-24T03:46:58","date_gmt":"2025-02-24T03:46:58","guid":{"rendered":"https:\/\/babypillowwholesale.com\/?post_type=product&#038;p=3152"},"modified":"2025-06-08T16:21:25","modified_gmt":"2025-06-08T16:21:25","slug":"koala-shaping-pillow","status":"publish","type":"product","link":"https:\/\/babypillowwholesale.com\/nb\/product\/koala-shaping-pillow\/","title":{"rendered":"Koala Shaping Pillow"},"content":{"rendered":"<p>Oppdag Koala Shaping Pillow, et mesterverk av komfort og funksjonalitet, omhyggelig designet for de aller minste soverne i alderen 0 til 6 m\u00e5neder. Den elskelige, dyreinspirerte silhuetten er ikke bare en visuell fryd, men ogs\u00e5 en inngangsport til s\u00f8te dr\u00f8mmer for den lille gledesbunten. Puten har en ergonomisk form som omfavner babyens skj\u00f8re hode p\u00e5 en sk\u00e5nsom m\u00e5te, og styrer det med omhu og presisjon slik at det f\u00e5r en perfekt form etter hvert som det vokser. Med sine praktiske m\u00e5l p\u00e5 26*23*3 cm er den en allsidig f\u00f8lgesvenn som passer s\u00f8ml\u00f8st inn i en rekke ulike omgivelser. Forestill deg at den ligger i babyens myke barneseng og skaper et koselig tilfluktssted for de lange, rolige lurene i l\u00f8pet av dagen. N\u00e5r du er p\u00e5 farten, enten det er en rolig spasertur i barnevognen eller et familieeventyr i bilen, gir Koala Shaping Pillow jevn st\u00f8tte og komfort, noe som gj\u00f8r hver eneste reise til en avslappende opplevelse. Puten er tilgjengelig i de sjarmerende fargene rosa og bl\u00e5, slik at du kan velge den nyansen som passer best til babyens barnehageinnredning eller personlige smak. Koala Shaping Pillow er mer enn bare en pute, den er en blanding av praktisk funksjonalitet og sjarm, et must i babyens verden som kombinerer s\u00f8vnens kunst med vitenskapen om \u00e5 forme.<\/p>","protected":false},"excerpt":{"rendered":"<p>Koala Shaping Pillow er skreddersydd for spedbarn i alderen 0 til 6 m\u00e5neder. Den sjarmerende designen ligner et s\u00f8tt dyr, noe som garantert vil falle i smak hos b\u00e5de babyer og foreldre. Putens ergonomiske form er laget for \u00e5 veilede og st\u00f8tte babyens hode p\u00e5 en sk\u00e5nsom m\u00e5te, noe som bidrar til \u00e5 utvikle riktig hodeform. Med en praktisk st\u00f8rrelse p\u00e5 26<em data-immersive-translate-walked=\"000db34a-f9f0-4794-a784-0d6465363590\">23<\/em>0\/3 cm, er den enkel \u00e5 plassere i ulike babyrelaterte omgivelser som barnesenger eller barnevogner. Den er tilgjengelig i to nydelige farger, rosa og bl\u00e5, og tilbyr alternativer som passer til ulike stilpreferanser, og kombinerer funksjonalitet med et snev av s\u00f8thet for den lille.<\/p>","protected":false},"featured_media":3276,"comment_status":"open","ping_status":"closed","template":"","meta":{"_uag_custom_page_level_css":"","site-sidebar-layout":"default","site-content-layout":"","ast-site-content-layout":"default","site-content-style":"default","site-sidebar-style":"default","ast-global-header-display":"","ast-banner-title-visibility":"","ast-main-header-display":"","ast-hfb-above-header-display":"","ast-hfb-below-header-display":"","ast-hfb-mobile-header-display":"","site-post-title":"","ast-breadcrumbs-content":"","ast-featured-img":"","footer-sml-layout":"","ast-disable-related-posts":"","theme-transparent-header-meta":"default","adv-header-id-meta":"","stick-header-meta":"","header-above-stick-meta":"","header-main-stick-meta":"","header-below-stick-meta":"","astra-migrate-meta-layouts":"set","ast-page-background-enabled":"default","ast-page-background-meta":{"desktop":{"background-color":"","background-image":"","background-repeat":"repeat","background-position":"center center","background-size":"auto","background-attachment":"scroll","background-type":"","background-media":"","overlay-type":"","overlay-color":"","overlay-opacity":"","overlay-gradient":""},"tablet":{"background-color":"","background-image":"","background-repeat":"repeat","background-position":"center center","background-size":"auto","background-attachment":"scroll","background-type":"","background-media":"","overlay-type":"","overlay-color":"","overlay-opacity":"","overlay-gradient":""},"mobile":{"background-color":"","background-image":"","background-repeat":"repeat","background-position":"center center","background-size":"auto","background-attachment":"scroll","background-type":"","background-media":"","overlay-type":"","overlay-color":"","overlay-opacity":"","overlay-gradient":""}},"ast-content-background-meta":{"desktop":{"background-color":"var(--ast-global-color-5)","background-image":"","background-repeat":"repeat","background-position":"center center","background-size":"auto","background-attachment":"scroll","background-type":"","background-media":"","overlay-type":"","overlay-color":"","overlay-opacity":"","overlay-gradient":""},"tablet":{"background-color":"var(--ast-global-color-5)","background-image":"","background-repeat":"repeat","background-position":"center center","background-size":"auto","background-attachment":"scroll","background-type":"","background-media":"","overlay-type":"","overlay-color":"","overlay-opacity":"","overlay-gradient":""},"mobile":{"background-color":"var(--ast-global-color-5)","background-image":"","background-repeat":"repeat","background-position":"center center","background-size":"auto","background-attachment":"scroll","background-type":"","background-media":"","overlay-type":"","overlay-color":"","overlay-opacity":"","overlay-gradient":""}}},"product_brand":[],"product_cat":[54,42],"product_tag":[70,68,71,69],"class_list":{"0":"post-3152","1":"product","2":"type-product","3":"status-publish","4":"has-post-thumbnail","6":"product_cat-0-to-6months","7":"product_cat-merchandise","8":"product_tag-babypillow","9":"product_tag-cuteanimalpillow","10":"product_tag-headshapesupport","11":"product_tag-kouniushapingpillow","12":"desktop-align-left","13":"tablet-align-left","14":"mobile-align-left","16":"first","17":"instock","18":"featured","19":"shipping-taxable","20":"product-type-simple"},"aioseo_notices":[],"uagb_featured_image_src":{"full":["https:\/\/babypillowwholesale.com\/wp-content\/uploads\/2025\/02\/1122.jpg",1000,1000,false],"thumbnail":["https:\/\/babypillowwholesale.com\/wp-content\/uploads\/2025\/02\/1122-150x150.jpg",150,150,true],"medium":["https:\/\/babypillowwholesale.com\/wp-content\/uploads\/2025\/02\/1122-300x300.jpg",300,300,true],"medium_large":["https:\/\/babypillowwholesale.com\/wp-content\/uploads\/2025\/02\/1122-768x768.jpg",768,768,true],"large":["https:\/\/babypillowwholesale.com\/wp-content\/uploads\/2025\/02\/1122.jpg",1000,1000,false],"1536x1536":["https:\/\/babypillowwholesale.com\/wp-content\/uploads\/2025\/02\/1122.jpg",1000,1000,false],"2048x2048":["https:\/\/babypillowwholesale.com\/wp-content\/uploads\/2025\/02\/1122.jpg",1000,1000,false],"trp-custom-language-flag":["https:\/\/babypillowwholesale.com\/wp-content\/uploads\/2025\/02\/1122.jpg",12,12,false],"woocommerce_thumbnail":["https:\/\/babypillowwholesale.com\/wp-content\/uploads\/2025\/02\/1122-300x300.jpg",300,300,true],"woocommerce_single":["https:\/\/babypillowwholesale.com\/wp-content\/uploads\/2025\/02\/1122-600x600.jpg",600,600,true],"woocommerce_gallery_thumbnail":["https:\/\/babypillowwholesale.com\/wp-content\/uploads\/2025\/02\/1122-100x100.jpg",100,100,true]},"uagb_author_info":{"display_name":"Etnen zhong","author_link":"https:\/\/babypillowwholesale.com\/nb\/author\/"},"uagb_comment_info":0,"uagb_excerpt":"The Koala Shaping Pillow is tailored for infants aged 0 to 6 months. Its charming design resembles an adorable animal, which is sure to appeal to both babies and parents. The pillow's ergonomic shape is crafted to gently guide and support a baby's head, promoting proper head shape development. With a convenient size of 26230\/3CM,&hellip;","jetpack_sharing_enabled":true,"_links":{"self":[{"href":"https:\/\/babypillowwholesale.com\/nb\/wp-json\/wp\/v2\/product\/3152","targetHints":{"allow":["GET"]}}],"collection":[{"href":"https:\/\/babypillowwholesale.com\/nb\/wp-json\/wp\/v2\/product"}],"about":[{"href":"https:\/\/babypillowwholesale.com\/nb\/wp-json\/wp\/v2\/types\/product"}],"replies":[{"embeddable":true,"href":"https:\/\/babypillowwholesale.com\/nb\/wp-json\/wp\/v2\/comments?post=3152"}],"wp:featuredmedia":[{"embeddable":true,"href":"https:\/\/babypillowwholesale.com\/nb\/wp-json\/wp\/v2\/media\/3276"}],"wp:attachment":[{"href":"https:\/\/babypillowwholesale.com\/nb\/wp-json\/wp\/v2\/media?parent=3152"}],"wp:term":[{"taxonomy":"product_brand","embeddable":true,"href":"https:\/\/babypillowwholesale.com\/nb\/wp-json\/wp\/v2\/product_brand?post=3152"},{"taxonomy":"product_cat","embeddable":true,"href":"https:\/\/babypillowwholesale.com\/nb\/wp-json\/wp\/v2\/product_cat?post=3152"},{"taxonomy":"product_tag","embeddable":true,"href":"https:\/\/babypillowwholesale.com\/nb\/wp-json\/wp\/v2\/product_tag?post=3152"}],"curies":[{"name":"wp","href":"https:\/\/api.w.org\/{rel}","templated":true}]}}