{"id":3139,"date":"2025-02-23T11:37:10","date_gmt":"2025-02-23T11:37:10","guid":{"rendered":"https:\/\/babypillowwholesale.com\/?page_id=3139"},"modified":"2025-05-27T15:45:39","modified_gmt":"2025-05-27T15:45:39","slug":"blog","status":"publish","type":"page","link":"https:\/\/babypillowwholesale.com\/nb\/blog\/","title":{"rendered":"Blogg"},"content":{"rendered":"<div class=\"wp-block-uagb-post-grid uagb-post-grid  uagb-post__image-position-top uagb-post__image-enabled uagb-block-1dbc6de2     uagb-post__items uagb-post__columns-3 is-grid uagb-post__columns-tablet-2 uagb-post__columns-mobile-1 uagb-post__equal-height\" data-total=\"1\" style=\"\">\n\n\t\t\t\t\t\t\t\t\t\t\t\t<article class=\"uagb-post__inner-wrap\">\t\t\t\t\t\t\t\t<div class='uagb-post__image'>\n\t\t\t\t\t\t\t\t\t<a href=\"https:\/\/babypillowwholesale.com\/nb\/pillow-materials-revealed-differences-and-uses\/\" target=\"_self\" rel=\"bookmark noopener noreferrer\" class='uagb-image-ratio-inherit'><img loading=\"lazy\" decoding=\"async\" width=\"691\" height=\"691\" src=\"https:\/\/babypillowwholesale.com\/wp-content\/uploads\/2025\/07\/1Hydrophilic-Memory-Foam-Pillow.jpg\" class=\"attachment-large size-large\" alt=\"Hydrofil pute av minneskum\" srcset=\"https:\/\/babypillowwholesale.com\/wp-content\/uploads\/2025\/07\/1Hydrophilic-Memory-Foam-Pillow.jpg 691w, https:\/\/babypillowwholesale.com\/wp-content\/uploads\/2025\/07\/1Hydrophilic-Memory-Foam-Pillow-300x300.jpg 300w, https:\/\/babypillowwholesale.com\/wp-content\/uploads\/2025\/07\/1Hydrophilic-Memory-Foam-Pillow-150x150.jpg 150w, https:\/\/babypillowwholesale.com\/wp-content\/uploads\/2025\/07\/1Hydrophilic-Memory-Foam-Pillow-12x12.jpg 12w, https:\/\/babypillowwholesale.com\/wp-content\/uploads\/2025\/07\/1Hydrophilic-Memory-Foam-Pillow-600x600.jpg 600w, https:\/\/babypillowwholesale.com\/wp-content\/uploads\/2025\/07\/1Hydrophilic-Memory-Foam-Pillow-100x100.jpg 100w\" sizes=\"auto, (max-width: 691px) 100vw, 691px\" \/>\t\t\t\t\t<\/a>\n\t\t\t\t\t\t\t<\/div>\n\t\t\t\t\t\t<h4 class=\"uagb-post__title uagb-post__text\">\n\t\t\t\t<a href=\"https:\/\/babypillowwholesale.com\/nb\/pillow-materials-revealed-differences-and-uses\/\" target=\"_self\" rel=\"bookmark noopener noreferrer\">Pute materialer avsl\u00f8rt: Forskjeller og bruksomr\u00e5der<\/a>\n\t\t\t<\/h4>\n\t\t\t\t\t\t<div class='uagb-post__text uagb-post-grid-byline'>\n\t\t\t\t\t\t\t\t<time datetime=\"2025-07-22T11:09:51+00:00\" class=\"uagb-post__date\">\n\t\t\t\t<span class=\"dashicons-calendar dashicons\"><\/span>\t\t\t\t\t22. juli 2025\t\t\t\t<\/time>\n\t\t\t\t\t\t\t<span class=\"uagb-post__comment\">\n\t\t\t\t<span class=\"dashicons-admin-comments dashicons\"><\/span>\t\t\t\t\tIngen kommentarer\t\t\t\t<\/span>\n\t\t\t\t\t\t<\/div>\n\t\t\t\t\t\t\t<div class='uagb-post__text uagb-post__excerpt'>\n\t\t\t\t\t<p>Pute materialer avsl\u00f8rt: Forskjeller og bruksomr\u00e5der I. Hydrofil pute med minneskum: Den temperaturregulerende \"andre generasjons minn...\t\t\t\t<\/div>\n\t\t\t\t\t\t<div class=\"uagb-post__text uagb-post__cta wp-block-button\">\n\t\t\t\t<a class=\"wp-block-button__link uagb-text-link\" style=\"\" href=\"https:\/\/babypillowwholesale.com\/nb\/pillow-materials-revealed-differences-and-uses\/\" target=\"_self\" rel=\"bookmark noopener noreferrer\">Les mer<\/a>\n\t\t\t<\/div>\n\t\t\t\n\t\t\t\t\t\t\t\t\t<\/article>\n\t\t\t\t\t\t\t\t\t\t\t\t\t\t\t\t<article class=\"uagb-post__inner-wrap\">\t\t\t\t\t\t\t\t<div class='uagb-post__image'>\n\t\t\t\t\t\t\t\t\t<a href=\"https:\/\/babypillowwholesale.com\/nb\/how-to-choose-the-right-pillow-wholesale-supplier-for-your-brand%ef%bc%9f\/\" target=\"_self\" rel=\"bookmark noopener noreferrer\" class='uagb-image-ratio-inherit'><img loading=\"lazy\" decoding=\"async\" width=\"1024\" height=\"578\" src=\"https:\/\/babypillowwholesale.com\/wp-content\/uploads\/2025\/05\/How-to-Choose-the-Right-Pillow-Wholesale-Supplier-for-Your-Brand-1024x578.png\" class=\"attachment-large size-large\" alt=\"Hvordan velge riktig leverand\u00f8r av puter til merkevaren din\" srcset=\"https:\/\/babypillowwholesale.com\/wp-content\/uploads\/2025\/05\/How-to-Choose-the-Right-Pillow-Wholesale-Supplier-for-Your-Brand-1024x578.png 1024w, https:\/\/babypillowwholesale.com\/wp-content\/uploads\/2025\/05\/How-to-Choose-the-Right-Pillow-Wholesale-Supplier-for-Your-Brand-300x169.png 300w, https:\/\/babypillowwholesale.com\/wp-content\/uploads\/2025\/05\/How-to-Choose-the-Right-Pillow-Wholesale-Supplier-for-Your-Brand-768x434.png 768w, https:\/\/babypillowwholesale.com\/wp-content\/uploads\/2025\/05\/How-to-Choose-the-Right-Pillow-Wholesale-Supplier-for-Your-Brand-18x10.png 18w, https:\/\/babypillowwholesale.com\/wp-content\/uploads\/2025\/05\/How-to-Choose-the-Right-Pillow-Wholesale-Supplier-for-Your-Brand-600x339.png 600w, https:\/\/babypillowwholesale.com\/wp-content\/uploads\/2025\/05\/How-to-Choose-the-Right-Pillow-Wholesale-Supplier-for-Your-Brand.png 1034w\" sizes=\"auto, (max-width: 1024px) 100vw, 1024px\" \/>\t\t\t\t\t<\/a>\n\t\t\t\t\t\t\t<\/div>\n\t\t\t\t\t\t<h4 class=\"uagb-post__title uagb-post__text\">\n\t\t\t\t<a href=\"https:\/\/babypillowwholesale.com\/nb\/how-to-choose-the-right-pillow-wholesale-supplier-for-your-brand%ef%bc%9f\/\" target=\"_self\" rel=\"bookmark noopener noreferrer\">Hvordan velge riktig leverand\u00f8r av puter for merkevaren din?<\/a>\n\t\t\t<\/h4>\n\t\t\t\t\t\t<div class='uagb-post__text uagb-post-grid-byline'>\n\t\t\t\t\t\t\t\t<time datetime=\"2025-05-22T04:03:54+00:00\" class=\"uagb-post__date\">\n\t\t\t\t<span class=\"dashicons-calendar dashicons\"><\/span>\t\t\t\t\t22. mai 2025\t\t\t\t<\/time>\n\t\t\t\t\t\t\t<span class=\"uagb-post__comment\">\n\t\t\t\t<span class=\"dashicons-admin-comments dashicons\"><\/span>\t\t\t\t\tIngen kommentarer\t\t\t\t<\/span>\n\t\t\t\t\t\t<\/div>\n\t\t\t\t\t\t\t<div class='uagb-post__text uagb-post__excerpt'>\n\t\t\t\t\t<p>Hvordan velge riktig leverand\u00f8r av pute engros for merkevaren din? \u00c5 velge riktig leverand\u00f8r av pute engros er avgj\u00f8rende ...\t\t\t\t<\/div>\n\t\t\t\t\t\t<div class=\"uagb-post__text uagb-post__cta wp-block-button\">\n\t\t\t\t<a class=\"wp-block-button__link uagb-text-link\" style=\"\" href=\"https:\/\/babypillowwholesale.com\/nb\/how-to-choose-the-right-pillow-wholesale-supplier-for-your-brand%ef%bc%9f\/\" target=\"_self\" rel=\"bookmark noopener noreferrer\">Les mer<\/a>\n\t\t\t<\/div>\n\t\t\t\n\t\t\t\t\t\t\t\t\t<\/article>\n\t\t\t\t\t\t\t\t\t\t\t\t\t\t\t\t<article class=\"uagb-post__inner-wrap\">\t\t\t\t\t\t\t\t<div class='uagb-post__image'>\n\t\t\t\t\t\t\t\t\t<a href=\"https:\/\/babypillowwholesale.com\/nb\/flat-head-baby-pillows\/\" target=\"_self\" rel=\"bookmark noopener noreferrer\" class='uagb-image-ratio-inherit'><img loading=\"lazy\" decoding=\"async\" width=\"648\" height=\"420\" src=\"https:\/\/babypillowwholesale.com\/wp-content\/uploads\/2025\/02\/Why-0-3-Years-Is-the-Critical-Period-for-Childrens-Sleep-Quality_-visual-selection.png\" class=\"attachment-large size-large\" alt=\"Hvorfor 0-3 \u00e5r er den kritiske perioden for barns s\u00f8vnkvalitet_ - visuelt utvalg\" srcset=\"https:\/\/babypillowwholesale.com\/wp-content\/uploads\/2025\/02\/Why-0-3-Years-Is-the-Critical-Period-for-Childrens-Sleep-Quality_-visual-selection.png 648w, https:\/\/babypillowwholesale.com\/wp-content\/uploads\/2025\/02\/Why-0-3-Years-Is-the-Critical-Period-for-Childrens-Sleep-Quality_-visual-selection-300x194.png 300w, https:\/\/babypillowwholesale.com\/wp-content\/uploads\/2025\/02\/Why-0-3-Years-Is-the-Critical-Period-for-Childrens-Sleep-Quality_-visual-selection-18x12.png 18w, https:\/\/babypillowwholesale.com\/wp-content\/uploads\/2025\/02\/Why-0-3-Years-Is-the-Critical-Period-for-Childrens-Sleep-Quality_-visual-selection-600x389.png 600w\" sizes=\"auto, (max-width: 648px) 100vw, 648px\" \/>\t\t\t\t\t<\/a>\n\t\t\t\t\t\t\t<\/div>\n\t\t\t\t\t\t<h4 class=\"uagb-post__title uagb-post__text\">\n\t\t\t\t<a href=\"https:\/\/babypillowwholesale.com\/nb\/flat-head-baby-pillows\/\" target=\"_self\" rel=\"bookmark noopener noreferrer\">Hvorfor 0-3 \u00e5r er den kritiske perioden for barns s\u00f8vnkvalitet\uff1f<\/a>\n\t\t\t<\/h4>\n\t\t\t\t\t\t<div class='uagb-post__text uagb-post-grid-byline'>\n\t\t\t\t\t\t\t\t<time datetime=\"2025-02-17T16:06:17+00:00\" class=\"uagb-post__date\">\n\t\t\t\t<span class=\"dashicons-calendar dashicons\"><\/span>\t\t\t\t\t17. februar 2025\t\t\t\t<\/time>\n\t\t\t\t\t\t\t<span class=\"uagb-post__comment\">\n\t\t\t\t<span class=\"dashicons-admin-comments dashicons\"><\/span>\t\t\t\t\tIngen kommentarer\t\t\t\t<\/span>\n\t\t\t\t\t\t<\/div>\n\t\t\t\t\t\t\t<div class='uagb-post__text uagb-post__excerpt'>\n\t\t\t\t\tOppdag hvorfor 0-3 \u00e5r er avgj\u00f8rende for barns s\u00f8vnkvalitet og hvordan \u00f8kologiske babyputer,...\t\t\t\t<\/div>\n\t\t\t\t\t\t<div class=\"uagb-post__text uagb-post__cta wp-block-button\">\n\t\t\t\t<a class=\"wp-block-button__link uagb-text-link\" style=\"\" href=\"https:\/\/babypillowwholesale.com\/nb\/flat-head-baby-pillows\/\" target=\"_self\" rel=\"bookmark noopener noreferrer\">Les mer<\/a>\n\t\t\t<\/div>\n\t\t\t\n\t\t\t\t\t\t\t\t\t<\/article>\n\t\t\t\t\t\t\t\t\t\t\t\t\t<div class=\"uagb-post-pagination-wrap\">\n\t\t\t\t\t\t\t\t\t\t\t<\/div>\n\t\t\t\t\t\t\t\t<\/div>","protected":false},"excerpt":{"rendered":"","protected":false},"author":1,"featured_media":0,"parent":0,"menu_order":0,"comment_status":"closed","ping_status":"closed","template":"","meta":{"_uag_custom_page_level_css":"","site-sidebar-layout":"default","site-content-layout":"","ast-site-content-layout":"default","site-content-style":"default","site-sidebar-style":"default","ast-global-header-display":"","ast-banner-title-visibility":"","ast-main-header-display":"","ast-hfb-above-header-display":"","ast-hfb-below-header-display":"","ast-hfb-mobile-header-display":"","site-post-title":"disabled","ast-breadcrumbs-content":"","ast-featured-img":"","footer-sml-layout":"","ast-disable-related-posts":"","theme-transparent-header-meta":"","adv-header-id-meta":"","stick-header-meta":"","header-above-stick-meta":"","header-main-stick-meta":"","header-below-stick-meta":"","astra-migrate-meta-layouts":"set","ast-page-background-enabled":"default","ast-page-background-meta":{"desktop":{"background-color":"","background-image":"","background-repeat":"repeat","background-position":"center center","background-size":"auto","background-attachment":"scroll","background-type":"","background-media":"","overlay-type":"","overlay-color":"","overlay-opacity":"","overlay-gradient":""},"tablet":{"background-color":"","background-image":"","background-repeat":"repeat","background-position":"center center","background-size":"auto","background-attachment":"scroll","background-type":"","background-media":"","overlay-type":"","overlay-color":"","overlay-opacity":"","overlay-gradient":""},"mobile":{"background-color":"","background-image":"","background-repeat":"repeat","background-position":"center center","background-size":"auto","background-attachment":"scroll","background-type":"","background-media":"","overlay-type":"","overlay-color":"","overlay-opacity":"","overlay-gradient":""}},"ast-content-background-meta":{"desktop":{"background-color":"var(--ast-global-color-5)","background-image":"","background-repeat":"repeat","background-position":"center center","background-size":"auto","background-attachment":"scroll","background-type":"","background-media":"","overlay-type":"","overlay-color":"","overlay-opacity":"","overlay-gradient":""},"tablet":{"background-color":"var(--ast-global-color-5)","background-image":"","background-repeat":"repeat","background-position":"center center","background-size":"auto","background-attachment":"scroll","background-type":"","background-media":"","overlay-type":"","overlay-color":"","overlay-opacity":"","overlay-gradient":""},"mobile":{"background-color":"var(--ast-global-color-5)","background-image":"","background-repeat":"repeat","background-position":"center center","background-size":"auto","background-attachment":"scroll","background-type":"","background-media":"","overlay-type":"","overlay-color":"","overlay-opacity":"","overlay-gradient":""}},"footnotes":""},"class_list":["post-3139","page","type-page","status-publish","hentry"],"aioseo_notices":[],"uagb_featured_image_src":{"full":false,"thumbnail":false,"medium":false,"medium_large":false,"large":false,"1536x1536":false,"2048x2048":false,"trp-custom-language-flag":false,"woocommerce_thumbnail":false,"woocommerce_single":false,"woocommerce_gallery_thumbnail":false},"uagb_author_info":{"display_name":"Etnen zhong","author_link":"https:\/\/babypillowwholesale.com\/nb\/author\/qq399438967gmail-com\/"},"uagb_comment_info":0,"uagb_excerpt":null,"jetpack_sharing_enabled":false,"_links":{"self":[{"href":"https:\/\/babypillowwholesale.com\/nb\/wp-json\/wp\/v2\/pages\/3139","targetHints":{"allow":["GET"]}}],"collection":[{"href":"https:\/\/babypillowwholesale.com\/nb\/wp-json\/wp\/v2\/pages"}],"about":[{"href":"https:\/\/babypillowwholesale.com\/nb\/wp-json\/wp\/v2\/types\/page"}],"author":[{"embeddable":true,"href":"https:\/\/babypillowwholesale.com\/nb\/wp-json\/wp\/v2\/users\/1"}],"replies":[{"embeddable":true,"href":"https:\/\/babypillowwholesale.com\/nb\/wp-json\/wp\/v2\/comments?post=3139"}],"version-history":[{"count":2,"href":"https:\/\/babypillowwholesale.com\/nb\/wp-json\/wp\/v2\/pages\/3139\/revisions"}],"predecessor-version":[{"id":3142,"href":"https:\/\/babypillowwholesale.com\/nb\/wp-json\/wp\/v2\/pages\/3139\/revisions\/3142"}],"wp:attachment":[{"href":"https:\/\/babypillowwholesale.com\/nb\/wp-json\/wp\/v2\/media?parent=3139"}],"curies":[{"name":"wp","href":"https:\/\/api.w.org\/{rel}","templated":true}]}}