{"id":3497,"date":"2025-04-19T12:47:24","date_gmt":"2025-04-19T12:47:24","guid":{"rendered":"https:\/\/babypillowwholesale.com\/?post_type=product&#038;p=3497"},"modified":"2025-06-05T13:57:14","modified_gmt":"2025-06-05T13:57:14","slug":"memory-foam-pillow-heart-shaped-pillow-core","status":"publish","type":"product","link":"https:\/\/babypillowwholesale.com\/lv\/product\/memory-foam-pillow-heart-shaped-pillow-core\/","title":{"rendered":"Atmi\u0146as putu spilvens - sirds formas spilvena kodols"},"content":{"rendered":"<div class=\"auto-hide-last-sibling-br paragraph-qzbcQC paragraph-element br-paragraph-space\">\n<div class=\"auto-hide-last-sibling-br paragraph-qzbcQC paragraph-element br-paragraph-space\">\n<div class=\"auto-hide-last-sibling-br paragraph-qzbcQC paragraph-element br-paragraph-space\">\n<div class=\"auto-hide-last-sibling-br paragraph-qzbcQC paragraph-element br-paragraph-space\">\n<div class=\"inter-wlTS5w\" data-immersive-translate-walked=\"d12d8f94-b8ff-4d99-b7de-4fecb356978f\">\n<div class=\"container-QE4ayg\">\n<div class=\"item-jU10IN\">\n<div class=\"container-jODEnh chrome70-container\">\n<div class=\"inner-eE95c9 inner-item-aL3Ui_\" data-target-id=\"message-box-target-id\" data-testid=\"union_message\">\n<div class=\"message-block-container-liuetz\" data-testid=\"message-block-container\">\n<div class=\"message-box-ZWbBdF\" data-testid=\"receive_message\" data-message-id=\"3380063449561346\">\n<div class=\"message-box-content-wrapper-srHdUj\">\n<div class=\"message-content message-box-content-otxGGw receive-message-box-content-_lREFj samantha-message-box-content-Qjmpja\" data-testid=\"message_content\">\n<div class=\"container-hfX5E8 flow-markdown-body theme-samantha-yJEgBp\" dir=\"ltr\" data-testid=\"message_text_content\" data-show-indicator=\"false\">\n<div class=\"auto-hide-last-sibling-br paragraph-qzbcQC paragraph-element br-paragraph-space\">\n<div class=\"auto-hide-last-sibling-br paragraph-qzbcQC paragraph-element br-paragraph-space\">\u0160is atmi\u0146as putu spilvens ar sirds formas spilvena serdi ir ekskluz\u012bvi izstr\u0101d\u0101ts z\u012bdai\u0146iem vecum\u0101 no 0 l\u012bdz 6 m\u0113ne\u0161iem un ir personaliz\u0113tas grezn\u012bbas apliecin\u0101jums. M\u0113s lepojamies ar savu sp\u0113ju p\u0101rveidot \u0161o jau t\u0101 burv\u012bgo sirds formas serdi par individu\u0101lu m\u0101kslas darbu, kas piel\u0101gots visizsmalcin\u0101t\u0101kajai gaumei.<\/div>\n<p>&nbsp;<\/p>\n<div class=\"auto-hide-last-sibling-br paragraph-qzbcQC paragraph-element br-paragraph-space\">Tiem, kas sap\u0146o kapr\u012bz\u0101k, iedom\u0101jieties mirgojo\u0161u zvaig\u017e\u0146u zvaigzn\u0101ju un smaido\u0161u pusm\u0113nesi, kas maigi iespiests p\u0101ri sirdij. \u0160\u0137iet, ka katra zvaigzne glab\u0101 sap\u0146u visumu, radot debesu o\u0101zi, kas nomierina un valdzina. Ja priek\u0161roka tiek dota dabas skaistumam, iedom\u0101jieties sul\u012bgas, za\u013cas lapas, kas savijas ar maigiem, ziedo\u0161iem ziediem. Maigos, nomierino\u0161os to\u0146os ietur\u0113tie ziedlapi\u0146as spilven\u0101 ienes pavasara d\u0101rza svaigumu, pied\u0101v\u0101jot mier\u012bgu un atsvaidzino\u0161u vizu\u0101lu apsk\u0101vienu.<\/div>\n<p>&nbsp;<\/p>\n<div class=\"auto-hide-last-sibling-br paragraph-qzbcQC paragraph-element br-paragraph-space\">M\u016bsdien\u012bgi dom\u0101jo\u0161ajiem var viegli integr\u0113t t\u012bras, minim\u0101lisma l\u012bnijas un \u0123eometriskus rakstus. Asie le\u0146\u0137i un glud\u0101s l\u012bknes krustojas m\u016bsdienu dizaina dej\u0101, radot gan stil\u012bgu, gan sirsn\u012bgu izskatu. \u0160ie raksti nav tikai rot\u0101jumi, tie ir pazi\u0146ojumi, kas atspogu\u013co mazu\u013ca b\u0113rnistabas unik\u0101lo person\u012bbu un gaumi.<\/div>\n<p>&nbsp;<\/p>\n<div class=\"auto-hide-last-sibling-br paragraph-qzbcQC paragraph-element br-paragraph-space\">Katrs p\u0113c pas\u016bt\u012bjuma izstr\u0101d\u0101tais raksts tiek izpild\u012bts ar visliel\u0101ko precizit\u0101ti un r\u016bp\u012bbu, izmantojot tikai dro\u0161\u0101k\u0101s, netoksisk\u0101s kr\u0101sas. Tas nodro\u0161ina, ka katrs spilvena kodols ir ne tikai vizu\u0101ls \u0161edevrs, bet ar\u012b dro\u0161s un \u0113rts patv\u0113rums j\u016bsu mazulim.<\/div>\n<p>&nbsp;<\/p>\n<div class=\"auto-hide-last-sibling-br paragraph-qzbcQC paragraph-element br-paragraph-space\">Pied\u0101v\u0101jot tik pla\u0161u piel\u0101go\u0161anas iesp\u0113ju spektru, m\u0113s \u013caujam jums apmierin\u0101t visas est\u0113tisk\u0101s v\u0113lmes. Neatkar\u012bgi no t\u0101, vai t\u0101 ir kapr\u012bza br\u012bnumzeme, dabisks patv\u0113rums vai moderna minim\u0101lisma o\u0101ze, \u0161o sirds formas spilvena kodolu var p\u0101rveidot, lai tas atbilstu un p\u0101rsniegtu gaidas. Tirg\u016b, kas pies\u0101tin\u0101ts ar visp\u0101r\u012bgiem produktiem, m\u016bsu piel\u0101gotie dizaini nodro\u0161ina, ka j\u016bsu pied\u0101v\u0101jums izce\u013cas, piesaista uzman\u012bbu un iekaro sirdis. \u0160\u0101da l\u012bme\u0146a personaliz\u0101cija ne tikai uzlabo p\u0101rdo\u0161anu, bet ar\u012b veido dzi\u013c\u0101ku saikni ar j\u016bsu klientiem, pied\u0101v\u0101jot vi\u0146iem produktu, kas ir tikpat unik\u0101ls k\u0101 vi\u0146u mazulis.<\/div>\n<p>&nbsp;<\/p>\n<div class=\"auto-hide-last-sibling-br paragraph-qzbcQC paragraph-element br-paragraph-space\">Paaugstiniet savu produktu l\u012bniju ar m\u016bsu atmi\u0146as putu spilvenu - sirds formas spilvena kodolu, kur piel\u0101go\u0161ana atbilst grezn\u012bbai un katrs spilvens ir unik\u0101ls st\u0101sts.<\/div>\n<\/div>\n<\/div>\n<\/div>\n<\/div>\n<\/div>\n<\/div>\n<\/div>\n<\/div>\n<\/div>\n<\/div>\n<\/div>\n<\/div>\n<\/div>\n<\/div>\n<\/div>","protected":false},"excerpt":{"rendered":"<div class=\"auto-hide-last-sibling-br paragraph-qzbcQC paragraph-element br-paragraph-space\">\u0160is atmi\u0146as putu spilvens - sirds formas spilvena kodols, kas paredz\u0113ts z\u012bdai\u0146iem vecum\u0101 no 0 l\u012bdz 6 m\u0113ne\u0161iem, pied\u0101v\u0101 sp\u0113c\u012bgas piel\u0101go\u0161anas priek\u0161roc\u012bbas. M\u0113s varam izgatavot izsmalcin\u0101tus, piel\u0101gotus mode\u013cus, lai apmierin\u0101tu j\u016bsu \u012bpa\u0161\u0101s vajadz\u012bbas. Piem\u0113ram, ja j\u016bsu klienti dievina m\u012b\u013cus stilus, m\u0113s varam uzdruk\u0101t burv\u012bgus multiplik\u0101cijas filmu varo\u0146us vai maigus ziedu mot\u012bvus. Dodat priek\u0161roku elegantam piesk\u0101rienam? Var izmantot vienk\u0101r\u0161us, bet stil\u012bgus \u0123eometriskus rakstus vai maigus paste\u013ckr\u0101sas gradientus. \u0160ie piel\u0101gotie dizaini ne tikai uzlabo produkta vizu\u0101lo pievilc\u012bbu, bet ar\u012b padara to par tirgus izcil\u012bbu, piesaistot vair\u0101k pirc\u0113ju un palielinot p\u0101rdo\u0161anas apjomus. Piel\u0101gojoties da\u017e\u0101d\u0101m dizaina v\u0113lm\u0113m, j\u016bs varat pied\u0101v\u0101t produktu, kas lieliski atbilst da\u017e\u0101du pat\u0113r\u0113t\u0101ju est\u0113tikai, nodro\u0161inot konkur\u0113tsp\u0113jas priek\u0161roc\u012bbas.<\/div>","protected":false},"featured_media":3498,"comment_status":"open","ping_status":"closed","template":"","meta":{"_uag_custom_page_level_css":"","site-sidebar-layout":"default","site-content-layout":"","ast-site-content-layout":"default","site-content-style":"default","site-sidebar-style":"default","ast-global-header-display":"","ast-banner-title-visibility":"","ast-main-header-display":"","ast-hfb-above-header-display":"","ast-hfb-below-header-display":"","ast-hfb-mobile-header-display":"","site-post-title":"","ast-breadcrumbs-content":"","ast-featured-img":"","footer-sml-layout":"","ast-disable-related-posts":"","theme-transparent-header-meta":"default","adv-header-id-meta":"","stick-header-meta":"","header-above-stick-meta":"","header-main-stick-meta":"","header-below-stick-meta":"","astra-migrate-meta-layouts":"set","ast-page-background-enabled":"default","ast-page-background-meta":{"desktop":{"background-color":"","background-image":"","background-repeat":"repeat","background-position":"center center","background-size":"auto","background-attachment":"scroll","background-type":"","background-media":"","overlay-type":"","overlay-color":"","overlay-opacity":"","overlay-gradient":""},"tablet":{"background-color":"","background-image":"","background-repeat":"repeat","background-position":"center center","background-size":"auto","background-attachment":"scroll","background-type":"","background-media":"","overlay-type":"","overlay-color":"","overlay-opacity":"","overlay-gradient":""},"mobile":{"background-color":"","background-image":"","background-repeat":"repeat","background-position":"center center","background-size":"auto","background-attachment":"scroll","background-type":"","background-media":"","overlay-type":"","overlay-color":"","overlay-opacity":"","overlay-gradient":""}},"ast-content-background-meta":{"desktop":{"background-color":"var(--ast-global-color-5)","background-image":"","background-repeat":"repeat","background-position":"center center","background-size":"auto","background-attachment":"scroll","background-type":"","background-media":"","overlay-type":"","overlay-color":"","overlay-opacity":"","overlay-gradient":""},"tablet":{"background-color":"var(--ast-global-color-5)","background-image":"","background-repeat":"repeat","background-position":"center center","background-size":"auto","background-attachment":"scroll","background-type":"","background-media":"","overlay-type":"","overlay-color":"","overlay-opacity":"","overlay-gradient":""},"mobile":{"background-color":"var(--ast-global-color-5)","background-image":"","background-repeat":"repeat","background-position":"center center","background-size":"auto","background-attachment":"scroll","background-type":"","background-media":"","overlay-type":"","overlay-color":"","overlay-opacity":"","overlay-gradient":""}}},"product_brand":[],"product_cat":[65,32],"product_tag":[70,68,71,69],"class_list":{"0":"post-3497","1":"product","2":"type-product","3":"status-publish","4":"has-post-thumbnail","6":"product_cat-0-to-6months-oem","7":"product_cat-customize","8":"product_tag-babypillow","9":"product_tag-cuteanimalpillow","10":"product_tag-headshapesupport","11":"product_tag-kouniushapingpillow","12":"desktop-align-left","13":"tablet-align-left","14":"mobile-align-left","16":"first","17":"instock","18":"shipping-taxable","19":"product-type-simple"},"aioseo_notices":[],"uagb_featured_image_src":{"full":["https:\/\/babypillowwholesale.com\/wp-content\/uploads\/2025\/04\/0020.jpg",1000,1000,false],"thumbnail":["https:\/\/babypillowwholesale.com\/wp-content\/uploads\/2025\/04\/0020-150x150.jpg",150,150,true],"medium":["https:\/\/babypillowwholesale.com\/wp-content\/uploads\/2025\/04\/0020-300x300.jpg",300,300,true],"medium_large":["https:\/\/babypillowwholesale.com\/wp-content\/uploads\/2025\/04\/0020-768x768.jpg",768,768,true],"large":["https:\/\/babypillowwholesale.com\/wp-content\/uploads\/2025\/04\/0020.jpg",1000,1000,false],"1536x1536":["https:\/\/babypillowwholesale.com\/wp-content\/uploads\/2025\/04\/0020.jpg",1000,1000,false],"2048x2048":["https:\/\/babypillowwholesale.com\/wp-content\/uploads\/2025\/04\/0020.jpg",1000,1000,false],"trp-custom-language-flag":["https:\/\/babypillowwholesale.com\/wp-content\/uploads\/2025\/04\/0020.jpg",12,12,false],"woocommerce_thumbnail":["https:\/\/babypillowwholesale.com\/wp-content\/uploads\/2025\/04\/0020-300x300.jpg",300,300,true],"woocommerce_single":["https:\/\/babypillowwholesale.com\/wp-content\/uploads\/2025\/04\/0020-600x600.jpg",600,600,true],"woocommerce_gallery_thumbnail":["https:\/\/babypillowwholesale.com\/wp-content\/uploads\/2025\/04\/0020-100x100.jpg",100,100,true]},"uagb_author_info":{"display_name":"Etnen zhong","author_link":"https:\/\/babypillowwholesale.com\/lv\/author\/"},"uagb_comment_info":0,"uagb_excerpt":"This Memory Foam Pillow - Heart - shaped Pillow Core, designed for babies aged 0 - 6 months, offers a powerful customization advantage. We can craft exquisite, tailored patterns to meet your specific needs. For example, if your customers adore cute styles, we can print charming cartoon characters or dainty floral motifs. Prefer an elegant&hellip;","jetpack_sharing_enabled":true,"_links":{"self":[{"href":"https:\/\/babypillowwholesale.com\/lv\/wp-json\/wp\/v2\/product\/3497","targetHints":{"allow":["GET"]}}],"collection":[{"href":"https:\/\/babypillowwholesale.com\/lv\/wp-json\/wp\/v2\/product"}],"about":[{"href":"https:\/\/babypillowwholesale.com\/lv\/wp-json\/wp\/v2\/types\/product"}],"replies":[{"embeddable":true,"href":"https:\/\/babypillowwholesale.com\/lv\/wp-json\/wp\/v2\/comments?post=3497"}],"wp:featuredmedia":[{"embeddable":true,"href":"https:\/\/babypillowwholesale.com\/lv\/wp-json\/wp\/v2\/media\/3498"}],"wp:attachment":[{"href":"https:\/\/babypillowwholesale.com\/lv\/wp-json\/wp\/v2\/media?parent=3497"}],"wp:term":[{"taxonomy":"product_brand","embeddable":true,"href":"https:\/\/babypillowwholesale.com\/lv\/wp-json\/wp\/v2\/product_brand?post=3497"},{"taxonomy":"product_cat","embeddable":true,"href":"https:\/\/babypillowwholesale.com\/lv\/wp-json\/wp\/v2\/product_cat?post=3497"},{"taxonomy":"product_tag","embeddable":true,"href":"https:\/\/babypillowwholesale.com\/lv\/wp-json\/wp\/v2\/product_tag?post=3497"}],"curies":[{"name":"wp","href":"https:\/\/api.w.org\/{rel}","templated":true}]}}