{"id":3493,"date":"2025-04-19T12:14:12","date_gmt":"2025-04-19T12:14:12","guid":{"rendered":"https:\/\/babypillowwholesale.com\/?post_type=product&#038;p=3493"},"modified":"2025-06-05T14:36:07","modified_gmt":"2025-06-05T14:36:07","slug":"memory-foam-pillow-c-shaped-pillow-core","status":"publish","type":"product","link":"https:\/\/babypillowwholesale.com\/lv\/product\/memory-foam-pillow-c-shaped-pillow-core\/","title":{"rendered":"Atmi\u0146as putu spilvens - C - formas spilvena kodols"},"content":{"rendered":"<div class=\"auto-hide-last-sibling-br paragraph-qzbcQC paragraph-element br-paragraph-space\">\n<div class=\"auto-hide-last-sibling-br paragraph-qzbcQC paragraph-element br-paragraph-space\">\n<div class=\"auto-hide-last-sibling-br paragraph-qzbcQC paragraph-element br-paragraph-space\">\n<div class=\"auto-hide-last-sibling-br paragraph-qzbcQC paragraph-element br-paragraph-space\">\n<div class=\"inter-wlTS5w\" data-immersive-translate-walked=\"d12d8f94-b8ff-4d99-b7de-4fecb356978f\">\n<div class=\"container-QE4ayg\">\n<div class=\"item-jU10IN\">\n<div class=\"container-jODEnh chrome70-container\">\n<div class=\"inner-eE95c9 inner-item-aL3Ui_\" data-target-id=\"message-box-target-id\" data-testid=\"union_message\">\n<div class=\"message-block-container-liuetz\" data-testid=\"message-block-container\">\n<div class=\"message-box-ZWbBdF\" data-testid=\"receive_message\" data-message-id=\"3380063449561346\">\n<div class=\"message-box-content-wrapper-srHdUj\">\n<div class=\"message-content message-box-content-otxGGw receive-message-box-content-_lREFj samantha-message-box-content-Qjmpja\" data-testid=\"message_content\">\n<div class=\"container-hfX5E8 flow-markdown-body theme-samantha-yJEgBp\" dir=\"ltr\" data-testid=\"message_text_content\" data-show-indicator=\"false\">\n<div class=\"auto-hide-last-sibling-br paragraph-qzbcQC paragraph-element br-paragraph-space\">L\u016bk, C-veida spilvens ar atmi\u0146as putu spilvena serdi, kas ir \u013coti svar\u012bgs miega pal\u012bgl\u012bdzeklis, kas r\u016bp\u012bgi izstr\u0101d\u0101ts, lai nodro\u0161in\u0101tu maigu komfortu 0-6 m\u0113ne\u0161us veciem mazu\u013ciem. T\u0101 ikonisk\u0101 C forma nav tikai forma, bet gan s\u0101kumpunkts individu\u0101lam ce\u013cojumam.<\/div>\n<p>&nbsp;<\/p>\n<div class=\"auto-hide-last-sibling-br paragraph-qzbcQC paragraph-element br-paragraph-space\">M\u0113s saprotam, ka katra b\u0113rna kont\u016bras ir tikpat unik\u0101las k\u0101 vi\u0146a pirmais smaids. T\u0101p\u0113c m\u0113s pied\u0101v\u0101jam nep\u0101rsp\u0113jamu iesp\u0113ju piel\u0101got \u0161\u012b spilvena serdes izliekumu un biezumu. Neatkar\u012bgi no t\u0101, vai j\u016bsu mazulim ir nepiecie\u0161ams maigs, m\u0101j\u012bgs apsk\u0101viens vai stingr\u0101ka atbalsta strukt\u016bra, m\u0113s varam to izkopt l\u012bdz piln\u012bbai, nodro\u0161inot, ka spilvens ir tikpat individu\u0101ls k\u0101 vi\u0146\u0161 pats.<\/div>\n<p>&nbsp;<\/p>\n<div class=\"auto-hide-last-sibling-br paragraph-qzbcQC paragraph-element br-paragraph-space\">\u0160\u012b C-veida br\u012bnuma virsma ir port\u0101ls uz izt\u0113les pasauli. Izmantojot tikai visdro\u0161\u0101k\u0101s, netoksisk\u0101s kr\u0101sas, m\u0113s varam to izrot\u0101t ar rakstiem, kas, \u0161\u0137iet, dejo ar kapr\u012bzi. Iedom\u0101jieties paste\u013cto\u0146u vi\u013c\u0146u kask\u0101di, kas it k\u0101 aiznes j\u016bsu mazuli sap\u0146ain\u0101 piej\u016bras mieg\u0101, vai mirgojo\u0161u zvaig\u017e\u0146u zvaigzn\u0101ju, kas p\u0101rv\u0113r\u0161 katru miegu par debesu piedz\u012bvojumu. Tie nav tikai dizaini, tie ir v\u0101rti uz valst\u012bbu, kur komforts satiekas ar rado\u0161umu.<\/div>\n<p>&nbsp;<\/p>\n<div class=\"auto-hide-last-sibling-br paragraph-qzbcQC paragraph-element br-paragraph-space\">Ta\u010du ar to piel\u0101go\u0161ana nebeidzas. Hidrof\u012bl\u0101 putuplasta pamatne ir taustes iesp\u0113ju audekls. M\u0113s varam piel\u0101got t\u0101s stingr\u012bbu atbilsto\u0161i j\u016bsu prec\u012bz\u0101m specifik\u0101cij\u0101m, neatkar\u012bgi no t\u0101, vai v\u0113laties m\u0101ko\u0146veida \u0161\u016bpu\u013ca pl\u012b\u0161a maigumu vai struktur\u0113t\u0101ka atbalsta p\u0101rliecino\u0161u stabilit\u0101ti. Tie\u0161i \u0161\u012b individu\u0101l\u0101 pieeja, \u0161\u012b tiek\u0161an\u0101s p\u0113c neparast\u0101, p\u0101rv\u0113r\u0161 m\u016bsu hidrof\u012blo putu spilvenu - C - formas spilvena kodolu no vienk\u0101r\u0161a produkta par lolotu, vienreiz\u0113ju \u0161\u016bpu\u013cdziesmu j\u016bsu mazu\u013ca miega miegam.<\/div>\n<\/div>\n<\/div>\n<\/div>\n<\/div>\n<\/div>\n<\/div>\n<\/div>\n<\/div>\n<\/div>\n<\/div>\n<\/div>\n<\/div>\n<\/div>\n<\/div>","protected":false},"excerpt":{"rendered":"<div class=\"auto-hide-last-sibling-br paragraph-qzbcQC paragraph-element br-paragraph-space\">\u0160is C-veida spilvens ar atmi\u0146as putu spilvena kodolu, kas paredz\u0113ts z\u012bdai\u0146iem vecum\u0101 no 0 l\u012bdz 6 m\u0113ne\u0161iem, pied\u0101v\u0101 daudz piel\u0101go\u0161anas un dizaina iesp\u0113ju. T\u0101 rakstur\u012bgo C-formu var v\u0113l vair\u0101k pilnveidot. M\u0113s varam piel\u0101got spilvena serdes izliekumu un biezumu, lai t\u0101 lab\u0101k atbilstu mazu\u013ca \u0137erme\u0146a apris\u0113m, uzlabojot komfortu un atbalstu. Virsmu var piel\u0101got ar netoksiskiem, mazu\u013ciem draudz\u012bgiem rakstiem, piem\u0113ram, maigiem paste\u013ckr\u0101sas vi\u013c\u0146iem vai m\u012b\u013c\u0101m zvaigzn\u012bt\u0113m, kas pie\u0161\u0137irs papildu \u0161armu. Turkl\u0101t hidrof\u012blo putu stingr\u012bbu var piel\u0101got atbilsto\u0161i konkr\u0113t\u0101m vajadz\u012bb\u0101m - m\u012bkst\u0101ku saj\u016btu, kas nodro\u0161ina liel\u0101ku m\u012bkstumu, vai ciet\u0101ku tekst\u016bru, kas nodro\u0161ina liel\u0101ku stabilit\u0101ti. T\u0101d\u0113j\u0101di vec\u0101ki var izveidot patiesi personaliz\u0113tu spilvena kodolu, kas atbilst vi\u0146u mazu\u013ca unik\u0101laj\u0101m pras\u012bb\u0101m.<\/div>","protected":false},"featured_media":3494,"comment_status":"open","ping_status":"closed","template":"","meta":{"_uag_custom_page_level_css":"","site-sidebar-layout":"default","site-content-layout":"","ast-site-content-layout":"default","site-content-style":"default","site-sidebar-style":"default","ast-global-header-display":"","ast-banner-title-visibility":"","ast-main-header-display":"","ast-hfb-above-header-display":"","ast-hfb-below-header-display":"","ast-hfb-mobile-header-display":"","site-post-title":"","ast-breadcrumbs-content":"","ast-featured-img":"","footer-sml-layout":"","ast-disable-related-posts":"","theme-transparent-header-meta":"default","adv-header-id-meta":"","stick-header-meta":"","header-above-stick-meta":"","header-main-stick-meta":"","header-below-stick-meta":"","astra-migrate-meta-layouts":"set","ast-page-background-enabled":"default","ast-page-background-meta":{"desktop":{"background-color":"","background-image":"","background-repeat":"repeat","background-position":"center center","background-size":"auto","background-attachment":"scroll","background-type":"","background-media":"","overlay-type":"","overlay-color":"","overlay-opacity":"","overlay-gradient":""},"tablet":{"background-color":"","background-image":"","background-repeat":"repeat","background-position":"center center","background-size":"auto","background-attachment":"scroll","background-type":"","background-media":"","overlay-type":"","overlay-color":"","overlay-opacity":"","overlay-gradient":""},"mobile":{"background-color":"","background-image":"","background-repeat":"repeat","background-position":"center center","background-size":"auto","background-attachment":"scroll","background-type":"","background-media":"","overlay-type":"","overlay-color":"","overlay-opacity":"","overlay-gradient":""}},"ast-content-background-meta":{"desktop":{"background-color":"var(--ast-global-color-5)","background-image":"","background-repeat":"repeat","background-position":"center center","background-size":"auto","background-attachment":"scroll","background-type":"","background-media":"","overlay-type":"","overlay-color":"","overlay-opacity":"","overlay-gradient":""},"tablet":{"background-color":"var(--ast-global-color-5)","background-image":"","background-repeat":"repeat","background-position":"center center","background-size":"auto","background-attachment":"scroll","background-type":"","background-media":"","overlay-type":"","overlay-color":"","overlay-opacity":"","overlay-gradient":""},"mobile":{"background-color":"var(--ast-global-color-5)","background-image":"","background-repeat":"repeat","background-position":"center center","background-size":"auto","background-attachment":"scroll","background-type":"","background-media":"","overlay-type":"","overlay-color":"","overlay-opacity":"","overlay-gradient":""}}},"product_brand":[],"product_cat":[65,32],"product_tag":[70,68,71,69],"class_list":{"0":"post-3493","1":"product","2":"type-product","3":"status-publish","4":"has-post-thumbnail","6":"product_cat-0-to-6months-oem","7":"product_cat-customize","8":"product_tag-babypillow","9":"product_tag-cuteanimalpillow","10":"product_tag-headshapesupport","11":"product_tag-kouniushapingpillow","12":"desktop-align-left","13":"tablet-align-left","14":"mobile-align-left","16":"first","17":"instock","18":"shipping-taxable","19":"product-type-simple"},"aioseo_notices":[],"uagb_featured_image_src":{"full":["https:\/\/babypillowwholesale.com\/wp-content\/uploads\/2025\/04\/0005.jpg",1000,1000,false],"thumbnail":["https:\/\/babypillowwholesale.com\/wp-content\/uploads\/2025\/04\/0005-150x150.jpg",150,150,true],"medium":["https:\/\/babypillowwholesale.com\/wp-content\/uploads\/2025\/04\/0005-300x300.jpg",300,300,true],"medium_large":["https:\/\/babypillowwholesale.com\/wp-content\/uploads\/2025\/04\/0005-768x768.jpg",768,768,true],"large":["https:\/\/babypillowwholesale.com\/wp-content\/uploads\/2025\/04\/0005.jpg",1000,1000,false],"1536x1536":["https:\/\/babypillowwholesale.com\/wp-content\/uploads\/2025\/04\/0005.jpg",1000,1000,false],"2048x2048":["https:\/\/babypillowwholesale.com\/wp-content\/uploads\/2025\/04\/0005.jpg",1000,1000,false],"trp-custom-language-flag":["https:\/\/babypillowwholesale.com\/wp-content\/uploads\/2025\/04\/0005.jpg",12,12,false],"woocommerce_thumbnail":["https:\/\/babypillowwholesale.com\/wp-content\/uploads\/2025\/04\/0005-300x300.jpg",300,300,true],"woocommerce_single":["https:\/\/babypillowwholesale.com\/wp-content\/uploads\/2025\/04\/0005-600x600.jpg",600,600,true],"woocommerce_gallery_thumbnail":["https:\/\/babypillowwholesale.com\/wp-content\/uploads\/2025\/04\/0005-100x100.jpg",100,100,true]},"uagb_author_info":{"display_name":"Etnen zhong","author_link":"https:\/\/babypillowwholesale.com\/lv\/author\/"},"uagb_comment_info":0,"uagb_excerpt":"This Memory Foam Pillow - C - shaped Pillow Core, designed for babies aged 0 - 6 months, presents a wealth of customization and design possibilities. Its distinctive C - shape can be further refined. We can adjust the curvature and thickness of the pillow core to better fit the baby's body contour, enhancing comfort&hellip;","jetpack_sharing_enabled":true,"_links":{"self":[{"href":"https:\/\/babypillowwholesale.com\/lv\/wp-json\/wp\/v2\/product\/3493","targetHints":{"allow":["GET"]}}],"collection":[{"href":"https:\/\/babypillowwholesale.com\/lv\/wp-json\/wp\/v2\/product"}],"about":[{"href":"https:\/\/babypillowwholesale.com\/lv\/wp-json\/wp\/v2\/types\/product"}],"replies":[{"embeddable":true,"href":"https:\/\/babypillowwholesale.com\/lv\/wp-json\/wp\/v2\/comments?post=3493"}],"wp:featuredmedia":[{"embeddable":true,"href":"https:\/\/babypillowwholesale.com\/lv\/wp-json\/wp\/v2\/media\/3494"}],"wp:attachment":[{"href":"https:\/\/babypillowwholesale.com\/lv\/wp-json\/wp\/v2\/media?parent=3493"}],"wp:term":[{"taxonomy":"product_brand","embeddable":true,"href":"https:\/\/babypillowwholesale.com\/lv\/wp-json\/wp\/v2\/product_brand?post=3493"},{"taxonomy":"product_cat","embeddable":true,"href":"https:\/\/babypillowwholesale.com\/lv\/wp-json\/wp\/v2\/product_cat?post=3493"},{"taxonomy":"product_tag","embeddable":true,"href":"https:\/\/babypillowwholesale.com\/lv\/wp-json\/wp\/v2\/product_tag?post=3493"}],"curies":[{"name":"wp","href":"https:\/\/api.w.org\/{rel}","templated":true}]}}