{"id":3491,"date":"2025-04-19T09:25:10","date_gmt":"2025-04-19T09:25:10","guid":{"rendered":"https:\/\/babypillowwholesale.com\/?post_type=product&#038;p=3491"},"modified":"2025-06-05T14:43:03","modified_gmt":"2025-06-05T14:43:03","slug":"memory-foam-pillow-small-apple-shaped-pillow-core","status":"publish","type":"product","link":"https:\/\/babypillowwholesale.com\/lv\/product\/memory-foam-pillow-small-apple-shaped-pillow-core\/","title":{"rendered":"Atmi\u0146as putu spilvens - mazs \u0101bols - formas spilvena kodols"},"content":{"rendered":"<div class=\"auto-hide-last-sibling-br paragraph-qzbcQC paragraph-element br-paragraph-space\">\n<div class=\"auto-hide-last-sibling-br paragraph-qzbcQC paragraph-element br-paragraph-space\">\n<div class=\"auto-hide-last-sibling-br paragraph-qzbcQC paragraph-element br-paragraph-space\">\n<div class=\"auto-hide-last-sibling-br paragraph-qzbcQC paragraph-element br-paragraph-space\">Iepaz\u012bstin\u0101m ar Memory Foam Pillow - Small Apple - formas spilvena kodolu, kas ir apburo\u0161s miega pal\u012bgl\u012bdzeklis, kas piel\u0101gots vismaz\u0101kajiem sap\u0146ot\u0101jiem vecum\u0101 no 0 l\u012bdz 6 m\u0113ne\u0161iem. T\u0101 burv\u012bgais \u0101bolu iedvesmotais siluets nav tikai vizu\u0101ls baud\u012bjums, bet ar\u012b v\u0101rti uz nep\u0101rsp\u0113jamu piel\u0101go\u0161anas iesp\u0113ju valst\u012bbu.<\/div>\n<p>&nbsp;<\/p>\n<div class=\"auto-hide-last-sibling-br paragraph-qzbcQC paragraph-element br-paragraph-space\">M\u0113s apzin\u0101mies, ka katrs mazulis ir unik\u0101ls, un t\u0101dam j\u0101b\u016bt ar\u012b vi\u0146a komfortam. T\u0101p\u0113c m\u0113s pied\u0101v\u0101jam iesp\u0113ju prec\u012bzi piel\u0101got hidrof\u012blo putu bl\u012bvumu. Neatkar\u012bgi no t\u0101, vai j\u016bsu mazulis dod priek\u0161roku pl\u012b\u0161a maigumam, kas atg\u0101dina m\u0101ko\u0146ainu apsk\u0101vienu, vai mierino\u0161am stingrumam, kas nodro\u0161ina maigu atbalstu, m\u0113s varam izveidot perfektu taustes pieredzi.<\/div>\n<p>&nbsp;<\/p>\n<div class=\"auto-hide-last-sibling-br paragraph-qzbcQC paragraph-element br-paragraph-space\">\u0160\u012b \u0101bolu formas br\u012bnumain\u0101 materi\u0101la virsma ir tuk\u0161s audekls rado\u0161umam. Izmantojot tikai visdro\u0161\u0101k\u0101s, netoksisk\u0101s kr\u0101sas, m\u0113s varam to izrot\u0101t ar burv\u012bg\u0101m izdruk\u0101m. Iedom\u0101jieties maigu \u0101bolu ziedu zvaigzn\u0101ju, kuru ziedlapi\u0146as \u0161\u0137ietami pl\u012bvo viegl\u0101 v\u0113j\u0101, vai rota\u013c\u012bgu m\u0101rti\u0146blusi\u0146u par\u0101di, kas it k\u0101 ir ieradu\u0161\u0101s sag\u0101d\u0101t smaidus j\u016bsu mazu\u013ca snaudienam. \u0160\u012bs izdrukas nav tikai rot\u0101jumi, t\u0101s ir st\u0101sti, kas gaida, kad tiks izst\u0101st\u012bti, un katram miegam pie\u0161\u0137irs burv\u012bbu.<\/div>\n<p>&nbsp;<\/p>\n<div class=\"auto-hide-last-sibling-br paragraph-qzbcQC paragraph-element br-paragraph-space\">Ta\u010du piel\u0101go\u0161ana ar to nebeidzas. Centr\u0101lo iedobumu, kas ir \u013coti svar\u012bgs j\u016bsu mazu\u013ca komforta elements, var r\u016bp\u012bgi piel\u0101got. M\u0113s varam prec\u012bzi main\u012bt t\u0101 izm\u0113ru un izliekumu, nodro\u0161inot, ka tas k\u0101 m\u012blo\u0161s apsk\u0101viens piegu\u013c j\u016bsu mazu\u013ca galvi\u0146ai. Tie\u0161i \u0161\u012b uzman\u012bba deta\u013c\u0101m, \u0161\u012b ap\u0146em\u0161an\u0101s b\u016bt unik\u0101lam padara m\u016bsu Memory Foam Pillow - Small Apple - shaped Pillow Core ne tikai par produktu, bet ar\u012b par d\u0101rgu piemi\u0146as lietu, vien\u012bgo \u0161\u0101da veida \u0161\u016bpu\u013cdziesmu j\u016bsu mazu\u013ca miegam.<\/div>\n<\/div>\n<\/div>\n<\/div>","protected":false},"excerpt":{"rendered":"<div class=\"auto-hide-last-sibling-br paragraph-qzbcQC paragraph-element br-paragraph-space\">\u0160is atmi\u0146as putu spilvens - mazais \u0101bolu formas spilvena kodols, kas piem\u0113rots z\u012bdai\u0146iem vecum\u0101 no 0 l\u012bdz 6 m\u0113ne\u0161iem, pied\u0101v\u0101 iev\u0113rojamas piel\u0101go\u0161anas un dizaina iesp\u0113jas. T\u0101 simp\u0101tisk\u0101 \u0101bolu forma ir tikai s\u0101kumpunkts. M\u0113s varam main\u012bt hidrof\u012blo putu bl\u012bvumu, lai tas atbilstu j\u016bsu mazu\u013ca \u012bpa\u0161aj\u0101m komforta pras\u012bb\u0101m, vai t\u0101 b\u016btu m\u012bkst\u0101ka saj\u016bta papildu m\u0101j\u012bgumam, vai ciet\u0101ka tekst\u016bra liel\u0101kam atbalstam.Virsmu var personaliz\u0113t ar mazu\u013ciem dro\u0161\u0101m, netoksisk\u0101m apdruk\u0101m. Padom\u0101jiet par maigiem \u0101bolu ziedu rakstiem vai maziem b\u0101ren\u012b\u0161u mot\u012bviem, kas pie\u0161\u0137irs d\u012bvain\u012bbu. Turkl\u0101t centr\u0101l\u0101 iecirk\u0146a izm\u0113ru un izliekumu var prec\u012bzi piel\u0101got, lai nodro\u0161in\u0101tu ide\u0101lu piegulumu b\u0113rna galvai, nodro\u0161inot optim\u0101lu komfortu un atbalstu. Tas \u013cauj jums izveidot patiesi unik\u0101lu spilvena kodolu, kas atbilst gan j\u016bsu mazu\u013ca vajadz\u012bb\u0101m, gan j\u016bsu est\u0113tiskaj\u0101m v\u0113lm\u0113m.<\/div>","protected":false},"featured_media":3492,"comment_status":"open","ping_status":"closed","template":"","meta":{"_uag_custom_page_level_css":"","site-sidebar-layout":"default","site-content-layout":"","ast-site-content-layout":"default","site-content-style":"default","site-sidebar-style":"default","ast-global-header-display":"","ast-banner-title-visibility":"","ast-main-header-display":"","ast-hfb-above-header-display":"","ast-hfb-below-header-display":"","ast-hfb-mobile-header-display":"","site-post-title":"","ast-breadcrumbs-content":"","ast-featured-img":"","footer-sml-layout":"","ast-disable-related-posts":"","theme-transparent-header-meta":"default","adv-header-id-meta":"","stick-header-meta":"","header-above-stick-meta":"","header-main-stick-meta":"","header-below-stick-meta":"","astra-migrate-meta-layouts":"set","ast-page-background-enabled":"default","ast-page-background-meta":{"desktop":{"background-color":"","background-image":"","background-repeat":"repeat","background-position":"center center","background-size":"auto","background-attachment":"scroll","background-type":"","background-media":"","overlay-type":"","overlay-color":"","overlay-opacity":"","overlay-gradient":""},"tablet":{"background-color":"","background-image":"","background-repeat":"repeat","background-position":"center center","background-size":"auto","background-attachment":"scroll","background-type":"","background-media":"","overlay-type":"","overlay-color":"","overlay-opacity":"","overlay-gradient":""},"mobile":{"background-color":"","background-image":"","background-repeat":"repeat","background-position":"center center","background-size":"auto","background-attachment":"scroll","background-type":"","background-media":"","overlay-type":"","overlay-color":"","overlay-opacity":"","overlay-gradient":""}},"ast-content-background-meta":{"desktop":{"background-color":"var(--ast-global-color-5)","background-image":"","background-repeat":"repeat","background-position":"center center","background-size":"auto","background-attachment":"scroll","background-type":"","background-media":"","overlay-type":"","overlay-color":"","overlay-opacity":"","overlay-gradient":""},"tablet":{"background-color":"var(--ast-global-color-5)","background-image":"","background-repeat":"repeat","background-position":"center center","background-size":"auto","background-attachment":"scroll","background-type":"","background-media":"","overlay-type":"","overlay-color":"","overlay-opacity":"","overlay-gradient":""},"mobile":{"background-color":"var(--ast-global-color-5)","background-image":"","background-repeat":"repeat","background-position":"center center","background-size":"auto","background-attachment":"scroll","background-type":"","background-media":"","overlay-type":"","overlay-color":"","overlay-opacity":"","overlay-gradient":""}}},"product_brand":[],"product_cat":[65,32],"product_tag":[70,68,71,69],"class_list":{"0":"post-3491","1":"product","2":"type-product","3":"status-publish","4":"has-post-thumbnail","6":"product_cat-0-to-6months-oem","7":"product_cat-customize","8":"product_tag-babypillow","9":"product_tag-cuteanimalpillow","10":"product_tag-headshapesupport","11":"product_tag-kouniushapingpillow","12":"desktop-align-left","13":"tablet-align-left","14":"mobile-align-left","16":"first","17":"instock","18":"shipping-taxable","19":"product-type-simple"},"aioseo_notices":[],"uagb_featured_image_src":{"full":["https:\/\/babypillowwholesale.com\/wp-content\/uploads\/2025\/04\/0004.jpg",1000,1000,false],"thumbnail":["https:\/\/babypillowwholesale.com\/wp-content\/uploads\/2025\/04\/0004-150x150.jpg",150,150,true],"medium":["https:\/\/babypillowwholesale.com\/wp-content\/uploads\/2025\/04\/0004-300x300.jpg",300,300,true],"medium_large":["https:\/\/babypillowwholesale.com\/wp-content\/uploads\/2025\/04\/0004-768x768.jpg",768,768,true],"large":["https:\/\/babypillowwholesale.com\/wp-content\/uploads\/2025\/04\/0004.jpg",1000,1000,false],"1536x1536":["https:\/\/babypillowwholesale.com\/wp-content\/uploads\/2025\/04\/0004.jpg",1000,1000,false],"2048x2048":["https:\/\/babypillowwholesale.com\/wp-content\/uploads\/2025\/04\/0004.jpg",1000,1000,false],"trp-custom-language-flag":["https:\/\/babypillowwholesale.com\/wp-content\/uploads\/2025\/04\/0004.jpg",12,12,false],"woocommerce_thumbnail":["https:\/\/babypillowwholesale.com\/wp-content\/uploads\/2025\/04\/0004-300x300.jpg",300,300,true],"woocommerce_single":["https:\/\/babypillowwholesale.com\/wp-content\/uploads\/2025\/04\/0004-600x600.jpg",600,600,true],"woocommerce_gallery_thumbnail":["https:\/\/babypillowwholesale.com\/wp-content\/uploads\/2025\/04\/0004-100x100.jpg",100,100,true]},"uagb_author_info":{"display_name":"Etnen zhong","author_link":"https:\/\/babypillowwholesale.com\/lv\/author\/"},"uagb_comment_info":0,"uagb_excerpt":"This Memory Foam Pillow - Small Apple - shaped Pillow Core, suitable for babies aged 0 - 6 months, offers remarkable customization and design potential. Its cute apple - like shape is just the starting point. We can modify the density of the hydrophilic foam to suit your baby's specific comfort requirements, whether it's a&hellip;","jetpack_sharing_enabled":true,"_links":{"self":[{"href":"https:\/\/babypillowwholesale.com\/lv\/wp-json\/wp\/v2\/product\/3491","targetHints":{"allow":["GET"]}}],"collection":[{"href":"https:\/\/babypillowwholesale.com\/lv\/wp-json\/wp\/v2\/product"}],"about":[{"href":"https:\/\/babypillowwholesale.com\/lv\/wp-json\/wp\/v2\/types\/product"}],"replies":[{"embeddable":true,"href":"https:\/\/babypillowwholesale.com\/lv\/wp-json\/wp\/v2\/comments?post=3491"}],"wp:featuredmedia":[{"embeddable":true,"href":"https:\/\/babypillowwholesale.com\/lv\/wp-json\/wp\/v2\/media\/3492"}],"wp:attachment":[{"href":"https:\/\/babypillowwholesale.com\/lv\/wp-json\/wp\/v2\/media?parent=3491"}],"wp:term":[{"taxonomy":"product_brand","embeddable":true,"href":"https:\/\/babypillowwholesale.com\/lv\/wp-json\/wp\/v2\/product_brand?post=3491"},{"taxonomy":"product_cat","embeddable":true,"href":"https:\/\/babypillowwholesale.com\/lv\/wp-json\/wp\/v2\/product_cat?post=3491"},{"taxonomy":"product_tag","embeddable":true,"href":"https:\/\/babypillowwholesale.com\/lv\/wp-json\/wp\/v2\/product_tag?post=3491"}],"curies":[{"name":"wp","href":"https:\/\/api.w.org\/{rel}","templated":true}]}}