{"id":3488,"date":"2025-04-19T02:55:35","date_gmt":"2025-04-19T02:55:35","guid":{"rendered":"https:\/\/babypillowwholesale.com\/?post_type=product&#038;p=3488"},"modified":"2025-06-05T14:47:34","modified_gmt":"2025-06-05T14:47:34","slug":"memory-foam-pillow-thin-bear-shaped-pillow-core","status":"publish","type":"product","link":"https:\/\/babypillowwholesale.com\/lv\/product\/memory-foam-pillow-thin-bear-shaped-pillow-core\/","title":{"rendered":"Atmi\u0146as putu spilvens - pl\u0101ns l\u0101cis - formas spilvena kodols"},"content":{"rendered":"<div class=\"auto-hide-last-sibling-br paragraph-qzbcQC paragraph-element br-paragraph-space\">\n<div class=\"auto-hide-last-sibling-br paragraph-qzbcQC paragraph-element br-paragraph-space\">\n<div class=\"auto-hide-last-sibling-br paragraph-qzbcQC paragraph-element br-paragraph-space\">L\u016bk, Atmi\u0146as putu spilvens - pl\u0101nais l\u0101c\u012b\u0161a formas spilvena kodols, kas ir meistardarbs, kas \u012bpa\u0161i rad\u012bts vismaz\u0101kajiem gu\u013co\u0161ajiem b\u0113rniem vecum\u0101 no 0 l\u012bdz 6 m\u0113ne\u0161iem. T\u0101 valdzino\u0161ais l\u0101\u010da siluets nav tikai est\u0113tiska izv\u0113le - tas ir port\u0101ls uz visumu, kas paver individu\u0101li piel\u0101gotas iesp\u0113jas.<\/div>\n<p>&nbsp;<\/p>\n<div class=\"auto-hide-last-sibling-br paragraph-qzbcQC paragraph-element br-paragraph-space\">M\u0113s saprotam, ka komforts ir tikpat individu\u0101ls k\u0101 j\u016bsu mazu\u013ca m\u012bl\u012bgais smaids. T\u0101p\u0113c m\u0113s pied\u0101v\u0101jam iesp\u0113ju piel\u0101got hidrof\u012blo putu m\u012bkstumu. Neatkar\u012bgi no t\u0101, vai v\u0113laties m\u0101ko\u0146veida m\u012bkstumu vissmalk\u0101kaj\u0101m galvi\u0146\u0101m vai nedaudz liel\u0101ku stingr\u012bbu papildu atbalstam, m\u0113s esam par\u016bp\u0113ju\u0161ies par jums. Tas ir piel\u0101go\u0161anas l\u012bmenis, kas \u0161o spilvena kodolu no vienk\u0101r\u0161a aksesu\u0101ra p\u0101rv\u0113r\u0161 par personaliz\u0113tu atp\u016btas o\u0101zi.<\/div>\n<p>&nbsp;<\/p>\n<div class=\"auto-hide-last-sibling-br paragraph-qzbcQC paragraph-element br-paragraph-space\">\u0160\u012b l\u0101\u010da formas br\u012bnuma virsma ir tuk\u0161s audekls, kas gaida m\u0101ksliniecisku izpausmi. Izmantojot tikai visdro\u0161\u0101k\u0101s, netoksisk\u0101s kr\u0101sas, m\u0113s varam to izrot\u0101t ar burv\u012bg\u0101m izdruk\u0101m. Iedom\u0101jieties maigu margrieti\u0146u zvaigzn\u0101ju, kuru ziedlapi\u0146as \u0161\u0137ietami \u0161\u016bpojas maig\u0101 v\u0113j\u0101, vai ar\u012b apburo\u0161u za\u0137u p\u0113du nospiedumu taku, kas it k\u0101 ved j\u016bsu mazuli sap\u0146u pasaul\u0113. \u0160\u012bs izdrukas nav tikai rot\u0101jumi, t\u0101s ir st\u0101sti, kas gaida, kad tiks izst\u0101st\u012bti, un pie\u0161\u0137ir ma\u0123iskumu katram miegam.<\/div>\n<p>&nbsp;<\/p>\n<div class=\"auto-hide-last-sibling-br paragraph-qzbcQC paragraph-element br-paragraph-space\">Un tad ir centr\u0101lais ievilkums, kas ir \u013coti svar\u012bga iez\u012bme, kas ir p\u0101rveidota, lai j\u016bsu mazulim b\u016btu \u0113rt\u0101k. M\u0113s varam ar \u0137irur\u0123isku precizit\u0101ti piel\u0101got t\u0101 lielumu un dzi\u013cumu, nodro\u0161inot, ka tas apskauj mazu\u013ca galvu k\u0101 m\u012blo\u0161s apsk\u0101viens. Tie\u0161i \u0161\u012b uzman\u012bba deta\u013c\u0101m, \u0161\u012b ap\u0146em\u0161an\u0101s b\u016bt unik\u0101lam padara m\u016bsu Memory Foam Pillow - Thin Bear - shaped Pillow Core ne tikai par produktu, bet ar\u012b par d\u0101rgu piemi\u0146as lietu, vien\u012bgo \u0161\u0101da veida \u0161\u016bpu\u013cdziesmu j\u016bsu mazu\u013ca miegam.<\/div>\n<\/div>\n<\/div>","protected":false},"excerpt":{"rendered":"<p>\u0160is atmi\u0146as putu spilvens - pl\u0101ns l\u0101c\u012b\u0161a formas spilvena kodols, kas paredz\u0113ts z\u012bdai\u0146iem vecum\u0101 no 0 l\u012bdz 6 m\u0113ne\u0161iem, pied\u0101v\u0101 piel\u0101go\u0161anas un dizaina iesp\u0113ju pasauli. T\u0101 apburo\u0161\u0101 l\u0101\u010da forma ir ide\u0101ls audekls rado\u0161umam. M\u0113s varam piel\u0101got hidrof\u012blo putu m\u012bkstuma l\u012bmeni atbilsto\u0161i j\u016bsu v\u0113lm\u0113m, nodro\u0161inot ide\u0101lu komfortu j\u016bsu mazulim. Virsmu var izrot\u0101t ar netoksiskiem, mazu\u013ciem dro\u0161iem z\u012bm\u0113jumiem, piem\u0113ram, s\u012bkiem ziedu rakstiem vai m\u012b\u013ciem dz\u012bvnieku p\u0113du nospiedumiem, kas pie\u0161\u0137ir unik\u0101lu un burv\u012bgu izskatu. Turkl\u0101t centr\u0101l\u0101 iegriezuma lielumu un dzi\u013cumu var piel\u0101got, lai lab\u0101k atbalst\u012btu mazu\u013ca galvas formu. Tas \u013cauj jums izveidot patiesi personaliz\u0113tu spilvena serdi, kas ne tikai atbilst j\u016bsu mazu\u013ca komforta vajadz\u012bb\u0101m, bet ar\u012b izce\u013cas k\u0101 \u012bpa\u0161s, vienreiz\u0113js izstr\u0101d\u0101jums.<\/p>","protected":false},"featured_media":3489,"comment_status":"open","ping_status":"closed","template":"","meta":{"_uag_custom_page_level_css":"","site-sidebar-layout":"default","site-content-layout":"","ast-site-content-layout":"default","site-content-style":"default","site-sidebar-style":"default","ast-global-header-display":"","ast-banner-title-visibility":"","ast-main-header-display":"","ast-hfb-above-header-display":"","ast-hfb-below-header-display":"","ast-hfb-mobile-header-display":"","site-post-title":"","ast-breadcrumbs-content":"","ast-featured-img":"","footer-sml-layout":"","ast-disable-related-posts":"","theme-transparent-header-meta":"default","adv-header-id-meta":"","stick-header-meta":"","header-above-stick-meta":"","header-main-stick-meta":"","header-below-stick-meta":"","astra-migrate-meta-layouts":"set","ast-page-background-enabled":"default","ast-page-background-meta":{"desktop":{"background-color":"","background-image":"","background-repeat":"repeat","background-position":"center center","background-size":"auto","background-attachment":"scroll","background-type":"","background-media":"","overlay-type":"","overlay-color":"","overlay-opacity":"","overlay-gradient":""},"tablet":{"background-color":"","background-image":"","background-repeat":"repeat","background-position":"center center","background-size":"auto","background-attachment":"scroll","background-type":"","background-media":"","overlay-type":"","overlay-color":"","overlay-opacity":"","overlay-gradient":""},"mobile":{"background-color":"","background-image":"","background-repeat":"repeat","background-position":"center center","background-size":"auto","background-attachment":"scroll","background-type":"","background-media":"","overlay-type":"","overlay-color":"","overlay-opacity":"","overlay-gradient":""}},"ast-content-background-meta":{"desktop":{"background-color":"var(--ast-global-color-5)","background-image":"","background-repeat":"repeat","background-position":"center center","background-size":"auto","background-attachment":"scroll","background-type":"","background-media":"","overlay-type":"","overlay-color":"","overlay-opacity":"","overlay-gradient":""},"tablet":{"background-color":"var(--ast-global-color-5)","background-image":"","background-repeat":"repeat","background-position":"center center","background-size":"auto","background-attachment":"scroll","background-type":"","background-media":"","overlay-type":"","overlay-color":"","overlay-opacity":"","overlay-gradient":""},"mobile":{"background-color":"var(--ast-global-color-5)","background-image":"","background-repeat":"repeat","background-position":"center center","background-size":"auto","background-attachment":"scroll","background-type":"","background-media":"","overlay-type":"","overlay-color":"","overlay-opacity":"","overlay-gradient":""}}},"product_brand":[],"product_cat":[65,32],"product_tag":[70,68,71,69],"class_list":{"0":"post-3488","1":"product","2":"type-product","3":"status-publish","4":"has-post-thumbnail","6":"product_cat-0-to-6months-oem","7":"product_cat-customize","8":"product_tag-babypillow","9":"product_tag-cuteanimalpillow","10":"product_tag-headshapesupport","11":"product_tag-kouniushapingpillow","12":"desktop-align-left","13":"tablet-align-left","14":"mobile-align-left","16":"first","17":"instock","18":"shipping-taxable","19":"product-type-simple"},"aioseo_notices":[],"uagb_featured_image_src":{"full":["https:\/\/babypillowwholesale.com\/wp-content\/uploads\/2025\/04\/0003.jpg",1000,1000,false],"thumbnail":["https:\/\/babypillowwholesale.com\/wp-content\/uploads\/2025\/04\/0003-150x150.jpg",150,150,true],"medium":["https:\/\/babypillowwholesale.com\/wp-content\/uploads\/2025\/04\/0003-300x300.jpg",300,300,true],"medium_large":["https:\/\/babypillowwholesale.com\/wp-content\/uploads\/2025\/04\/0003-768x768.jpg",768,768,true],"large":["https:\/\/babypillowwholesale.com\/wp-content\/uploads\/2025\/04\/0003.jpg",1000,1000,false],"1536x1536":["https:\/\/babypillowwholesale.com\/wp-content\/uploads\/2025\/04\/0003.jpg",1000,1000,false],"2048x2048":["https:\/\/babypillowwholesale.com\/wp-content\/uploads\/2025\/04\/0003.jpg",1000,1000,false],"trp-custom-language-flag":["https:\/\/babypillowwholesale.com\/wp-content\/uploads\/2025\/04\/0003.jpg",12,12,false],"woocommerce_thumbnail":["https:\/\/babypillowwholesale.com\/wp-content\/uploads\/2025\/04\/0003-300x300.jpg",300,300,true],"woocommerce_single":["https:\/\/babypillowwholesale.com\/wp-content\/uploads\/2025\/04\/0003-600x600.jpg",600,600,true],"woocommerce_gallery_thumbnail":["https:\/\/babypillowwholesale.com\/wp-content\/uploads\/2025\/04\/0003-100x100.jpg",100,100,true]},"uagb_author_info":{"display_name":"Etnen zhong","author_link":"https:\/\/babypillowwholesale.com\/lv\/author\/"},"uagb_comment_info":0,"uagb_excerpt":"This Memory Foam Pillow - Thin Bear - shaped Pillow Core, designed for babies aged 0 - 6 months, offers a world of customization and design opportunities. Its endearing bear - shaped form is the perfect canvas for creativity. We can customize the softness level of the hydrophilic foam according to your preference, ensuring the&hellip;","jetpack_sharing_enabled":true,"_links":{"self":[{"href":"https:\/\/babypillowwholesale.com\/lv\/wp-json\/wp\/v2\/product\/3488","targetHints":{"allow":["GET"]}}],"collection":[{"href":"https:\/\/babypillowwholesale.com\/lv\/wp-json\/wp\/v2\/product"}],"about":[{"href":"https:\/\/babypillowwholesale.com\/lv\/wp-json\/wp\/v2\/types\/product"}],"replies":[{"embeddable":true,"href":"https:\/\/babypillowwholesale.com\/lv\/wp-json\/wp\/v2\/comments?post=3488"}],"wp:featuredmedia":[{"embeddable":true,"href":"https:\/\/babypillowwholesale.com\/lv\/wp-json\/wp\/v2\/media\/3489"}],"wp:attachment":[{"href":"https:\/\/babypillowwholesale.com\/lv\/wp-json\/wp\/v2\/media?parent=3488"}],"wp:term":[{"taxonomy":"product_brand","embeddable":true,"href":"https:\/\/babypillowwholesale.com\/lv\/wp-json\/wp\/v2\/product_brand?post=3488"},{"taxonomy":"product_cat","embeddable":true,"href":"https:\/\/babypillowwholesale.com\/lv\/wp-json\/wp\/v2\/product_cat?post=3488"},{"taxonomy":"product_tag","embeddable":true,"href":"https:\/\/babypillowwholesale.com\/lv\/wp-json\/wp\/v2\/product_tag?post=3488"}],"curies":[{"name":"wp","href":"https:\/\/api.w.org\/{rel}","templated":true}]}}