{"id":3474,"date":"2025-04-18T16:21:06","date_gmt":"2025-04-18T16:21:06","guid":{"rendered":"https:\/\/babypillowwholesale.com\/?post_type=product&#038;p=3474"},"modified":"2025-06-05T14:55:58","modified_gmt":"2025-06-05T14:55:58","slug":"memory-foam-pillow-round-pillow-core","status":"publish","type":"product","link":"https:\/\/babypillowwholesale.com\/lv\/product\/memory-foam-pillow-round-pillow-core\/","title":{"rendered":"Atmi\u0146as putu spilvens - apa\u013c\u0161 spilvena kodols"},"content":{"rendered":"<div class=\"auto-hide-last-sibling-br paragraph-qzbcQC paragraph-element br-paragraph-space\">\u0160is atmi\u0146as putu spilvens - apa\u013c\u0161 spilvena kodols, kas piel\u0101gots z\u012bdai\u0146iem vecum\u0101 no 0 l\u012bdz 6 m\u0113ne\u0161iem, ir nebeidzamu iesp\u0113ju audekls, kad runa ir par raksta piel\u0101go\u0161anu un dizainu. T\u0101 glud\u0101 virsma ir sagatavota p\u0101rveido\u0161anai, pied\u0101v\u0101jot ekskluz\u012bvu iesp\u0113ju izgatavot unik\u0101lu izstr\u0101d\u0101jumu.<\/div>\n<p>&nbsp;<\/p>\n<div class=\"auto-hide-last-sibling-br paragraph-qzbcQC paragraph-element br-paragraph-space\">Iedom\u0101jieties, ka to rot\u0101 burv\u012bgi mot\u012bvi, kas ir ne tikai vizu\u0101li valdzino\u0161i, bet ar\u012b rezon\u0113 ar b\u0113rn\u012bbas nevain\u012bbu. Smalki me\u017ea rad\u012bjumu, piem\u0113ram, maigu brie\u017eu vai zi\u0146k\u0101r\u012bgu v\u0101veru, apdrukas var ienest dabas burv\u012bbu. Vai ar\u012b sap\u0146ainu zvaigzn\u0101ju ar mirdzo\u0161\u0101m zvaigzn\u012bt\u0113m un smaido\u0161u m\u0113nesi, kas iemidzin\u0101s j\u016bsu mazuli debesu mieg\u0101. \u0160ie raksti nav izv\u0113l\u0113ti nejau\u0161i; tie ir r\u016bp\u012bgi atlas\u012bti, lai rad\u012btu nomierino\u0161u vizu\u0101lo pieredzi j\u016bsu mazulim.<\/div>\n<p>&nbsp;<\/p>\n<div class=\"auto-hide-last-sibling-br paragraph-qzbcQC paragraph-element br-paragraph-space\">Izmantojot jaun\u0101k\u0101s, netoksisk\u0101s drukas metodes, m\u0113s nodro\u0161in\u0101m, ka katrs dizains ir ne tikai prieks ac\u012bm, bet ar\u012b piln\u012bgi dro\u0161s j\u016bsu mazu\u013ca jut\u012bgai \u0101dai. \u0160is piel\u0101go\u0161anas l\u012bmenis sniedzas t\u0101l\u0101k par vienk\u0101r\u0161u est\u0113tiku; tas \u013cauj vec\u0101kiem \u0161aj\u0101 b\u016btiskaj\u0101 priek\u0161met\u0101 iedz\u012bvin\u0101t savu person\u012bgo stilu un b\u0113rnistabas unik\u0101lo atmosf\u0113ru. Neatkar\u012bgi no t\u0101, vai j\u016bs tiecaties p\u0113c m\u016bsdien\u012bga, minim\u0101lisma stila vai kapr\u012bzas, pasaku gr\u0101matu iedvesmotas t\u0113mas, \u0161o spilvena serdi var piel\u0101got t\u0101, lai tas b\u016btu izcils, individu\u0101li veidots papildin\u0101jums j\u016bsu mazu\u013ca pasaul\u0113.<\/div>","protected":false},"excerpt":{"rendered":"<p>\u0160is atmi\u0146as putu spilvens - apa\u013c\u0161 spilvena kodols, kas piem\u0113rots z\u012bdai\u0146iem no 0 - 6 m\u0113ne\u0161iem, pied\u0101v\u0101 pla\u0161as mode\u013ca piel\u0101go\u0161anas un dizaina iesp\u0113jas. Spilvena serdes glud\u0101 virsma ir ide\u0101ls audekls da\u017e\u0101diem dizainiem. Var pievienot maigus, z\u012bdai\u0146iem draudz\u012bgus mot\u012bvus, piem\u0113ram, m\u012b\u013cus dz\u012bvnieku rakstus, maigus ziedu rakstus vai kapr\u012bzus debesu elementus, piem\u0113ram, zvaigznes un m\u0113ness. \u0160os rakstus var izmantot, izmantojot netoksiskas, mazu\u013ciem dro\u0161as apdrukas metodes, lai nodro\u0161in\u0101tu, ka tie ir dro\u0161i mazu\u013ca maigajai \u0101dai. Piel\u0101gotie raksti var ne tikai padar\u012bt spilvenu vizu\u0101li pievilc\u012bg\u0101ku, bet ar\u012b \u013caut vec\u0101kiem izv\u0113l\u0113ties dizainu, kas atbilst vi\u0146u b\u0113rnistabas interjeram vai personiskaj\u0101m v\u0113lm\u0113m, pie\u0161\u0137irot unik\u0101lu piesk\u0101rienu \u0161im b\u016btiskajam mazu\u013ca priek\u0161metam.<\/p>","protected":false},"featured_media":3484,"comment_status":"open","ping_status":"closed","template":"","meta":{"_uag_custom_page_level_css":"","site-sidebar-layout":"default","site-content-layout":"","ast-site-content-layout":"default","site-content-style":"default","site-sidebar-style":"default","ast-global-header-display":"","ast-banner-title-visibility":"","ast-main-header-display":"","ast-hfb-above-header-display":"","ast-hfb-below-header-display":"","ast-hfb-mobile-header-display":"","site-post-title":"","ast-breadcrumbs-content":"","ast-featured-img":"","footer-sml-layout":"","ast-disable-related-posts":"","theme-transparent-header-meta":"default","adv-header-id-meta":"","stick-header-meta":"","header-above-stick-meta":"","header-main-stick-meta":"","header-below-stick-meta":"","astra-migrate-meta-layouts":"set","ast-page-background-enabled":"default","ast-page-background-meta":{"desktop":{"background-color":"","background-image":"","background-repeat":"repeat","background-position":"center center","background-size":"auto","background-attachment":"scroll","background-type":"","background-media":"","overlay-type":"","overlay-color":"","overlay-opacity":"","overlay-gradient":""},"tablet":{"background-color":"","background-image":"","background-repeat":"repeat","background-position":"center center","background-size":"auto","background-attachment":"scroll","background-type":"","background-media":"","overlay-type":"","overlay-color":"","overlay-opacity":"","overlay-gradient":""},"mobile":{"background-color":"","background-image":"","background-repeat":"repeat","background-position":"center center","background-size":"auto","background-attachment":"scroll","background-type":"","background-media":"","overlay-type":"","overlay-color":"","overlay-opacity":"","overlay-gradient":""}},"ast-content-background-meta":{"desktop":{"background-color":"var(--ast-global-color-5)","background-image":"","background-repeat":"repeat","background-position":"center center","background-size":"auto","background-attachment":"scroll","background-type":"","background-media":"","overlay-type":"","overlay-color":"","overlay-opacity":"","overlay-gradient":""},"tablet":{"background-color":"var(--ast-global-color-5)","background-image":"","background-repeat":"repeat","background-position":"center center","background-size":"auto","background-attachment":"scroll","background-type":"","background-media":"","overlay-type":"","overlay-color":"","overlay-opacity":"","overlay-gradient":""},"mobile":{"background-color":"var(--ast-global-color-5)","background-image":"","background-repeat":"repeat","background-position":"center center","background-size":"auto","background-attachment":"scroll","background-type":"","background-media":"","overlay-type":"","overlay-color":"","overlay-opacity":"","overlay-gradient":""}}},"product_brand":[],"product_cat":[65,32],"product_tag":[70,68,71,69],"class_list":{"0":"post-3474","1":"product","2":"type-product","3":"status-publish","4":"has-post-thumbnail","6":"product_cat-0-to-6months-oem","7":"product_cat-customize","8":"product_tag-babypillow","9":"product_tag-cuteanimalpillow","10":"product_tag-headshapesupport","11":"product_tag-kouniushapingpillow","12":"desktop-align-left","13":"tablet-align-left","14":"mobile-align-left","16":"first","17":"instock","18":"shipping-taxable","19":"product-type-simple"},"aioseo_notices":[],"uagb_featured_image_src":{"full":["https:\/\/babypillowwholesale.com\/wp-content\/uploads\/2025\/04\/0001.jpg",1000,1000,false],"thumbnail":["https:\/\/babypillowwholesale.com\/wp-content\/uploads\/2025\/04\/0001-150x150.jpg",150,150,true],"medium":["https:\/\/babypillowwholesale.com\/wp-content\/uploads\/2025\/04\/0001-300x300.jpg",300,300,true],"medium_large":["https:\/\/babypillowwholesale.com\/wp-content\/uploads\/2025\/04\/0001-768x768.jpg",768,768,true],"large":["https:\/\/babypillowwholesale.com\/wp-content\/uploads\/2025\/04\/0001.jpg",1000,1000,false],"1536x1536":["https:\/\/babypillowwholesale.com\/wp-content\/uploads\/2025\/04\/0001.jpg",1000,1000,false],"2048x2048":["https:\/\/babypillowwholesale.com\/wp-content\/uploads\/2025\/04\/0001.jpg",1000,1000,false],"trp-custom-language-flag":["https:\/\/babypillowwholesale.com\/wp-content\/uploads\/2025\/04\/0001.jpg",12,12,false],"woocommerce_thumbnail":["https:\/\/babypillowwholesale.com\/wp-content\/uploads\/2025\/04\/0001-300x300.jpg",300,300,true],"woocommerce_single":["https:\/\/babypillowwholesale.com\/wp-content\/uploads\/2025\/04\/0001-600x600.jpg",600,600,true],"woocommerce_gallery_thumbnail":["https:\/\/babypillowwholesale.com\/wp-content\/uploads\/2025\/04\/0001-100x100.jpg",100,100,true]},"uagb_author_info":{"display_name":"Etnen zhong","author_link":"https:\/\/babypillowwholesale.com\/lv\/author\/"},"uagb_comment_info":0,"uagb_excerpt":"This Memory Foam Pillow - Round Pillow Core, suitable for babies from 0 - 6 months, offers great potential for pattern customization and design. The smooth surface of the pillow core provides an ideal canvas for various designs. Gentle, baby - friendly motifs such as cute animal prints, soft floral patterns, or whimsical celestial elements&hellip;","jetpack_sharing_enabled":true,"_links":{"self":[{"href":"https:\/\/babypillowwholesale.com\/lv\/wp-json\/wp\/v2\/product\/3474","targetHints":{"allow":["GET"]}}],"collection":[{"href":"https:\/\/babypillowwholesale.com\/lv\/wp-json\/wp\/v2\/product"}],"about":[{"href":"https:\/\/babypillowwholesale.com\/lv\/wp-json\/wp\/v2\/types\/product"}],"replies":[{"embeddable":true,"href":"https:\/\/babypillowwholesale.com\/lv\/wp-json\/wp\/v2\/comments?post=3474"}],"wp:featuredmedia":[{"embeddable":true,"href":"https:\/\/babypillowwholesale.com\/lv\/wp-json\/wp\/v2\/media\/3484"}],"wp:attachment":[{"href":"https:\/\/babypillowwholesale.com\/lv\/wp-json\/wp\/v2\/media?parent=3474"}],"wp:term":[{"taxonomy":"product_brand","embeddable":true,"href":"https:\/\/babypillowwholesale.com\/lv\/wp-json\/wp\/v2\/product_brand?post=3474"},{"taxonomy":"product_cat","embeddable":true,"href":"https:\/\/babypillowwholesale.com\/lv\/wp-json\/wp\/v2\/product_cat?post=3474"},{"taxonomy":"product_tag","embeddable":true,"href":"https:\/\/babypillowwholesale.com\/lv\/wp-json\/wp\/v2\/product_tag?post=3474"}],"curies":[{"name":"wp","href":"https:\/\/api.w.org\/{rel}","templated":true}]}}