{"id":3458,"date":"2025-04-17T16:27:44","date_gmt":"2025-04-17T16:27:44","guid":{"rendered":"https:\/\/babypillowwholesale.com\/?post_type=product&#038;p=3458"},"modified":"2025-06-08T02:12:27","modified_gmt":"2025-06-08T02:12:27","slug":"hydrophilic-foam-bread-shaped-pillow","status":"publish","type":"product","link":"https:\/\/babypillowwholesale.com\/lv\/product\/hydrophilic-foam-bread-shaped-pillow\/","title":{"rendered":"Hidrof\u012blo putu maizes formas spilvens"},"content":{"rendered":"<div class=\"auto-hide-last-sibling-br paragraph-qzbcQC paragraph-element br-paragraph-space\" data-immersive-translate-walked=\"8e61f2e7-6af2-46e5-9672-3b9e4f4033d9\" data-immersive-translate-paragraph=\"1\">\n<div class=\"auto-hide-last-sibling-br paragraph-qzbcQC paragraph-element br-paragraph-space\">\n<div class=\"auto-hide-last-sibling-br paragraph-qzbcQC paragraph-element br-paragraph-space\">\n<div class=\"auto-hide-last-sibling-br paragraph-qzbcQC paragraph-element br-paragraph-space\">\n<div class=\"auto-hide-last-sibling-br paragraph-qzbcQC paragraph-element br-paragraph-space\">\n<div class=\"auto-hide-last-sibling-br paragraph-qzbcQC paragraph-element br-paragraph-space\">\n<div class=\"inter-wlTS5w\">\n<div class=\"container-QE4ayg\">\n<div class=\"item-jU10IN\">\n<div class=\"container-jODEnh chrome70-container\">\n<div class=\"inner-eE95c9 inner-item-aL3Ui_\" data-target-id=\"message-box-target-id\" data-testid=\"union_message\">\n<div class=\"message-block-container-liuetz\" data-testid=\"message-block-container\">\n<div class=\"message-box-ZWbBdF\" data-testid=\"receive_message\">\n<div class=\"message-box-content-wrapper-srHdUj\">\n<div class=\"message-content message-box-content-otxGGw receive-message-box-content-_lREFj samantha-message-box-content-Qjmpja\" data-testid=\"message_content\">\n<div class=\"container-hfX5E8 flow-markdown-body theme-samantha-yJEgBp\" dir=\"ltr\" data-testid=\"message_text_content\" data-show-indicator=\"false\">\n<div class=\"auto-hide-last-sibling-br paragraph-qzbcQC paragraph-element br-paragraph-space\">\n<div class=\"auto-hide-last-sibling-br paragraph-qzbcQC paragraph-element br-paragraph-space\">\n<div class=\"auto-hide-last-sibling-br paragraph-qzbcQC paragraph-element br-paragraph-space\">\n<div class=\"auto-hide-last-sibling-br paragraph-qzbcQC paragraph-element br-paragraph-space\">\n<div class=\"auto-hide-last-sibling-br paragraph-qzbcQC paragraph-element br-paragraph-space\">\n<div class=\"auto-hide-last-sibling-br paragraph-qzbcQC paragraph-element br-paragraph-space\">\n<div class=\"inter-wlTS5w\">\n<div class=\"container-QE4ayg\">\n<div class=\"item-jU10IN\">\n<div class=\"container-jODEnh chrome70-container\">\n<div class=\"inner-eE95c9 inner-item-aL3Ui_\" data-target-id=\"message-box-target-id\" data-testid=\"union_message\">\n<div class=\"message-block-container-liuetz\" data-testid=\"message-block-container\">\n<div class=\"message-box-ZWbBdF\" data-testid=\"receive_message\" data-message-id=\"3117344892904450\">\n<div class=\"message-box-content-wrapper-srHdUj\">\n<div class=\"message-content message-box-content-otxGGw receive-message-box-content-_lREFj samantha-message-box-content-Qjmpja\" data-testid=\"message_content\">\n<div class=\"container-hfX5E8 flow-markdown-body theme-samantha-yJEgBp\" dir=\"ltr\" data-testid=\"message_text_content\" data-show-indicator=\"false\">\n<div class=\"auto-hide-last-sibling-br paragraph-qzbcQC paragraph-element br-paragraph-space\">\n<div class=\"inter-wlTS5w\">\n<div class=\"container-QE4ayg\">\n<div class=\"item-jU10IN\">\n<div class=\"container-jODEnh chrome70-container\">\n<div class=\"inner-eE95c9 inner-item-aL3Ui_\" data-target-id=\"message-box-target-id\" data-testid=\"union_message\">\n<div class=\"message-block-container-liuetz\" data-testid=\"message-block-container\">\n<div class=\"message-box-ZWbBdF\" data-testid=\"receive_message\" data-message-id=\"3118336188382466\">\n<div class=\"message-box-content-wrapper-srHdUj\">\n<div class=\"message-content message-box-content-otxGGw receive-message-box-content-_lREFj samantha-message-box-content-Qjmpja\" data-testid=\"message_content\">\n<div class=\"container-hfX5E8 flow-markdown-body theme-samantha-yJEgBp\" dir=\"ltr\" data-testid=\"message_text_content\" data-show-indicator=\"false\">\n<div class=\"auto-hide-last-sibling-br paragraph-qzbcQC paragraph-element br-paragraph-space\">\n<div class=\"auto-hide-last-sibling-br paragraph-qzbcQC paragraph-element br-paragraph-space\">\n<div class=\"auto-hide-last-sibling-br paragraph-qzbcQC paragraph-element br-paragraph-space\">\n<div class=\"auto-hide-last-sibling-br paragraph-qzbcQC paragraph-element br-paragraph-space\">\n<div class=\"auto-hide-last-sibling-br paragraph-qzbcQC paragraph-element br-paragraph-space\">\n<div class=\"auto-hide-last-sibling-br paragraph-qzbcQC paragraph-element br-paragraph-space\">\n<div class=\"auto-hide-last-sibling-br paragraph-qzbcQC paragraph-element br-paragraph-space\">\n<div class=\"auto-hide-last-sibling-br paragraph-qzbcQC paragraph-element br-paragraph-space\">\u013baujieties komforta pasaulei ar m\u016bsu hidrof\u012blo putu spilvenu Bread - formas spilvenu, kas ir pieaugu\u0161ajiem piel\u0101gots relaks\u0101cijas parad\u012bze. Pla\u0161ais 60* izm\u0113rs<em>40*<\/em>13CM, t\u0101 ir pla\u0161a, pl\u012b\u0161a virsma, kas aicina iegrimt un atp\u016bsties.<\/div>\n<p>&nbsp;<\/p>\n<div class=\"auto-hide-last-sibling-br paragraph-qzbcQC paragraph-element br-paragraph-space\">\u0160is spilvens ir izgatavots no augst\u0101k\u0101s kvalit\u0101tes hidrof\u012blaj\u0101m put\u0101m, un tas ir maiguma un gaisa caurlaid\u012bbas simfonija. T\u0101 izcil\u0101s mitruma novad\u012b\u0161anas sp\u0113jas nodro\u0161ina, ka j\u016bs paliekat sauss visu nakti, radot ide\u0101lu miega vidi. At\u0161\u0137ir\u012bg\u0101 maizes forma ir ne tikai vizu\u0101ls baud\u012bjums, bet ar\u012b funkcion\u0101ls br\u012bnums, kas nodro\u0161ina optim\u0101lu atbalstu j\u016bsu galvai un kaklam, sniedzot jums komfortu miega laik\u0101.<\/div>\n<p>&nbsp;<\/p>\n<div class=\"auto-hide-last-sibling-br paragraph-qzbcQC paragraph-element br-paragraph-space\">T\u0101 ir ietur\u0113ta nevainojami balt\u0101 kr\u0101s\u0101 ar smalku zilu apdari, un t\u0101 izstaro vienk\u0101r\u0161u eleganci, kas nevainojami papildina jebkuru gu\u013camistabas interjeru. Neatkar\u012bgi no t\u0101, vai mekl\u0113jat atelpu p\u0113c garas, nogurdino\u0161as darba dienas vai vienk\u0101r\u0161i ilgojaties p\u0113c mier\u012bga p\u0113cpusdienas miega, \u0161is spilvens ir gatavs main\u012bt j\u016bsu miega pieredzi.<\/div>\n<p>&nbsp;<\/p>\n<div class=\"auto-hide-last-sibling-br paragraph-qzbcQC paragraph-element br-paragraph-space\">Klienti ir izteiku\u0161i atzin\u012bgus v\u0101rdus. \"S\u0101kum\u0101 es biju skeptiski noska\u0146ots, bet \u0161is spilvens mani piln\u012bb\u0101 p\u0101rliecin\u0101ja. Tas ir neticami m\u012bksts, un man pat\u012bk, ka tas saglab\u0101 mani v\u0113su un sausu. Es gul\u0113ju lab\u0101k nek\u0101 jebkad agr\u0101k,\" dal\u012bj\u0101s viens no saj\u016bsmin\u0101tajiem lietot\u0101jiem. Cits cilv\u0113ks saj\u016bsmin\u0101j\u0101s: \"Unik\u0101l\u0101 forma ir ne tikai m\u012b\u013ca, bet ar\u012b \u013coti atbalsto\u0161a. Tas ir k\u013cuvis par manas gul\u0113tie\u0161anas rut\u012bnas neat\u0146emamu sast\u0101vda\u013cu. Tagad nevaru iedom\u0101ties, ka var\u0113tu bez t\u0101 gul\u0113t.\"<\/div>\n<p>&nbsp;<\/p>\n<div class=\"auto-hide-last-sibling-br paragraph-qzbcQC paragraph-element br-paragraph-space\">B\u016bt\u012bb\u0101 m\u016bsu hidrof\u012blo putu spilvens \"Bread\" formas spilvens ir kas vair\u0101k nek\u0101 tikai gultas piederums; tas ir nakts prieks, atsl\u0113ga, kas pal\u012bdz atsl\u0113gt mier\u012bgu, atjaunojo\u0161u miegu, un apliecin\u0101jums ide\u0101lam formas un funkcijas apvienojumam.<\/div>\n<\/div>\n<\/div>\n<\/div>\n<\/div>\n<\/div>\n<\/div>\n<\/div>\n<\/div>\n<\/div>\n<\/div>\n<\/div>\n<\/div>\n<\/div>\n<\/div>\n<\/div>\n<\/div>\n<\/div>\n<\/div>\n<\/div>\n<\/div>\n<\/div>\n<\/div>\n<\/div>\n<\/div>\n<\/div>\n<\/div>\n<\/div>\n<\/div>\n<\/div>\n<\/div>\n<\/div>\n<\/div>\n<\/div>\n<\/div>\n<\/div>\n<\/div>\n<\/div>\n<\/div>\n<\/div>\n<\/div>\n<\/div>\n<\/div>\n<\/div>\n<\/div>\n<\/div>\n<\/div>\n<\/div>\n<\/div>\n<\/div>\n<\/div>","protected":false},"excerpt":{"rendered":"<div class=\"container-QE4ayg\">\n<div class=\"item-jU10IN\">\n<div class=\"container-jODEnh chrome70-container\">\n<div class=\"inner-eE95c9 inner-item-aL3Ui_\" data-target-id=\"message-box-target-id\" data-testid=\"union_message\">\n<div class=\"message-block-container-liuetz\" data-testid=\"message-block-container\">\n<div class=\"message-box-ZWbBdF\" data-testid=\"receive_message\" data-message-id=\"3087713235977218\">\n<div class=\"message-box-content-wrapper-srHdUj\">\n<div class=\"message-content message-box-content-otxGGw receive-message-box-content-_lREFj samantha-message-box-content-Qjmpja\" data-testid=\"message_content\">\n<div class=\"container-hfX5E8 flow-markdown-body theme-samantha-yJEgBp\" dir=\"ltr\" data-testid=\"message_text_content\" data-show-indicator=\"false\">\n<div class=\"auto-hide-last-sibling-br paragraph-qzbcQC paragraph-element br-paragraph-space\">Hidrof\u012blo putuplasta maizes formas spilvens ir paredz\u0113ts pieaugu\u0161ajiem. T\u0101 specifik\u0101cija ir 60*<em>40*<\/em>13CM, t\u0101 nodro\u0161ina pla\u0161u un \u0113rtu virsmas laukumu. Izgatavots no hidrofil\u0101m put\u0101m, tas ir m\u012bksts, elpojo\u0161s un tam piem\u012bt lieliskas mitruma novad\u012b\u0161anas \u012bpa\u0161\u012bbas, kas nodro\u0161ina sausu un pat\u012bkamu miega vidi. T\u0101 maizei l\u012bdz\u012bg\u0101 forma ne tikai pie\u0161\u0137ir tai unik\u0101lu izskatu, bet ar\u012b nodro\u0161ina pietiekamu atbalstu galvai un kaklam. T\u012bra balta kr\u0101sa ar smalku zilu apdari pie\u0161\u0137ir vienk\u0101r\u0161\u012bbu un eleganci, padarot to piem\u0113rotu da\u017e\u0101diem gu\u013camistabas dekoriem. Neatkar\u012bgi no t\u0101, vai v\u0113laties atp\u016bsties p\u0113c garas darba dienas, vai v\u0113laties atp\u016bsties, \u0161is spilvens pal\u012bdz\u0113s jums izbaud\u012bt \u0113rtu un relaks\u0113jo\u0161u miegu.<\/div>\n<\/div>\n<\/div>\n<\/div>\n<\/div>\n<\/div>\n<\/div>\n<\/div>\n<\/div>\n<\/div>","protected":false},"featured_media":3459,"comment_status":"open","ping_status":"closed","template":"","meta":{"_uag_custom_page_level_css":"","site-sidebar-layout":"default","site-content-layout":"","ast-site-content-layout":"default","site-content-style":"default","site-sidebar-style":"default","ast-global-header-display":"","ast-banner-title-visibility":"","ast-main-header-display":"","ast-hfb-above-header-display":"","ast-hfb-below-header-display":"","ast-hfb-mobile-header-display":"","site-post-title":"","ast-breadcrumbs-content":"","ast-featured-img":"","footer-sml-layout":"","ast-disable-related-posts":"","theme-transparent-header-meta":"default","adv-header-id-meta":"","stick-header-meta":"","header-above-stick-meta":"","header-main-stick-meta":"","header-below-stick-meta":"","astra-migrate-meta-layouts":"set","ast-page-background-enabled":"default","ast-page-background-meta":{"desktop":{"background-color":"","background-image":"","background-repeat":"repeat","background-position":"center center","background-size":"auto","background-attachment":"scroll","background-type":"","background-media":"","overlay-type":"","overlay-color":"","overlay-opacity":"","overlay-gradient":""},"tablet":{"background-color":"","background-image":"","background-repeat":"repeat","background-position":"center center","background-size":"auto","background-attachment":"scroll","background-type":"","background-media":"","overlay-type":"","overlay-color":"","overlay-opacity":"","overlay-gradient":""},"mobile":{"background-color":"","background-image":"","background-repeat":"repeat","background-position":"center center","background-size":"auto","background-attachment":"scroll","background-type":"","background-media":"","overlay-type":"","overlay-color":"","overlay-opacity":"","overlay-gradient":""}},"ast-content-background-meta":{"desktop":{"background-color":"var(--ast-global-color-5)","background-image":"","background-repeat":"repeat","background-position":"center center","background-size":"auto","background-attachment":"scroll","background-type":"","background-media":"","overlay-type":"","overlay-color":"","overlay-opacity":"","overlay-gradient":""},"tablet":{"background-color":"var(--ast-global-color-5)","background-image":"","background-repeat":"repeat","background-position":"center center","background-size":"auto","background-attachment":"scroll","background-type":"","background-media":"","overlay-type":"","overlay-color":"","overlay-opacity":"","overlay-gradient":""},"mobile":{"background-color":"var(--ast-global-color-5)","background-image":"","background-repeat":"repeat","background-position":"center center","background-size":"auto","background-attachment":"scroll","background-type":"","background-media":"","overlay-type":"","overlay-color":"","overlay-opacity":"","overlay-gradient":""}}},"product_brand":[],"product_cat":[58,42],"product_tag":[70,68,71,69],"class_list":{"0":"post-3458","1":"product","2":"type-product","3":"status-publish","4":"has-post-thumbnail","6":"product_cat-above-8-years-and-adults","7":"product_cat-merchandise","8":"product_tag-babypillow","9":"product_tag-cuteanimalpillow","10":"product_tag-headshapesupport","11":"product_tag-kouniushapingpillow","12":"desktop-align-left","13":"tablet-align-left","14":"mobile-align-left","16":"first","17":"instock","18":"shipping-taxable","19":"product-type-simple"},"aioseo_notices":[],"uagb_featured_image_src":{"full":["https:\/\/babypillowwholesale.com\/wp-content\/uploads\/2025\/04\/1608.jpg",1000,1000,false],"thumbnail":["https:\/\/babypillowwholesale.com\/wp-content\/uploads\/2025\/04\/1608-150x150.jpg",150,150,true],"medium":["https:\/\/babypillowwholesale.com\/wp-content\/uploads\/2025\/04\/1608-300x300.jpg",300,300,true],"medium_large":["https:\/\/babypillowwholesale.com\/wp-content\/uploads\/2025\/04\/1608-768x768.jpg",768,768,true],"large":["https:\/\/babypillowwholesale.com\/wp-content\/uploads\/2025\/04\/1608.jpg",1000,1000,false],"1536x1536":["https:\/\/babypillowwholesale.com\/wp-content\/uploads\/2025\/04\/1608.jpg",1000,1000,false],"2048x2048":["https:\/\/babypillowwholesale.com\/wp-content\/uploads\/2025\/04\/1608.jpg",1000,1000,false],"trp-custom-language-flag":["https:\/\/babypillowwholesale.com\/wp-content\/uploads\/2025\/04\/1608.jpg",12,12,false],"woocommerce_thumbnail":["https:\/\/babypillowwholesale.com\/wp-content\/uploads\/2025\/04\/1608-300x300.jpg",300,300,true],"woocommerce_single":["https:\/\/babypillowwholesale.com\/wp-content\/uploads\/2025\/04\/1608-600x600.jpg",600,600,true],"woocommerce_gallery_thumbnail":["https:\/\/babypillowwholesale.com\/wp-content\/uploads\/2025\/04\/1608-100x100.jpg",100,100,true]},"uagb_author_info":{"display_name":"Etnen zhong","author_link":"https:\/\/babypillowwholesale.com\/lv\/author\/"},"uagb_comment_info":0,"uagb_excerpt":"The Hydrophilic Foam Bread - shaped Pillow is designed for adults. With a specification of 60*40*13CM, it offers a generous and comfortable surface area. Crafted from hydrophilic foam, it is soft, breathable, and has excellent moisture - wicking properties, ensuring a dry and pleasant sleep environment. Its bread - like shape not only gives it&hellip;","jetpack_sharing_enabled":true,"_links":{"self":[{"href":"https:\/\/babypillowwholesale.com\/lv\/wp-json\/wp\/v2\/product\/3458","targetHints":{"allow":["GET"]}}],"collection":[{"href":"https:\/\/babypillowwholesale.com\/lv\/wp-json\/wp\/v2\/product"}],"about":[{"href":"https:\/\/babypillowwholesale.com\/lv\/wp-json\/wp\/v2\/types\/product"}],"replies":[{"embeddable":true,"href":"https:\/\/babypillowwholesale.com\/lv\/wp-json\/wp\/v2\/comments?post=3458"}],"wp:featuredmedia":[{"embeddable":true,"href":"https:\/\/babypillowwholesale.com\/lv\/wp-json\/wp\/v2\/media\/3459"}],"wp:attachment":[{"href":"https:\/\/babypillowwholesale.com\/lv\/wp-json\/wp\/v2\/media?parent=3458"}],"wp:term":[{"taxonomy":"product_brand","embeddable":true,"href":"https:\/\/babypillowwholesale.com\/lv\/wp-json\/wp\/v2\/product_brand?post=3458"},{"taxonomy":"product_cat","embeddable":true,"href":"https:\/\/babypillowwholesale.com\/lv\/wp-json\/wp\/v2\/product_cat?post=3458"},{"taxonomy":"product_tag","embeddable":true,"href":"https:\/\/babypillowwholesale.com\/lv\/wp-json\/wp\/v2\/product_tag?post=3458"}],"curies":[{"name":"wp","href":"https:\/\/api.w.org\/{rel}","templated":true}]}}