{"id":3386,"date":"2025-04-11T08:03:37","date_gmt":"2025-04-11T08:03:37","guid":{"rendered":"https:\/\/babypillowwholesale.com\/?post_type=product&#038;p=3386"},"modified":"2025-06-08T08:05:40","modified_gmt":"2025-06-08T08:05:40","slug":"bear-ear-printed-shaping-pillow","status":"publish","type":"product","link":"https:\/\/babypillowwholesale.com\/lv\/product\/bear-ear-printed-shaping-pillow\/","title":{"rendered":"L\u0101\u010da ausu apdruk\u0101ts veidojo\u0161ais spilvens"},"content":{"rendered":"<div class=\"auto-hide-last-sibling-br paragraph-qzbcQC paragraph-element br-paragraph-space\" data-immersive-translate-walked=\"8e61f2e7-6af2-46e5-9672-3b9e4f4033d9\" data-immersive-translate-paragraph=\"1\">\n<div class=\"auto-hide-last-sibling-br paragraph-qzbcQC paragraph-element br-paragraph-space\">\n<div class=\"auto-hide-last-sibling-br paragraph-qzbcQC paragraph-element br-paragraph-space\">\n<div class=\"auto-hide-last-sibling-br paragraph-qzbcQC paragraph-element br-paragraph-space\">\n<div class=\"auto-hide-last-sibling-br paragraph-qzbcQC paragraph-element br-paragraph-space\">Iepaz\u012bstin\u0101m ar l\u0101\u010da auss apdruk\u0101tu veidojo\u0161u spilvenu - apburo\u0161u un b\u016btisku miega pal\u012bgu, kas piel\u0101gots z\u012bdai\u0146iem no 0 l\u012bdz 6 m\u0113ne\u0161iem. \u0160is spilvens ir simfonija no jaukuma un funkcionalit\u0101tes, un tam ir burv\u012bgs dizains ar burv\u012bg\u0101m l\u0101\u010da aus\u012bm l\u012bdz\u012bg\u0101m kont\u016br\u0101m. T\u0101 virsma ir prieka pilns audekls, ko rot\u0101 apburo\u0161s nejau\u0161u apdruku kl\u0101sts ar burv\u012bgiem l\u0101\u010du mot\u012bviem, kapr\u012bziem baloniem un saldiem aug\u013ciem, kas rada t\u012bra \u0161arma atmosf\u0113ru.<\/div>\n<p>&nbsp;<\/p>\n<div class=\"auto-hide-last-sibling-br paragraph-qzbcQC paragraph-element br-paragraph-space\">Izgatavots no augst\u0101k\u0101s kvalit\u0101tes materi\u0101liem, tas nodro\u0161ina maigu, bet atbalsto\u0161u apsk\u0101vienu. \u0160is spilvens ir prasm\u012bgi veidots t\u0101, lai tas gultu mazu\u013ca galvu, pal\u012bdzot saglab\u0101t vesel\u012bgu galvas formu pirmajos dz\u012bves m\u0113ne\u0161os. Izm\u0113rs 28*<em>21*<\/em>1,5 cm, tas lieliski iek\u013caujas mazu\u013ca gulti\u0146\u0101, radot m\u0101j\u012bgu un dro\u0161u patv\u0113rumu j\u016bsu mazulim.<\/div>\n<p>&nbsp;<\/p>\n<div class=\"auto-hide-last-sibling-br paragraph-qzbcQC paragraph-element br-paragraph-space\">Iedom\u0101jieties, ka j\u016bsu d\u0101rgais z\u012bdainis gu\u013c sav\u0101 gulti\u0146\u0101, un vi\u0146a galva ir \u0113rti novietota uz \u0161\u012b spilvena. Dienas miega laik\u0101 tas nodro\u0161ina m\u012bkstu un aicino\u0161u virsmu, savuk\u0101rt nakt\u012b tas k\u013c\u016bst par komforta un dro\u0161\u012bbas avotu, pal\u012bdzot mazulim iemigt mier\u012bg\u0101 mieg\u0101. Tas kalpo ar\u012b k\u0101 jauks dekorat\u012bvs elements b\u0113rnistab\u0101, pie\u0161\u0137irot telpas iek\u0101rtojumam d\u012bvain\u012bbu.<\/div>\n<p>&nbsp;<\/p>\n<div class=\"auto-hide-last-sibling-br paragraph-qzbcQC paragraph-element br-paragraph-space\">Vec\u0101ki ir biju\u0161i saj\u016bsm\u0101 par \u0161o produktu. \"\u0160is l\u0101\u010da ausu veidojo\u0161ais spilvens ar apdruku ir oblig\u0101ts! Manam mazulim \u0161\u0137iet daudz \u0113rt\u0101k, un gudr\u0101s apdrukas padara to par izcil\u012bbu b\u0113rnistab\u0101. Man pat\u012bk, ka tas pal\u012bdz ar\u012b veidot galvu,\" priec\u0101jas k\u0101da jaun\u0101 m\u0101mi\u0146a. K\u0101ds t\u0113tis piebilda: \"M\u0113s esam patiesi p\u0101rsteigti par kvalit\u0101ti. T\u0101 ir m\u012bksta, iztur\u012bga, un dizains ir vienk\u0101r\u0161i burv\u012bgs. Tas ir k\u013cuvis par m\u016bsu mazu\u013ca miega komplekta neat\u0146emamu sast\u0101vda\u013cu.\"<\/div>\n<p>&nbsp;<\/p>\n<div class=\"auto-hide-last-sibling-br paragraph-qzbcQC paragraph-element br-paragraph-space\">B\u016bt\u012bb\u0101 l\u0101\u010da ausu apdruk\u0101tais veidojo\u0161ais spilvens ir harmonisks komforta, jaukuma un praktiskuma apvienojums. Tas nav tikai gultas piederums; t\u0101 ir lolota j\u016bsu mazu\u013ca agr\u012bn\u0101s dz\u012bves sast\u0101vda\u013ca, kas ar savu maigo atbalstu un burv\u012bgo kl\u0101tb\u016btni bag\u0101tina katru miega piepild\u012bto br\u012bdi.<\/div>\n<\/div>\n<\/div>\n<\/div>\n<\/div>","protected":false},"excerpt":{"rendered":"<p>L\u0101\u010da auss ar apdruk\u0101tu formas spilvenu ir burv\u012bgs un praktisks miega pal\u012bgl\u012bdzeklis z\u012bdai\u0146iem vecum\u0101 no 0 l\u012bdz 6 m\u0113ne\u0161iem. T\u0101 dizain\u0101 ir m\u012b\u013cas l\u0101\u010da aus\u012bm l\u012bdz\u012bgas formas, un to rot\u0101 apburo\u0161as nejau\u0161as apburo\u0161u l\u0101\u010du mot\u012bvu un citu m\u012b\u013cu elementu apdrukas. Izgatavots no kvalitat\u012bviem materi\u0101liem, tas nodro\u0161ina maigu atbalstu, lai pal\u012bdz\u0113tu saglab\u0101t mazu\u013ca galvas formu. Izm\u0113rs 28*<em>21*<\/em>1,5 cm, tas cie\u0161i iek\u013caujas b\u0113rna gulti\u0146\u0101. \u0160is spilvens ne tikai nodro\u0161ina mazulim m\u012bkstu un \u0113rtu atp\u016btas vietu, bet ar\u012b pie\u0161\u0137ir b\u0113rnistabai skaistumu, radot pat\u012bkamu vidi mazu\u013ca miegam.<\/p>","protected":false},"featured_media":3387,"comment_status":"open","ping_status":"closed","template":"","meta":{"_uag_custom_page_level_css":"","site-sidebar-layout":"default","site-content-layout":"","ast-site-content-layout":"default","site-content-style":"default","site-sidebar-style":"default","ast-global-header-display":"","ast-banner-title-visibility":"","ast-main-header-display":"","ast-hfb-above-header-display":"","ast-hfb-below-header-display":"","ast-hfb-mobile-header-display":"","site-post-title":"","ast-breadcrumbs-content":"","ast-featured-img":"","footer-sml-layout":"","ast-disable-related-posts":"","theme-transparent-header-meta":"default","adv-header-id-meta":"","stick-header-meta":"","header-above-stick-meta":"","header-main-stick-meta":"","header-below-stick-meta":"","astra-migrate-meta-layouts":"set","ast-page-background-enabled":"default","ast-page-background-meta":{"desktop":{"background-color":"","background-image":"","background-repeat":"repeat","background-position":"center center","background-size":"auto","background-attachment":"scroll","background-type":"","background-media":"","overlay-type":"","overlay-color":"","overlay-opacity":"","overlay-gradient":""},"tablet":{"background-color":"","background-image":"","background-repeat":"repeat","background-position":"center center","background-size":"auto","background-attachment":"scroll","background-type":"","background-media":"","overlay-type":"","overlay-color":"","overlay-opacity":"","overlay-gradient":""},"mobile":{"background-color":"","background-image":"","background-repeat":"repeat","background-position":"center center","background-size":"auto","background-attachment":"scroll","background-type":"","background-media":"","overlay-type":"","overlay-color":"","overlay-opacity":"","overlay-gradient":""}},"ast-content-background-meta":{"desktop":{"background-color":"var(--ast-global-color-5)","background-image":"","background-repeat":"repeat","background-position":"center center","background-size":"auto","background-attachment":"scroll","background-type":"","background-media":"","overlay-type":"","overlay-color":"","overlay-opacity":"","overlay-gradient":""},"tablet":{"background-color":"var(--ast-global-color-5)","background-image":"","background-repeat":"repeat","background-position":"center center","background-size":"auto","background-attachment":"scroll","background-type":"","background-media":"","overlay-type":"","overlay-color":"","overlay-opacity":"","overlay-gradient":""},"mobile":{"background-color":"var(--ast-global-color-5)","background-image":"","background-repeat":"repeat","background-position":"center center","background-size":"auto","background-attachment":"scroll","background-type":"","background-media":"","overlay-type":"","overlay-color":"","overlay-opacity":"","overlay-gradient":""}}},"product_brand":[],"product_cat":[54,42],"product_tag":[70,68,71,69],"class_list":{"0":"post-3386","1":"product","2":"type-product","3":"status-publish","4":"has-post-thumbnail","6":"product_cat-0-to-6months","7":"product_cat-merchandise","8":"product_tag-babypillow","9":"product_tag-cuteanimalpillow","10":"product_tag-headshapesupport","11":"product_tag-kouniushapingpillow","12":"desktop-align-left","13":"tablet-align-left","14":"mobile-align-left","16":"first","17":"instock","18":"shipping-taxable","19":"product-type-simple"},"aioseo_notices":[],"uagb_featured_image_src":{"full":["https:\/\/babypillowwholesale.com\/wp-content\/uploads\/2025\/04\/1010.jpg",1000,1000,false],"thumbnail":["https:\/\/babypillowwholesale.com\/wp-content\/uploads\/2025\/04\/1010-150x150.jpg",150,150,true],"medium":["https:\/\/babypillowwholesale.com\/wp-content\/uploads\/2025\/04\/1010-300x300.jpg",300,300,true],"medium_large":["https:\/\/babypillowwholesale.com\/wp-content\/uploads\/2025\/04\/1010-768x768.jpg",768,768,true],"large":["https:\/\/babypillowwholesale.com\/wp-content\/uploads\/2025\/04\/1010.jpg",1000,1000,false],"1536x1536":["https:\/\/babypillowwholesale.com\/wp-content\/uploads\/2025\/04\/1010.jpg",1000,1000,false],"2048x2048":["https:\/\/babypillowwholesale.com\/wp-content\/uploads\/2025\/04\/1010.jpg",1000,1000,false],"trp-custom-language-flag":["https:\/\/babypillowwholesale.com\/wp-content\/uploads\/2025\/04\/1010.jpg",12,12,false],"woocommerce_thumbnail":["https:\/\/babypillowwholesale.com\/wp-content\/uploads\/2025\/04\/1010-300x300.jpg",300,300,true],"woocommerce_single":["https:\/\/babypillowwholesale.com\/wp-content\/uploads\/2025\/04\/1010-600x600.jpg",600,600,true],"woocommerce_gallery_thumbnail":["https:\/\/babypillowwholesale.com\/wp-content\/uploads\/2025\/04\/1010-100x100.jpg",100,100,true]},"uagb_author_info":{"display_name":"Etnen zhong","author_link":"https:\/\/babypillowwholesale.com\/lv\/author\/"},"uagb_comment_info":0,"uagb_excerpt":"The Bear Ear Printed Shaping Pillow is a charming and practical sleep aid for infants aged 0 - 6 months. Its design features cute bear ear - like shapes and is adorned with delightful random prints of adorable bear motifs and other sweet elements. Made with quality materials, it provides gentle support to help maintain&hellip;","jetpack_sharing_enabled":true,"_links":{"self":[{"href":"https:\/\/babypillowwholesale.com\/lv\/wp-json\/wp\/v2\/product\/3386","targetHints":{"allow":["GET"]}}],"collection":[{"href":"https:\/\/babypillowwholesale.com\/lv\/wp-json\/wp\/v2\/product"}],"about":[{"href":"https:\/\/babypillowwholesale.com\/lv\/wp-json\/wp\/v2\/types\/product"}],"replies":[{"embeddable":true,"href":"https:\/\/babypillowwholesale.com\/lv\/wp-json\/wp\/v2\/comments?post=3386"}],"wp:featuredmedia":[{"embeddable":true,"href":"https:\/\/babypillowwholesale.com\/lv\/wp-json\/wp\/v2\/media\/3387"}],"wp:attachment":[{"href":"https:\/\/babypillowwholesale.com\/lv\/wp-json\/wp\/v2\/media?parent=3386"}],"wp:term":[{"taxonomy":"product_brand","embeddable":true,"href":"https:\/\/babypillowwholesale.com\/lv\/wp-json\/wp\/v2\/product_brand?post=3386"},{"taxonomy":"product_cat","embeddable":true,"href":"https:\/\/babypillowwholesale.com\/lv\/wp-json\/wp\/v2\/product_cat?post=3386"},{"taxonomy":"product_tag","embeddable":true,"href":"https:\/\/babypillowwholesale.com\/lv\/wp-json\/wp\/v2\/product_tag?post=3386"}],"curies":[{"name":"wp","href":"https:\/\/api.w.org\/{rel}","templated":true}]}}