{"id":3383,"date":"2025-04-11T07:55:31","date_gmt":"2025-04-11T07:55:31","guid":{"rendered":"https:\/\/babypillowwholesale.com\/?post_type=product&#038;p=3383"},"modified":"2025-06-08T08:07:13","modified_gmt":"2025-06-08T08:07:13","slug":"little-apple-memory-pillow","status":"publish","type":"product","link":"https:\/\/babypillowwholesale.com\/lv\/product\/little-apple-memory-pillow\/","title":{"rendered":"Mazais Apple atmi\u0146as spilvens"},"content":{"rendered":"<div class=\"auto-hide-last-sibling-br paragraph-qzbcQC paragraph-element br-paragraph-space\" data-immersive-translate-walked=\"8e61f2e7-6af2-46e5-9672-3b9e4f4033d9\" data-immersive-translate-paragraph=\"1\">\n<div class=\"auto-hide-last-sibling-br paragraph-qzbcQC paragraph-element br-paragraph-space\">\n<div class=\"auto-hide-last-sibling-br paragraph-qzbcQC paragraph-element br-paragraph-space\">\n<div class=\"auto-hide-last-sibling-br paragraph-qzbcQC paragraph-element br-paragraph-space\">Iepaz\u012bstin\u0101m ar Little Apple Memory Pillow - m\u012b\u013cu un neaizst\u0101jamu miega pal\u012bgu, kas \u012bpa\u0161i rad\u012bts z\u012bdai\u0146iem, kuri ir vecum\u0101 no 0 l\u012bdz 3 m\u0113ne\u0161iem. \u0160is spilvens ar savu burv\u012bgo \u0101bolu siluetu uzreiz piesaista uzman\u012bbu, jau no pa\u0161a s\u0101kuma izstarojot saldumu un rota\u013c\u012bgumu.<\/div>\n<p>&nbsp;<\/p>\n<div class=\"auto-hide-last-sibling-br paragraph-qzbcQC paragraph-element br-paragraph-space\">Izgatavots no augst\u0101k\u0101s kvalit\u0101tes atmi\u0146as put\u0101m, tas ir komforta paraugs. T\u0101 viegli un viegli piel\u0101gojas b\u0113rna galvas unik\u0101laj\u0101m kont\u016br\u0101m, nodro\u0161inot \u012bpa\u0161i piel\u0101gotu atbalsta l\u012bmeni, kas ir gan maigs, gan nomierino\u0161s. Spilvena virsma ir burv\u012bgs audekls, ko rot\u0101 apburo\u0161as nejau\u0161as apdrukas, kas pie\u0161\u0137ir kapr\u012bzes un siltumu. Katra apdruka ir k\u0101 mazs st\u0101sts, kas papildina spilvena kop\u0113jo jaukumu.<\/div>\n<p>&nbsp;<\/p>\n<div class=\"auto-hide-last-sibling-br paragraph-qzbcQC paragraph-element br-paragraph-space\">Izm\u0113rs ir niec\u012bgs - 20*<em>22*<\/em>1,5 cm, tas lieliski iek\u013caujas mazu\u013ca gulti\u0146\u0101, radot m\u0101j\u012bgu patv\u0113rumu j\u016bsu mazulim. Iedom\u0101jieties, k\u0101 j\u016bsu d\u0101rgais z\u012bdainis gu\u013c sav\u0101 gulti\u0146\u0101, un vi\u0146a galvu maigi sedz \u0161is mazais \u0101bolu formas spilvens. Tas k\u013c\u016bst par m\u012bkstu, dro\u0161u vietu, kur vi\u0146\u0161 var iemigt mier\u012bg\u0101 mieg\u0101, ieskauts maig\u0101 atmi\u0146as putu un m\u012bl\u012bgo apdruku apsk\u0101vum\u0101.<\/div>\n<p>&nbsp;<\/p>\n<div class=\"auto-hide-last-sibling-br paragraph-qzbcQC paragraph-element br-paragraph-space\">Pirmaj\u0101s dien\u0101s, kad mazulis liel\u0101ko da\u013cu laika pavada mieg\u0101, spilvens Little Apple Memory Pillow ir past\u0101v\u012bgs komforta avots. Neatkar\u012bgi no t\u0101, vai tas ir \u012bss dienas miegs vai ilg\u0101ks nakts posms, \u0161is spilvens nodro\u0161ina vienm\u0113r\u012bgu un nomierino\u0161u virsmu. Tas ar\u012b k\u013c\u016bst par centr\u0101lo punktu b\u0113rnistab\u0101, papildinot kop\u0113jo dekoru ar jaukumu.<\/div>\n<p>&nbsp;<\/p>\n<div class=\"auto-hide-last-sibling-br paragraph-qzbcQC paragraph-element br-paragraph-space\">Vec\u0101ki ir uzslav\u0113ju\u0161i \u0161o apburo\u0161o spilvenu. \"Es esmu iem\u012bl\u0113jies Little Apple Memory spilven\u0101! Tas ir tik jauks, un mans jaundzimu\u0161ais \u0161\u0137iet daudz \u0113rt\u0101ks. Atmi\u0146as putas maina sp\u0113les gaitu,\" k\u0101da jaun\u0101 m\u0101mi\u0146a saj\u016bsmin\u0101j\u0101s. K\u0101ds t\u0113tis piebilda: \"Mums pat\u012bk, ka tas pie\u0161\u0137ir b\u0113rnistabai \u0161armu. T\u0101 ir labi tur\u0113jusies, un patie\u0161\u0101m \u0161\u0137iet, ka t\u0101 pal\u012bdz m\u016bsu mazulim lab\u0101k gul\u0113t.\"<\/div>\n<p>&nbsp;<\/p>\n<div class=\"auto-hide-last-sibling-br paragraph-qzbcQC paragraph-element br-paragraph-space\">B\u016bt\u012bb\u0101 Little Apple Memory Pillow ir harmonisks komforta, skaistuma un funkcionalit\u0101tes apvienojums. Tas nav tikai gultas piederums; t\u0101 ir v\u0113rt\u012bga j\u016bsu mazu\u013ca agr\u012bn\u0101s dz\u012bves sast\u0101vda\u013ca, kas katru miega piepild\u012btu mirkli piepilda ar miera un maiguma saj\u016btu.<\/div>\n<\/div>\n<\/div>\n<\/div>","protected":false},"excerpt":{"rendered":"<p>Little Apple Memory Pillow ir salds un praktisks miega spilvens, kas paredz\u0113ts z\u012bdai\u0146iem vecum\u0101 no 0 l\u012bdz 3 m\u0113ne\u0161iem. Tas ir veidots k\u0101 simp\u0101tisks \u0101bols un uzreiz piesaista uzman\u012bbu ar savu burv\u012bgo formu. Izgatavots no atmi\u0146as put\u0101m, tas m\u012bksti piel\u0101gojas mazu\u013ca galvai, nodro\u0161inot maigu un piel\u0101gotu atbalstu. Virsma ir rot\u0101ta ar burv\u012bgiem nejau\u0161iem z\u012bm\u0113jumiem, kas pie\u0161\u0137ir tai m\u012b\u013cuma piesk\u0101rienu. Ar kompakto izm\u0113ru 20*<em>22*<\/em>1,5 cm, tas lieliski iek\u013caujas b\u0113rna gulti\u0146\u0101. \u0160is spilvens ne tikai pal\u012bdz saglab\u0101t mazu\u013ca galvas formu, bet ar\u012b nodro\u0161ina m\u0101j\u012bgu un \u0113rtu atp\u016btas vietu, radot mier\u012bgu vidi b\u0113rna mier\u012bgam miegam.<\/p>","protected":false},"featured_media":3384,"comment_status":"open","ping_status":"closed","template":"","meta":{"_uag_custom_page_level_css":"","site-sidebar-layout":"default","site-content-layout":"","ast-site-content-layout":"default","site-content-style":"default","site-sidebar-style":"default","ast-global-header-display":"","ast-banner-title-visibility":"","ast-main-header-display":"","ast-hfb-above-header-display":"","ast-hfb-below-header-display":"","ast-hfb-mobile-header-display":"","site-post-title":"","ast-breadcrumbs-content":"","ast-featured-img":"","footer-sml-layout":"","ast-disable-related-posts":"","theme-transparent-header-meta":"default","adv-header-id-meta":"","stick-header-meta":"","header-above-stick-meta":"","header-main-stick-meta":"","header-below-stick-meta":"","astra-migrate-meta-layouts":"set","ast-page-background-enabled":"default","ast-page-background-meta":{"desktop":{"background-color":"","background-image":"","background-repeat":"repeat","background-position":"center center","background-size":"auto","background-attachment":"scroll","background-type":"","background-media":"","overlay-type":"","overlay-color":"","overlay-opacity":"","overlay-gradient":""},"tablet":{"background-color":"","background-image":"","background-repeat":"repeat","background-position":"center center","background-size":"auto","background-attachment":"scroll","background-type":"","background-media":"","overlay-type":"","overlay-color":"","overlay-opacity":"","overlay-gradient":""},"mobile":{"background-color":"","background-image":"","background-repeat":"repeat","background-position":"center center","background-size":"auto","background-attachment":"scroll","background-type":"","background-media":"","overlay-type":"","overlay-color":"","overlay-opacity":"","overlay-gradient":""}},"ast-content-background-meta":{"desktop":{"background-color":"var(--ast-global-color-5)","background-image":"","background-repeat":"repeat","background-position":"center center","background-size":"auto","background-attachment":"scroll","background-type":"","background-media":"","overlay-type":"","overlay-color":"","overlay-opacity":"","overlay-gradient":""},"tablet":{"background-color":"var(--ast-global-color-5)","background-image":"","background-repeat":"repeat","background-position":"center center","background-size":"auto","background-attachment":"scroll","background-type":"","background-media":"","overlay-type":"","overlay-color":"","overlay-opacity":"","overlay-gradient":""},"mobile":{"background-color":"var(--ast-global-color-5)","background-image":"","background-repeat":"repeat","background-position":"center center","background-size":"auto","background-attachment":"scroll","background-type":"","background-media":"","overlay-type":"","overlay-color":"","overlay-opacity":"","overlay-gradient":""}}},"product_brand":[],"product_cat":[54,42],"product_tag":[70,68,71,69],"class_list":{"0":"post-3383","1":"product","2":"type-product","3":"status-publish","4":"has-post-thumbnail","6":"product_cat-0-to-6months","7":"product_cat-merchandise","8":"product_tag-babypillow","9":"product_tag-cuteanimalpillow","10":"product_tag-headshapesupport","11":"product_tag-kouniushapingpillow","12":"desktop-align-left","13":"tablet-align-left","14":"mobile-align-left","16":"first","17":"instock","18":"shipping-taxable","19":"product-type-simple"},"aioseo_notices":[],"uagb_featured_image_src":{"full":["https:\/\/babypillowwholesale.com\/wp-content\/uploads\/2025\/04\/1003.jpg",1000,1000,false],"thumbnail":["https:\/\/babypillowwholesale.com\/wp-content\/uploads\/2025\/04\/1003-150x150.jpg",150,150,true],"medium":["https:\/\/babypillowwholesale.com\/wp-content\/uploads\/2025\/04\/1003-300x300.jpg",300,300,true],"medium_large":["https:\/\/babypillowwholesale.com\/wp-content\/uploads\/2025\/04\/1003-768x768.jpg",768,768,true],"large":["https:\/\/babypillowwholesale.com\/wp-content\/uploads\/2025\/04\/1003.jpg",1000,1000,false],"1536x1536":["https:\/\/babypillowwholesale.com\/wp-content\/uploads\/2025\/04\/1003.jpg",1000,1000,false],"2048x2048":["https:\/\/babypillowwholesale.com\/wp-content\/uploads\/2025\/04\/1003.jpg",1000,1000,false],"trp-custom-language-flag":["https:\/\/babypillowwholesale.com\/wp-content\/uploads\/2025\/04\/1003.jpg",12,12,false],"woocommerce_thumbnail":["https:\/\/babypillowwholesale.com\/wp-content\/uploads\/2025\/04\/1003-300x300.jpg",300,300,true],"woocommerce_single":["https:\/\/babypillowwholesale.com\/wp-content\/uploads\/2025\/04\/1003-600x600.jpg",600,600,true],"woocommerce_gallery_thumbnail":["https:\/\/babypillowwholesale.com\/wp-content\/uploads\/2025\/04\/1003-100x100.jpg",100,100,true]},"uagb_author_info":{"display_name":"Etnen zhong","author_link":"https:\/\/babypillowwholesale.com\/lv\/author\/"},"uagb_comment_info":0,"uagb_excerpt":"The Little Apple Memory Pillow is a sweet and practical sleep essential designed for infants aged 0 - 3 months. Shaped like a cute apple, it immediately catches the eye with its adorable form. Made of memory foam, it softly conforms to the baby's head, providing gentle and customized support. The surface is decorated with&hellip;","jetpack_sharing_enabled":true,"_links":{"self":[{"href":"https:\/\/babypillowwholesale.com\/lv\/wp-json\/wp\/v2\/product\/3383","targetHints":{"allow":["GET"]}}],"collection":[{"href":"https:\/\/babypillowwholesale.com\/lv\/wp-json\/wp\/v2\/product"}],"about":[{"href":"https:\/\/babypillowwholesale.com\/lv\/wp-json\/wp\/v2\/types\/product"}],"replies":[{"embeddable":true,"href":"https:\/\/babypillowwholesale.com\/lv\/wp-json\/wp\/v2\/comments?post=3383"}],"wp:featuredmedia":[{"embeddable":true,"href":"https:\/\/babypillowwholesale.com\/lv\/wp-json\/wp\/v2\/media\/3384"}],"wp:attachment":[{"href":"https:\/\/babypillowwholesale.com\/lv\/wp-json\/wp\/v2\/media?parent=3383"}],"wp:term":[{"taxonomy":"product_brand","embeddable":true,"href":"https:\/\/babypillowwholesale.com\/lv\/wp-json\/wp\/v2\/product_brand?post=3383"},{"taxonomy":"product_cat","embeddable":true,"href":"https:\/\/babypillowwholesale.com\/lv\/wp-json\/wp\/v2\/product_cat?post=3383"},{"taxonomy":"product_tag","embeddable":true,"href":"https:\/\/babypillowwholesale.com\/lv\/wp-json\/wp\/v2\/product_tag?post=3383"}],"curies":[{"name":"wp","href":"https:\/\/api.w.org\/{rel}","templated":true}]}}