{"id":3380,"date":"2025-04-11T07:23:24","date_gmt":"2025-04-11T07:23:24","guid":{"rendered":"https:\/\/babypillowwholesale.com\/?post_type=product&#038;p=3380"},"modified":"2025-06-08T08:11:45","modified_gmt":"2025-06-08T08:11:45","slug":"little-bear-memory-pillow","status":"publish","type":"product","link":"https:\/\/babypillowwholesale.com\/lv\/product\/little-bear-memory-pillow\/","title":{"rendered":"Mazais l\u0101c\u0113ns Atmi\u0146as spilvens"},"content":{"rendered":"<div class=\"auto-hide-last-sibling-br paragraph-qzbcQC paragraph-element br-paragraph-space\" data-immersive-translate-walked=\"8e61f2e7-6af2-46e5-9672-3b9e4f4033d9\" data-immersive-translate-paragraph=\"1\">\n<div class=\"auto-hide-last-sibling-br paragraph-qzbcQC paragraph-element br-paragraph-space\">\n<div class=\"auto-hide-last-sibling-br paragraph-qzbcQC paragraph-element br-paragraph-space\">Iepaz\u012bstin\u0101m ar Little Bear Memory Pillow, maigu un b\u016btisku miega pal\u012bgu, kas r\u016bp\u012bgi izstr\u0101d\u0101ts z\u012bdai\u0146iem no 0 l\u012bdz 6 m\u0113ne\u0161iem. \u0160is spilvens ir komforta paraugs, kas izgatavots no augst\u0101k\u0101s kvalit\u0101tes atmi\u0146as put\u0101m, kuras graciozi piel\u0101gojas mazu\u013ca galvas kont\u016br\u0101m. Tas pied\u0101v\u0101 individu\u0101lu apsk\u0101vienu, nodro\u0161inot maigu, bet vienlaikus atbalsto\u0161u komfortu, kas ir \u013coti svar\u012bgi mazu\u013ca augo\u0161ajai galvas formai.<\/div>\n<p>&nbsp;<\/p>\n<div class=\"auto-hide-last-sibling-br paragraph-qzbcQC paragraph-element br-paragraph-space\">Spilvena virsma ir m\u012bl\u012bgs audekls, ko rot\u0101 virkne apburo\u0161u izlases apdruku ar burv\u012bgiem l\u0101\u010du mot\u012bviem. Katrs l\u0101cis ar savu burv\u012bgo sejas izteiksmi un rota\u013c\u012bgo uzved\u012bbu pie\u0161\u0137ir dvesmu un siltumu, padarot spilvenu ne tikai par funkcion\u0101lu priek\u0161metu, bet ar\u012b par vizu\u0101la prieka avotu.<\/div>\n<p>&nbsp;<\/p>\n<div class=\"auto-hide-last-sibling-br paragraph-qzbcQC paragraph-element br-paragraph-space\">Kompakts 25* izm\u0113rs<em>20*<\/em>1,5 cm, tas ir ide\u0101li piem\u0113rots mazu\u013ca gulti\u0146ai vai b\u0113rnu gulti\u0146ai. Iedom\u0101jieties savu d\u0101rgo z\u012bdaini, kas gul\u0161\u0146o sav\u0101 m\u0101j\u012bgaj\u0101 gu\u013cviet\u0101, un vi\u0146a maz\u0101 galvi\u0146a maigi balst\u0101s uz \u0161\u012b spilvena. Tas k\u013c\u016bst par maiguma o\u0101zi, vietu, kur vi\u0146i var aizrauties mier\u012bg\u0101 mieg\u0101, ieskauti mierino\u0161\u0101 l\u0101\u010du z\u012bm\u0113jumu kl\u0101tb\u016btn\u0113.<\/div>\n<p>&nbsp;<\/p>\n<div class=\"auto-hide-last-sibling-br paragraph-qzbcQC paragraph-element br-paragraph-space\">Pirmaj\u0101s dien\u0101s, kad j\u016bsu mazulis visu dienu \u012bsi snau\u017e, spilvens Little Bear Memory Pillow nodro\u0161ina stabilu un \u0113rtu vietu. Tas ir ar\u012b nomierino\u0161s papildin\u0101jums nakts miega laik\u0101, pal\u012bdzot mazulim justies dro\u0161i un mier\u012bgi.<\/div>\n<p>&nbsp;<\/p>\n<div class=\"auto-hide-last-sibling-br paragraph-qzbcQC paragraph-element br-paragraph-space\">Vec\u0101ki ir biju\u0161i saj\u016bsm\u0101 par \u0161o produktu. \"\u0160is Little Bear Memory Pillow ir sp\u0113les main\u012bt\u0101js! Manam jaundzimu\u0161ajam \u0161\u0137iet daudz \u0113rt\u0101k, un man pat\u012bk jaukie l\u0101\u010du raksti. Tas dod man sirdsmieru, zinot, ka tas ar\u012b pal\u012bdz veidot galvu,\" priec\u0101jas k\u0101da jaun\u0101 m\u0101mi\u0146a. K\u0101ds t\u0113tis piebilda: \"M\u0113s esam patiesi p\u0101rsteigti par kvalit\u0101ti. Tas ir labi tur\u0113jies, un tas ir k\u013cuvis par m\u016bsu mazu\u013ca miega komplekta neat\u0146emamu sast\u0101vda\u013cu.\"<\/div>\n<p>&nbsp;<\/p>\n<div class=\"auto-hide-last-sibling-br paragraph-qzbcQC paragraph-element br-paragraph-space\">B\u016bt\u012bb\u0101 mazais l\u0101c\u0113ns Memory Pillow ir harmonisks komforta, skaistuma un funkcionalit\u0101tes apvienojums. Tas nav tikai gultas piederums, tas ir lolota j\u016bsu mazu\u013ca agr\u012bno dienu sast\u0101vda\u013ca, kas katru miega br\u012bdi piepilda ar dro\u0161\u012bbas un maiguma saj\u016btu.<\/div>\n<\/div>\n<\/div>","protected":false},"excerpt":{"rendered":"<p>Mazais l\u0101c\u0113ns Memory Pillow ir maigs un funkcion\u0101ls miega piederums, kas paredz\u0113ts z\u012bdai\u0146iem vecum\u0101 no 0 l\u012bdz 6 m\u0113ne\u0161iem. Izgatavots no atmi\u0146as put\u0101m, tas maigi piel\u0101gojas mazu\u013ca galvas formai, nodro\u0161inot piel\u0101gotu atbalstu. T\u0101 virsmu rot\u0101 m\u012b\u013cas l\u0101c\u012b\u0161u mot\u012bvu izlases apdrukas, kas pie\u0161\u0137ir \u0161armu. Kompaktais izm\u0113rs - 25*<em>20*<\/em>1,5 cm, tas ir piem\u0113rots mazu\u013ca gulti\u0146ai vai b\u0113rnu gulti\u0146ai. \u0160is spilvens ne tikai pal\u012bdz saglab\u0101t mazu\u013ca galvas formu, bet ar\u012b nodro\u0161ina m\u012bkstu un \u0113rtu atp\u016btas vietu, radot m\u0101j\u012bgu vidi mazu\u013ca miegam.<\/p>","protected":false},"featured_media":3381,"comment_status":"open","ping_status":"closed","template":"","meta":{"_uag_custom_page_level_css":"","site-sidebar-layout":"default","site-content-layout":"","ast-site-content-layout":"default","site-content-style":"default","site-sidebar-style":"default","ast-global-header-display":"","ast-banner-title-visibility":"","ast-main-header-display":"","ast-hfb-above-header-display":"","ast-hfb-below-header-display":"","ast-hfb-mobile-header-display":"","site-post-title":"","ast-breadcrumbs-content":"","ast-featured-img":"","footer-sml-layout":"","ast-disable-related-posts":"","theme-transparent-header-meta":"default","adv-header-id-meta":"","stick-header-meta":"","header-above-stick-meta":"","header-main-stick-meta":"","header-below-stick-meta":"","astra-migrate-meta-layouts":"set","ast-page-background-enabled":"default","ast-page-background-meta":{"desktop":{"background-color":"","background-image":"","background-repeat":"repeat","background-position":"center center","background-size":"auto","background-attachment":"scroll","background-type":"","background-media":"","overlay-type":"","overlay-color":"","overlay-opacity":"","overlay-gradient":""},"tablet":{"background-color":"","background-image":"","background-repeat":"repeat","background-position":"center center","background-size":"auto","background-attachment":"scroll","background-type":"","background-media":"","overlay-type":"","overlay-color":"","overlay-opacity":"","overlay-gradient":""},"mobile":{"background-color":"","background-image":"","background-repeat":"repeat","background-position":"center center","background-size":"auto","background-attachment":"scroll","background-type":"","background-media":"","overlay-type":"","overlay-color":"","overlay-opacity":"","overlay-gradient":""}},"ast-content-background-meta":{"desktop":{"background-color":"var(--ast-global-color-5)","background-image":"","background-repeat":"repeat","background-position":"center center","background-size":"auto","background-attachment":"scroll","background-type":"","background-media":"","overlay-type":"","overlay-color":"","overlay-opacity":"","overlay-gradient":""},"tablet":{"background-color":"var(--ast-global-color-5)","background-image":"","background-repeat":"repeat","background-position":"center center","background-size":"auto","background-attachment":"scroll","background-type":"","background-media":"","overlay-type":"","overlay-color":"","overlay-opacity":"","overlay-gradient":""},"mobile":{"background-color":"var(--ast-global-color-5)","background-image":"","background-repeat":"repeat","background-position":"center center","background-size":"auto","background-attachment":"scroll","background-type":"","background-media":"","overlay-type":"","overlay-color":"","overlay-opacity":"","overlay-gradient":""}}},"product_brand":[],"product_cat":[54,42],"product_tag":[70,68,71,69],"class_list":{"0":"post-3380","1":"product","2":"type-product","3":"status-publish","4":"has-post-thumbnail","6":"product_cat-0-to-6months","7":"product_cat-merchandise","8":"product_tag-babypillow","9":"product_tag-cuteanimalpillow","10":"product_tag-headshapesupport","11":"product_tag-kouniushapingpillow","12":"desktop-align-left","13":"tablet-align-left","14":"mobile-align-left","16":"first","17":"instock","18":"shipping-taxable","19":"product-type-simple"},"aioseo_notices":[],"uagb_featured_image_src":{"full":["https:\/\/babypillowwholesale.com\/wp-content\/uploads\/2025\/04\/1002.jpg",1000,1000,false],"thumbnail":["https:\/\/babypillowwholesale.com\/wp-content\/uploads\/2025\/04\/1002-150x150.jpg",150,150,true],"medium":["https:\/\/babypillowwholesale.com\/wp-content\/uploads\/2025\/04\/1002-300x300.jpg",300,300,true],"medium_large":["https:\/\/babypillowwholesale.com\/wp-content\/uploads\/2025\/04\/1002-768x768.jpg",768,768,true],"large":["https:\/\/babypillowwholesale.com\/wp-content\/uploads\/2025\/04\/1002.jpg",1000,1000,false],"1536x1536":["https:\/\/babypillowwholesale.com\/wp-content\/uploads\/2025\/04\/1002.jpg",1000,1000,false],"2048x2048":["https:\/\/babypillowwholesale.com\/wp-content\/uploads\/2025\/04\/1002.jpg",1000,1000,false],"trp-custom-language-flag":["https:\/\/babypillowwholesale.com\/wp-content\/uploads\/2025\/04\/1002.jpg",12,12,false],"woocommerce_thumbnail":["https:\/\/babypillowwholesale.com\/wp-content\/uploads\/2025\/04\/1002-300x300.jpg",300,300,true],"woocommerce_single":["https:\/\/babypillowwholesale.com\/wp-content\/uploads\/2025\/04\/1002-600x600.jpg",600,600,true],"woocommerce_gallery_thumbnail":["https:\/\/babypillowwholesale.com\/wp-content\/uploads\/2025\/04\/1002-100x100.jpg",100,100,true]},"uagb_author_info":{"display_name":"Etnen zhong","author_link":"https:\/\/babypillowwholesale.com\/lv\/author\/"},"uagb_comment_info":0,"uagb_excerpt":"The Little Bear Memory Pillow is a delicate and functional sleep accessory designed for infants aged 0 - 6 months. Made with memory foam, it gently conforms to the shape of the baby's head, providing customized support. Its surface is adorned with cute random prints of little bear motifs, adding an element of charm. With&hellip;","jetpack_sharing_enabled":true,"_links":{"self":[{"href":"https:\/\/babypillowwholesale.com\/lv\/wp-json\/wp\/v2\/product\/3380","targetHints":{"allow":["GET"]}}],"collection":[{"href":"https:\/\/babypillowwholesale.com\/lv\/wp-json\/wp\/v2\/product"}],"about":[{"href":"https:\/\/babypillowwholesale.com\/lv\/wp-json\/wp\/v2\/types\/product"}],"replies":[{"embeddable":true,"href":"https:\/\/babypillowwholesale.com\/lv\/wp-json\/wp\/v2\/comments?post=3380"}],"wp:featuredmedia":[{"embeddable":true,"href":"https:\/\/babypillowwholesale.com\/lv\/wp-json\/wp\/v2\/media\/3381"}],"wp:attachment":[{"href":"https:\/\/babypillowwholesale.com\/lv\/wp-json\/wp\/v2\/media?parent=3380"}],"wp:term":[{"taxonomy":"product_brand","embeddable":true,"href":"https:\/\/babypillowwholesale.com\/lv\/wp-json\/wp\/v2\/product_brand?post=3380"},{"taxonomy":"product_cat","embeddable":true,"href":"https:\/\/babypillowwholesale.com\/lv\/wp-json\/wp\/v2\/product_cat?post=3380"},{"taxonomy":"product_tag","embeddable":true,"href":"https:\/\/babypillowwholesale.com\/lv\/wp-json\/wp\/v2\/product_tag?post=3380"}],"curies":[{"name":"wp","href":"https:\/\/api.w.org\/{rel}","templated":true}]}}