{"id":3354,"date":"2025-04-05T16:35:59","date_gmt":"2025-04-05T16:35:59","guid":{"rendered":"https:\/\/babypillowwholesale.com\/?post_type=product&#038;p=3354"},"modified":"2025-06-08T11:35:20","modified_gmt":"2025-06-08T11:35:20","slug":"hydrophilic-sponge-infant-pillow-2","status":"publish","type":"product","link":"https:\/\/babypillowwholesale.com\/lv\/product\/hydrophilic-sponge-infant-pillow-2\/","title":{"rendered":"Hidrof\u012bl\u0101 s\u016bk\u013ca z\u012bdai\u0146u spilvens"},"content":{"rendered":"<div class=\"auto-hide-last-sibling-br paragraph-qzbcQC paragraph-element br-paragraph-space\" data-immersive-translate-walked=\"8e61f2e7-6af2-46e5-9672-3b9e4f4033d9\" data-immersive-translate-paragraph=\"1\">\n<div class=\"auto-hide-last-sibling-br paragraph-qzbcQC paragraph-element br-paragraph-space\">\n<div class=\"auto-hide-last-sibling-br paragraph-qzbcQC paragraph-element br-paragraph-space\">\n<div class=\"auto-hide-last-sibling-br paragraph-qzbcQC paragraph-element br-paragraph-space\">\n<div class=\"auto-hide-last-sibling-br paragraph-qzbcQC paragraph-element br-paragraph-space\">\n<div class=\"auto-hide-last-sibling-br paragraph-qzbcQC paragraph-element br-paragraph-space\">\n<div class=\"auto-hide-last-sibling-br paragraph-qzbcQC paragraph-element br-paragraph-space\">\n<div class=\"auto-hide-last-sibling-br paragraph-qzbcQC paragraph-element br-paragraph-space\">\n<div class=\"auto-hide-last-sibling-br paragraph-qzbcQC paragraph-element br-paragraph-space\">\n<div class=\"auto-hide-last-sibling-br paragraph-qzbcQC paragraph-element br-paragraph-space\">\n<div class=\"auto-hide-last-sibling-br paragraph-qzbcQC paragraph-element br-paragraph-space\">\n<div class=\"auto-hide-last-sibling-br paragraph-qzbcQC paragraph-element br-paragraph-space\">\n<div class=\"auto-hide-last-sibling-br paragraph-qzbcQC paragraph-element br-paragraph-space\">\n<div class=\"auto-hide-last-sibling-br paragraph-qzbcQC paragraph-element br-paragraph-space\">\n<div class=\"auto-hide-last-sibling-br paragraph-qzbcQC paragraph-element br-paragraph-space\">\n<div class=\"auto-hide-last-sibling-br paragraph-qzbcQC paragraph-element br-paragraph-space\">\n<div class=\"auto-hide-last-sibling-br paragraph-qzbcQC paragraph-element br-paragraph-space\">Iepaz\u012bstin\u0101m ar hidrof\u012blo s\u016bk\u013ca spilvenu z\u012bdai\u0146iem - burv\u012bgu un b\u016btisku miega pal\u012bgl\u012bdzekli, kas piel\u0101gots b\u0113rniem vecum\u0101 no 1 l\u012bdz 3 gadiem. Tas ir r\u016bp\u012bgi izgatavots no augstas kvalit\u0101tes hidrof\u012bl\u0101 s\u016bk\u013ca, ir samtaini m\u012bksts un maigs, radot komforta o\u0101zi, kas j\u016bsu mazuli iemidzina mier\u012bg\u0101 mieg\u0101.<\/div>\n<p>&nbsp;<\/p>\n<div class=\"auto-hide-last-sibling-br paragraph-qzbcQC paragraph-element br-paragraph-space\">Iedvesmojoties no neatvair\u0101mi gudras c\u016bkas, spilvena dizains ir k\u0101 simfonija. T\u0101 smalk\u0101s ausis, ide\u0101li apa\u013cais deguns un saldi s\u0101rtie vaigi rada siltuma un rota\u013c\u012bguma saj\u016btu, padarot to par t\u016bl\u012bt\u0113ju j\u016bsu b\u0113rna favor\u012btu. Izm\u0113rs: 40*<em>24*<\/em>3CM, tas nodro\u0161ina optim\u0101lu atbalstu galvai un kaklam, veicinot vesel\u012bgu un \u0113rtu miega pozu.<\/div>\n<p>&nbsp;<\/p>\n<div class=\"auto-hide-last-sibling-br paragraph-qzbcQC paragraph-element br-paragraph-space\">Tas ir pieejams roz\u0101 un za\u013c\u0101s kr\u0101s\u0101s, t\u0101p\u0113c viegli papildina jebkuru b\u0113rnistabas dekoru, pie\u0161\u0137irot tam kr\u0101sas un \u0161armu. Iedom\u0101jieties, k\u0101 j\u016bsu b\u0113rns pirms gul\u0113tie\u0161anas piegu\u013c pie \u0161\u012b burv\u012bg\u0101 spilvena. Tas k\u013c\u016bst par uzticamu draugu, sniedzot dro\u0161\u012bbas un komforta saj\u016btu, kas pal\u012bdz b\u0113rnam viegli aizmigt sap\u0146u zem\u0113. Dienas laik\u0101 tas var kalpot k\u0101 rota\u013c\u012bgs rekviz\u012bts vi\u0146u izt\u0113les sp\u0113l\u0113s vai m\u012bksta vieta, kur atp\u016bsties \u012bsas snaudas laik\u0101 uz gr\u012bdas viesistab\u0101.<\/div>\n<p>&nbsp;<\/p>\n<div class=\"auto-hide-last-sibling-br paragraph-qzbcQC paragraph-element br-paragraph-space\">Vec\u0101ki atzin\u012bgi v\u0113rt\u0113 \u0161o apburo\u0161o spilvenu. \"Mans 2 gadus vecais b\u0113rns absol\u016bti dievina \u0161o c\u016bkas formas spilvenu! Tas ir tik m\u012bksts, un gudrais dizains padara to par spilvenu pirms gul\u0113tie\u0161anas. Tas ir k\u013cuvis par neat\u0146emamu vi\u0146u miega rut\u012bnas sast\u0101vda\u013cu,\" priec\u012bga mamma dal\u012bj\u0101s pieredz\u0113. K\u0101ds t\u0113tis piebilda: \"Mums pat\u012bk, ka tas pie\u0161\u0137ir m\u016bsu b\u0113rna istabai m\u012b\u013cumu. Tas ir ar\u012b iztur\u012bgs, jo iztur visus apsk\u0101vienus un m\u0113t\u0101\u0161anos. Lielisks ieguld\u012bjums!\"<\/div>\n<p>&nbsp;<\/p>\n<div class=\"auto-hide-last-sibling-br paragraph-qzbcQC paragraph-element br-paragraph-space\">B\u016bt\u012bb\u0101 hidrof\u012bl\u0101 s\u016bk\u013ca z\u012bdai\u0146u spilvens ir kas vair\u0101k nek\u0101 tikai gultas piederums; tas ir m\u012b\u013c\u0161 pal\u012bgs, kas bag\u0101tina katru d\u0101rgo mirkli j\u016bsu b\u0113rna agr\u012bnajos gados, nevainojami apvienojot komfortu, skaistumu un funkcionalit\u0101ti.<\/div>\n<\/div>\n<\/div>\n<\/div>\n<\/div>\n<\/div>\n<\/div>\n<\/div>\n<\/div>\n<\/div>\n<\/div>\n<\/div>\n<\/div>\n<\/div>\n<\/div>\n<\/div>\n<\/div>","protected":false},"excerpt":{"rendered":"<div class=\"container-QE4ayg\">\n<div class=\"item-jU10IN\">\n<div class=\"container-jODEnh chrome70-container\">\n<div class=\"inner-eE95c9 inner-item-aL3Ui_\" data-target-id=\"message-box-target-id\" data-testid=\"union_message\">\n<div class=\"message-block-container-liuetz\" data-testid=\"message-block-container\">\n<div class=\"message-box-ZWbBdF\" data-testid=\"receive_message\">\n<div class=\"message-box-content-wrapper-srHdUj\">\n<div class=\"message-content message-box-content-otxGGw receive-message-box-content-_lREFj samantha-message-box-content-Qjmpja\" data-testid=\"message_content\">\n<div class=\"container-hfX5E8 flow-markdown-body theme-samantha-yJEgBp\" dir=\"ltr\" data-testid=\"message_text_content\" data-show-indicator=\"false\">\n<div class=\"auto-hide-last-sibling-br paragraph-qzbcQC paragraph-element br-paragraph-space\">\n<div class=\"container-QE4ayg\">\n<div class=\"item-jU10IN\">\n<div class=\"container-jODEnh chrome70-container\">\n<div class=\"inner-eE95c9 inner-item-aL3Ui_\" data-target-id=\"message-box-target-id\" data-testid=\"union_message\">\n<div class=\"message-block-container-liuetz\" data-testid=\"message-block-container\">\n<div class=\"message-box-ZWbBdF\" data-testid=\"receive_message\">\n<div class=\"message-box-content-wrapper-srHdUj\">\n<div class=\"message-content message-box-content-otxGGw receive-message-box-content-_lREFj samantha-message-box-content-Qjmpja\" data-testid=\"message_content\">\n<div class=\"container-hfX5E8 flow-markdown-body theme-samantha-yJEgBp\" dir=\"ltr\" data-testid=\"message_text_content\" data-show-indicator=\"false\">\n<div class=\"auto-hide-last-sibling-br paragraph-qzbcQC paragraph-element br-paragraph-space\">Z\u012bdai\u0146u spilvens ar hidrof\u012blo s\u016bkli ir ide\u0101ls miega pal\u012bgs b\u0113rniem vecum\u0101 no 1 l\u012bdz 3 gadiem. Izgatavots no hidrof\u012bl\u0101 s\u016bk\u013ca, tas ir m\u012bksts un maigs, nodro\u0161inot mazulim \u0113rtu un m\u0101j\u012bgu miegu. T\u0101 dizainu iedvesmojis simp\u0101tisks c\u016bci\u0146as t\u0113ls ar t\u0101d\u0101m burv\u012bg\u0101m iez\u012bm\u0113m k\u0101 mazas ausis, apa\u013c\u0161 deguns un s\u0101rti vaigi, kas pie\u0161\u0137ir tam burv\u012bgu un rota\u013c\u012bgu elementu. Izm\u0113rs 40*<em>24*<\/em>3CM, tas nodro\u0161ina pien\u0101c\u012bgu atbalstu galvai un kaklam. Pieejams roz\u0101 un za\u013c\u0101 kr\u0101s\u0101, t\u0101p\u0113c tas var sader\u0113t ar da\u017e\u0101diem b\u0113rnistabas dekoriem. \u0160is spilvens ne tikai pal\u012bdz j\u016bsu b\u0113rnam baud\u012bt mier\u012bgu miegu, bet ar\u012b pie\u0161\u0137ir siltu un m\u012b\u013cu noska\u0146u vi\u0146a gul\u0113tie\u0161anas rut\u012bnai.<\/div>\n<\/div>\n<\/div>\n<\/div>\n<\/div>\n<\/div>\n<\/div>\n<\/div>\n<\/div>\n<\/div>\n<\/div>\n<\/div>\n<\/div>\n<\/div>\n<\/div>\n<\/div>\n<\/div>\n<\/div>\n<\/div>\n<\/div>","protected":false},"featured_media":3355,"comment_status":"open","ping_status":"closed","template":"","meta":{"_uag_custom_page_level_css":"","site-sidebar-layout":"default","site-content-layout":"","ast-site-content-layout":"default","site-content-style":"default","site-sidebar-style":"default","ast-global-header-display":"","ast-banner-title-visibility":"","ast-main-header-display":"","ast-hfb-above-header-display":"","ast-hfb-below-header-display":"","ast-hfb-mobile-header-display":"","site-post-title":"","ast-breadcrumbs-content":"","ast-featured-img":"","footer-sml-layout":"","ast-disable-related-posts":"","theme-transparent-header-meta":"default","adv-header-id-meta":"","stick-header-meta":"","header-above-stick-meta":"","header-main-stick-meta":"","header-below-stick-meta":"","astra-migrate-meta-layouts":"set","ast-page-background-enabled":"default","ast-page-background-meta":{"desktop":{"background-color":"","background-image":"","background-repeat":"repeat","background-position":"center center","background-size":"auto","background-attachment":"scroll","background-type":"","background-media":"","overlay-type":"","overlay-color":"","overlay-opacity":"","overlay-gradient":""},"tablet":{"background-color":"","background-image":"","background-repeat":"repeat","background-position":"center center","background-size":"auto","background-attachment":"scroll","background-type":"","background-media":"","overlay-type":"","overlay-color":"","overlay-opacity":"","overlay-gradient":""},"mobile":{"background-color":"","background-image":"","background-repeat":"repeat","background-position":"center center","background-size":"auto","background-attachment":"scroll","background-type":"","background-media":"","overlay-type":"","overlay-color":"","overlay-opacity":"","overlay-gradient":""}},"ast-content-background-meta":{"desktop":{"background-color":"var(--ast-global-color-5)","background-image":"","background-repeat":"repeat","background-position":"center center","background-size":"auto","background-attachment":"scroll","background-type":"","background-media":"","overlay-type":"","overlay-color":"","overlay-opacity":"","overlay-gradient":""},"tablet":{"background-color":"var(--ast-global-color-5)","background-image":"","background-repeat":"repeat","background-position":"center center","background-size":"auto","background-attachment":"scroll","background-type":"","background-media":"","overlay-type":"","overlay-color":"","overlay-opacity":"","overlay-gradient":""},"mobile":{"background-color":"var(--ast-global-color-5)","background-image":"","background-repeat":"repeat","background-position":"center center","background-size":"auto","background-attachment":"scroll","background-type":"","background-media":"","overlay-type":"","overlay-color":"","overlay-opacity":"","overlay-gradient":""}}},"product_brand":[],"product_cat":[56,42],"product_tag":[70,68,71,69],"class_list":{"0":"post-3354","1":"product","2":"type-product","3":"status-publish","4":"has-post-thumbnail","6":"product_cat-1-to-3-years","7":"product_cat-merchandise","8":"product_tag-babypillow","9":"product_tag-cuteanimalpillow","10":"product_tag-headshapesupport","11":"product_tag-kouniushapingpillow","12":"desktop-align-left","13":"tablet-align-left","14":"mobile-align-left","16":"first","17":"instock","18":"shipping-taxable","19":"product-type-simple"},"aioseo_notices":[],"uagb_featured_image_src":{"full":["https:\/\/babypillowwholesale.com\/wp-content\/uploads\/2025\/04\/1617.jpg",1000,1000,false],"thumbnail":["https:\/\/babypillowwholesale.com\/wp-content\/uploads\/2025\/04\/1617-150x150.jpg",150,150,true],"medium":["https:\/\/babypillowwholesale.com\/wp-content\/uploads\/2025\/04\/1617-300x300.jpg",300,300,true],"medium_large":["https:\/\/babypillowwholesale.com\/wp-content\/uploads\/2025\/04\/1617-768x768.jpg",768,768,true],"large":["https:\/\/babypillowwholesale.com\/wp-content\/uploads\/2025\/04\/1617.jpg",1000,1000,false],"1536x1536":["https:\/\/babypillowwholesale.com\/wp-content\/uploads\/2025\/04\/1617.jpg",1000,1000,false],"2048x2048":["https:\/\/babypillowwholesale.com\/wp-content\/uploads\/2025\/04\/1617.jpg",1000,1000,false],"trp-custom-language-flag":["https:\/\/babypillowwholesale.com\/wp-content\/uploads\/2025\/04\/1617.jpg",12,12,false],"woocommerce_thumbnail":["https:\/\/babypillowwholesale.com\/wp-content\/uploads\/2025\/04\/1617-300x300.jpg",300,300,true],"woocommerce_single":["https:\/\/babypillowwholesale.com\/wp-content\/uploads\/2025\/04\/1617-600x600.jpg",600,600,true],"woocommerce_gallery_thumbnail":["https:\/\/babypillowwholesale.com\/wp-content\/uploads\/2025\/04\/1617-100x100.jpg",100,100,true]},"uagb_author_info":{"display_name":"Etnen zhong","author_link":"https:\/\/babypillowwholesale.com\/lv\/author\/"},"uagb_comment_info":0,"uagb_excerpt":"The Hydrophilic Sponge Infant Pillow is an ideal sleep companion for children aged 1 - 3 years. Crafted from hydrophilic sponge, it offers a soft and gentle touch, ensuring a comfortable and cozy sleeping experience for your little one. Its design is inspired by a cute pig, with adorable features like small ears, a round&hellip;","jetpack_sharing_enabled":true,"_links":{"self":[{"href":"https:\/\/babypillowwholesale.com\/lv\/wp-json\/wp\/v2\/product\/3354","targetHints":{"allow":["GET"]}}],"collection":[{"href":"https:\/\/babypillowwholesale.com\/lv\/wp-json\/wp\/v2\/product"}],"about":[{"href":"https:\/\/babypillowwholesale.com\/lv\/wp-json\/wp\/v2\/types\/product"}],"replies":[{"embeddable":true,"href":"https:\/\/babypillowwholesale.com\/lv\/wp-json\/wp\/v2\/comments?post=3354"}],"wp:featuredmedia":[{"embeddable":true,"href":"https:\/\/babypillowwholesale.com\/lv\/wp-json\/wp\/v2\/media\/3355"}],"wp:attachment":[{"href":"https:\/\/babypillowwholesale.com\/lv\/wp-json\/wp\/v2\/media?parent=3354"}],"wp:term":[{"taxonomy":"product_brand","embeddable":true,"href":"https:\/\/babypillowwholesale.com\/lv\/wp-json\/wp\/v2\/product_brand?post=3354"},{"taxonomy":"product_cat","embeddable":true,"href":"https:\/\/babypillowwholesale.com\/lv\/wp-json\/wp\/v2\/product_cat?post=3354"},{"taxonomy":"product_tag","embeddable":true,"href":"https:\/\/babypillowwholesale.com\/lv\/wp-json\/wp\/v2\/product_tag?post=3354"}],"curies":[{"name":"wp","href":"https:\/\/api.w.org\/{rel}","templated":true}]}}