{"id":3345,"date":"2025-04-05T16:15:39","date_gmt":"2025-04-05T16:15:39","guid":{"rendered":"https:\/\/babypillowwholesale.com\/?post_type=product&#038;p=3345"},"modified":"2025-06-08T11:45:40","modified_gmt":"2025-06-08T11:45:40","slug":"happy-moments-soothing-pillow","status":"publish","type":"product","link":"https:\/\/babypillowwholesale.com\/lv\/product\/happy-moments-soothing-pillow\/","title":{"rendered":"Happy Moments nomierino\u0161s spilvens"},"content":{"rendered":"<div class=\"auto-hide-last-sibling-br paragraph-qzbcQC paragraph-element br-paragraph-space\" data-immersive-translate-walked=\"8e61f2e7-6af2-46e5-9672-3b9e4f4033d9\" data-immersive-translate-paragraph=\"1\">\n<div class=\"auto-hide-last-sibling-br paragraph-qzbcQC paragraph-element br-paragraph-space\">\n<div class=\"auto-hide-last-sibling-br paragraph-qzbcQC paragraph-element br-paragraph-space\">\n<div class=\"auto-hide-last-sibling-br paragraph-qzbcQC paragraph-element br-paragraph-space\">\n<div class=\"auto-hide-last-sibling-br paragraph-qzbcQC paragraph-element br-paragraph-space\">\n<div class=\"auto-hide-last-sibling-br paragraph-qzbcQC paragraph-element br-paragraph-space\">\n<div class=\"auto-hide-last-sibling-br paragraph-qzbcQC paragraph-element br-paragraph-space\">\n<div class=\"auto-hide-last-sibling-br paragraph-qzbcQC paragraph-element br-paragraph-space\">\n<div class=\"auto-hide-last-sibling-br paragraph-qzbcQC paragraph-element br-paragraph-space\">\n<div class=\"auto-hide-last-sibling-br paragraph-qzbcQC paragraph-element br-paragraph-space\">\n<div class=\"auto-hide-last-sibling-br paragraph-qzbcQC paragraph-element br-paragraph-space\">\n<div class=\"auto-hide-last-sibling-br paragraph-qzbcQC paragraph-element br-paragraph-space\">\n<div class=\"auto-hide-last-sibling-br paragraph-qzbcQC paragraph-element br-paragraph-space\">\n<div class=\"auto-hide-last-sibling-br paragraph-qzbcQC paragraph-element br-paragraph-space\">\n<div class=\"auto-hide-last-sibling-br paragraph-qzbcQC paragraph-element br-paragraph-space\">Iepaz\u012bstin\u0101m ar Happy Moments nomierino\u0161o spilvenu, kas ir burv\u012bgs un b\u016btisks papildin\u0101jums 1 - 3 gadus vecu b\u0113rnu miega rut\u012bnai. \u0160is spilvens ir jautr\u012bbas stars, ko rot\u0101 m\u012b\u013ca, smaido\u0161a seji\u0146a, kas izstaro siltumu un komfortu, uzreiz izgaismojot jebkuru b\u0113rnistabu.<\/div>\n<p>&nbsp;<\/p>\n<div class=\"auto-hide-last-sibling-br paragraph-qzbcQC paragraph-element br-paragraph-space\">M\u0113r\u012bjumu skaits 40*<em>24*<\/em>3CM, tas ir prasm\u012bgi veidots, lai nodro\u0161in\u0101tu optim\u0101lu atbalstu b\u0113rna galvai un kaklam. Kad b\u0113rns nogrimst mieg\u0101, spilvens vi\u0146u maigi nogulda, nodro\u0161inot \u0113rtu un vesel\u012bgu miega pozu. Izgatavots no grezniem un m\u012bkstiem materi\u0101liem, tas nodro\u0161ina samtaini gludu piesk\u0101rienu, kas nomierina j\u016bsu mazuli, radot miera o\u0101zi mier\u012bgam miegam.<\/div>\n<p>&nbsp;<\/p>\n<div class=\"auto-hide-last-sibling-br paragraph-qzbcQC paragraph-element br-paragraph-space\">Tas ir pieejams maig\u0101s, aicino\u0161\u0101s roz\u0101 un zil\u0101s kr\u0101s\u0101s, t\u0101p\u0113c bez piep\u016bles papildina jebkuru b\u0113rnistabas interjeru, pie\u0161\u0137irot tam kr\u0101su un \u0161armu. Iedom\u0101jieties savu b\u0113rnu pirms gul\u0113tie\u0161anas, piesegu\u0161os pie Happy Moments nomierino\u0161\u0101 spilvena. Tas k\u013c\u016bst par uzticamu draugu, sniedzot dro\u0161\u012bbas un komforta saj\u016btu, kas pal\u012bdz b\u0113rnam viegli aizmigt. P\u0113c gul\u0113tie\u0161anas laika, dienas laik\u0101 tas p\u0101rtop par rota\u013cu draugu. Neatkar\u012bgi no t\u0101, vai j\u016bsu b\u0113rns iesaist\u0101s t\u0113lain\u0101s sp\u0113l\u0113s vai vienk\u0101r\u0161i noguruma br\u012bd\u012b vi\u0146am ir nepiecie\u0161ama m\u012bksta vieta, kur atp\u016bsties, \u0161is spilvens ir gatavs sniegt komfortu un komp\u0101niju.<\/div>\n<p>&nbsp;<\/p>\n<div class=\"auto-hide-last-sibling-br paragraph-qzbcQC paragraph-element br-paragraph-space\">Vec\u0101ki atzin\u012bgi v\u0113rt\u0113 \u0161o apburo\u0161o spilvenu. \"Mans 2 gadus vecais b\u0113rns iedegas ikreiz, kad vi\u0146\u0161 ierauga \"Laim\u012bgu mirk\u013cu spilvenu\". Tas ir k\u013cuvis par vi\u0146u iecien\u012bt\u0101ko lietu, ar ko apsk\u016bpst\u012bties nakt\u012b un miega laik\u0101. M\u012bkstums ir apbr\u012bnojams, un simp\u0101tiskais dizains ir \u012bsts uzvar\u0113t\u0101js,\" priec\u012bga mamma dal\u012bj\u0101s pieredz\u0113. K\u0101ds t\u0113tis piebilda: \"Mums pat\u012bk, ka tas pie\u0161\u0137ir pozit\u012bvu noska\u0146u m\u016bsu b\u0113rna istabai. Tas ir ar\u012b iztur\u012bgs, iztur visus apsk\u0101vienus un saspie\u0161anas. Tas patie\u0161\u0101m ir must have \u0161\u012bs vecuma grupas b\u0113rniem.\"<\/div>\n<p>&nbsp;<\/p>\n<div class=\"auto-hide-last-sibling-br paragraph-qzbcQC paragraph-element br-paragraph-space\">B\u016bt\u012bb\u0101 \"Happy Moments\" nomierino\u0161ais spilvens ir kas vair\u0101k nek\u0101 tikai spilvens; tas ir laimes, komforta un dro\u0161\u012bbas avots, kas bag\u0101tina katru d\u0101rgo mirkli j\u016bsu b\u0113rna 1 - 3 gadu vecum\u0101.<\/div>\n<\/div>\n<\/div>\n<\/div>\n<\/div>\n<\/div>\n<\/div>\n<\/div>\n<\/div>\n<\/div>\n<\/div>\n<\/div>\n<\/div>\n<\/div>\n<\/div>","protected":false},"excerpt":{"rendered":"<div class=\"container-QE4ayg\">\n<div class=\"item-jU10IN\">\n<div class=\"container-jODEnh chrome70-container\">\n<div class=\"inner-eE95c9 inner-item-aL3Ui_\" data-target-id=\"message-box-target-id\" data-testid=\"union_message\">\n<div class=\"message-block-container-liuetz\" data-testid=\"message-block-container\">\n<div class=\"message-box-ZWbBdF\" data-testid=\"receive_message\">\n<div class=\"message-box-content-wrapper-srHdUj\">\n<div class=\"message-content message-box-content-otxGGw receive-message-box-content-_lREFj samantha-message-box-content-Qjmpja\" data-testid=\"message_content\">\n<div class=\"container-hfX5E8 flow-markdown-body theme-samantha-yJEgBp\" dir=\"ltr\" data-testid=\"message_text_content\" data-show-indicator=\"false\">\n<div class=\"auto-hide-last-sibling-br paragraph-qzbcQC paragraph-element br-paragraph-space\">\n<div class=\"container-QE4ayg\">\n<div class=\"item-jU10IN\">\n<div class=\"container-jODEnh chrome70-container\">\n<div class=\"inner-eE95c9 inner-item-aL3Ui_\" data-target-id=\"message-box-target-id\" data-testid=\"union_message\">\n<div class=\"message-block-container-liuetz\" data-testid=\"message-block-container\">\n<div class=\"message-box-ZWbBdF\" data-testid=\"receive_message\">\n<div class=\"message-box-content-wrapper-srHdUj\">\n<div class=\"message-content message-box-content-otxGGw receive-message-box-content-_lREFj samantha-message-box-content-Qjmpja\" data-testid=\"message_content\">\n<div class=\"container-hfX5E8 flow-markdown-body theme-samantha-yJEgBp\" dir=\"ltr\" data-testid=\"message_text_content\" data-show-indicator=\"false\">\n<div class=\"auto-hide-last-sibling-br paragraph-qzbcQC paragraph-element br-paragraph-space\">\"Happy Moments Soothing Pillow\" ir apburo\u0161s miega spilvens, kas paredz\u0113ts b\u0113rniem vecum\u0101 no 1 l\u012bdz 3 gadiem. T\u0101 dizain\u0101 ir m\u012b\u013ca un jautra seji\u0146a, kas izstaro prieka un komforta saj\u016btu. T\u0101 izm\u0113ri ir 40*<em>24*<\/em>3CM, tas nodro\u0161ina pien\u0101c\u012bgu atbalstu b\u0113rna galvai un kaklam miega laik\u0101. Izgatavots no m\u012bkstiem materi\u0101liem, tas nodro\u0161ina maigu un m\u0101j\u012bgu piesk\u0101rienu, nodro\u0161inot mier\u012bgu miegu. Pieejams roz\u0101 un zil\u0101 kr\u0101s\u0101, t\u0101p\u0113c tas var sader\u0113t ar da\u017e\u0101diem b\u0113rnistabas dekoriem. \u0160is spilvens ne tikai pal\u012bdz b\u0113rnam viegli aizmigt, bet ar\u012b kalpo k\u0101 mierino\u0161s pal\u012bgs rota\u013cu laik\u0101 vai tad, kad b\u0113rnam nepiecie\u0161ama dro\u0161\u012bbas saj\u016bta, padarot to par lielisku papildin\u0101jumu vi\u0146a miega un rota\u013cu piederumiem.<\/div>\n<\/div>\n<\/div>\n<\/div>\n<\/div>\n<\/div>\n<\/div>\n<\/div>\n<\/div>\n<\/div>\n<\/div>\n<\/div>\n<\/div>\n<\/div>\n<\/div>\n<\/div>\n<\/div>\n<\/div>\n<\/div>\n<\/div>","protected":false},"featured_media":3346,"comment_status":"open","ping_status":"closed","template":"","meta":{"_uag_custom_page_level_css":"","site-sidebar-layout":"default","site-content-layout":"","ast-site-content-layout":"default","site-content-style":"default","site-sidebar-style":"default","ast-global-header-display":"","ast-banner-title-visibility":"","ast-main-header-display":"","ast-hfb-above-header-display":"","ast-hfb-below-header-display":"","ast-hfb-mobile-header-display":"","site-post-title":"","ast-breadcrumbs-content":"","ast-featured-img":"","footer-sml-layout":"","ast-disable-related-posts":"","theme-transparent-header-meta":"default","adv-header-id-meta":"","stick-header-meta":"","header-above-stick-meta":"","header-main-stick-meta":"","header-below-stick-meta":"","astra-migrate-meta-layouts":"set","ast-page-background-enabled":"default","ast-page-background-meta":{"desktop":{"background-color":"","background-image":"","background-repeat":"repeat","background-position":"center center","background-size":"auto","background-attachment":"scroll","background-type":"","background-media":"","overlay-type":"","overlay-color":"","overlay-opacity":"","overlay-gradient":""},"tablet":{"background-color":"","background-image":"","background-repeat":"repeat","background-position":"center center","background-size":"auto","background-attachment":"scroll","background-type":"","background-media":"","overlay-type":"","overlay-color":"","overlay-opacity":"","overlay-gradient":""},"mobile":{"background-color":"","background-image":"","background-repeat":"repeat","background-position":"center center","background-size":"auto","background-attachment":"scroll","background-type":"","background-media":"","overlay-type":"","overlay-color":"","overlay-opacity":"","overlay-gradient":""}},"ast-content-background-meta":{"desktop":{"background-color":"var(--ast-global-color-5)","background-image":"","background-repeat":"repeat","background-position":"center center","background-size":"auto","background-attachment":"scroll","background-type":"","background-media":"","overlay-type":"","overlay-color":"","overlay-opacity":"","overlay-gradient":""},"tablet":{"background-color":"var(--ast-global-color-5)","background-image":"","background-repeat":"repeat","background-position":"center center","background-size":"auto","background-attachment":"scroll","background-type":"","background-media":"","overlay-type":"","overlay-color":"","overlay-opacity":"","overlay-gradient":""},"mobile":{"background-color":"var(--ast-global-color-5)","background-image":"","background-repeat":"repeat","background-position":"center center","background-size":"auto","background-attachment":"scroll","background-type":"","background-media":"","overlay-type":"","overlay-color":"","overlay-opacity":"","overlay-gradient":""}}},"product_brand":[],"product_cat":[56,42],"product_tag":[70,68,71,69],"class_list":{"0":"post-3345","1":"product","2":"type-product","3":"status-publish","4":"has-post-thumbnail","6":"product_cat-1-to-3-years","7":"product_cat-merchandise","8":"product_tag-babypillow","9":"product_tag-cuteanimalpillow","10":"product_tag-headshapesupport","11":"product_tag-kouniushapingpillow","12":"desktop-align-left","13":"tablet-align-left","14":"mobile-align-left","16":"first","17":"instock","18":"shipping-taxable","19":"product-type-simple"},"aioseo_notices":[],"uagb_featured_image_src":{"full":["https:\/\/babypillowwholesale.com\/wp-content\/uploads\/2025\/04\/1525.jpg",1000,1000,false],"thumbnail":["https:\/\/babypillowwholesale.com\/wp-content\/uploads\/2025\/04\/1525-150x150.jpg",150,150,true],"medium":["https:\/\/babypillowwholesale.com\/wp-content\/uploads\/2025\/04\/1525-300x300.jpg",300,300,true],"medium_large":["https:\/\/babypillowwholesale.com\/wp-content\/uploads\/2025\/04\/1525-768x768.jpg",768,768,true],"large":["https:\/\/babypillowwholesale.com\/wp-content\/uploads\/2025\/04\/1525.jpg",1000,1000,false],"1536x1536":["https:\/\/babypillowwholesale.com\/wp-content\/uploads\/2025\/04\/1525.jpg",1000,1000,false],"2048x2048":["https:\/\/babypillowwholesale.com\/wp-content\/uploads\/2025\/04\/1525.jpg",1000,1000,false],"trp-custom-language-flag":["https:\/\/babypillowwholesale.com\/wp-content\/uploads\/2025\/04\/1525.jpg",12,12,false],"woocommerce_thumbnail":["https:\/\/babypillowwholesale.com\/wp-content\/uploads\/2025\/04\/1525-300x300.jpg",300,300,true],"woocommerce_single":["https:\/\/babypillowwholesale.com\/wp-content\/uploads\/2025\/04\/1525-600x600.jpg",600,600,true],"woocommerce_gallery_thumbnail":["https:\/\/babypillowwholesale.com\/wp-content\/uploads\/2025\/04\/1525-100x100.jpg",100,100,true]},"uagb_author_info":{"display_name":"Etnen zhong","author_link":"https:\/\/babypillowwholesale.com\/lv\/author\/"},"uagb_comment_info":0,"uagb_excerpt":"The Happy Moments Soothing Pillow is a delightful sleep - time essential designed for children aged 1 - 3 years. Its design features a cute and cheerful face, exuding a sense of joy and comfort. With dimensions of 40*24*3CM, it provides proper support for a child's head and neck during sleep. Made from soft materials,&hellip;","jetpack_sharing_enabled":true,"_links":{"self":[{"href":"https:\/\/babypillowwholesale.com\/lv\/wp-json\/wp\/v2\/product\/3345","targetHints":{"allow":["GET"]}}],"collection":[{"href":"https:\/\/babypillowwholesale.com\/lv\/wp-json\/wp\/v2\/product"}],"about":[{"href":"https:\/\/babypillowwholesale.com\/lv\/wp-json\/wp\/v2\/types\/product"}],"replies":[{"embeddable":true,"href":"https:\/\/babypillowwholesale.com\/lv\/wp-json\/wp\/v2\/comments?post=3345"}],"wp:featuredmedia":[{"embeddable":true,"href":"https:\/\/babypillowwholesale.com\/lv\/wp-json\/wp\/v2\/media\/3346"}],"wp:attachment":[{"href":"https:\/\/babypillowwholesale.com\/lv\/wp-json\/wp\/v2\/media?parent=3345"}],"wp:term":[{"taxonomy":"product_brand","embeddable":true,"href":"https:\/\/babypillowwholesale.com\/lv\/wp-json\/wp\/v2\/product_brand?post=3345"},{"taxonomy":"product_cat","embeddable":true,"href":"https:\/\/babypillowwholesale.com\/lv\/wp-json\/wp\/v2\/product_cat?post=3345"},{"taxonomy":"product_tag","embeddable":true,"href":"https:\/\/babypillowwholesale.com\/lv\/wp-json\/wp\/v2\/product_tag?post=3345"}],"curies":[{"name":"wp","href":"https:\/\/api.w.org\/{rel}","templated":true}]}}