{"id":3323,"date":"2025-04-02T16:47:01","date_gmt":"2025-04-02T16:47:01","guid":{"rendered":"https:\/\/babypillowwholesale.com\/?post_type=product&#038;p=3323"},"modified":"2025-06-08T15:14:33","modified_gmt":"2025-06-08T15:14:33","slug":"hydrophilic-sponge-soothing-cloud-shaped-pillow","status":"publish","type":"product","link":"https:\/\/babypillowwholesale.com\/lv\/product\/hydrophilic-sponge-soothing-cloud-shaped-pillow\/","title":{"rendered":"Hidrof\u012bl\u0101 s\u016bklis nomierino\u0161s m\u0101konis - formas spilvens"},"content":{"rendered":"<div class=\"auto-hide-last-sibling-br paragraph-qzbcQC paragraph-element br-paragraph-space\" data-immersive-translate-walked=\"8e61f2e7-6af2-46e5-9672-3b9e4f4033d9\" data-immersive-translate-paragraph=\"1\">\n<div class=\"auto-hide-last-sibling-br paragraph-qzbcQC paragraph-element br-paragraph-space\">\n<div class=\"auto-hide-last-sibling-br paragraph-qzbcQC paragraph-element br-paragraph-space\">\n<div class=\"auto-hide-last-sibling-br paragraph-qzbcQC paragraph-element br-paragraph-space\">\n<div class=\"auto-hide-last-sibling-br paragraph-qzbcQC paragraph-element br-paragraph-space\">\n<div class=\"auto-hide-last-sibling-br paragraph-qzbcQC paragraph-element br-paragraph-space\">\n<div class=\"auto-hide-last-sibling-br paragraph-qzbcQC paragraph-element br-paragraph-space\">\n<div class=\"auto-hide-last-sibling-br paragraph-qzbcQC paragraph-element br-paragraph-space\">Iepaz\u012bstin\u0101m ar hidrof\u012bl\u0101 s\u016bk\u013ca nomierino\u0161o m\u0101kon\u012b\u0161a formas spilvenu, kas ir maigs apsk\u0101viens mazu\u013ciem pirmaj\u0101 dz\u012bves gad\u0101. Izgatavots t\u0101, lai imit\u0113tu m\u012bkstu, mierino\u0161u m\u0101ko\u0146a formu, tas uzreiz ietin mazuli dro\u0161\u012bbas un siltuma saj\u016bt\u0101. Spilvens ir izgatavots no augst\u0101k\u0101s kvalit\u0101tes hidrof\u012bl\u0101 s\u016bk\u013ca, kas nodro\u0161ina samtaini gludu piesk\u0101rienu, kas ir izcili maigs pret mazu\u013ca maigo \u0101du.<\/div>\n<p>&nbsp;<\/p>\n<div class=\"auto-hide-last-sibling-br paragraph-qzbcQC paragraph-element br-paragraph-space\">\u0160o spilvenu rot\u0101 virkne burv\u012bgu dz\u012bvnieku rakstu, kas izk\u0101rtoti nejau\u0161i pa visu t\u0101 virsmu, un tas sniedz vizu\u0101lu baud\u012bjumu, rosinot zin\u0101tk\u0101ri un prieku j\u016bsu mazu\u013ca pasaul\u0113. Izm\u0113rs: 45<em>28<\/em>1,5 cm liels, tas nodro\u0161ina pietiekami daudz vietas, \u0113rti sedzot mazu\u013ca galvu un \u0137ermeni gan miega, gan rota\u013cu laik\u0101.<\/div>\n<p>&nbsp;<\/p>\n<div class=\"auto-hide-last-sibling-br paragraph-qzbcQC paragraph-element br-paragraph-space\">Iedom\u0101jieties mier\u012bgu miega laiku, kad j\u016bsu mazulis iespie\u017eas spilven\u0101 un aizpl\u016bst sap\u0146u valst\u012bb\u0101, it k\u0101 vi\u0146u apsk\u0101vies m\u012bksts m\u0101konis. Vai ar\u012b iedom\u0101jieties rota\u013c\u012bgus mirk\u013cus, kad j\u016bsu mazulis stiepj roku, aizr\u0101vies ar m\u012bl\u012bgajiem dz\u012bvnieku z\u012bm\u0113jumiem. Tas ir ar\u012b lielisks mierin\u0101t\u0101js nemiera laik\u0101, pied\u0101v\u0101jot paz\u012bstamu un mierino\u0161u piesk\u0101rienu.<\/div>\n<p>&nbsp;<\/p>\n<div class=\"auto-hide-last-sibling-br paragraph-qzbcQC paragraph-element br-paragraph-space\">Vec\u0101ki neskopojas ar uzslav\u0101m. \"\u0160is m\u0101ko\u0146a formas spilvens ir gl\u0101bi\u0146\u0161! Mans b\u0113rns nomierin\u0101s gandr\u012bz uzreiz, kad tas tiek uzlikts uz t\u0101. Hidrof\u012bl\u0101 s\u016bk\u013ca m\u012bkstums un jauk\u0101s apdrukas ir vienk\u0101r\u0161i br\u012bni\u0161\u0137\u012bgas,\" sac\u012bja k\u0101da mamma. K\u0101ds t\u0113tis piebilda: \"Tas ir k\u013cuvis par m\u016bsu mazu\u013ca ikdienas sast\u0101vda\u013cu. Neatkar\u012bgi no t\u0101, vai ir nepiecie\u0161ams \u0101tri pagul\u0113t vai vienk\u0101r\u0161i pavad\u012bt k\u0101du klusu br\u012bdi, \u0161is spilvens vienm\u0113r ir kl\u0101t, nodro\u0161inot komfortu un mazliet jautr\u012bbas.\"<\/div>\n<p>&nbsp;<\/p>\n<div class=\"auto-hide-last-sibling-br paragraph-qzbcQC paragraph-element br-paragraph-space\">B\u016bt\u012bb\u0101 hidrof\u012bl\u0101 s\u016bk\u013ca nomierino\u0161ais m\u0101ko\u0146a formas spilvens ir kas vair\u0101k nek\u0101 tikai gultas piederumi. Tas ir funkcionalit\u0101tes, komforta un jaukuma apvienojums, b\u016btisks pal\u012bgs, kas uzlabo katru d\u0101rgo mirkli j\u016bsu mazu\u013ca agr\u012bnaj\u0101s dien\u0101s.<\/div>\n<\/div>\n<\/div>\n<\/div>\n<\/div>\n<\/div>\n<\/div>\n<\/div>","protected":false},"excerpt":{"rendered":"<p>Hidrof\u012bl\u0101 s\u016bk\u013ca nomierino\u0161ais m\u0101kon\u012b\u0161a formas spilvens ir lielisks pal\u012bgs z\u012bdai\u0146iem vecum\u0101 no 0 l\u012bdz 1 gadam. T\u0101 dizains ir m\u012bksta m\u0101kon\u012b\u0161a form\u0101, radot dro\u0161\u012bbas un komforta saj\u016btu. Izgatavots no hidrof\u012bl\u0101 s\u016bk\u013ca, tas nodro\u0161ina maigu un pat\u012bkamu piesk\u0101rienu, kas ir ide\u0101li piem\u0113rots mazu\u013ca jut\u012bgai \u0101dai. Spilvenu rot\u0101 m\u012b\u013cas dz\u012bvnieku izdrukas, kas izvietotas nejau\u0161i, pie\u0161\u0137irot tam rota\u013c\u012bgu un burv\u012bgu elementu. Ar specifik\u0101ciju 45*<em>28*<\/em>1,5 cm, tas nodro\u0161ina pietiekami daudz vietas b\u0113rna galvai un \u0137ermenim. \u0160is spilvens ir ne tikai lieliski piem\u0113rots gul\u0113\u0161anai, bet kalpo ar\u012b k\u0101 mierino\u0161s priek\u0161mets rota\u013cu laik\u0101 vai tad, kad mazulim nepiecie\u0161ams nomierin\u0101jums. Tas apvieno funkcionalit\u0101ti, m\u012bkstumu un jauku est\u0113tiku, padarot to par b\u016btisku priek\u0161metu mazu\u013ca dz\u012bves s\u0101kumposm\u0101.<\/p>","protected":false},"featured_media":3324,"comment_status":"open","ping_status":"closed","template":"","meta":{"_uag_custom_page_level_css":"","site-sidebar-layout":"default","site-content-layout":"","ast-site-content-layout":"default","site-content-style":"default","site-sidebar-style":"default","ast-global-header-display":"","ast-banner-title-visibility":"","ast-main-header-display":"","ast-hfb-above-header-display":"","ast-hfb-below-header-display":"","ast-hfb-mobile-header-display":"","site-post-title":"","ast-breadcrumbs-content":"","ast-featured-img":"","footer-sml-layout":"","ast-disable-related-posts":"","theme-transparent-header-meta":"default","adv-header-id-meta":"","stick-header-meta":"","header-above-stick-meta":"","header-main-stick-meta":"","header-below-stick-meta":"","astra-migrate-meta-layouts":"set","ast-page-background-enabled":"default","ast-page-background-meta":{"desktop":{"background-color":"","background-image":"","background-repeat":"repeat","background-position":"center center","background-size":"auto","background-attachment":"scroll","background-type":"","background-media":"","overlay-type":"","overlay-color":"","overlay-opacity":"","overlay-gradient":""},"tablet":{"background-color":"","background-image":"","background-repeat":"repeat","background-position":"center center","background-size":"auto","background-attachment":"scroll","background-type":"","background-media":"","overlay-type":"","overlay-color":"","overlay-opacity":"","overlay-gradient":""},"mobile":{"background-color":"","background-image":"","background-repeat":"repeat","background-position":"center center","background-size":"auto","background-attachment":"scroll","background-type":"","background-media":"","overlay-type":"","overlay-color":"","overlay-opacity":"","overlay-gradient":""}},"ast-content-background-meta":{"desktop":{"background-color":"var(--ast-global-color-5)","background-image":"","background-repeat":"repeat","background-position":"center center","background-size":"auto","background-attachment":"scroll","background-type":"","background-media":"","overlay-type":"","overlay-color":"","overlay-opacity":"","overlay-gradient":""},"tablet":{"background-color":"var(--ast-global-color-5)","background-image":"","background-repeat":"repeat","background-position":"center center","background-size":"auto","background-attachment":"scroll","background-type":"","background-media":"","overlay-type":"","overlay-color":"","overlay-opacity":"","overlay-gradient":""},"mobile":{"background-color":"var(--ast-global-color-5)","background-image":"","background-repeat":"repeat","background-position":"center center","background-size":"auto","background-attachment":"scroll","background-type":"","background-media":"","overlay-type":"","overlay-color":"","overlay-opacity":"","overlay-gradient":""}}},"product_brand":[],"product_cat":[55,42],"product_tag":[70,68,71,69],"class_list":{"0":"post-3323","1":"product","2":"type-product","3":"status-publish","4":"has-post-thumbnail","6":"product_cat-0-to-1-year","7":"product_cat-merchandise","8":"product_tag-babypillow","9":"product_tag-cuteanimalpillow","10":"product_tag-headshapesupport","11":"product_tag-kouniushapingpillow","12":"desktop-align-left","13":"tablet-align-left","14":"mobile-align-left","16":"first","17":"instock","18":"shipping-taxable","19":"product-type-simple"},"aioseo_notices":[],"uagb_featured_image_src":{"full":["https:\/\/babypillowwholesale.com\/wp-content\/uploads\/2025\/04\/1026.jpg",1000,1000,false],"thumbnail":["https:\/\/babypillowwholesale.com\/wp-content\/uploads\/2025\/04\/1026-150x150.jpg",150,150,true],"medium":["https:\/\/babypillowwholesale.com\/wp-content\/uploads\/2025\/04\/1026-300x300.jpg",300,300,true],"medium_large":["https:\/\/babypillowwholesale.com\/wp-content\/uploads\/2025\/04\/1026-768x768.jpg",768,768,true],"large":["https:\/\/babypillowwholesale.com\/wp-content\/uploads\/2025\/04\/1026.jpg",1000,1000,false],"1536x1536":["https:\/\/babypillowwholesale.com\/wp-content\/uploads\/2025\/04\/1026.jpg",1000,1000,false],"2048x2048":["https:\/\/babypillowwholesale.com\/wp-content\/uploads\/2025\/04\/1026.jpg",1000,1000,false],"trp-custom-language-flag":["https:\/\/babypillowwholesale.com\/wp-content\/uploads\/2025\/04\/1026.jpg",12,12,false],"woocommerce_thumbnail":["https:\/\/babypillowwholesale.com\/wp-content\/uploads\/2025\/04\/1026-300x300.jpg",300,300,true],"woocommerce_single":["https:\/\/babypillowwholesale.com\/wp-content\/uploads\/2025\/04\/1026-600x600.jpg",600,600,true],"woocommerce_gallery_thumbnail":["https:\/\/babypillowwholesale.com\/wp-content\/uploads\/2025\/04\/1026-100x100.jpg",100,100,true]},"uagb_author_info":{"display_name":"Etnen zhong","author_link":"https:\/\/babypillowwholesale.com\/lv\/author\/"},"uagb_comment_info":0,"uagb_excerpt":"The Hydrophilic Sponge Soothing Cloud - Shaped Pillow is a wonderful companion for babies aged 0 - 1 year. Its design takes the form of a soft cloud, creating a sense of security and comfort. Made from hydrophilic sponge, it offers a gentle and pleasant touch, perfect for a baby's sensitive skin. The pillow is&hellip;","jetpack_sharing_enabled":true,"_links":{"self":[{"href":"https:\/\/babypillowwholesale.com\/lv\/wp-json\/wp\/v2\/product\/3323","targetHints":{"allow":["GET"]}}],"collection":[{"href":"https:\/\/babypillowwholesale.com\/lv\/wp-json\/wp\/v2\/product"}],"about":[{"href":"https:\/\/babypillowwholesale.com\/lv\/wp-json\/wp\/v2\/types\/product"}],"replies":[{"embeddable":true,"href":"https:\/\/babypillowwholesale.com\/lv\/wp-json\/wp\/v2\/comments?post=3323"}],"wp:featuredmedia":[{"embeddable":true,"href":"https:\/\/babypillowwholesale.com\/lv\/wp-json\/wp\/v2\/media\/3324"}],"wp:attachment":[{"href":"https:\/\/babypillowwholesale.com\/lv\/wp-json\/wp\/v2\/media?parent=3323"}],"wp:term":[{"taxonomy":"product_brand","embeddable":true,"href":"https:\/\/babypillowwholesale.com\/lv\/wp-json\/wp\/v2\/product_brand?post=3323"},{"taxonomy":"product_cat","embeddable":true,"href":"https:\/\/babypillowwholesale.com\/lv\/wp-json\/wp\/v2\/product_cat?post=3323"},{"taxonomy":"product_tag","embeddable":true,"href":"https:\/\/babypillowwholesale.com\/lv\/wp-json\/wp\/v2\/product_tag?post=3323"}],"curies":[{"name":"wp","href":"https:\/\/api.w.org\/{rel}","templated":true}]}}