{"id":3320,"date":"2025-04-02T16:39:31","date_gmt":"2025-04-02T16:39:31","guid":{"rendered":"https:\/\/babypillowwholesale.com\/?post_type=product&#038;p=3320"},"modified":"2025-06-07T07:26:29","modified_gmt":"2025-06-07T07:26:29","slug":"hydrophilic-sponge-contour-pillow","status":"publish","type":"product","link":"https:\/\/babypillowwholesale.com\/lv\/product\/hydrophilic-sponge-contour-pillow\/","title":{"rendered":"Hidrof\u012bl\u0101 s\u016bk\u013ca kont\u016bras spilvens"},"content":{"rendered":"<div class=\"auto-hide-last-sibling-br paragraph-qzbcQC paragraph-element br-paragraph-space\" data-immersive-translate-walked=\"8e61f2e7-6af2-46e5-9672-3b9e4f4033d9\" data-immersive-translate-paragraph=\"1\">\n<div class=\"auto-hide-last-sibling-br paragraph-qzbcQC paragraph-element br-paragraph-space\">\n<div class=\"auto-hide-last-sibling-br paragraph-qzbcQC paragraph-element br-paragraph-space\">\n<div class=\"auto-hide-last-sibling-br paragraph-qzbcQC paragraph-element br-paragraph-space\">\n<div class=\"auto-hide-last-sibling-br paragraph-qzbcQC paragraph-element br-paragraph-space\">\n<div class=\"auto-hide-last-sibling-br paragraph-qzbcQC paragraph-element br-paragraph-space\">\n<div class=\"auto-hide-last-sibling-br paragraph-qzbcQC paragraph-element br-paragraph-space\">Atkl\u0101jiet hidrof\u012blo s\u016bk\u013cu spilvenu Contour Pillow, kas ir \u012bsts d\u0101rgakmens, kas piel\u0101gots z\u012bdai\u0146iem vecum\u0101 no 0 l\u012bdz 12 m\u0113ne\u0161iem. T\u0101 burv\u012bgajam dizainam, ko iedvesmoju\u0161i t\u0101di burv\u012bgi rad\u012bjumi k\u0101 apburo\u0161ais pingv\u012bns, ir m\u012b\u013ca sejas izteiksme, maigs loci\u0146\u0161 un ko\u0161i kr\u0101sainas p\u0113di\u0146as, kas jau no pirm\u0101 acu uzmetiena piesaista izt\u0113li. Izgatavots no augst\u0101k\u0101s kvalit\u0101tes hidrof\u012bla s\u016bk\u013ca, tas nodro\u0161ina samtaini m\u012bkstu piesk\u0101rienu, kas ir maigs pret mazu\u013ca maigo \u0101du.<\/div>\n<p>&nbsp;<\/p>\n<div class=\"auto-hide-last-sibling-br paragraph-qzbcQC paragraph-element br-paragraph-space\">Spilvena kont\u016brveida dizains ir ergonomiskas in\u017eenierijas br\u012bnums. Tas graciozi piel\u0101gojas j\u016bsu mazu\u013ca unik\u0101lajai galvas formai, nodro\u0161inot maigu, bet efekt\u012bvu atbalstu, kas ir \u013coti svar\u012bgs vesel\u012bgas galvas formas veido\u0161anai agr\u012bn\u0101 b\u0113rna att\u012bst\u012bbas posm\u0101. Izm\u0113rs: 29<em>21<\/em>1,5 cm, tas ir daudzpus\u012bgs papildin\u0101jums j\u016bsu mazu\u013ca nepiecie\u0161amaj\u0101m liet\u0101m. Neatkar\u012bgi no t\u0101, vai tas ir ievietots b\u0113rnu gulti\u0146\u0101, radot m\u0101j\u012bgu patv\u0113rumu mier\u012bgam miegam; vai tas pavada j\u016bsu mazuli rati\u0146os v\u0113jain\u0101 parka piedz\u012bvojum\u0101; vai novietots uz rota\u013cu pakl\u0101ji\u0146a, lai jautri pavad\u012btu laiku uz v\u0113dera m\u0101j\u0101s, \u0161is spilvens nodro\u0161ina komfortu vienm\u0113r sasniedzams.<\/div>\n<p>&nbsp;<\/p>\n<div class=\"auto-hide-last-sibling-br paragraph-qzbcQC paragraph-element br-paragraph-space\">Vec\u0101ki to slav\u0113. \"\u0160is spilvens ir sp\u0113les main\u012bt\u0101js! Mans b\u0113rns uz t\u0101 gu\u013c tik mier\u012bgi, un hidrof\u012bl\u0101 s\u016bk\u013ca m\u012bkstums ir p\u0101rsteidzo\u0161s. Turkl\u0101t pingv\u012bnu dizains ir m\u016bsu m\u0101jas hits,\" saj\u016bsmin\u0101j\u0101s k\u0101da saj\u016bsmin\u0101ta mamma. K\u0101ds t\u0113tis piebilda: \"Mums pat\u012bk, k\u0101 kont\u016brveida dizains atbalsta m\u016bsu mazu\u013ca galvu. Turkl\u0101t ir tik daudz jauku kr\u0101su variantu, ka m\u0113s varam to main\u012bt, lai pieska\u0146otu da\u017e\u0101diem t\u0113rpiem vai noska\u0146ojumiem. Tas ir k\u013cuvis par neaizst\u0101jamu m\u016bsu mazu\u013ca ikdienas sast\u0101vda\u013cu.\"<\/div>\n<p>&nbsp;<\/p>\n<div class=\"auto-hide-last-sibling-br paragraph-qzbcQC paragraph-element br-paragraph-space\">Hidrof\u012bl\u0101 s\u016bk\u013ca kont\u016brspilvens ar apburo\u0161u kr\u0101su kl\u0101stu, tostarp zilu ziloni, baltu jenotu, gai\u0161i dzeltenu pingv\u012bnu un zilu pingv\u012bnu, nevainojami apvieno komfortu, funkcionalit\u0101ti un neatvair\u0101mu \u0161armu. Tas nav tikai spilvens, tas ir m\u012b\u013c\u0161 pavadonis, kas apvelk j\u016bsu mazuli ar r\u016bp\u0113m un m\u012b\u013cumu katr\u0101 d\u0101rgaj\u0101 mirkl\u012b vi\u0146a pirmaj\u0101s dien\u0101s.<\/div>\n<\/div>\n<\/div>\n<\/div>\n<\/div>\n<\/div>\n<\/div>","protected":false},"excerpt":{"rendered":"<p>Hidrof\u012bl\u0101 s\u016bk\u013ca kont\u016bra spilvens ir izcils izstr\u0101d\u0101jums, kas paredz\u0113ts z\u012bdai\u0146iem vecum\u0101 no 0 l\u012bdz 12 m\u0113ne\u0161iem. T\u0101 dizainu iedvesmoju\u0161i m\u012b\u013ci dz\u012bvnieku mot\u012bvi, piem\u0113ram, att\u0113l\u0101 redzamais pingv\u012bns, ar m\u012b\u013cu seji\u0146u, burv\u012bgu loku un ko\u0161\u0101m kr\u0101sain\u0101m p\u0113di\u0146\u0101m, kas padara to vizu\u0101li pievilc\u012bgu. Izgatavots no hidrofila s\u016bk\u013ca, tas nodro\u0161ina m\u012bkstu un \u0113rtu piesk\u0101rienu. Spilvena kont\u016brveida dizains ergonomiski piel\u0101gojas b\u0113rna galvai, nodro\u0161inot optim\u0101lu atbalstu, lai pal\u012bdz\u0113tu saglab\u0101t vesel\u012bgu galvas formu. Ar specifik\u0101ciju 29*<em>21*<\/em>1,5 cm, tas labi iek\u013caujas b\u0113rnu gulti\u0146\u0101s, rati\u0146os utt. Kr\u0101su da\u017e\u0101d\u012bba, tostarp zilais zilonis, baltais jenots, gai\u0161i dzeltenais pingv\u012bns un zilais pingv\u012bns, \u013cauj vec\u0101kiem izv\u0113l\u0113ties atbilsto\u0161i sav\u0101m v\u0113lm\u0113m. \u0160is spilvens apvieno komfortu, funkcionalit\u0101ti un burv\u012bgu est\u0113tiku, k\u013c\u016bstot par lielisku pal\u012bgu mazu\u013cu agr\u012bn\u0101 aug\u0161an\u0101.<\/p>","protected":false},"featured_media":3321,"comment_status":"open","ping_status":"closed","template":"","meta":{"_uag_custom_page_level_css":"","site-sidebar-layout":"default","site-content-layout":"","ast-site-content-layout":"default","site-content-style":"default","site-sidebar-style":"default","ast-global-header-display":"","ast-banner-title-visibility":"","ast-main-header-display":"","ast-hfb-above-header-display":"","ast-hfb-below-header-display":"","ast-hfb-mobile-header-display":"","site-post-title":"","ast-breadcrumbs-content":"","ast-featured-img":"","footer-sml-layout":"","ast-disable-related-posts":"","theme-transparent-header-meta":"default","adv-header-id-meta":"","stick-header-meta":"","header-above-stick-meta":"","header-main-stick-meta":"","header-below-stick-meta":"","astra-migrate-meta-layouts":"set","ast-page-background-enabled":"default","ast-page-background-meta":{"desktop":{"background-color":"","background-image":"","background-repeat":"repeat","background-position":"center center","background-size":"auto","background-attachment":"scroll","background-type":"","background-media":"","overlay-type":"","overlay-color":"","overlay-opacity":"","overlay-gradient":""},"tablet":{"background-color":"","background-image":"","background-repeat":"repeat","background-position":"center center","background-size":"auto","background-attachment":"scroll","background-type":"","background-media":"","overlay-type":"","overlay-color":"","overlay-opacity":"","overlay-gradient":""},"mobile":{"background-color":"","background-image":"","background-repeat":"repeat","background-position":"center center","background-size":"auto","background-attachment":"scroll","background-type":"","background-media":"","overlay-type":"","overlay-color":"","overlay-opacity":"","overlay-gradient":""}},"ast-content-background-meta":{"desktop":{"background-color":"var(--ast-global-color-5)","background-image":"","background-repeat":"repeat","background-position":"center center","background-size":"auto","background-attachment":"scroll","background-type":"","background-media":"","overlay-type":"","overlay-color":"","overlay-opacity":"","overlay-gradient":""},"tablet":{"background-color":"var(--ast-global-color-5)","background-image":"","background-repeat":"repeat","background-position":"center center","background-size":"auto","background-attachment":"scroll","background-type":"","background-media":"","overlay-type":"","overlay-color":"","overlay-opacity":"","overlay-gradient":""},"mobile":{"background-color":"var(--ast-global-color-5)","background-image":"","background-repeat":"repeat","background-position":"center center","background-size":"auto","background-attachment":"scroll","background-type":"","background-media":"","overlay-type":"","overlay-color":"","overlay-opacity":"","overlay-gradient":""}}},"product_brand":[],"product_cat":[55,42],"product_tag":[70,68,71,69],"class_list":{"0":"post-3320","1":"product","2":"type-product","3":"status-publish","4":"has-post-thumbnail","6":"product_cat-0-to-1-year","7":"product_cat-merchandise","8":"product_tag-babypillow","9":"product_tag-cuteanimalpillow","10":"product_tag-headshapesupport","11":"product_tag-kouniushapingpillow","12":"desktop-align-left","13":"tablet-align-left","14":"mobile-align-left","16":"first","17":"instock","18":"shipping-taxable","19":"product-type-simple"},"aioseo_notices":[],"uagb_featured_image_src":{"full":["https:\/\/babypillowwholesale.com\/wp-content\/uploads\/2025\/04\/1168.jpg",1000,1000,false],"thumbnail":["https:\/\/babypillowwholesale.com\/wp-content\/uploads\/2025\/04\/1168-150x150.jpg",150,150,true],"medium":["https:\/\/babypillowwholesale.com\/wp-content\/uploads\/2025\/04\/1168-300x300.jpg",300,300,true],"medium_large":["https:\/\/babypillowwholesale.com\/wp-content\/uploads\/2025\/04\/1168-768x768.jpg",768,768,true],"large":["https:\/\/babypillowwholesale.com\/wp-content\/uploads\/2025\/04\/1168.jpg",1000,1000,false],"1536x1536":["https:\/\/babypillowwholesale.com\/wp-content\/uploads\/2025\/04\/1168.jpg",1000,1000,false],"2048x2048":["https:\/\/babypillowwholesale.com\/wp-content\/uploads\/2025\/04\/1168.jpg",1000,1000,false],"trp-custom-language-flag":["https:\/\/babypillowwholesale.com\/wp-content\/uploads\/2025\/04\/1168.jpg",12,12,false],"woocommerce_thumbnail":["https:\/\/babypillowwholesale.com\/wp-content\/uploads\/2025\/04\/1168-300x300.jpg",300,300,true],"woocommerce_single":["https:\/\/babypillowwholesale.com\/wp-content\/uploads\/2025\/04\/1168-600x600.jpg",600,600,true],"woocommerce_gallery_thumbnail":["https:\/\/babypillowwholesale.com\/wp-content\/uploads\/2025\/04\/1168-100x100.jpg",100,100,true]},"uagb_author_info":{"display_name":"Etnen zhong","author_link":"https:\/\/babypillowwholesale.com\/lv\/author\/"},"uagb_comment_info":0,"uagb_excerpt":"The Hydrophilic Sponge Contour Pillow is a remarkable product designed for infants aged 0 - 12 months. Its design is inspired by cute animal motifs, such as the penguin shown, with a sweet face, a charming bow, and vivid - colored feet, making it visually appealing. Crafted from hydrophilic sponge, it offers a soft and&hellip;","jetpack_sharing_enabled":true,"_links":{"self":[{"href":"https:\/\/babypillowwholesale.com\/lv\/wp-json\/wp\/v2\/product\/3320","targetHints":{"allow":["GET"]}}],"collection":[{"href":"https:\/\/babypillowwholesale.com\/lv\/wp-json\/wp\/v2\/product"}],"about":[{"href":"https:\/\/babypillowwholesale.com\/lv\/wp-json\/wp\/v2\/types\/product"}],"replies":[{"embeddable":true,"href":"https:\/\/babypillowwholesale.com\/lv\/wp-json\/wp\/v2\/comments?post=3320"}],"wp:featuredmedia":[{"embeddable":true,"href":"https:\/\/babypillowwholesale.com\/lv\/wp-json\/wp\/v2\/media\/3321"}],"wp:attachment":[{"href":"https:\/\/babypillowwholesale.com\/lv\/wp-json\/wp\/v2\/media?parent=3320"}],"wp:term":[{"taxonomy":"product_brand","embeddable":true,"href":"https:\/\/babypillowwholesale.com\/lv\/wp-json\/wp\/v2\/product_brand?post=3320"},{"taxonomy":"product_cat","embeddable":true,"href":"https:\/\/babypillowwholesale.com\/lv\/wp-json\/wp\/v2\/product_cat?post=3320"},{"taxonomy":"product_tag","embeddable":true,"href":"https:\/\/babypillowwholesale.com\/lv\/wp-json\/wp\/v2\/product_tag?post=3320"}],"curies":[{"name":"wp","href":"https:\/\/api.w.org\/{rel}","templated":true}]}}