{"id":3313,"date":"2025-03-26T08:34:46","date_gmt":"2025-03-26T08:34:46","guid":{"rendered":"https:\/\/babypillowwholesale.com\/?post_type=product&#038;p=3313"},"modified":"2025-06-08T15:21:39","modified_gmt":"2025-06-08T15:21:39","slug":"little-raccoon-contour-pillow","status":"publish","type":"product","link":"https:\/\/babypillowwholesale.com\/lv\/product\/little-raccoon-contour-pillow\/","title":{"rendered":"Mazais jenots kont\u016bras spilvens"},"content":{"rendered":"<div class=\"auto-hide-last-sibling-br paragraph-qzbcQC paragraph-element br-paragraph-space\" data-immersive-translate-walked=\"8e61f2e7-6af2-46e5-9672-3b9e4f4033d9\" data-immersive-translate-paragraph=\"1\">\n<div class=\"auto-hide-last-sibling-br paragraph-qzbcQC paragraph-element br-paragraph-space\">\n<div class=\"auto-hide-last-sibling-br paragraph-qzbcQC paragraph-element br-paragraph-space\">\n<div class=\"auto-hide-last-sibling-br paragraph-qzbcQC paragraph-element br-paragraph-space\">\n<div class=\"auto-hide-last-sibling-br paragraph-qzbcQC paragraph-element br-paragraph-space\">Iepaz\u012bstin\u0101m ar mazo jenotsu\u0146u spilvenu Contour Pillow, kas ir apburo\u0161s apburo\u0161a dizaina un profesion\u0101las kop\u0161anas apvienojums, r\u016bp\u012bgi izstr\u0101d\u0101ts z\u012bdai\u0146iem vecum\u0101 no 0 l\u012bdz 12 m\u0113ne\u0161iem. T\u0101 burv\u012bgais dizains - ar omul\u012bgu jenoti\u0146u ar pl\u012b\u0161a apa\u013c\u0101m aus\u012bm un mier\u012bgu sejas izteiksmi - pie\u0161\u0137ir siltumu mazu\u013ca vajadz\u012bgaj\u0101m liet\u0101m. Turkl\u0101t spilvena kontur\u0113t\u0101 strukt\u016bra ir ne tikai m\u012b\u013ca, bet ar\u012b zin\u0101tniski pamatota un ergonomiska, t\u0101 maigi sedz mazu\u013ca galvu, lai veicin\u0101tu vesel\u012bgu galvas att\u012bst\u012bbu.<\/div>\n<p>&nbsp;<\/p>\n<div class=\"auto-hide-last-sibling-br paragraph-qzbcQC paragraph-element br-paragraph-space\">Ikdien\u0101 tas nevainojami iek\u013caujas da\u017e\u0101d\u0101s ain\u0101s. M\u0101j\u0101s novietojiet to b\u0113rnu gulti\u0146\u0101: kad j\u016bsu mazulis iemigs, spilvena m\u012bkst\u0101s kont\u016bras rad\u012bs mier\u012bgu patv\u0113rumu. \u0100ra izbraucienu laik\u0101 - vai t\u0101 b\u016btu pastaiga park\u0101, vai \u0123imenes apciemojums - tas lieliski iek\u013caujas rati\u0146os, nodro\u0161inot past\u0101v\u012bgu komfortu. Pat rota\u013cu br\u012b\u017eos uz m\u012bksta pakl\u0101ji\u0146a spilvens atbalsta mazu\u013ca galvu, nodro\u0161inot m\u0101j\u012bgumu ikvienas aktivit\u0101tes laik\u0101.<\/div>\n<p>&nbsp;<\/p>\n<div class=\"auto-hide-last-sibling-br paragraph-qzbcQC paragraph-element br-paragraph-space\">Vec\u0101ki saj\u016bsmin\u0101s par \u0161o spilvenu. \"Mans mazulis izskat\u0101s tik omul\u012bgs uz Little Raccoon Contour Pillow! Tas ir neticami m\u012bksts, un man pat\u012bk, k\u0101 kont\u016bras dizains maigi atbalsta galvu. Roz\u0101 kr\u0101sa ar\u012b izgaismo b\u0113rnistabu,\" priec\u0101j\u0101s k\u0101da mamma. K\u0101ds t\u0113tis piebilda: \"M\u0113s \u0161o spilvenu visur \u0146emam l\u012bdzi. Tas ir iztur\u012bgs, viegli t\u012br\u0101ms, un zilais variants lieliski sader ar m\u016bsu mazu\u013ca priek\u0161metiem. Nepiecie\u0161ams gan komforta, gan galvas veido\u0161anas d\u0113\u013c!\"<\/div>\n<p>&nbsp;<\/p>\n<div class=\"auto-hide-last-sibling-br paragraph-qzbcQC paragraph-element br-paragraph-space\">Mazais jenots ir pieejams maigi roz\u0101 vai nomierino\u0161i zil\u0101 kr\u0101s\u0101, un tas nav tikai b\u0113rnu aksesu\u0101rs. Tas ir uzticams sabiedrotais, kas apvieno apburo\u0161u est\u0113tiku ar profesion\u0101lu galvas formas atbalstu, nodro\u0161inot j\u016bsu mazulim komfortu un apr\u016bpi katr\u0101 d\u0101rg\u0101 br\u012bd\u012b vi\u0146a agr\u012bnaj\u0101 aug\u0161anas posm\u0101.<\/div>\n<\/div>\n<\/div>\n<\/div>\n<\/div>","protected":false},"excerpt":{"rendered":"<p>Mazais jenots kont\u016brspilvens, kas piel\u0101gots z\u012bdai\u0146iem vecum\u0101 no 0 l\u012bdz 12 m\u0113ne\u0161iem, apvieno skaistumu ar profesion\u0101lu kop\u0161anu. T\u0101 dizains, ko iedvesmojis omul\u012bgs mazs jenots ar apa\u013c\u0101m aus\u012bm un mier\u012bgu sejas izteiksmi, pie\u0161\u0137ir m\u012b\u013cu piesk\u0101rienu mazu\u013ca vajadz\u012bgaj\u0101m liet\u0101m. Spilvena kont\u016brveida strukt\u016bra nodro\u0161ina zin\u0101tniski pamatotu, ergonomisku atbalstu, maigi aptverot mazu\u013ca galvu, lai veicin\u0101tu vesel\u012bgu galvas formas att\u012bst\u012bbu. Izm\u0113rs 29*<em>21*<\/em>1,5 cm liels, tas nevainojami iederas b\u0113rnu gulti\u0146\u0101s, lai var\u0113tu mier\u012bgi gul\u0113t, rati\u0146os izbraucienu laik\u0101 vai m\u0101jas rota\u013cu laik\u0101. \u0160is spilvens, kas pieejams maigi roz\u0101 vai nomierino\u0161i zil\u0101 kr\u0101s\u0101, ir ne tikai funkcion\u0101ls priek\u0161mets galvas atbalstam - tas ir ar\u012b silts sabiedrotais, kas nodro\u0161ina komfortu un \u0161armu vis\u0101 j\u016bsu mazu\u013ca v\u0113rt\u012bgaj\u0101 agr\u012bnaj\u0101 aug\u0161anas posm\u0101.<\/p>","protected":false},"featured_media":3314,"comment_status":"open","ping_status":"closed","template":"","meta":{"_uag_custom_page_level_css":"","site-sidebar-layout":"default","site-content-layout":"","ast-site-content-layout":"default","site-content-style":"default","site-sidebar-style":"default","ast-global-header-display":"","ast-banner-title-visibility":"","ast-main-header-display":"","ast-hfb-above-header-display":"","ast-hfb-below-header-display":"","ast-hfb-mobile-header-display":"","site-post-title":"","ast-breadcrumbs-content":"","ast-featured-img":"","footer-sml-layout":"","ast-disable-related-posts":"","theme-transparent-header-meta":"default","adv-header-id-meta":"","stick-header-meta":"","header-above-stick-meta":"","header-main-stick-meta":"","header-below-stick-meta":"","astra-migrate-meta-layouts":"set","ast-page-background-enabled":"default","ast-page-background-meta":{"desktop":{"background-color":"","background-image":"","background-repeat":"repeat","background-position":"center center","background-size":"auto","background-attachment":"scroll","background-type":"","background-media":"","overlay-type":"","overlay-color":"","overlay-opacity":"","overlay-gradient":""},"tablet":{"background-color":"","background-image":"","background-repeat":"repeat","background-position":"center center","background-size":"auto","background-attachment":"scroll","background-type":"","background-media":"","overlay-type":"","overlay-color":"","overlay-opacity":"","overlay-gradient":""},"mobile":{"background-color":"","background-image":"","background-repeat":"repeat","background-position":"center center","background-size":"auto","background-attachment":"scroll","background-type":"","background-media":"","overlay-type":"","overlay-color":"","overlay-opacity":"","overlay-gradient":""}},"ast-content-background-meta":{"desktop":{"background-color":"var(--ast-global-color-5)","background-image":"","background-repeat":"repeat","background-position":"center center","background-size":"auto","background-attachment":"scroll","background-type":"","background-media":"","overlay-type":"","overlay-color":"","overlay-opacity":"","overlay-gradient":""},"tablet":{"background-color":"var(--ast-global-color-5)","background-image":"","background-repeat":"repeat","background-position":"center center","background-size":"auto","background-attachment":"scroll","background-type":"","background-media":"","overlay-type":"","overlay-color":"","overlay-opacity":"","overlay-gradient":""},"mobile":{"background-color":"var(--ast-global-color-5)","background-image":"","background-repeat":"repeat","background-position":"center center","background-size":"auto","background-attachment":"scroll","background-type":"","background-media":"","overlay-type":"","overlay-color":"","overlay-opacity":"","overlay-gradient":""}}},"product_brand":[],"product_cat":[55,42],"product_tag":[70,68,71,69],"class_list":{"0":"post-3313","1":"product","2":"type-product","3":"status-publish","4":"has-post-thumbnail","6":"product_cat-0-to-1-year","7":"product_cat-merchandise","8":"product_tag-babypillow","9":"product_tag-cuteanimalpillow","10":"product_tag-headshapesupport","11":"product_tag-kouniushapingpillow","12":"desktop-align-left","13":"tablet-align-left","14":"mobile-align-left","16":"first","17":"instock","18":"featured","19":"shipping-taxable","20":"product-type-simple"},"aioseo_notices":[],"uagb_featured_image_src":{"full":["https:\/\/babypillowwholesale.com\/wp-content\/uploads\/2025\/03\/1520.jpg",1000,1000,false],"thumbnail":["https:\/\/babypillowwholesale.com\/wp-content\/uploads\/2025\/03\/1520-150x150.jpg",150,150,true],"medium":["https:\/\/babypillowwholesale.com\/wp-content\/uploads\/2025\/03\/1520-300x300.jpg",300,300,true],"medium_large":["https:\/\/babypillowwholesale.com\/wp-content\/uploads\/2025\/03\/1520-768x768.jpg",768,768,true],"large":["https:\/\/babypillowwholesale.com\/wp-content\/uploads\/2025\/03\/1520.jpg",1000,1000,false],"1536x1536":["https:\/\/babypillowwholesale.com\/wp-content\/uploads\/2025\/03\/1520.jpg",1000,1000,false],"2048x2048":["https:\/\/babypillowwholesale.com\/wp-content\/uploads\/2025\/03\/1520.jpg",1000,1000,false],"trp-custom-language-flag":["https:\/\/babypillowwholesale.com\/wp-content\/uploads\/2025\/03\/1520.jpg",12,12,false],"woocommerce_thumbnail":["https:\/\/babypillowwholesale.com\/wp-content\/uploads\/2025\/03\/1520-300x300.jpg",300,300,true],"woocommerce_single":["https:\/\/babypillowwholesale.com\/wp-content\/uploads\/2025\/03\/1520-600x600.jpg",600,600,true],"woocommerce_gallery_thumbnail":["https:\/\/babypillowwholesale.com\/wp-content\/uploads\/2025\/03\/1520-100x100.jpg",100,100,true]},"uagb_author_info":{"display_name":"Etnen zhong","author_link":"https:\/\/babypillowwholesale.com\/lv\/author\/"},"uagb_comment_info":0,"uagb_excerpt":"The Little Raccoon Contour Pillow, tailored for infants aged 0\u201312 months, harmonizes cuteness with professional care. Its design, inspired by a cuddly little raccoon with round ears and a serene expression, adds an endearing touch to baby essentials. The pillow\u2019s contour structure offers scientific, ergonomic support, gently embracing the baby\u2019s head to nurture healthy head&hellip;","jetpack_sharing_enabled":true,"_links":{"self":[{"href":"https:\/\/babypillowwholesale.com\/lv\/wp-json\/wp\/v2\/product\/3313","targetHints":{"allow":["GET"]}}],"collection":[{"href":"https:\/\/babypillowwholesale.com\/lv\/wp-json\/wp\/v2\/product"}],"about":[{"href":"https:\/\/babypillowwholesale.com\/lv\/wp-json\/wp\/v2\/types\/product"}],"replies":[{"embeddable":true,"href":"https:\/\/babypillowwholesale.com\/lv\/wp-json\/wp\/v2\/comments?post=3313"}],"wp:featuredmedia":[{"embeddable":true,"href":"https:\/\/babypillowwholesale.com\/lv\/wp-json\/wp\/v2\/media\/3314"}],"wp:attachment":[{"href":"https:\/\/babypillowwholesale.com\/lv\/wp-json\/wp\/v2\/media?parent=3313"}],"wp:term":[{"taxonomy":"product_brand","embeddable":true,"href":"https:\/\/babypillowwholesale.com\/lv\/wp-json\/wp\/v2\/product_brand?post=3313"},{"taxonomy":"product_cat","embeddable":true,"href":"https:\/\/babypillowwholesale.com\/lv\/wp-json\/wp\/v2\/product_cat?post=3313"},{"taxonomy":"product_tag","embeddable":true,"href":"https:\/\/babypillowwholesale.com\/lv\/wp-json\/wp\/v2\/product_tag?post=3313"}],"curies":[{"name":"wp","href":"https:\/\/api.w.org\/{rel}","templated":true}]}}