{"id":3306,"date":"2025-03-24T15:28:09","date_gmt":"2025-03-24T15:28:09","guid":{"rendered":"https:\/\/babypillowwholesale.com\/?post_type=product&#038;p=3306"},"modified":"2025-06-08T15:34:36","modified_gmt":"2025-06-08T15:34:36","slug":"bear-shaping-pillow","status":"publish","type":"product","link":"https:\/\/babypillowwholesale.com\/lv\/product\/bear-shaping-pillow\/","title":{"rendered":"L\u0101\u010da veido\u0161anas spilvens"},"content":{"rendered":"<div class=\"auto-hide-last-sibling-br paragraph-qzbcQC paragraph-element br-paragraph-space\" data-immersive-translate-walked=\"8e61f2e7-6af2-46e5-9672-3b9e4f4033d9\" data-immersive-translate-paragraph=\"1\">\n<div class=\"auto-hide-last-sibling-br paragraph-qzbcQC paragraph-element br-paragraph-space\">\n<div class=\"auto-hide-last-sibling-br paragraph-qzbcQC paragraph-element br-paragraph-space\">Atkl\u0101jiet l\u0101c\u012b\u0161a veido\u0161anas spilvenu, kas ir valdzino\u0161s \u0161arma un praktiskuma apvienojums, kas paredz\u0113ts z\u012bdai\u0146iem vecum\u0101 no 0 l\u012bdz 6 m\u0113ne\u0161iem. T\u0101 d\u012bvainaj\u0101 dizain\u0101 ir att\u0113lots m\u012bl\u012bgs l\u0101c\u0113ns, kas tur zvaigzn\u012bti, ar s\u0101rtiem vaigiem un sap\u0146ainu ainu, kas uzreiz izraisa prieku. Papildus apburo\u0161ajam izskatam \u0161is 25*<em>20*<\/em>1,5 cm spilvens ergonomiski atbalsta mazu\u013ca galvu, saudz\u012bgi veicinot vesel\u012bgu galvas att\u012bst\u012bbu kritiski svar\u012bgaj\u0101 agr\u012bnaj\u0101 b\u0113rna dz\u012bves posm\u0101.<\/div>\n<p>&nbsp;<\/p>\n<div class=\"auto-hide-last-sibling-br paragraph-qzbcQC paragraph-element br-paragraph-space\">Ikdien\u0101 tas nevainojami iederas da\u017e\u0101dos scen\u0101rijos: ievietots b\u0113rnu gulti\u0146\u0101, lai rad\u012btu mier\u012bgu atp\u016btas vietu m\u0101j\u0101s, ievietots b\u0113rnu rati\u0146os, lai \u0113rti pavad\u012btu laiku izbraukumos - pastaig\u0101s park\u0101 vai pie vecvec\u0101kiem, vai novietots uz rota\u013cu pakl\u0101ji\u0146a, lai rota\u013cu laik\u0101 rad\u012btu m\u0101j\u012bgus br\u012b\u017eus.<\/div>\n<p>&nbsp;<\/p>\n<div class=\"auto-hide-last-sibling-br paragraph-qzbcQC paragraph-element br-paragraph-space\">Vec\u0101ki to no visas sirds slav\u0113. \"Mans b\u0113rns iedegas no l\u0101c\u012b\u0161a jauk\u0101 dizaina! Spilvens ir neticami m\u012bksts, un es esmu nov\u0113rojusi iev\u0113rojamus uzlabojumus galvas veido\u0161an\u0101. Maz\u0101 dinozaura kr\u0101sa ar\u012b lieliski sader ar m\u016bsu b\u0113rnistabu,\" saj\u016bsmin\u0101ta ir k\u0101da mamma. K\u0101ds t\u0113tis piebilda: \"Tas ir k\u013cuvis neaizst\u0101jams katr\u0101 ce\u013cojum\u0101. Viegli p\u0101rn\u0113s\u0101jams, un tematiskie kr\u0101su varianti pie\u0161\u0137ir jautr\u012bbas. M\u0113s nevaram to neiesaka!\"<\/div>\n<div><\/div>\n<div class=\"auto-hide-last-sibling-br paragraph-qzbcQC paragraph-element br-paragraph-space\">L\u0101c\u012b\u0161a veidojo\u0161ais spilvens, kas pied\u0101v\u0101 t\u0101das kr\u0101sas k\u0101 roz\u0101 za\u0137is, mazais dinozaurs un mazais lauva, apvieno funkcion\u0101lu atbalstu ar t\u0113lainu dizainu. Tas ir kas vair\u0101k nek\u0101 b\u0113rnu aksesu\u0101rs - tas ir maigs pavadonis, kas j\u016bsu mazuli iet\u0113rpj \u0113rt\u012bb\u0101, m\u012b\u013cum\u0101 un r\u016bp\u0113s katr\u0101 d\u0101rgaj\u0101 mazu\u013ca agr\u012bno dienu mirkl\u012b.<\/div>\n<\/div>\n<\/div>","protected":false},"excerpt":{"rendered":"<p>L\u0101c\u012b\u0161a veidojo\u0161ais spilvens ir apburo\u0161s pal\u012bgl\u0101cis z\u012bdai\u0146iem vecum\u0101 no 0 l\u012bdz 6 m\u0113ne\u0161iem. T\u0101 dizain\u0101 ir att\u0113lots burv\u012bgs l\u0101\u010da mot\u012bvs, kas ir burv\u012bgs ar t\u0101d\u0101m deta\u013c\u0101m k\u0101 zvaigzn\u012btes st\u016br\u012btis, s\u0101rtie vaigi un kapr\u012bzs apk\u0101rt\u0113jais fons. Izm\u0113rs 25*<em>20*<\/em>1,5 cm spilvens ergonomiski atbalsta mazu\u013ca galvu, maigi vadot vesel\u012bgu galvas veido\u0161anos agr\u012bn\u0101 aug\u0161anas posm\u0101. Tas nevainojami iederas da\u017e\u0101dos scen\u0101rijos: ievietots gulti\u0146\u0101s, lai mier\u012bgi izgul\u0113tos, ievietots rati\u0146os \u0101ra piedz\u012bvojumu laik\u0101 vai novietots uz m\u012bksta pakl\u0101ji\u0146a m\u0101j\u0101s. Ar roz\u0101 za\u0137a, maz\u0101 dinozaura un maz\u0101 lauva kr\u0101su variantiem tas apvieno funkcionalit\u0101ti ar fant\u0101ziju, pied\u0101v\u0101jot maigu atbalstu un vienlaikus pie\u0161\u0137irot rota\u013c\u012bgu, m\u012b\u013cu piesk\u0101rienu mazu\u013ca apr\u016bpei, apmierinot gan praktisk\u0101s vajadz\u012bbas, gan est\u0113tisko gaumi.<\/p>","protected":false},"featured_media":3307,"comment_status":"open","ping_status":"closed","template":"","meta":{"_uag_custom_page_level_css":"","site-sidebar-layout":"default","site-content-layout":"","ast-site-content-layout":"default","site-content-style":"default","site-sidebar-style":"default","ast-global-header-display":"","ast-banner-title-visibility":"","ast-main-header-display":"","ast-hfb-above-header-display":"","ast-hfb-below-header-display":"","ast-hfb-mobile-header-display":"","site-post-title":"","ast-breadcrumbs-content":"","ast-featured-img":"","footer-sml-layout":"","ast-disable-related-posts":"","theme-transparent-header-meta":"default","adv-header-id-meta":"","stick-header-meta":"","header-above-stick-meta":"","header-main-stick-meta":"","header-below-stick-meta":"","astra-migrate-meta-layouts":"set","ast-page-background-enabled":"default","ast-page-background-meta":{"desktop":{"background-color":"","background-image":"","background-repeat":"repeat","background-position":"center center","background-size":"auto","background-attachment":"scroll","background-type":"","background-media":"","overlay-type":"","overlay-color":"","overlay-opacity":"","overlay-gradient":""},"tablet":{"background-color":"","background-image":"","background-repeat":"repeat","background-position":"center center","background-size":"auto","background-attachment":"scroll","background-type":"","background-media":"","overlay-type":"","overlay-color":"","overlay-opacity":"","overlay-gradient":""},"mobile":{"background-color":"","background-image":"","background-repeat":"repeat","background-position":"center center","background-size":"auto","background-attachment":"scroll","background-type":"","background-media":"","overlay-type":"","overlay-color":"","overlay-opacity":"","overlay-gradient":""}},"ast-content-background-meta":{"desktop":{"background-color":"var(--ast-global-color-5)","background-image":"","background-repeat":"repeat","background-position":"center center","background-size":"auto","background-attachment":"scroll","background-type":"","background-media":"","overlay-type":"","overlay-color":"","overlay-opacity":"","overlay-gradient":""},"tablet":{"background-color":"var(--ast-global-color-5)","background-image":"","background-repeat":"repeat","background-position":"center center","background-size":"auto","background-attachment":"scroll","background-type":"","background-media":"","overlay-type":"","overlay-color":"","overlay-opacity":"","overlay-gradient":""},"mobile":{"background-color":"var(--ast-global-color-5)","background-image":"","background-repeat":"repeat","background-position":"center center","background-size":"auto","background-attachment":"scroll","background-type":"","background-media":"","overlay-type":"","overlay-color":"","overlay-opacity":"","overlay-gradient":""}}},"product_brand":[],"product_cat":[54,42],"product_tag":[70,68,71,69],"class_list":{"0":"post-3306","1":"product","2":"type-product","3":"status-publish","4":"has-post-thumbnail","6":"product_cat-0-to-6months","7":"product_cat-merchandise","8":"product_tag-babypillow","9":"product_tag-cuteanimalpillow","10":"product_tag-headshapesupport","11":"product_tag-kouniushapingpillow","12":"desktop-align-left","13":"tablet-align-left","14":"mobile-align-left","16":"first","17":"instock","18":"shipping-taxable","19":"product-type-simple"},"aioseo_notices":[],"uagb_featured_image_src":{"full":["https:\/\/babypillowwholesale.com\/wp-content\/uploads\/2025\/03\/1137.jpg",1000,1000,false],"thumbnail":["https:\/\/babypillowwholesale.com\/wp-content\/uploads\/2025\/03\/1137-150x150.jpg",150,150,true],"medium":["https:\/\/babypillowwholesale.com\/wp-content\/uploads\/2025\/03\/1137-300x300.jpg",300,300,true],"medium_large":["https:\/\/babypillowwholesale.com\/wp-content\/uploads\/2025\/03\/1137-768x768.jpg",768,768,true],"large":["https:\/\/babypillowwholesale.com\/wp-content\/uploads\/2025\/03\/1137.jpg",1000,1000,false],"1536x1536":["https:\/\/babypillowwholesale.com\/wp-content\/uploads\/2025\/03\/1137.jpg",1000,1000,false],"2048x2048":["https:\/\/babypillowwholesale.com\/wp-content\/uploads\/2025\/03\/1137.jpg",1000,1000,false],"trp-custom-language-flag":["https:\/\/babypillowwholesale.com\/wp-content\/uploads\/2025\/03\/1137.jpg",12,12,false],"woocommerce_thumbnail":["https:\/\/babypillowwholesale.com\/wp-content\/uploads\/2025\/03\/1137-300x300.jpg",300,300,true],"woocommerce_single":["https:\/\/babypillowwholesale.com\/wp-content\/uploads\/2025\/03\/1137-600x600.jpg",600,600,true],"woocommerce_gallery_thumbnail":["https:\/\/babypillowwholesale.com\/wp-content\/uploads\/2025\/03\/1137-100x100.jpg",100,100,true]},"uagb_author_info":{"display_name":"Etnen zhong","author_link":"https:\/\/babypillowwholesale.com\/lv\/author\/"},"uagb_comment_info":0,"uagb_excerpt":"The Bear Shaping Pillow is a delightful essential for infants aged 0 to 6 months. Its design showcases a charming bear motif\u2014adorable with details like a star - wielding pose, blushing cheeks, and whimsical surroundings. Measuring 25*20*1.5CM, the pillow ergonomically supports a baby\u2019s head, gently guiding healthy head shaping during early growth. It fits seamlessly&hellip;","jetpack_sharing_enabled":true,"_links":{"self":[{"href":"https:\/\/babypillowwholesale.com\/lv\/wp-json\/wp\/v2\/product\/3306","targetHints":{"allow":["GET"]}}],"collection":[{"href":"https:\/\/babypillowwholesale.com\/lv\/wp-json\/wp\/v2\/product"}],"about":[{"href":"https:\/\/babypillowwholesale.com\/lv\/wp-json\/wp\/v2\/types\/product"}],"replies":[{"embeddable":true,"href":"https:\/\/babypillowwholesale.com\/lv\/wp-json\/wp\/v2\/comments?post=3306"}],"wp:featuredmedia":[{"embeddable":true,"href":"https:\/\/babypillowwholesale.com\/lv\/wp-json\/wp\/v2\/media\/3307"}],"wp:attachment":[{"href":"https:\/\/babypillowwholesale.com\/lv\/wp-json\/wp\/v2\/media?parent=3306"}],"wp:term":[{"taxonomy":"product_brand","embeddable":true,"href":"https:\/\/babypillowwholesale.com\/lv\/wp-json\/wp\/v2\/product_brand?post=3306"},{"taxonomy":"product_cat","embeddable":true,"href":"https:\/\/babypillowwholesale.com\/lv\/wp-json\/wp\/v2\/product_cat?post=3306"},{"taxonomy":"product_tag","embeddable":true,"href":"https:\/\/babypillowwholesale.com\/lv\/wp-json\/wp\/v2\/product_tag?post=3306"}],"curies":[{"name":"wp","href":"https:\/\/api.w.org\/{rel}","templated":true}]}}