{"id":3297,"date":"2025-03-22T02:36:47","date_gmt":"2025-03-22T02:36:47","guid":{"rendered":"https:\/\/babypillowwholesale.com\/?post_type=product&#038;p=3297"},"modified":"2025-06-08T16:05:37","modified_gmt":"2025-06-08T16:05:37","slug":"snotty-elephant-shaping-pillow","status":"publish","type":"product","link":"https:\/\/babypillowwholesale.com\/lv\/product\/snotty-elephant-shaping-pillow\/","title":{"rendered":"Smird\u012bgs zilonis veidojo\u0161ais spilvens"},"content":{"rendered":"<div class=\"auto-hide-last-sibling-br paragraph-qzbcQC paragraph-element br-paragraph-space\" data-immersive-translate-walked=\"8e61f2e7-6af2-46e5-9672-3b9e4f4033d9\" data-immersive-translate-paragraph=\"1\">\n<div class=\"auto-hide-last-sibling-br paragraph-qzbcQC paragraph-element br-paragraph-space\">Iegremd\u0113jieties komforta un m\u012b\u013cuma pasaul\u0113 ar m\u016bsu Snotty Elephant Shaping Pillow - sap\u0146ainu spilvenu, kas \u012bpa\u0161i rad\u012bts vismaz\u0101kajiem d\u0101rgumiem vecum\u0101 no 0 l\u012bdz 6 m\u0113ne\u0161iem. T\u0101 burv\u012bgajam dizainam, ko iedvesmojis maigais Snotty zilon\u012btis, ir lielas, izpl\u016bdu\u0161as ausis un m\u012b\u013ca, minim\u0101lisma seji\u0146a, kas mazu\u013ca b\u0113rnistabai uzreiz pie\u0161\u0137irs oke\u0101na \u0161armu. \u0160is spilvens nav tikai ar savu burv\u012bgo izskatu; tas ir atbalsta sp\u0113ks. Prec\u012bzi profil\u0113tais centr\u0101lais izgriezums sniedz maigu, nomierino\u0161u apsk\u0101vienu j\u016bsu mazu\u013ca maigajai galvi\u0146ai, graciozi virzot to uz perfektu formu, kam\u0113r vi\u0146\u0161 iepaz\u012bst savu pirmo dienu br\u012bnumus. T\u0101 izm\u0113ri ir 26,5*25*1,5 cm, un tas ir neticami univers\u0101ls. Mier\u012bg\u0101s p\u0113cpusdien\u0101s m\u0101j\u0101s ievietojiet to mazu\u013ca gulti\u0146\u0101 un v\u0113rojiet, k\u0101 tas p\u0101rv\u0113r\u0161 gul\u0113tie\u0161anas laiku par mier\u012bgu oke\u0101na piedz\u012bvojumu. Kad dodaties \u0123imenes izbraucien\u0101, vai tas b\u016btu brauciens uz pludmali vai akv\u0101rija apmekl\u0113jums, spilvens cie\u0161i piegu\u013c rati\u0146os, nodro\u0161inot mazulim \u0113rtu ce\u013cojumu paz\u012bstam\u0101 zilon\u012b\u0161a Snotty \u0161arma ieskaut\u0101 veid\u0101. Vec\u0101ki ir saj\u016bsm\u0101 par \u0161o spilvenu! \"Manam mazulim \u013coti pat\u012bk piegu\u013c pie \u0161\u012b Snotty zilon\u012b\u0161a spilvena. Tas ir tik m\u012bksts, un t\u0101 dizains ir unik\u0101ls. Esmu ar\u012b nov\u0113rojusi, ka tas lieliski pal\u012bdz uztur\u0113t labu galvas formu,\" sac\u012bja k\u0101da saj\u016bsmin\u0101ta mamma. K\u0101ds t\u0113tis dal\u012bj\u0101s: \"\u0160is spilvens mums ir k\u013cuvis par oblig\u0101tu piederumu. Viegli n\u0113s\u0101t l\u012bdzi, un kr\u0101su izv\u0113le ir patie\u0161\u0101m jauka. M\u016bsu b\u0113rns vienm\u0113r \u0161\u0137iet apmierin\u0101ts, kad to izmanto.\" Ocean Elephant Shaping Pillow, kas pieejams burv\u012bg\u0101s roz\u0101 un zil\u0101 kr\u0101s\u0101, ir kas vair\u0101k nek\u0101 tikai mazu\u013ca aksesu\u0101rs; tas ir iem\u012b\u013cots pavadonis, kas sola komfortu, atbalstu un daudz oke\u0101na burv\u012bbas j\u016bsu mazu\u013ca d\u0101rgajiem pirmajiem m\u0113ne\u0161iem.<\/div>\n<\/div>","protected":false},"excerpt":{"rendered":"<p>Smar\u017eojo\u0161ais zilon\u0113ns veidojo\u0161ais spilvens ir pievilc\u012bga un praktiska izv\u0113le z\u012bdai\u0146iem vecum\u0101 no 0 l\u012bdz 6 m\u0113ne\u0161iem. T\u0101 dizains ir veidots p\u0113c oke\u0101na t\u0113mas zilon\u012b\u0161a ar liel\u0101m aus\u012bm un vienk\u0101r\u0161u, m\u012b\u013cu seji\u0146u, kas piesaista uzman\u012bbu. Spilvena centr\u0101lais izgriezums ir r\u016bp\u012bgi veidots t\u0101, lai sniegtu maigu atbalstu mazu\u013ca galvai, pal\u012bdzot saglab\u0101t pareizu galvas formu agr\u012bn\u0101s att\u012bst\u012bbas laik\u0101. Izm\u0113rs: 26,5*<em>25*<\/em>1,5 cm, tas labi iek\u013caujas b\u0113rnu gulti\u0146\u0101s, rati\u0146os vai tad, kad b\u0113rns atp\u016b\u0161as uz rota\u013cu palikt\u0146a. Tas ir pieejams roz\u0101 un zil\u0101 kr\u0101s\u0101, dodot vec\u0101kiem iesp\u0113ju izv\u0113l\u0113ties savai gaumei vai b\u0113rnistabas iek\u0101rtojumam atbilsto\u0161u kr\u0101su, apvienojot gan \u0161armu, gan funkcionalit\u0101ti mazu\u013ca apr\u016bpei.<\/p>","protected":false},"featured_media":3298,"comment_status":"open","ping_status":"closed","template":"","meta":{"_uag_custom_page_level_css":"","site-sidebar-layout":"default","site-content-layout":"","ast-site-content-layout":"default","site-content-style":"default","site-sidebar-style":"default","ast-global-header-display":"","ast-banner-title-visibility":"","ast-main-header-display":"","ast-hfb-above-header-display":"","ast-hfb-below-header-display":"","ast-hfb-mobile-header-display":"","site-post-title":"","ast-breadcrumbs-content":"","ast-featured-img":"","footer-sml-layout":"","ast-disable-related-posts":"","theme-transparent-header-meta":"default","adv-header-id-meta":"","stick-header-meta":"","header-above-stick-meta":"","header-main-stick-meta":"","header-below-stick-meta":"","astra-migrate-meta-layouts":"set","ast-page-background-enabled":"default","ast-page-background-meta":{"desktop":{"background-color":"","background-image":"","background-repeat":"repeat","background-position":"center center","background-size":"auto","background-attachment":"scroll","background-type":"","background-media":"","overlay-type":"","overlay-color":"","overlay-opacity":"","overlay-gradient":""},"tablet":{"background-color":"","background-image":"","background-repeat":"repeat","background-position":"center center","background-size":"auto","background-attachment":"scroll","background-type":"","background-media":"","overlay-type":"","overlay-color":"","overlay-opacity":"","overlay-gradient":""},"mobile":{"background-color":"","background-image":"","background-repeat":"repeat","background-position":"center center","background-size":"auto","background-attachment":"scroll","background-type":"","background-media":"","overlay-type":"","overlay-color":"","overlay-opacity":"","overlay-gradient":""}},"ast-content-background-meta":{"desktop":{"background-color":"var(--ast-global-color-5)","background-image":"","background-repeat":"repeat","background-position":"center center","background-size":"auto","background-attachment":"scroll","background-type":"","background-media":"","overlay-type":"","overlay-color":"","overlay-opacity":"","overlay-gradient":""},"tablet":{"background-color":"var(--ast-global-color-5)","background-image":"","background-repeat":"repeat","background-position":"center center","background-size":"auto","background-attachment":"scroll","background-type":"","background-media":"","overlay-type":"","overlay-color":"","overlay-opacity":"","overlay-gradient":""},"mobile":{"background-color":"var(--ast-global-color-5)","background-image":"","background-repeat":"repeat","background-position":"center center","background-size":"auto","background-attachment":"scroll","background-type":"","background-media":"","overlay-type":"","overlay-color":"","overlay-opacity":"","overlay-gradient":""}}},"product_brand":[],"product_cat":[54,42],"product_tag":[70,68,71,69],"class_list":{"0":"post-3297","1":"product","2":"type-product","3":"status-publish","4":"has-post-thumbnail","6":"product_cat-0-to-6months","7":"product_cat-merchandise","8":"product_tag-babypillow","9":"product_tag-cuteanimalpillow","10":"product_tag-headshapesupport","11":"product_tag-kouniushapingpillow","12":"desktop-align-left","13":"tablet-align-left","14":"mobile-align-left","16":"first","17":"instock","18":"shipping-taxable","19":"product-type-simple"},"aioseo_notices":[],"uagb_featured_image_src":{"full":["https:\/\/babypillowwholesale.com\/wp-content\/uploads\/2025\/03\/1510.jpg",1000,1000,false],"thumbnail":["https:\/\/babypillowwholesale.com\/wp-content\/uploads\/2025\/03\/1510-150x150.jpg",150,150,true],"medium":["https:\/\/babypillowwholesale.com\/wp-content\/uploads\/2025\/03\/1510-300x300.jpg",300,300,true],"medium_large":["https:\/\/babypillowwholesale.com\/wp-content\/uploads\/2025\/03\/1510-768x768.jpg",768,768,true],"large":["https:\/\/babypillowwholesale.com\/wp-content\/uploads\/2025\/03\/1510.jpg",1000,1000,false],"1536x1536":["https:\/\/babypillowwholesale.com\/wp-content\/uploads\/2025\/03\/1510.jpg",1000,1000,false],"2048x2048":["https:\/\/babypillowwholesale.com\/wp-content\/uploads\/2025\/03\/1510.jpg",1000,1000,false],"trp-custom-language-flag":["https:\/\/babypillowwholesale.com\/wp-content\/uploads\/2025\/03\/1510.jpg",12,12,false],"woocommerce_thumbnail":["https:\/\/babypillowwholesale.com\/wp-content\/uploads\/2025\/03\/1510-300x300.jpg",300,300,true],"woocommerce_single":["https:\/\/babypillowwholesale.com\/wp-content\/uploads\/2025\/03\/1510-600x600.jpg",600,600,true],"woocommerce_gallery_thumbnail":["https:\/\/babypillowwholesale.com\/wp-content\/uploads\/2025\/03\/1510-100x100.jpg",100,100,true]},"uagb_author_info":{"display_name":"Etnen zhong","author_link":"https:\/\/babypillowwholesale.com\/lv\/author\/"},"uagb_comment_info":1,"uagb_excerpt":"The Snotty Elephant Shaping Pillow is an appealing and practical choice for infants aged 0 to 6 months. Its design, modeled after an ocean - themed elephant with large ears and a simple, cute face, is eye - catching. The central cut - out of the pillow is carefully shaped to provide gentle support for&hellip;","jetpack_sharing_enabled":true,"_links":{"self":[{"href":"https:\/\/babypillowwholesale.com\/lv\/wp-json\/wp\/v2\/product\/3297","targetHints":{"allow":["GET"]}}],"collection":[{"href":"https:\/\/babypillowwholesale.com\/lv\/wp-json\/wp\/v2\/product"}],"about":[{"href":"https:\/\/babypillowwholesale.com\/lv\/wp-json\/wp\/v2\/types\/product"}],"replies":[{"embeddable":true,"href":"https:\/\/babypillowwholesale.com\/lv\/wp-json\/wp\/v2\/comments?post=3297"}],"wp:featuredmedia":[{"embeddable":true,"href":"https:\/\/babypillowwholesale.com\/lv\/wp-json\/wp\/v2\/media\/3298"}],"wp:attachment":[{"href":"https:\/\/babypillowwholesale.com\/lv\/wp-json\/wp\/v2\/media?parent=3297"}],"wp:term":[{"taxonomy":"product_brand","embeddable":true,"href":"https:\/\/babypillowwholesale.com\/lv\/wp-json\/wp\/v2\/product_brand?post=3297"},{"taxonomy":"product_cat","embeddable":true,"href":"https:\/\/babypillowwholesale.com\/lv\/wp-json\/wp\/v2\/product_cat?post=3297"},{"taxonomy":"product_tag","embeddable":true,"href":"https:\/\/babypillowwholesale.com\/lv\/wp-json\/wp\/v2\/product_tag?post=3297"}],"curies":[{"name":"wp","href":"https:\/\/api.w.org\/{rel}","templated":true}]}}