{"id":3291,"date":"2025-03-22T01:54:48","date_gmt":"2025-03-22T01:54:48","guid":{"rendered":"https:\/\/babypillowwholesale.com\/?post_type=product&#038;p=3291"},"modified":"2025-06-08T16:08:25","modified_gmt":"2025-06-08T16:08:25","slug":"kitten-shaping-pillow","status":"publish","type":"product","link":"https:\/\/babypillowwholesale.com\/lv\/product\/kitten-shaping-pillow\/","title":{"rendered":"Ka\u0137\u0113nu veidojo\u0161ais spilvens"},"content":{"rendered":"<div class=\"auto-hide-last-sibling-br paragraph-qzbcQC paragraph-element br-paragraph-space\" data-immersive-translate-walked=\"8e61f2e7-6af2-46e5-9672-3b9e4f4033d9\" data-immersive-translate-paragraph=\"1\">\n<div class=\"auto-hide-last-sibling-br paragraph-qzbcQC paragraph-element br-paragraph-space\">Laipni l\u016bgti gaid\u012bts apburo\u0161ais Ka\u0137\u0113nu veidojo\u0161ais spilvens, kas ir komforta o\u0101ze, kas piel\u0101gota visniec\u012bg\u0101kajiem prieka zari\u0146iem vecum\u0101 no 0 l\u012bdz 6 m\u0113ne\u0161iem. T\u0101 dizains, ko iedvesmojis burv\u012bgs ka\u0137\u0113ns ar uzspodrin\u0101t\u0101m aus\u012bm un m\u012b\u013cu, m\u012b\u013cu izteiksmi, ir vizu\u0101ls prieks, kas j\u016bsu mazu\u013ca pasaulei pie\u0161\u0137irs ka\u0137u \u0161armu. \u0160is spilvens ir ne tikai prieks ac\u012bm, bet ar\u012b funkcionalit\u0101tes meistardarbs. Strat\u0113\u0123iski novietotais centr\u0101lais izgriezums nodro\u0161ina maigu, ergonomisku apsk\u0101vienu j\u016bsu mazu\u013ca maigajai galvi\u0146ai, graciozi virzot to uz perfektu formu, kad vi\u0146\u0161 piedz\u012bvo savu pirmo dienu burv\u012bbu. T\u0101 izm\u0113ri ir 26,5*25*1,5 cm, t\u0101p\u0113c tas ir daudzpus\u012bgs pal\u012bgs da\u017e\u0101diem apst\u0101k\u013ciem. Tajos laiskajos r\u012btos m\u0101j\u0101s ievietojiet to mazu\u013ca gulti\u0146\u0101 un v\u0113rojiet, k\u0101 tas p\u0101rv\u0113r\u0161 telpu par m\u0101j\u012bgu ka\u0137\u012b\u0161a - tematisku patv\u0113rumu, iemidzinot j\u016bsu mazuli mier\u012bg\u0101 mieg\u0101. Kad esat devu\u0161ies \u0123imenes piedz\u012bvojum\u0101 - vai tas b\u016btu brauciens uz akv\u0101riju vai ciemo\u0161an\u0101s pie vecvec\u0101kiem, spilvens cie\u0161i piegu\u013c rati\u0146os, nodro\u0161inot mazulim komfortu visa ce\u013cojuma laik\u0101. Vec\u0101ki ir saj\u016bsm\u0101 par \u0161o spilvenu! K\u0101da mamma dal\u012bj\u0101s: \"Mans b\u0113rns iedegas, kad vien ierauga \u0161o ka\u0137\u0113nu spilvenu. Tas ir \u013coti m\u012bksts, un t\u0101 dizains ir p\u0101r\u0101k jauks. Turkl\u0101t tas lieliski pal\u012bdz notur\u0113t galvu lab\u0101 poz\u012bcij\u0101.\" K\u0101ds t\u0113tis piebilda: \"Man pat\u012bk, ka tas ir viegli p\u0101rn\u0113s\u0101jams. Liels pluss ir da\u017e\u0101d\u0101s kr\u0101sas. Tas ir k\u013cuvis par neat\u0146emamu m\u016bsu mazu\u013ca ikdienas sast\u0101vda\u013cu.\" Ka\u0137en\u012btes veidojo\u0161ais spilvens, kas pieejams burv\u012bg\u0101s roz\u0101, zil\u0101 un tum\u0161i za\u013c\u0101 kr\u0101s\u0101, ir kas vair\u0101k nek\u0101 tikai mazu\u013ca aksesu\u0101rs; tas ir m\u012b\u013cots sabiedrotais, kas sola komfortu, atbalstu un daudz jaukuma j\u016bsu mazu\u013ca v\u0113rt\u012bgajiem pirmajiem m\u0113ne\u0161iem.<\/div>\n<\/div>","protected":false},"excerpt":{"rendered":"<p>Ka\u0137\u0113ns veidojo\u0161ais spilvens ir burv\u012bgs un funkcion\u0101ls izstr\u0101d\u0101jums, kas paredz\u0113ts z\u012bdai\u0146iem vecum\u0101 no 0 l\u012bdz 6 m\u0113ne\u0161iem. T\u0101 m\u012bl\u012bgais ka\u0137\u0113nu iedvesmojo\u0161ais dizains ar uzspodrin\u0101t\u0101m aus\u012bm un m\u012b\u013cu sejas izteiksmi ir vizu\u0101li pievilc\u012bgs un noteikti iekaros gan vec\u0101ku, gan mazu\u013cu sirdis. Spilvena centr\u0101lais izgriezums nodro\u0161ina maigu un ergonomisku atbalstu mazu\u013ca galvai, pal\u012bdzot saglab\u0101t pareizu galvas formu iz\u0161\u0137iro\u0161aj\u0101 agr\u012bn\u0101s att\u012bst\u012bbas posm\u0101. Izm\u0113rs: 26,5*<em>25*<\/em>1,5 cm, tas \u0113rti iek\u013caujas b\u0113rnu gulti\u0146\u0101s, rati\u0146os vai b\u0113rnu auto s\u0113dekl\u012b\u0161os, pied\u0101v\u0101jot m\u0101j\u012bgu atp\u016btas vietu j\u016bsu mazulim, lai kur vi\u0146\u0161 atrastos. Tas ir pieejams roz\u0101, zil\u0101 un tum\u0161i za\u013c\u0101 kr\u0101s\u0101, dodot vec\u0101kiem iesp\u0113ju izv\u0113l\u0113ties kr\u0101su, kas atbilst vi\u0146u v\u0113lm\u0113m vai b\u0113rnistabas iek\u0101rtojumam, apvienojot jaukumu un praktiskumu, lai uzlabotu mazu\u013ca apr\u016bpi.<\/p>","protected":false},"featured_media":3292,"comment_status":"open","ping_status":"closed","template":"","meta":{"_uag_custom_page_level_css":"","site-sidebar-layout":"default","site-content-layout":"","ast-site-content-layout":"default","site-content-style":"default","site-sidebar-style":"default","ast-global-header-display":"","ast-banner-title-visibility":"","ast-main-header-display":"","ast-hfb-above-header-display":"","ast-hfb-below-header-display":"","ast-hfb-mobile-header-display":"","site-post-title":"","ast-breadcrumbs-content":"","ast-featured-img":"","footer-sml-layout":"","ast-disable-related-posts":"","theme-transparent-header-meta":"default","adv-header-id-meta":"","stick-header-meta":"","header-above-stick-meta":"","header-main-stick-meta":"","header-below-stick-meta":"","astra-migrate-meta-layouts":"set","ast-page-background-enabled":"default","ast-page-background-meta":{"desktop":{"background-color":"","background-image":"","background-repeat":"repeat","background-position":"center center","background-size":"auto","background-attachment":"scroll","background-type":"","background-media":"","overlay-type":"","overlay-color":"","overlay-opacity":"","overlay-gradient":""},"tablet":{"background-color":"","background-image":"","background-repeat":"repeat","background-position":"center center","background-size":"auto","background-attachment":"scroll","background-type":"","background-media":"","overlay-type":"","overlay-color":"","overlay-opacity":"","overlay-gradient":""},"mobile":{"background-color":"","background-image":"","background-repeat":"repeat","background-position":"center center","background-size":"auto","background-attachment":"scroll","background-type":"","background-media":"","overlay-type":"","overlay-color":"","overlay-opacity":"","overlay-gradient":""}},"ast-content-background-meta":{"desktop":{"background-color":"var(--ast-global-color-5)","background-image":"","background-repeat":"repeat","background-position":"center center","background-size":"auto","background-attachment":"scroll","background-type":"","background-media":"","overlay-type":"","overlay-color":"","overlay-opacity":"","overlay-gradient":""},"tablet":{"background-color":"var(--ast-global-color-5)","background-image":"","background-repeat":"repeat","background-position":"center center","background-size":"auto","background-attachment":"scroll","background-type":"","background-media":"","overlay-type":"","overlay-color":"","overlay-opacity":"","overlay-gradient":""},"mobile":{"background-color":"var(--ast-global-color-5)","background-image":"","background-repeat":"repeat","background-position":"center center","background-size":"auto","background-attachment":"scroll","background-type":"","background-media":"","overlay-type":"","overlay-color":"","overlay-opacity":"","overlay-gradient":""}}},"product_brand":[],"product_cat":[54,42],"product_tag":[70,68,71,69],"class_list":{"0":"post-3291","1":"product","2":"type-product","3":"status-publish","4":"has-post-thumbnail","6":"product_cat-0-to-6months","7":"product_cat-merchandise","8":"product_tag-babypillow","9":"product_tag-cuteanimalpillow","10":"product_tag-headshapesupport","11":"product_tag-kouniushapingpillow","12":"desktop-align-left","13":"tablet-align-left","14":"mobile-align-left","16":"first","17":"instock","18":"shipping-taxable","19":"product-type-simple"},"aioseo_notices":[],"uagb_featured_image_src":{"full":["https:\/\/babypillowwholesale.com\/wp-content\/uploads\/2025\/03\/1509.jpg",1000,1000,false],"thumbnail":["https:\/\/babypillowwholesale.com\/wp-content\/uploads\/2025\/03\/1509-150x150.jpg",150,150,true],"medium":["https:\/\/babypillowwholesale.com\/wp-content\/uploads\/2025\/03\/1509-300x300.jpg",300,300,true],"medium_large":["https:\/\/babypillowwholesale.com\/wp-content\/uploads\/2025\/03\/1509-768x768.jpg",768,768,true],"large":["https:\/\/babypillowwholesale.com\/wp-content\/uploads\/2025\/03\/1509.jpg",1000,1000,false],"1536x1536":["https:\/\/babypillowwholesale.com\/wp-content\/uploads\/2025\/03\/1509.jpg",1000,1000,false],"2048x2048":["https:\/\/babypillowwholesale.com\/wp-content\/uploads\/2025\/03\/1509.jpg",1000,1000,false],"trp-custom-language-flag":["https:\/\/babypillowwholesale.com\/wp-content\/uploads\/2025\/03\/1509.jpg",12,12,false],"woocommerce_thumbnail":["https:\/\/babypillowwholesale.com\/wp-content\/uploads\/2025\/03\/1509-300x300.jpg",300,300,true],"woocommerce_single":["https:\/\/babypillowwholesale.com\/wp-content\/uploads\/2025\/03\/1509-600x600.jpg",600,600,true],"woocommerce_gallery_thumbnail":["https:\/\/babypillowwholesale.com\/wp-content\/uploads\/2025\/03\/1509-100x100.jpg",100,100,true]},"uagb_author_info":{"display_name":"Etnen zhong","author_link":"https:\/\/babypillowwholesale.com\/lv\/author\/"},"uagb_comment_info":0,"uagb_excerpt":"The Kitten Shaping Pillow is a charming and functional product designed for infants aged 0 to 6 months. Its cute kitten - inspired design, with perky ears and a sweet - faced expression, is visually appealing and sure to capture the hearts of both parents and babies. The central cut - out of the pillow&hellip;","jetpack_sharing_enabled":true,"_links":{"self":[{"href":"https:\/\/babypillowwholesale.com\/lv\/wp-json\/wp\/v2\/product\/3291","targetHints":{"allow":["GET"]}}],"collection":[{"href":"https:\/\/babypillowwholesale.com\/lv\/wp-json\/wp\/v2\/product"}],"about":[{"href":"https:\/\/babypillowwholesale.com\/lv\/wp-json\/wp\/v2\/types\/product"}],"replies":[{"embeddable":true,"href":"https:\/\/babypillowwholesale.com\/lv\/wp-json\/wp\/v2\/comments?post=3291"}],"wp:featuredmedia":[{"embeddable":true,"href":"https:\/\/babypillowwholesale.com\/lv\/wp-json\/wp\/v2\/media\/3292"}],"wp:attachment":[{"href":"https:\/\/babypillowwholesale.com\/lv\/wp-json\/wp\/v2\/media?parent=3291"}],"wp:term":[{"taxonomy":"product_brand","embeddable":true,"href":"https:\/\/babypillowwholesale.com\/lv\/wp-json\/wp\/v2\/product_brand?post=3291"},{"taxonomy":"product_cat","embeddable":true,"href":"https:\/\/babypillowwholesale.com\/lv\/wp-json\/wp\/v2\/product_cat?post=3291"},{"taxonomy":"product_tag","embeddable":true,"href":"https:\/\/babypillowwholesale.com\/lv\/wp-json\/wp\/v2\/product_tag?post=3291"}],"curies":[{"name":"wp","href":"https:\/\/api.w.org\/{rel}","templated":true}]}}