{"id":3289,"date":"2025-03-20T08:23:07","date_gmt":"2025-03-20T08:23:07","guid":{"rendered":"https:\/\/babypillowwholesale.com\/?post_type=product&#038;p=3289"},"modified":"2025-06-08T16:10:06","modified_gmt":"2025-06-08T16:10:06","slug":"crown-shaping-pillow","status":"publish","type":"product","link":"https:\/\/babypillowwholesale.com\/lv\/product\/crown-shaping-pillow\/","title":{"rendered":"Kro\u0146a veido\u0161anas spilvens"},"content":{"rendered":"<div class=\"auto-hide-last-sibling-br paragraph-qzbcQC paragraph-element br-paragraph-space\" data-immersive-translate-walked=\"8e61f2e7-6af2-46e5-9672-3b9e4f4033d9\" data-immersive-translate-paragraph=\"1\">\n<div class=\"auto-hide-last-sibling-br paragraph-qzbcQC paragraph-element br-paragraph-space\">Prezent\u0113jam Crown Shaping Pillow, kas ir ide\u0101ls elegances un funkcionalit\u0101tes apvienojums, r\u016bp\u012bgi izstr\u0101d\u0101ts visniec\u012bg\u0101kajiem karaliskiem b\u0113rniem vecum\u0101 no 0 l\u012bdz 6 m\u0113ne\u0161iem. T\u0101 at\u0161\u0137ir\u012bgais dizains, ko rot\u0101 smalks kronis, pie\u0161\u0137ir karalisku \u0161armu, padarot to ne tikai par spilvenu, bet ar\u012b par izteiksm\u012bgu elementu jebkur\u0101 b\u0113rnistab\u0101. \u0160is spilvens ir komforta un atbalsta sv\u0113tn\u012bca. Prec\u012bzi profil\u0113tais centr\u0101lais izgriezums maigi sedz mazu\u013ca maigo galvi\u0146u, graciozi virzot to uz perfektu formu, kad b\u0113rns piedz\u012bvo savas d\u0101rg\u0101s pirm\u0101s dienas. T\u0101 izm\u0113ri ir 26,5*25*1,5 cm, t\u0101p\u0113c tas ir ide\u0101li piem\u0113rots da\u017e\u0101diem apst\u0101k\u013ciem. Neatkar\u012bgi no t\u0101, vai tas ir ievietots j\u016bsu mazu\u013ca gulti\u0146as greznaj\u0101 m\u012bkstum\u0101, veidojot m\u0101j\u012bgu troni vi\u0146a mier\u012bgajam miegam, vai pavadot vi\u0146u rati\u0146os saulain\u0101 pastaig\u0101 pa apk\u0101rtni, \u0161is spilvens nodro\u0161ina neviltotu komfortu. Tas ar\u012b lieliski iek\u013caujas mazu\u013cu n\u0113s\u0101t\u0101jos, padarot izbraucienus vieglus, vienlaikus nodro\u0161inot mazulim \u0113rtu atbalstu. Vec\u0101ki ir saj\u016bsm\u0101 par \u0161o spilvenu! K\u0101da saj\u016bsmin\u0101ta m\u0101mi\u0146a dal\u012bj\u0101s: \"Mans b\u0113rns izskat\u0101s k\u0101 mazs princis\/princese, kas atp\u016b\u0161as uz \u0161\u012b kro\u0146a spilvena. Tas ir neticami m\u012bksts, un es esmu paman\u012bjusi lielisku uzlabojumu vi\u0146a galvas form\u0101. Zil\u0101 kr\u0101sa, ko m\u0113s izv\u0113l\u0113j\u0101mies, ir vienk\u0101r\u0161i satrieco\u0161a b\u0113rnistab\u0101.\" K\u0101ds t\u0113tis piebilda: \"Tas ir tik \u0113rts, ka to var \u0146emt visur l\u012bdzi. Dizains ir unik\u0101ls, un, \u0161\u0137iet, ka manam mazulim tas pat\u012bk. Tas ir lielisks papildin\u0101jums m\u016bsu mazu\u013ca piederumiem.\" Crown Shaping Pillow, kas pieejams burv\u012bg\u0101s roz\u0101 un zil\u0101 kr\u0101s\u0101, ir kas vair\u0101k nek\u0101 tikai mazu\u013ca aksesu\u0101rs; tas ir m\u012b\u013c\u0161 sabiedrotais, kas sola komfortu, atbalstu un karalisku valdzin\u0101jumu j\u016bsu mazu\u013ca d\u0101rgajiem pirmajiem m\u0113ne\u0161iem.<\/div>\n<\/div>","protected":false},"excerpt":{"rendered":"<p>Kro\u0146a veido\u0161anas spilvens ir burv\u012bgs un praktisks izstr\u0101d\u0101jums, kas paredz\u0113ts z\u012bdai\u0146iem vecum\u0101 no 0 l\u012bdz 6 m\u0113ne\u0161iem. T\u0101 unik\u0101lais dizains ar m\u012b\u013cu kroni virs\u016b pie\u0161\u0137ir tam karalisku un apburo\u0161u izskatu. Spilvena centr\u0101lais izgriezums ir r\u016bp\u012bgi veidots, lai sniegtu maigu atbalstu mazu\u013ca galvai, pal\u012bdzot saglab\u0101t pareizu galvas formu iz\u0161\u0137iro\u0161aj\u0101 agr\u012bn\u0101s att\u012bst\u012bbas posm\u0101. Izm\u0113rs: 26,5<em>25<\/em>1,5 cm, tas \u0113rti iek\u013caujas b\u0113rnu gulti\u0146\u0101s, rati\u0146os vai kad b\u0113rns atp\u016b\u0161as uz segas. Tas ir pieejams roz\u0101 un zil\u0101 kr\u0101s\u0101, \u013caujot vec\u0101kiem izv\u0113l\u0113ties savai gaumei vai b\u0113rnistabas iek\u0101rtojumam atbilsto\u0161u kr\u0101su, apvienojot gan stilu, gan funkcionalit\u0101ti optim\u0101lai mazu\u013ca apr\u016bpei.<\/p>","protected":false},"featured_media":3290,"comment_status":"open","ping_status":"closed","template":"","meta":{"_uag_custom_page_level_css":"","site-sidebar-layout":"default","site-content-layout":"","ast-site-content-layout":"default","site-content-style":"default","site-sidebar-style":"default","ast-global-header-display":"","ast-banner-title-visibility":"","ast-main-header-display":"","ast-hfb-above-header-display":"","ast-hfb-below-header-display":"","ast-hfb-mobile-header-display":"","site-post-title":"","ast-breadcrumbs-content":"","ast-featured-img":"","footer-sml-layout":"","ast-disable-related-posts":"","theme-transparent-header-meta":"default","adv-header-id-meta":"","stick-header-meta":"","header-above-stick-meta":"","header-main-stick-meta":"","header-below-stick-meta":"","astra-migrate-meta-layouts":"set","ast-page-background-enabled":"default","ast-page-background-meta":{"desktop":{"background-color":"","background-image":"","background-repeat":"repeat","background-position":"center center","background-size":"auto","background-attachment":"scroll","background-type":"","background-media":"","overlay-type":"","overlay-color":"","overlay-opacity":"","overlay-gradient":""},"tablet":{"background-color":"","background-image":"","background-repeat":"repeat","background-position":"center center","background-size":"auto","background-attachment":"scroll","background-type":"","background-media":"","overlay-type":"","overlay-color":"","overlay-opacity":"","overlay-gradient":""},"mobile":{"background-color":"","background-image":"","background-repeat":"repeat","background-position":"center center","background-size":"auto","background-attachment":"scroll","background-type":"","background-media":"","overlay-type":"","overlay-color":"","overlay-opacity":"","overlay-gradient":""}},"ast-content-background-meta":{"desktop":{"background-color":"var(--ast-global-color-5)","background-image":"","background-repeat":"repeat","background-position":"center center","background-size":"auto","background-attachment":"scroll","background-type":"","background-media":"","overlay-type":"","overlay-color":"","overlay-opacity":"","overlay-gradient":""},"tablet":{"background-color":"var(--ast-global-color-5)","background-image":"","background-repeat":"repeat","background-position":"center center","background-size":"auto","background-attachment":"scroll","background-type":"","background-media":"","overlay-type":"","overlay-color":"","overlay-opacity":"","overlay-gradient":""},"mobile":{"background-color":"var(--ast-global-color-5)","background-image":"","background-repeat":"repeat","background-position":"center center","background-size":"auto","background-attachment":"scroll","background-type":"","background-media":"","overlay-type":"","overlay-color":"","overlay-opacity":"","overlay-gradient":""}}},"product_brand":[],"product_cat":[54,42],"product_tag":[70,68,71,69],"class_list":{"0":"post-3289","1":"product","2":"type-product","3":"status-publish","4":"has-post-thumbnail","6":"product_cat-0-to-6months","7":"product_cat-merchandise","8":"product_tag-babypillow","9":"product_tag-cuteanimalpillow","10":"product_tag-headshapesupport","11":"product_tag-kouniushapingpillow","12":"desktop-align-left","13":"tablet-align-left","14":"mobile-align-left","16":"first","17":"instock","18":"shipping-taxable","19":"product-type-simple"},"aioseo_notices":[],"uagb_featured_image_src":{"full":["https:\/\/babypillowwholesale.com\/wp-content\/uploads\/2025\/03\/1508.jpg",1000,1000,false],"thumbnail":["https:\/\/babypillowwholesale.com\/wp-content\/uploads\/2025\/03\/1508-150x150.jpg",150,150,true],"medium":["https:\/\/babypillowwholesale.com\/wp-content\/uploads\/2025\/03\/1508-300x300.jpg",300,300,true],"medium_large":["https:\/\/babypillowwholesale.com\/wp-content\/uploads\/2025\/03\/1508-768x768.jpg",768,768,true],"large":["https:\/\/babypillowwholesale.com\/wp-content\/uploads\/2025\/03\/1508.jpg",1000,1000,false],"1536x1536":["https:\/\/babypillowwholesale.com\/wp-content\/uploads\/2025\/03\/1508.jpg",1000,1000,false],"2048x2048":["https:\/\/babypillowwholesale.com\/wp-content\/uploads\/2025\/03\/1508.jpg",1000,1000,false],"trp-custom-language-flag":["https:\/\/babypillowwholesale.com\/wp-content\/uploads\/2025\/03\/1508.jpg",12,12,false],"woocommerce_thumbnail":["https:\/\/babypillowwholesale.com\/wp-content\/uploads\/2025\/03\/1508-300x300.jpg",300,300,true],"woocommerce_single":["https:\/\/babypillowwholesale.com\/wp-content\/uploads\/2025\/03\/1508-600x600.jpg",600,600,true],"woocommerce_gallery_thumbnail":["https:\/\/babypillowwholesale.com\/wp-content\/uploads\/2025\/03\/1508-100x100.jpg",100,100,true]},"uagb_author_info":{"display_name":"yangli","author_link":"https:\/\/babypillowwholesale.com\/lv\/author\/"},"uagb_comment_info":0,"uagb_excerpt":"The Crown Shaping Pillow is a charming and practical product designed for infants aged 0 to 6 months. Its unique design, featuring a cute crown on top, gives it a regal and adorable look. The central cut - out of the pillow is carefully crafted to provide gentle support for a baby's head, helping to&hellip;","jetpack_sharing_enabled":true,"_links":{"self":[{"href":"https:\/\/babypillowwholesale.com\/lv\/wp-json\/wp\/v2\/product\/3289","targetHints":{"allow":["GET"]}}],"collection":[{"href":"https:\/\/babypillowwholesale.com\/lv\/wp-json\/wp\/v2\/product"}],"about":[{"href":"https:\/\/babypillowwholesale.com\/lv\/wp-json\/wp\/v2\/types\/product"}],"replies":[{"embeddable":true,"href":"https:\/\/babypillowwholesale.com\/lv\/wp-json\/wp\/v2\/comments?post=3289"}],"wp:featuredmedia":[{"embeddable":true,"href":"https:\/\/babypillowwholesale.com\/lv\/wp-json\/wp\/v2\/media\/3290"}],"wp:attachment":[{"href":"https:\/\/babypillowwholesale.com\/lv\/wp-json\/wp\/v2\/media?parent=3289"}],"wp:term":[{"taxonomy":"product_brand","embeddable":true,"href":"https:\/\/babypillowwholesale.com\/lv\/wp-json\/wp\/v2\/product_brand?post=3289"},{"taxonomy":"product_cat","embeddable":true,"href":"https:\/\/babypillowwholesale.com\/lv\/wp-json\/wp\/v2\/product_cat?post=3289"},{"taxonomy":"product_tag","embeddable":true,"href":"https:\/\/babypillowwholesale.com\/lv\/wp-json\/wp\/v2\/product_tag?post=3289"}],"curies":[{"name":"wp","href":"https:\/\/api.w.org\/{rel}","templated":true}]}}