{"id":3271,"date":"2025-03-18T06:30:20","date_gmt":"2025-03-18T06:30:20","guid":{"rendered":"https:\/\/babypillowwholesale.com\/?post_type=product&#038;p=3271"},"modified":"2025-06-08T16:13:28","modified_gmt":"2025-06-08T16:13:28","slug":"cute-one-shaping-pillow","status":"publish","type":"product","link":"https:\/\/babypillowwholesale.com\/lv\/product\/cute-one-shaping-pillow\/","title":{"rendered":"Gudrs viens veidojo\u0161s spilvens"},"content":{"rendered":"<div class=\"auto-hide-last-sibling-br paragraph-qzbcQC paragraph-element br-paragraph-space\" data-immersive-translate-walked=\"8e61f2e7-6af2-46e5-9672-3b9e4f4033d9\" data-immersive-translate-paragraph=\"1\">\n<div class=\"auto-hide-last-sibling-br paragraph-qzbcQC paragraph-element br-paragraph-space\">Piln\u012bgi burv\u012bgais Cute One veidojo\u0161ais spilvens, kas ir sap\u0146ains un r\u016bp\u012bgi izstr\u0101d\u0101ts visniec\u012bg\u0101kajiem m\u012blu\u013ciem vecum\u0101 no 0 l\u012bdz 6 m\u0113ne\u0161iem. T\u0101 burv\u012bgo t\u0113lu rot\u0101 burv\u012bgas, dz\u012bvnieci\u0146u iedvesmotas ausis un m\u012b\u013ca, m\u012b\u013ca seji\u0146a, un ir neiesp\u0113jami no pirm\u0101 acu uzmetiena neiesl\u012bgt \u0161aj\u0101 spilven\u0101.<\/div>\n<div class=\"auto-hide-last-sibling-br paragraph-qzbcQC paragraph-element br-paragraph-space\">\u0160is spilvens ir ne tikai valdzino\u0161s \u0101r\u0113jais izskats, bet ar\u012b funkcionalit\u0101tes paraugs. Izgudrotais centr\u0101lais izgriezums nodro\u0161ina maigu un atbalsto\u0161u apsk\u0101vienu j\u016bsu mazu\u013ca maigajai galvi\u0146ai, maigi virzot to uz perfektu formu, kad vi\u0146\u0161 ce\u013co cauri sav\u0101m d\u0101rgaj\u0101m pirmaj\u0101m dien\u0101m. Izm\u0113rs 26,5*<em>25*<\/em>1,5 cm, tas ir ide\u0101la izm\u0113ra, lai nevainojami ieder\u0113tos da\u017e\u0101d\u0101s viet\u0101s.<\/div>\n<div class=\"auto-hide-last-sibling-br paragraph-qzbcQC paragraph-element br-paragraph-space\">Neatkar\u012bgi no t\u0101, vai \u0161is spilvens ir ievietots j\u016bsu mazu\u013ca gulti\u0146as pl\u012b\u0161a \u0113rt\u012bb\u0101s, radot klusuma o\u0101zi gariem, atjaunojo\u0161iem miega br\u012b\u017eiem vai pavadot mazuli rati\u0146os nesteidz\u012bgas pastaigas laik\u0101 park\u0101, tas nodro\u0161ina neviltotu komfortu. Tas ir ar\u012b ide\u0101ls sabiedrotais m\u0101j\u012bgaj\u0101m p\u0113cpusdien\u0101m m\u0101j\u0101s, kad j\u016bsu mazulis atp\u016b\u0161as uz m\u012bkstas segas, nodro\u0161inot paz\u012bstamu un nomierino\u0161u vietu.<\/div>\n<div class=\"auto-hide-last-sibling-br paragraph-qzbcQC paragraph-element br-paragraph-space\">Vec\u0101ki ir absol\u016bti saj\u016bsm\u0101 par Cute One form\u0113\u0161anas spilvenu! K\u0101da saj\u016bsmin\u0101ta mamma dal\u012bj\u0101s: \"\u0160is spilvens ir ne tikai neticami gudrs, bet ar\u012b br\u012bnumaini piem\u0113rots mana mazu\u013ca galvas formai. Tas ir tik m\u012bksts, un \u0161\u0137iet, ka manam mazulim pat\u012bk uz t\u0101 atp\u016bsties. Turkl\u0101t kr\u0101su izv\u0113le ir lieliska - m\u0113s izv\u0113l\u0113j\u0101mies zilo, un tas izskat\u0101s lieliski b\u0113rnistab\u0101.\" Cits t\u0113tis piebilda: \"Tas ir k\u013cuvis par m\u016bsu ikdienas sast\u0101vda\u013cu. To ir viegli p\u0101rn\u0113s\u0101t, un tas vienm\u0113r izsauc smaidu mana mazu\u013ca sej\u0101. \u013boti iesak\u0101m!\"<\/div>\n<div class=\"auto-hide-last-sibling-br paragraph-qzbcQC paragraph-element br-paragraph-space\">Cute One Shaping Pillow, kas ir pieejams burv\u012bg\u0101s roz\u0101, zil\u0101 un tum\u0161i za\u013c\u0101 kr\u0101s\u0101, ir vair\u0101k nek\u0101 tikai mazu\u013ca aksesu\u0101rs; tas ir m\u012b\u013c\u0161 pal\u012bgs, kur\u0101 nevainojami apvienojas skaistums, komforts un praktiskums j\u016bsu mazu\u013ca d\u0101rgajiem pirmajiem m\u0113ne\u0161iem.<\/div>\n<\/div>","protected":false},"excerpt":{"rendered":"<p>Cute One veidojo\u0161ais spilvens ir apburo\u0161s un funkcion\u0101ls izstr\u0101d\u0101jums, kas paredz\u0113ts z\u012bdai\u0146iem vecum\u0101 no 0 l\u012bdz 6 m\u0113ne\u0161iem. T\u0101 burv\u012bgais izskats ar m\u012b\u013c\u0101m, dz\u012bvnieci\u0146iem l\u012bdz\u012bg\u0101m aus\u012bm un m\u012b\u013cu dizainu noteikti iekaros j\u016bsu sirdis. Spilvena unik\u0101lais izgriezums vid\u016b nodro\u0161ina maigu atbalstu mazu\u013ca galvai, pal\u012bdzot saglab\u0101t vesel\u012bgu galvas formu iz\u0161\u0137iro\u0161aj\u0101 agr\u012bn\u0101s att\u012bst\u012bbas posm\u0101. Spilvena izm\u0113rs ir 26,5*<em>25*<\/em>1,5 cm, tas \u0113rti iek\u013caujas b\u0113rnu gulti\u0146\u0101, rati\u0146os vai kad b\u0113rns atp\u016b\u0161as uz segas. Tas ir pieejams roz\u0101, zil\u0101 un tum\u0161i za\u013c\u0101 kr\u0101s\u0101, t\u0101p\u0113c vec\u0101kiem ir iesp\u0113ja izv\u0113l\u0113ties atbilsto\u0161i sav\u0101m v\u0113lm\u0113m vai b\u0113rnistabas iek\u0101rtojumam, apvienojot gan jaukumu, gan praktiskumu mazu\u013ca kop\u0161an\u0101.<\/p>","protected":false},"featured_media":3284,"comment_status":"open","ping_status":"closed","template":"","meta":{"_uag_custom_page_level_css":"","site-sidebar-layout":"default","site-content-layout":"","ast-site-content-layout":"default","site-content-style":"default","site-sidebar-style":"default","ast-global-header-display":"","ast-banner-title-visibility":"","ast-main-header-display":"","ast-hfb-above-header-display":"","ast-hfb-below-header-display":"","ast-hfb-mobile-header-display":"","site-post-title":"","ast-breadcrumbs-content":"","ast-featured-img":"","footer-sml-layout":"","ast-disable-related-posts":"","theme-transparent-header-meta":"default","adv-header-id-meta":"","stick-header-meta":"","header-above-stick-meta":"","header-main-stick-meta":"","header-below-stick-meta":"","astra-migrate-meta-layouts":"set","ast-page-background-enabled":"default","ast-page-background-meta":{"desktop":{"background-color":"","background-image":"","background-repeat":"repeat","background-position":"center center","background-size":"auto","background-attachment":"scroll","background-type":"","background-media":"","overlay-type":"","overlay-color":"","overlay-opacity":"","overlay-gradient":""},"tablet":{"background-color":"","background-image":"","background-repeat":"repeat","background-position":"center center","background-size":"auto","background-attachment":"scroll","background-type":"","background-media":"","overlay-type":"","overlay-color":"","overlay-opacity":"","overlay-gradient":""},"mobile":{"background-color":"","background-image":"","background-repeat":"repeat","background-position":"center center","background-size":"auto","background-attachment":"scroll","background-type":"","background-media":"","overlay-type":"","overlay-color":"","overlay-opacity":"","overlay-gradient":""}},"ast-content-background-meta":{"desktop":{"background-color":"var(--ast-global-color-5)","background-image":"","background-repeat":"repeat","background-position":"center center","background-size":"auto","background-attachment":"scroll","background-type":"","background-media":"","overlay-type":"","overlay-color":"","overlay-opacity":"","overlay-gradient":""},"tablet":{"background-color":"var(--ast-global-color-5)","background-image":"","background-repeat":"repeat","background-position":"center center","background-size":"auto","background-attachment":"scroll","background-type":"","background-media":"","overlay-type":"","overlay-color":"","overlay-opacity":"","overlay-gradient":""},"mobile":{"background-color":"var(--ast-global-color-5)","background-image":"","background-repeat":"repeat","background-position":"center center","background-size":"auto","background-attachment":"scroll","background-type":"","background-media":"","overlay-type":"","overlay-color":"","overlay-opacity":"","overlay-gradient":""}}},"product_brand":[],"product_cat":[54,42],"product_tag":[70,68,71,69],"class_list":{"0":"post-3271","1":"product","2":"type-product","3":"status-publish","4":"has-post-thumbnail","6":"product_cat-0-to-6months","7":"product_cat-merchandise","8":"product_tag-babypillow","9":"product_tag-cuteanimalpillow","10":"product_tag-headshapesupport","11":"product_tag-kouniushapingpillow","12":"desktop-align-left","13":"tablet-align-left","14":"mobile-align-left","16":"first","17":"instock","18":"shipping-taxable","19":"product-type-simple"},"aioseo_notices":[],"uagb_featured_image_src":{"full":["https:\/\/babypillowwholesale.com\/wp-content\/uploads\/2025\/03\/1167-1.jpg",1000,1000,false],"thumbnail":["https:\/\/babypillowwholesale.com\/wp-content\/uploads\/2025\/03\/1167-1-150x150.jpg",150,150,true],"medium":["https:\/\/babypillowwholesale.com\/wp-content\/uploads\/2025\/03\/1167-1-300x300.jpg",300,300,true],"medium_large":["https:\/\/babypillowwholesale.com\/wp-content\/uploads\/2025\/03\/1167-1-768x768.jpg",768,768,true],"large":["https:\/\/babypillowwholesale.com\/wp-content\/uploads\/2025\/03\/1167-1.jpg",1000,1000,false],"1536x1536":["https:\/\/babypillowwholesale.com\/wp-content\/uploads\/2025\/03\/1167-1.jpg",1000,1000,false],"2048x2048":["https:\/\/babypillowwholesale.com\/wp-content\/uploads\/2025\/03\/1167-1.jpg",1000,1000,false],"trp-custom-language-flag":["https:\/\/babypillowwholesale.com\/wp-content\/uploads\/2025\/03\/1167-1.jpg",12,12,false],"woocommerce_thumbnail":["https:\/\/babypillowwholesale.com\/wp-content\/uploads\/2025\/03\/1167-1-300x300.jpg",300,300,true],"woocommerce_single":["https:\/\/babypillowwholesale.com\/wp-content\/uploads\/2025\/03\/1167-1-600x600.jpg",600,600,true],"woocommerce_gallery_thumbnail":["https:\/\/babypillowwholesale.com\/wp-content\/uploads\/2025\/03\/1167-1-100x100.jpg",100,100,true]},"uagb_author_info":{"display_name":"Etnen zhong","author_link":"https:\/\/babypillowwholesale.com\/lv\/author\/"},"uagb_comment_info":0,"uagb_excerpt":"The Cute One Shaping Pillow is a delightful and functional product designed for infants aged 0 to 6 months. Its charming appearance, featuring cute animal - like ears and a sweet - faced design, is sure to capture hearts. The pillow's unique cut - out design in the middle provides gentle support for a baby's&hellip;","jetpack_sharing_enabled":true,"_links":{"self":[{"href":"https:\/\/babypillowwholesale.com\/lv\/wp-json\/wp\/v2\/product\/3271","targetHints":{"allow":["GET"]}}],"collection":[{"href":"https:\/\/babypillowwholesale.com\/lv\/wp-json\/wp\/v2\/product"}],"about":[{"href":"https:\/\/babypillowwholesale.com\/lv\/wp-json\/wp\/v2\/types\/product"}],"replies":[{"embeddable":true,"href":"https:\/\/babypillowwholesale.com\/lv\/wp-json\/wp\/v2\/comments?post=3271"}],"wp:featuredmedia":[{"embeddable":true,"href":"https:\/\/babypillowwholesale.com\/lv\/wp-json\/wp\/v2\/media\/3284"}],"wp:attachment":[{"href":"https:\/\/babypillowwholesale.com\/lv\/wp-json\/wp\/v2\/media?parent=3271"}],"wp:term":[{"taxonomy":"product_brand","embeddable":true,"href":"https:\/\/babypillowwholesale.com\/lv\/wp-json\/wp\/v2\/product_brand?post=3271"},{"taxonomy":"product_cat","embeddable":true,"href":"https:\/\/babypillowwholesale.com\/lv\/wp-json\/wp\/v2\/product_cat?post=3271"},{"taxonomy":"product_tag","embeddable":true,"href":"https:\/\/babypillowwholesale.com\/lv\/wp-json\/wp\/v2\/product_tag?post=3271"}],"curies":[{"name":"wp","href":"https:\/\/api.w.org\/{rel}","templated":true}]}}