{"id":3269,"date":"2025-03-17T15:47:20","date_gmt":"2025-03-17T15:47:20","guid":{"rendered":"https:\/\/babypillowwholesale.com\/?post_type=product&#038;p=3269"},"modified":"2025-06-08T16:14:39","modified_gmt":"2025-06-08T16:14:39","slug":"little-bear-crescent-pillow","status":"publish","type":"product","link":"https:\/\/babypillowwholesale.com\/lv\/product\/little-bear-crescent-pillow\/","title":{"rendered":"Mazais l\u0101c\u0113ns Pusm\u0113ness spilvens"},"content":{"rendered":"<div class=\"auto-hide-last-sibling-br paragraph-qzbcQC paragraph-element br-paragraph-space\" data-immersive-translate-walked=\"8e61f2e7-6af2-46e5-9672-3b9e4f4033d9\" data-immersive-translate-paragraph=\"1\">Iepaz\u012bstieties ar burv\u012bgo spilvenu Little Bear Crescent Pillow, kas ir ide\u0101ls \u0161arma un funkcionalit\u0101tes apvienojums, kas piel\u0101gots vismaz\u0101kajiem gu\u013co\u0161ajiem b\u0113rniem vecum\u0101 no 0 l\u012bdz 6 m\u0113ne\u0161iem. Tas atg\u0101dina apburo\u0161u l\u0101c\u0113nu ar sav\u0101m uzb\u0101z\u012bgaj\u0101m aus\u012bm un silto seji\u0146u, kas izstaro siltumu, un uzreiz nozog sirdis, pie\u0161\u0137irot mazu\u013ca pasaulei jaunu gl\u012btuma devu. \u0160is spilvens ir ne tikai vizu\u0101ls prieks, bet ar\u012b komforta sp\u0113ks. R\u016bp\u012bgi izliekta pusm\u0113ness forma nodro\u0161ina maigu, ergonomisku mazu\u013ca maig\u0101s galvas apsk\u0101vienu, virzot to uz skaistu formu, kam\u0113r b\u0113rns ce\u013co cauri saviem d\u0101rgajiem pirmajiem m\u0113ne\u0161iem. T\u0101 izm\u0113ri ir 23\/20,5*0\/5 cm, t\u0101p\u0113c tas ir ide\u0101li piem\u0113rots da\u017e\u0101diem apst\u0101k\u013ciem. Garaj\u0101s, slinkaj\u0101s p\u0113cpusdien\u0101s m\u0101j\u0101s ievietojiet to mazu\u013ca gulti\u0146\u0101 un v\u0113rojiet, k\u0101 tas p\u0101rv\u0113r\u0161 telpu par m\u0101j\u012bgu patv\u0113rumu, iemidzinot j\u016bsu mazuli mier\u012bg\u0101 mieg\u0101. Kad esat ce\u013c\u0101, neatkar\u012bgi no t\u0101, vai tas ir \u0101trs brauciens uz p\u0101rtikas veikalu vai ned\u0113\u013cas nogales izbrauciens, spilvens cie\u0161i piegu\u013c mazu\u013ca somi\u0146ai, nodro\u0161inot mazu\u013ca komfortu visa ce\u013cojuma laik\u0101. Vec\u0101ki saj\u016bsmin\u0101s par \u0161o mazo d\u0101rgumu! K\u0101da apmierin\u0101ta m\u0101mi\u0146a dal\u012bj\u0101s: \"Mans b\u0113rns izmanto \u0161o l\u0101\u010da spilvenu jau kop\u0161 da\u017eu ned\u0113\u013cu vecuma. Tas ir tik m\u012bksts, un man \u013coti pat\u012bk simp\u0101tiskais dizains. Turkl\u0101t \u0161\u0137iet, ka tas patie\u0161\u0101m pal\u012bdz notur\u0113t galvu lab\u0101 st\u0101vokl\u012b.\" Cits t\u0113tis piebilda: \"Da\u017e\u0101d\u0101s kr\u0101sas ir liels pluss. M\u0113s sa\u0146\u0113m\u0101m tum\u0161i za\u013co, un tas izskat\u0101s lieliski b\u0113rnistab\u0101. T\u0101 ir k\u013cuvusi par m\u016bsu mazu\u013ca ikdienas sast\u0101vda\u013cu.\" Mazais l\u0101c\u0113ns Pusm\u0113ness spilvens, kas pieejams burv\u012bgos roz\u0101, zil\u0101 un tum\u0161i za\u013c\u0101 kr\u0101s\u0101, ir kas vair\u0101k nek\u0101 tikai mazu\u013ca aksesu\u0101rs; tas ir iem\u012b\u013cots kompanjons, kas sola komfortu, atbalstu un daudz jaukuma mazu\u013ca pirmaj\u0101m dien\u0101m.<\/div>","protected":false},"excerpt":{"rendered":"<p>Mazais l\u0101c\u0113ns Pusm\u0113ness spilvens ir burv\u012bga un praktiska izv\u0113le z\u012bdai\u0146iem vecum\u0101 no 0 l\u012bdz 6 m\u0113ne\u0161iem. Tas ir veidots k\u0101 m\u012bl\u012bgs l\u0101c\u0113ns, tam ir m\u012b\u013cas ausis un m\u012b\u013ca seji\u0146a, kas padara to vizu\u0101li pievilc\u012bgu. Pusm\u0113ness formas spilvena dizains nodro\u0161ina maigu un ergonomisku atbalstu mazu\u013ca galvai, pal\u012bdzot saglab\u0101t pareizu galvas formu agr\u012bn\u0101s att\u012bst\u012bbas laik\u0101. T\u0101 izm\u0113ri ir 23\/20,5*0\/5 cm, t\u0101p\u0113c tas ir piem\u0113rots lieto\u0161anai gulti\u0146\u0101s, b\u0113rnu rati\u0146os vai tad, kad b\u0113rns gu\u013c uz rota\u013cu palikt\u0146a. Tas ir pieejams roz\u0101, zil\u0101 un tum\u0161i za\u013c\u0101 kr\u0101s\u0101, \u013caujot vec\u0101kiem izv\u0113l\u0113ties savai gaumei vai b\u0113rnistabas iek\u0101rtojumam atbilsto\u0161u kr\u0101su, apvienojot gan funkcionalit\u0101ti, gan skaistumu, lai uzlabotu mazu\u013ca komfortu.<\/p>","protected":false},"featured_media":3283,"comment_status":"open","ping_status":"closed","template":"","meta":{"_uag_custom_page_level_css":"","site-sidebar-layout":"default","site-content-layout":"","ast-site-content-layout":"default","site-content-style":"default","site-sidebar-style":"default","ast-global-header-display":"","ast-banner-title-visibility":"","ast-main-header-display":"","ast-hfb-above-header-display":"","ast-hfb-below-header-display":"","ast-hfb-mobile-header-display":"","site-post-title":"","ast-breadcrumbs-content":"","ast-featured-img":"","footer-sml-layout":"","ast-disable-related-posts":"","theme-transparent-header-meta":"default","adv-header-id-meta":"","stick-header-meta":"","header-above-stick-meta":"","header-main-stick-meta":"","header-below-stick-meta":"","astra-migrate-meta-layouts":"set","ast-page-background-enabled":"default","ast-page-background-meta":{"desktop":{"background-color":"","background-image":"","background-repeat":"repeat","background-position":"center center","background-size":"auto","background-attachment":"scroll","background-type":"","background-media":"","overlay-type":"","overlay-color":"","overlay-opacity":"","overlay-gradient":""},"tablet":{"background-color":"","background-image":"","background-repeat":"repeat","background-position":"center center","background-size":"auto","background-attachment":"scroll","background-type":"","background-media":"","overlay-type":"","overlay-color":"","overlay-opacity":"","overlay-gradient":""},"mobile":{"background-color":"","background-image":"","background-repeat":"repeat","background-position":"center center","background-size":"auto","background-attachment":"scroll","background-type":"","background-media":"","overlay-type":"","overlay-color":"","overlay-opacity":"","overlay-gradient":""}},"ast-content-background-meta":{"desktop":{"background-color":"var(--ast-global-color-5)","background-image":"","background-repeat":"repeat","background-position":"center center","background-size":"auto","background-attachment":"scroll","background-type":"","background-media":"","overlay-type":"","overlay-color":"","overlay-opacity":"","overlay-gradient":""},"tablet":{"background-color":"var(--ast-global-color-5)","background-image":"","background-repeat":"repeat","background-position":"center center","background-size":"auto","background-attachment":"scroll","background-type":"","background-media":"","overlay-type":"","overlay-color":"","overlay-opacity":"","overlay-gradient":""},"mobile":{"background-color":"var(--ast-global-color-5)","background-image":"","background-repeat":"repeat","background-position":"center center","background-size":"auto","background-attachment":"scroll","background-type":"","background-media":"","overlay-type":"","overlay-color":"","overlay-opacity":"","overlay-gradient":""}}},"product_brand":[],"product_cat":[54,42],"product_tag":[70,68,71,69],"class_list":{"0":"post-3269","1":"product","2":"type-product","3":"status-publish","4":"has-post-thumbnail","6":"product_cat-0-to-6months","7":"product_cat-merchandise","8":"product_tag-babypillow","9":"product_tag-cuteanimalpillow","10":"product_tag-headshapesupport","11":"product_tag-kouniushapingpillow","12":"desktop-align-left","13":"tablet-align-left","14":"mobile-align-left","16":"first","17":"instock","18":"shipping-taxable","19":"product-type-simple"},"aioseo_notices":[],"uagb_featured_image_src":{"full":["https:\/\/babypillowwholesale.com\/wp-content\/uploads\/2025\/03\/1135-1.jpg",1000,1000,false],"thumbnail":["https:\/\/babypillowwholesale.com\/wp-content\/uploads\/2025\/03\/1135-1-150x150.jpg",150,150,true],"medium":["https:\/\/babypillowwholesale.com\/wp-content\/uploads\/2025\/03\/1135-1-300x300.jpg",300,300,true],"medium_large":["https:\/\/babypillowwholesale.com\/wp-content\/uploads\/2025\/03\/1135-1-768x768.jpg",768,768,true],"large":["https:\/\/babypillowwholesale.com\/wp-content\/uploads\/2025\/03\/1135-1.jpg",1000,1000,false],"1536x1536":["https:\/\/babypillowwholesale.com\/wp-content\/uploads\/2025\/03\/1135-1.jpg",1000,1000,false],"2048x2048":["https:\/\/babypillowwholesale.com\/wp-content\/uploads\/2025\/03\/1135-1.jpg",1000,1000,false],"trp-custom-language-flag":["https:\/\/babypillowwholesale.com\/wp-content\/uploads\/2025\/03\/1135-1.jpg",12,12,false],"woocommerce_thumbnail":["https:\/\/babypillowwholesale.com\/wp-content\/uploads\/2025\/03\/1135-1-300x300.jpg",300,300,true],"woocommerce_single":["https:\/\/babypillowwholesale.com\/wp-content\/uploads\/2025\/03\/1135-1-600x600.jpg",600,600,true],"woocommerce_gallery_thumbnail":["https:\/\/babypillowwholesale.com\/wp-content\/uploads\/2025\/03\/1135-1-100x100.jpg",100,100,true]},"uagb_author_info":{"display_name":"Etnen zhong","author_link":"https:\/\/babypillowwholesale.com\/lv\/author\/"},"uagb_comment_info":0,"uagb_excerpt":"The Little Bear Crescent Pillow is a charming and practical choice for infants aged 0 to 6 months. Shaped like an endearing little bear, it features cute ears and a sweet face, making it visually appealing. The crescent - shaped design of the pillow provides gentle and ergonomic support for a baby's head, helping to&hellip;","jetpack_sharing_enabled":true,"_links":{"self":[{"href":"https:\/\/babypillowwholesale.com\/lv\/wp-json\/wp\/v2\/product\/3269","targetHints":{"allow":["GET"]}}],"collection":[{"href":"https:\/\/babypillowwholesale.com\/lv\/wp-json\/wp\/v2\/product"}],"about":[{"href":"https:\/\/babypillowwholesale.com\/lv\/wp-json\/wp\/v2\/types\/product"}],"replies":[{"embeddable":true,"href":"https:\/\/babypillowwholesale.com\/lv\/wp-json\/wp\/v2\/comments?post=3269"}],"wp:featuredmedia":[{"embeddable":true,"href":"https:\/\/babypillowwholesale.com\/lv\/wp-json\/wp\/v2\/media\/3283"}],"wp:attachment":[{"href":"https:\/\/babypillowwholesale.com\/lv\/wp-json\/wp\/v2\/media?parent=3269"}],"wp:term":[{"taxonomy":"product_brand","embeddable":true,"href":"https:\/\/babypillowwholesale.com\/lv\/wp-json\/wp\/v2\/product_brand?post=3269"},{"taxonomy":"product_cat","embeddable":true,"href":"https:\/\/babypillowwholesale.com\/lv\/wp-json\/wp\/v2\/product_cat?post=3269"},{"taxonomy":"product_tag","embeddable":true,"href":"https:\/\/babypillowwholesale.com\/lv\/wp-json\/wp\/v2\/product_tag?post=3269"}],"curies":[{"name":"wp","href":"https:\/\/api.w.org\/{rel}","templated":true}]}}