{"id":3267,"date":"2025-03-17T15:38:34","date_gmt":"2025-03-17T15:38:34","guid":{"rendered":"https:\/\/babypillowwholesale.com\/?post_type=product&#038;p=3267"},"modified":"2025-06-08T16:15:31","modified_gmt":"2025-06-08T16:15:31","slug":"little-tiger-shaping-pillow","status":"publish","type":"product","link":"https:\/\/babypillowwholesale.com\/lv\/product\/little-tiger-shaping-pillow\/","title":{"rendered":"Little Tiger veidojo\u0161ais spilvens"},"content":{"rendered":"<div class=\"auto-hide-last-sibling-br paragraph-qzbcQC paragraph-element br-paragraph-space\" data-immersive-translate-walked=\"8e61f2e7-6af2-46e5-9672-3b9e4f4033d9\" data-immersive-translate-paragraph=\"1\">Little Tiger Shaping Pillow - valdzino\u0161s \u0161arma un funkcionalit\u0101tes apvienojums, kas r\u016bp\u012bgi izstr\u0101d\u0101ts vismaz\u0101kajiem d\u0101rgumiem vecum\u0101 no 0 l\u012bdz 6 m\u0113ne\u0161iem. T\u0101 apburo\u0161ais t\u012b\u0123era iedvesmotais dizains ar liel\u0101m, nevain\u012bg\u0101m, apa\u013c\u0101m ac\u012bm un rakstur\u012bgaj\u0101m sv\u012btr\u0101m ir absol\u016bts prieks, kas uzreiz pie\u0161\u0137ir mazu\u013ca pasaulei me\u017eon\u012bgu d\u012bvain\u012bbu. \u0160is spilvens nav tikai ar savu burv\u012bgo izskatu, tas ir komforta un atbalsta osta. Prasm\u012bgi veidots, tas maigi sedz mazu\u013ca maigo galvi\u0146u, r\u016bp\u012bgi to vadot, lai nodro\u0161in\u0101tu perfektu formu, uzs\u0101kot agr\u012bno aug\u0161anas ce\u013cu. T\u0101 izm\u0113ri ir 26*23*0\/3 cm, un tas ir ide\u0101ls sabiedrotais da\u017e\u0101diem apst\u0101k\u013ciem. Mier\u012bg\u0101 b\u0113rnistabas snaudiena laik\u0101, noguld\u012bts m\u012bkstaj\u0101 gulti\u0146as m\u012bkstum\u0101, Little Tiger veidojo\u0161ais spilvens rada m\u0101j\u012bgu un dro\u0161u telpu j\u016bsu mazulim. \u0122imenes izbraucienos, neatkar\u012bgi no t\u0101, vai tas ir pikniks park\u0101 vai diena pludmal\u0113, tas cie\u0161i iek\u013caujas rati\u0146os, nodro\u0161inot paz\u012bstamu komfortu ce\u013cojuma laik\u0101. Vec\u0101ki ir saj\u016bsm\u0101 par \u0161o produktu! K\u0101da mamma dal\u012bj\u0101s: \"Manam mazulim \u013coti pat\u012bk piegu\u013c pie \u0161\u012b t\u012b\u0123era spilvena. Tas ir tik m\u012bksts, un es esmu paman\u012bjusi, ka ir iev\u0113rojami uzlabojusies vi\u0146a galvas forma. Turkl\u0101t zil\u0101 kr\u0101sa ir vienk\u0101r\u0161i kr\u0101\u0161\u0146a.\" Cits t\u0113tis min\u0113ja: \"\u0160is spilvens ir k\u013cuvis par neaizst\u0101jamu pal\u012bgl\u012bdzekli m\u016bsu ce\u013cojumos. Viegli p\u0101rn\u0113s\u0101jams un vienm\u0113r izraisa smaidu mana b\u0113rna sej\u0101, kad vi\u0146\u0161 ierauga \u0161o jauko t\u012b\u0123era dizainu.\" Little Tiger Shaping Pillow, kas pieejams burv\u012bg\u0101s roz\u0101 un zil\u0101 kr\u0101s\u0101, ir vair\u0101k nek\u0101 tikai mazu\u013ca aksesu\u0101rs; tas ir uzticams draugs, kas apvieno skaistumu, komfortu un funkcionalit\u0101ti j\u016bsu mazu\u013ca d\u0101rgaj\u0101m pirmaj\u0101m dien\u0101m.<\/div>","protected":false},"excerpt":{"rendered":"<p>Little Tiger Shaping Pillow ir burv\u012bgs un funkcion\u0101ls izstr\u0101d\u0101jums, kas paredz\u0113ts z\u012bdai\u0146iem vecum\u0101 no 0 l\u012bdz 6 m\u0113ne\u0161iem. Tas uzreiz piesaista uzman\u012bbu ar savu m\u012bl\u012bgo t\u012b\u0123era mot\u012bvu izskatu ar liel\u0101m, apa\u013c\u0101m ac\u012bm un rakstur\u012bg\u0101m sv\u012btr\u0101m. Spilvena dizains ir r\u016bp\u012bgi veidots, lai nodro\u0161in\u0101tu maigu atbalstu mazu\u013ca maigajai galvi\u0146ai, pal\u012bdzot veicin\u0101t pareizu galvas formu agr\u012bn\u0101s att\u012bst\u012bbas laik\u0101. Izm\u0113rs 26*<em data-immersive-translate-walked=\"af7bf617-a59f-4215-833d-5c6d97166ab5\">23*<\/em>0\/3CM, tas labi iek\u013caujas gulti\u0146\u0101s, rati\u0146os vai tad, kad j\u016bsu b\u0113rns atp\u016b\u0161as uz segas. Tas ir pieejams gan roz\u0101, gan zil\u0101 kr\u0101s\u0101, dodot vec\u0101kiem iesp\u0113ju izv\u0113l\u0113ties kr\u0101su, kas atbilst vi\u0146u v\u0113lm\u0113m vai b\u0113rnistabas iek\u0101rtojumam, apvienojot jaukumu ar praktiskumu mazu\u013ca kop\u0161an\u0101.<\/p>","protected":false},"featured_media":3282,"comment_status":"open","ping_status":"closed","template":"","meta":{"_uag_custom_page_level_css":"","site-sidebar-layout":"default","site-content-layout":"","ast-site-content-layout":"default","site-content-style":"default","site-sidebar-style":"default","ast-global-header-display":"","ast-banner-title-visibility":"","ast-main-header-display":"","ast-hfb-above-header-display":"","ast-hfb-below-header-display":"","ast-hfb-mobile-header-display":"","site-post-title":"","ast-breadcrumbs-content":"","ast-featured-img":"","footer-sml-layout":"","ast-disable-related-posts":"","theme-transparent-header-meta":"default","adv-header-id-meta":"","stick-header-meta":"","header-above-stick-meta":"","header-main-stick-meta":"","header-below-stick-meta":"","astra-migrate-meta-layouts":"set","ast-page-background-enabled":"default","ast-page-background-meta":{"desktop":{"background-color":"","background-image":"","background-repeat":"repeat","background-position":"center center","background-size":"auto","background-attachment":"scroll","background-type":"","background-media":"","overlay-type":"","overlay-color":"","overlay-opacity":"","overlay-gradient":""},"tablet":{"background-color":"","background-image":"","background-repeat":"repeat","background-position":"center center","background-size":"auto","background-attachment":"scroll","background-type":"","background-media":"","overlay-type":"","overlay-color":"","overlay-opacity":"","overlay-gradient":""},"mobile":{"background-color":"","background-image":"","background-repeat":"repeat","background-position":"center center","background-size":"auto","background-attachment":"scroll","background-type":"","background-media":"","overlay-type":"","overlay-color":"","overlay-opacity":"","overlay-gradient":""}},"ast-content-background-meta":{"desktop":{"background-color":"var(--ast-global-color-5)","background-image":"","background-repeat":"repeat","background-position":"center center","background-size":"auto","background-attachment":"scroll","background-type":"","background-media":"","overlay-type":"","overlay-color":"","overlay-opacity":"","overlay-gradient":""},"tablet":{"background-color":"var(--ast-global-color-5)","background-image":"","background-repeat":"repeat","background-position":"center center","background-size":"auto","background-attachment":"scroll","background-type":"","background-media":"","overlay-type":"","overlay-color":"","overlay-opacity":"","overlay-gradient":""},"mobile":{"background-color":"var(--ast-global-color-5)","background-image":"","background-repeat":"repeat","background-position":"center center","background-size":"auto","background-attachment":"scroll","background-type":"","background-media":"","overlay-type":"","overlay-color":"","overlay-opacity":"","overlay-gradient":""}}},"product_brand":[],"product_cat":[54,42],"product_tag":[70,68,71,69],"class_list":{"0":"post-3267","1":"product","2":"type-product","3":"status-publish","4":"has-post-thumbnail","6":"product_cat-0-to-6months","7":"product_cat-merchandise","8":"product_tag-babypillow","9":"product_tag-cuteanimalpillow","10":"product_tag-headshapesupport","11":"product_tag-kouniushapingpillow","12":"desktop-align-left","13":"tablet-align-left","14":"mobile-align-left","16":"first","17":"instock","18":"shipping-taxable","19":"product-type-simple"},"aioseo_notices":[],"uagb_featured_image_src":{"full":["https:\/\/babypillowwholesale.com\/wp-content\/uploads\/2025\/03\/1131-1.jpg",1000,1000,false],"thumbnail":["https:\/\/babypillowwholesale.com\/wp-content\/uploads\/2025\/03\/1131-1-150x150.jpg",150,150,true],"medium":["https:\/\/babypillowwholesale.com\/wp-content\/uploads\/2025\/03\/1131-1-300x300.jpg",300,300,true],"medium_large":["https:\/\/babypillowwholesale.com\/wp-content\/uploads\/2025\/03\/1131-1-768x768.jpg",768,768,true],"large":["https:\/\/babypillowwholesale.com\/wp-content\/uploads\/2025\/03\/1131-1.jpg",1000,1000,false],"1536x1536":["https:\/\/babypillowwholesale.com\/wp-content\/uploads\/2025\/03\/1131-1.jpg",1000,1000,false],"2048x2048":["https:\/\/babypillowwholesale.com\/wp-content\/uploads\/2025\/03\/1131-1.jpg",1000,1000,false],"trp-custom-language-flag":["https:\/\/babypillowwholesale.com\/wp-content\/uploads\/2025\/03\/1131-1.jpg",12,12,false],"woocommerce_thumbnail":["https:\/\/babypillowwholesale.com\/wp-content\/uploads\/2025\/03\/1131-1-300x300.jpg",300,300,true],"woocommerce_single":["https:\/\/babypillowwholesale.com\/wp-content\/uploads\/2025\/03\/1131-1-600x600.jpg",600,600,true],"woocommerce_gallery_thumbnail":["https:\/\/babypillowwholesale.com\/wp-content\/uploads\/2025\/03\/1131-1-100x100.jpg",100,100,true]},"uagb_author_info":{"display_name":"Etnen zhong","author_link":"https:\/\/babypillowwholesale.com\/lv\/author\/"},"uagb_comment_info":0,"uagb_excerpt":"The Little Tiger Shaping Pillow is a charming and functional product designed for infants aged 0 to 6 months. With its cute tiger - themed appearance, featuring big round eyes and distinctive stripes, it instantly catches the eye. The pillow's design is carefully contoured to provide gentle support for a baby's delicate head, helping to&hellip;","jetpack_sharing_enabled":true,"_links":{"self":[{"href":"https:\/\/babypillowwholesale.com\/lv\/wp-json\/wp\/v2\/product\/3267","targetHints":{"allow":["GET"]}}],"collection":[{"href":"https:\/\/babypillowwholesale.com\/lv\/wp-json\/wp\/v2\/product"}],"about":[{"href":"https:\/\/babypillowwholesale.com\/lv\/wp-json\/wp\/v2\/types\/product"}],"replies":[{"embeddable":true,"href":"https:\/\/babypillowwholesale.com\/lv\/wp-json\/wp\/v2\/comments?post=3267"}],"wp:featuredmedia":[{"embeddable":true,"href":"https:\/\/babypillowwholesale.com\/lv\/wp-json\/wp\/v2\/media\/3282"}],"wp:attachment":[{"href":"https:\/\/babypillowwholesale.com\/lv\/wp-json\/wp\/v2\/media?parent=3267"}],"wp:term":[{"taxonomy":"product_brand","embeddable":true,"href":"https:\/\/babypillowwholesale.com\/lv\/wp-json\/wp\/v2\/product_brand?post=3267"},{"taxonomy":"product_cat","embeddable":true,"href":"https:\/\/babypillowwholesale.com\/lv\/wp-json\/wp\/v2\/product_cat?post=3267"},{"taxonomy":"product_tag","embeddable":true,"href":"https:\/\/babypillowwholesale.com\/lv\/wp-json\/wp\/v2\/product_tag?post=3267"}],"curies":[{"name":"wp","href":"https:\/\/api.w.org\/{rel}","templated":true}]}}