{"id":3265,"date":"2025-03-17T15:04:04","date_gmt":"2025-03-17T15:04:04","guid":{"rendered":"https:\/\/babypillowwholesale.com\/?post_type=product&#038;p=3265"},"modified":"2025-06-08T16:16:25","modified_gmt":"2025-06-08T16:16:25","slug":"naughty-bunny-shaping-pillow","status":"publish","type":"product","link":"https:\/\/babypillowwholesale.com\/lv\/product\/naughty-bunny-shaping-pillow\/","title":{"rendered":"Ner\u0101tns za\u0137\u0113ns veidojo\u0161ais spilvens"},"content":{"rendered":"<div class=\"auto-hide-last-sibling-br paragraph-qzbcQC paragraph-element br-paragraph-space\" data-immersive-translate-walked=\"8e61f2e7-6af2-46e5-9672-3b9e4f4033d9\" data-immersive-translate-paragraph=\"1\">Laipni l\u016bgti sveicin\u0101ti Naughty Bunny Shaping Pillow, apburo\u0161s komforta spilvens, kas rad\u012bts pa\u0161iem maz\u0101kajiem piedz\u012bvojumu mekl\u0113t\u0101jiem vecum\u0101 no 0 l\u012bdz 6 m\u0113ne\u0161iem. T\u0101 burv\u012bgais za\u0137u iedvesmotais dizains ar dv\u0113seliski liel\u0101m ac\u012bm, sirdi pl\u016bsto\u0161u smaidu un gar\u0101m aus\u012bm uzreiz uzlabos noska\u0146ojumu un j\u016bsu mazu\u013ca pasaulei pie\u0161\u0137irs nedaudz burv\u012bbas. \u0160is spilvens ir ne tikai vizu\u0101ls baud\u012bjums, bet ar\u012b funkcionalit\u0101tes sp\u0113ks. T\u0101 unik\u0101l\u0101 forma ir r\u016bp\u012bgi izstr\u0101d\u0101ta, un t\u0101 nodro\u0161ina maigu, gl\u0101sto\u0161u atbalstu j\u016bsu mazu\u013ca maigajai galvi\u0146ai, pal\u012bdzot tai ieg\u016bt perfektu formu, ce\u013cojot cauri saviem d\u0101rgajiem pirmajiem m\u0113ne\u0161iem. T\u0101 izm\u0113ri ir 26*23*0\/3 cm, un tas ir ide\u0101ls izm\u0113rs, lai to var\u0113tu viegli integr\u0113t da\u017e\u0101d\u0101s viet\u0101s. L\u0113nu p\u0113cpusdienu laik\u0101 m\u0101j\u0101s ievietojiet to mazu\u013ca gulti\u0146\u0101 un v\u0113rojiet, k\u0101 vi\u0146\u0161, iesl\u0113gts m\u012bkst\u0101 apsk\u0101vien\u0101, iemieg mier\u012bg\u0101 mieg\u0101. Kad esat devies iepaz\u012bt pasauli - vai tas b\u016btu ce\u013cojums uz viet\u0113jo parku vai ciemo\u0161an\u0101s pie vecvec\u0101kiem -, ievietojiet to rati\u0146os. Tas nodro\u0161in\u0101s j\u016bsu mazulim \u0113rtu braucienu, ieskauts paz\u012bstam\u0101 za\u0137a burv\u012bb\u0101. Vec\u0101ki to slav\u0113! K\u0101ds saj\u016bsmin\u0101ts vec\u0101ks dal\u012bj\u0101s: \"Mana mazu\u013ca seja iemirdzas ikreiz, kad vi\u0146\u0161 ierauga \u0161o jauko za\u0137a spilvenu. Tas ir ne tikai \u013coti m\u012bksts, bet ar\u012b lieliski pal\u012bdz uztur\u0113t jauku galvas formu. Man pat\u012bk, ka tas ir pieejams div\u0101s skaist\u0101s kr\u0101s\u0101s.\" Cita mamma piebilda: \"Tas ir tik \u0113rti p\u0101rn\u0113s\u0101jams. Neatkar\u012bgi no t\u0101, vai esam m\u0101j\u0101s vai ce\u013c\u0101, tas ir k\u013cuvis par manam mazulim neaizst\u0101jamu pal\u012bgl\u012bdzekli.\" Naughty Bunny Shaping Pillow ir pieejams burv\u012bgos roz\u0101 un zilos to\u0146os, un tas ir vair\u0101k nek\u0101 tikai mazu\u013ca aksesu\u0101rs; tas ir v\u0113rt\u012bgs pal\u012bgs j\u016bsu mazu\u013ca dz\u012bves s\u0101kumposm\u0101.<\/div>","protected":false},"excerpt":{"rendered":"<p>Ner\u0101tnais za\u0137\u0113ns veidojo\u0161ais spilvens ir burv\u012bgs un praktisks izstr\u0101d\u0101jums, kas paredz\u0113ts z\u012bdai\u0146iem vecum\u0101 no 0 l\u012bdz 6 m\u0113ne\u0161iem. Tas ir \u013coti pievilc\u012bgs, jo izskat\u0101s k\u0101 m\u012bl\u012bgs za\u0137\u0113ns ar liel\u0101m ac\u012bm, m\u012b\u013cu smaidu un gar\u0101m aus\u012bm. \u012apa\u0161ais spilvena dizains nodro\u0161ina maigu atbalstu mazu\u013ca galvai, pal\u012bdzot veicin\u0101t vesel\u012bgu galvas formu svar\u012bgaj\u0101 agr\u012bnaj\u0101 aug\u0161anas posm\u0101. Ar izm\u0113ru 26<em>23<\/em>0\/3CM, tas ir piem\u0113rots lieto\u0161anai gulti\u0146\u0101s, rati\u0146os vai tad, kad b\u0113rns atp\u016b\u0161as uz rota\u013cu palikt\u0146a. Pieejams roz\u0101 un zil\u0101 kr\u0101s\u0101, tas pied\u0101v\u0101 vec\u0101kiem izv\u0113les iesp\u0113jas, lai piel\u0101gotu to sav\u0101m v\u0113lm\u0113m vai mazu\u013ca istabas iek\u0101rtojumam, apvienojot gan funkcionalit\u0101ti, gan \u0161armu mazu\u013ca apr\u016bpei.<\/p>","protected":false},"featured_media":3281,"comment_status":"open","ping_status":"closed","template":"","meta":{"_uag_custom_page_level_css":"","site-sidebar-layout":"default","site-content-layout":"","ast-site-content-layout":"default","site-content-style":"default","site-sidebar-style":"default","ast-global-header-display":"","ast-banner-title-visibility":"","ast-main-header-display":"","ast-hfb-above-header-display":"","ast-hfb-below-header-display":"","ast-hfb-mobile-header-display":"","site-post-title":"","ast-breadcrumbs-content":"","ast-featured-img":"","footer-sml-layout":"","ast-disable-related-posts":"","theme-transparent-header-meta":"default","adv-header-id-meta":"","stick-header-meta":"","header-above-stick-meta":"","header-main-stick-meta":"","header-below-stick-meta":"","astra-migrate-meta-layouts":"set","ast-page-background-enabled":"default","ast-page-background-meta":{"desktop":{"background-color":"","background-image":"","background-repeat":"repeat","background-position":"center center","background-size":"auto","background-attachment":"scroll","background-type":"","background-media":"","overlay-type":"","overlay-color":"","overlay-opacity":"","overlay-gradient":""},"tablet":{"background-color":"","background-image":"","background-repeat":"repeat","background-position":"center center","background-size":"auto","background-attachment":"scroll","background-type":"","background-media":"","overlay-type":"","overlay-color":"","overlay-opacity":"","overlay-gradient":""},"mobile":{"background-color":"","background-image":"","background-repeat":"repeat","background-position":"center center","background-size":"auto","background-attachment":"scroll","background-type":"","background-media":"","overlay-type":"","overlay-color":"","overlay-opacity":"","overlay-gradient":""}},"ast-content-background-meta":{"desktop":{"background-color":"var(--ast-global-color-5)","background-image":"","background-repeat":"repeat","background-position":"center center","background-size":"auto","background-attachment":"scroll","background-type":"","background-media":"","overlay-type":"","overlay-color":"","overlay-opacity":"","overlay-gradient":""},"tablet":{"background-color":"var(--ast-global-color-5)","background-image":"","background-repeat":"repeat","background-position":"center center","background-size":"auto","background-attachment":"scroll","background-type":"","background-media":"","overlay-type":"","overlay-color":"","overlay-opacity":"","overlay-gradient":""},"mobile":{"background-color":"var(--ast-global-color-5)","background-image":"","background-repeat":"repeat","background-position":"center center","background-size":"auto","background-attachment":"scroll","background-type":"","background-media":"","overlay-type":"","overlay-color":"","overlay-opacity":"","overlay-gradient":""}}},"product_brand":[],"product_cat":[54,42],"product_tag":[70,68,71,69],"class_list":{"0":"post-3265","1":"product","2":"type-product","3":"status-publish","4":"has-post-thumbnail","6":"product_cat-0-to-6months","7":"product_cat-merchandise","8":"product_tag-babypillow","9":"product_tag-cuteanimalpillow","10":"product_tag-headshapesupport","11":"product_tag-kouniushapingpillow","12":"desktop-align-left","13":"tablet-align-left","14":"mobile-align-left","16":"first","17":"instock","18":"shipping-taxable","19":"product-type-simple"},"aioseo_notices":[],"uagb_featured_image_src":{"full":["https:\/\/babypillowwholesale.com\/wp-content\/uploads\/2025\/03\/1130-1.jpg",1000,1000,false],"thumbnail":["https:\/\/babypillowwholesale.com\/wp-content\/uploads\/2025\/03\/1130-1-150x150.jpg",150,150,true],"medium":["https:\/\/babypillowwholesale.com\/wp-content\/uploads\/2025\/03\/1130-1-300x300.jpg",300,300,true],"medium_large":["https:\/\/babypillowwholesale.com\/wp-content\/uploads\/2025\/03\/1130-1-768x768.jpg",768,768,true],"large":["https:\/\/babypillowwholesale.com\/wp-content\/uploads\/2025\/03\/1130-1.jpg",1000,1000,false],"1536x1536":["https:\/\/babypillowwholesale.com\/wp-content\/uploads\/2025\/03\/1130-1.jpg",1000,1000,false],"2048x2048":["https:\/\/babypillowwholesale.com\/wp-content\/uploads\/2025\/03\/1130-1.jpg",1000,1000,false],"trp-custom-language-flag":["https:\/\/babypillowwholesale.com\/wp-content\/uploads\/2025\/03\/1130-1.jpg",12,12,false],"woocommerce_thumbnail":["https:\/\/babypillowwholesale.com\/wp-content\/uploads\/2025\/03\/1130-1-300x300.jpg",300,300,true],"woocommerce_single":["https:\/\/babypillowwholesale.com\/wp-content\/uploads\/2025\/03\/1130-1-600x600.jpg",600,600,true],"woocommerce_gallery_thumbnail":["https:\/\/babypillowwholesale.com\/wp-content\/uploads\/2025\/03\/1130-1-100x100.jpg",100,100,true]},"uagb_author_info":{"display_name":"Etnen zhong","author_link":"https:\/\/babypillowwholesale.com\/lv\/author\/"},"uagb_comment_info":0,"uagb_excerpt":"The Naughty Bunny Shaping Pillow is an adorable and practical product designed for infants aged 0 to 6 months. Its cute bunny - like appearance, with big eyes, a sweet smile, and long ears, is extremely appealing. The special design of the pillow provides gentle support for the baby's head, helping to promote a healthy&hellip;","jetpack_sharing_enabled":true,"_links":{"self":[{"href":"https:\/\/babypillowwholesale.com\/lv\/wp-json\/wp\/v2\/product\/3265","targetHints":{"allow":["GET"]}}],"collection":[{"href":"https:\/\/babypillowwholesale.com\/lv\/wp-json\/wp\/v2\/product"}],"about":[{"href":"https:\/\/babypillowwholesale.com\/lv\/wp-json\/wp\/v2\/types\/product"}],"replies":[{"embeddable":true,"href":"https:\/\/babypillowwholesale.com\/lv\/wp-json\/wp\/v2\/comments?post=3265"}],"wp:featuredmedia":[{"embeddable":true,"href":"https:\/\/babypillowwholesale.com\/lv\/wp-json\/wp\/v2\/media\/3281"}],"wp:attachment":[{"href":"https:\/\/babypillowwholesale.com\/lv\/wp-json\/wp\/v2\/media?parent=3265"}],"wp:term":[{"taxonomy":"product_brand","embeddable":true,"href":"https:\/\/babypillowwholesale.com\/lv\/wp-json\/wp\/v2\/product_brand?post=3265"},{"taxonomy":"product_cat","embeddable":true,"href":"https:\/\/babypillowwholesale.com\/lv\/wp-json\/wp\/v2\/product_cat?post=3265"},{"taxonomy":"product_tag","embeddable":true,"href":"https:\/\/babypillowwholesale.com\/lv\/wp-json\/wp\/v2\/product_tag?post=3265"}],"curies":[{"name":"wp","href":"https:\/\/api.w.org\/{rel}","templated":true}]}}