{"id":3263,"date":"2025-03-17T03:51:27","date_gmt":"2025-03-17T03:51:27","guid":{"rendered":"https:\/\/babypillowwholesale.com\/?post_type=product&#038;p=3263"},"modified":"2025-06-08T16:17:17","modified_gmt":"2025-06-08T16:17:17","slug":"cloud-washable-shaping-pillow","status":"publish","type":"product","link":"https:\/\/babypillowwholesale.com\/lv\/product\/cloud-washable-shaping-pillow\/","title":{"rendered":"M\u0101ko\u0146u mazg\u0101jams form\u0113\u0161anas spilvens"},"content":{"rendered":"<div class=\"auto-hide-last-sibling-br paragraph-qzbcQC paragraph-element br-paragraph-space\" data-immersive-translate-walked=\"8e61f2e7-6af2-46e5-9672-3b9e4f4033d9\" data-immersive-translate-paragraph=\"1\">Iel\u016bkojieties komforta un m\u012b\u013cuma pasaul\u0113 ar m\u016bsu m\u0101ko\u0146u mazg\u0101jamo form\u0113\u0161anas spilvenu - sap\u0146ainu papildin\u0101jumu, kas \u012bpa\u0161i rad\u012bts vismaz\u0101kajiem sap\u0146ot\u0101jiem vecum\u0101 no 0 l\u012bdz 6 m\u0113ne\u0161iem. \u0160is spilvens, kas atg\u0101dina p\u016bkainu m\u0101koni k\u0101 no pasakas, ir rot\u0101ts ar burv\u012bgiem, nejau\u0161i apdruk\u0101tiem zivti\u0146u mot\u012bviem, kas pie\u0161\u0137ir mazu\u013ca gu\u013cvietai dvesmu. Spilvena ergonomiskais dizains ir maigs apsk\u0101viens mazu\u013ca maigajai galvi\u0146ai, kas to r\u016bp\u012bgi apskalo, lai veicin\u0101tu perfektu galvas formu mazu\u013ca dr\u012bkst\u0113\u0161anas laik\u0101, kad vi\u0146\u0161 snau\u017e sav\u0101s d\u0101rgaj\u0101s pirmaj\u0101s dien\u0101s. T\u0101 izm\u0113ri ir 35*22*3\/1,5 cm, un tas nodro\u0161ina bag\u0101t\u012bgu atbalstu, vienlaikus nevainojami iek\u013caujoties da\u017e\u0101dos uzst\u0101d\u012bjumos. Neatkar\u012bgi no t\u0101, vai tas ir ievietots j\u016bsu mazu\u013ca gulti\u0146as m\u0101j\u012bgaj\u0101 dzi\u013cum\u0101, radot debesu patv\u0113rumu vi\u0146a garajam miegam, vai ievietots rati\u0146os, lai nesteidz\u012bgi pastaig\u0101tos pa parku, \u0161is spilvens vienm\u0113r nodro\u0161in\u0101s j\u016bsu mazulim komfortu. Tas ir ar\u012b lielisks ce\u013cojuma biedrs \u0123imenes ce\u013cojumiem, nodro\u0161inot paz\u012bstamu un nomierino\u0161u vietu, kur mazulim atp\u016bsties ce\u013cojuma laik\u0101. Vec\u0101ki ir saj\u016bsm\u0101 par \u0161o spilvenu! K\u0101da apmierin\u0101ta m\u0101mi\u0146a dal\u012bj\u0101s: \"Manam mazulim \u013coti pat\u012bk \u0161is m\u0101ko\u0146a formas spilvens. Nejau\u0161\u0101s apdrukas ir tik jautrs p\u0101rsteigums, un tas ir tik viegli mazg\u0101jams, kad tas k\u013c\u016bst mazliet net\u012brs. Tas ir k\u013cuvis par m\u016bsu mazu\u013ca miega laika galveno sast\u0101vda\u013cu.\" Cits t\u0113tis min\u0113ja: \"Es biju noraiz\u0113jies par sava mazu\u013ca galvas formu, bet \u0161is spilvens ir main\u012bjis sp\u0113les gaitu. Tas ir m\u012bksts, atbalsta un izskat\u0101s burv\u012bgi b\u0113rnistab\u0101.\" M\u0101konis Cloud Washable Shaping Pillow ir pieejams burv\u012bg\u0101s roz\u0101 un zil\u0101s kr\u0101s\u0101s, katrai no t\u0101m ir savs unik\u0101ls nejau\u0161s raksts, un tas ir ne tikai miega piederums, bet ar\u012b prieka un komforta avots j\u016bsu mazulim.<\/div>","protected":false},"excerpt":{"rendered":"<p>M\u0101konis Cloud Washable Shaping Pillow ir br\u012bni\u0161\u0137\u012bgs produkts, kas paredz\u0113ts z\u012bdai\u0146iem vecum\u0101 no 0 l\u012bdz 6 m\u0113ne\u0161iem. Tas ir veidots k\u0101 m\u012bksts m\u0101konis, tam ir pievilc\u012bgs izskats, un nejau\u0161i izv\u0113l\u0113t\u0101s zivti\u0146as mot\u012bvu apdrukas tam pie\u0161\u0137ir jautr\u012bbu. T\u0101 unik\u0101lais dizains nodro\u0161ina maigu atbalstu mazu\u013ca galvai, pal\u012bdzot saglab\u0101t labu galvas formu. Izm\u0113rs 35*<em data-immersive-translate-walked=\"f7f4678a-e6ea-41bf-8db0-071fdda90f71\">22*<\/em>3\/1,5 cm, tas ir pietiekami liels, lai sniegtu pietiekamu atbalstu, tom\u0113r joproj\u0101m ir piem\u0113rots da\u017e\u0101diem ar b\u0113rnu saist\u012btiem iestat\u012bjumiem. Turkl\u0101t tas ir mazg\u0101jams, t\u0101p\u0113c to ir viegli uztur\u0113t t\u012bru un higi\u0113nisku. Pieejams roz\u0101 un zil\u0101 kr\u0101s\u0101 ar da\u017e\u0101diem nejau\u0161iem rakstiem, tas sniedz vec\u0101kiem nelielu p\u0101rsteigumu, vienlaikus nodro\u0161inot funkcionalit\u0101ti vi\u0146u mazu\u013ciem.<\/p>","protected":false},"featured_media":3280,"comment_status":"open","ping_status":"closed","template":"","meta":{"_uag_custom_page_level_css":"","site-sidebar-layout":"default","site-content-layout":"","ast-site-content-layout":"default","site-content-style":"default","site-sidebar-style":"default","ast-global-header-display":"","ast-banner-title-visibility":"","ast-main-header-display":"","ast-hfb-above-header-display":"","ast-hfb-below-header-display":"","ast-hfb-mobile-header-display":"","site-post-title":"","ast-breadcrumbs-content":"","ast-featured-img":"","footer-sml-layout":"","ast-disable-related-posts":"","theme-transparent-header-meta":"default","adv-header-id-meta":"","stick-header-meta":"","header-above-stick-meta":"","header-main-stick-meta":"","header-below-stick-meta":"","astra-migrate-meta-layouts":"set","ast-page-background-enabled":"default","ast-page-background-meta":{"desktop":{"background-color":"","background-image":"","background-repeat":"repeat","background-position":"center center","background-size":"auto","background-attachment":"scroll","background-type":"","background-media":"","overlay-type":"","overlay-color":"","overlay-opacity":"","overlay-gradient":""},"tablet":{"background-color":"","background-image":"","background-repeat":"repeat","background-position":"center center","background-size":"auto","background-attachment":"scroll","background-type":"","background-media":"","overlay-type":"","overlay-color":"","overlay-opacity":"","overlay-gradient":""},"mobile":{"background-color":"","background-image":"","background-repeat":"repeat","background-position":"center center","background-size":"auto","background-attachment":"scroll","background-type":"","background-media":"","overlay-type":"","overlay-color":"","overlay-opacity":"","overlay-gradient":""}},"ast-content-background-meta":{"desktop":{"background-color":"var(--ast-global-color-5)","background-image":"","background-repeat":"repeat","background-position":"center center","background-size":"auto","background-attachment":"scroll","background-type":"","background-media":"","overlay-type":"","overlay-color":"","overlay-opacity":"","overlay-gradient":""},"tablet":{"background-color":"var(--ast-global-color-5)","background-image":"","background-repeat":"repeat","background-position":"center center","background-size":"auto","background-attachment":"scroll","background-type":"","background-media":"","overlay-type":"","overlay-color":"","overlay-opacity":"","overlay-gradient":""},"mobile":{"background-color":"var(--ast-global-color-5)","background-image":"","background-repeat":"repeat","background-position":"center center","background-size":"auto","background-attachment":"scroll","background-type":"","background-media":"","overlay-type":"","overlay-color":"","overlay-opacity":"","overlay-gradient":""}}},"product_brand":[],"product_cat":[54,42],"product_tag":[70,68,71,69],"class_list":{"0":"post-3263","1":"product","2":"type-product","3":"status-publish","4":"has-post-thumbnail","6":"product_cat-0-to-6months","7":"product_cat-merchandise","8":"product_tag-babypillow","9":"product_tag-cuteanimalpillow","10":"product_tag-headshapesupport","11":"product_tag-kouniushapingpillow","12":"desktop-align-left","13":"tablet-align-left","14":"mobile-align-left","16":"first","17":"instock","18":"shipping-taxable","19":"product-type-simple"},"aioseo_notices":[],"uagb_featured_image_src":{"full":["https:\/\/babypillowwholesale.com\/wp-content\/uploads\/2025\/03\/1129-1.jpg",1000,1000,false],"thumbnail":["https:\/\/babypillowwholesale.com\/wp-content\/uploads\/2025\/03\/1129-1-150x150.jpg",150,150,true],"medium":["https:\/\/babypillowwholesale.com\/wp-content\/uploads\/2025\/03\/1129-1-300x300.jpg",300,300,true],"medium_large":["https:\/\/babypillowwholesale.com\/wp-content\/uploads\/2025\/03\/1129-1-768x768.jpg",768,768,true],"large":["https:\/\/babypillowwholesale.com\/wp-content\/uploads\/2025\/03\/1129-1.jpg",1000,1000,false],"1536x1536":["https:\/\/babypillowwholesale.com\/wp-content\/uploads\/2025\/03\/1129-1.jpg",1000,1000,false],"2048x2048":["https:\/\/babypillowwholesale.com\/wp-content\/uploads\/2025\/03\/1129-1.jpg",1000,1000,false],"trp-custom-language-flag":["https:\/\/babypillowwholesale.com\/wp-content\/uploads\/2025\/03\/1129-1.jpg",12,12,false],"woocommerce_thumbnail":["https:\/\/babypillowwholesale.com\/wp-content\/uploads\/2025\/03\/1129-1-300x300.jpg",300,300,true],"woocommerce_single":["https:\/\/babypillowwholesale.com\/wp-content\/uploads\/2025\/03\/1129-1-600x600.jpg",600,600,true],"woocommerce_gallery_thumbnail":["https:\/\/babypillowwholesale.com\/wp-content\/uploads\/2025\/03\/1129-1-100x100.jpg",100,100,true]},"uagb_author_info":{"display_name":"Etnen zhong","author_link":"https:\/\/babypillowwholesale.com\/lv\/author\/"},"uagb_comment_info":0,"uagb_excerpt":"The Cloud Washable Shaping Pillow is a wonderful product designed for infants aged 0 to 6 months. Shaped like a soft cloud, it has an appealing look, and the random fish - themed prints add a touch of fun. Its unique design provides gentle support to the baby's head, helping to maintain a good head&hellip;","jetpack_sharing_enabled":true,"_links":{"self":[{"href":"https:\/\/babypillowwholesale.com\/lv\/wp-json\/wp\/v2\/product\/3263","targetHints":{"allow":["GET"]}}],"collection":[{"href":"https:\/\/babypillowwholesale.com\/lv\/wp-json\/wp\/v2\/product"}],"about":[{"href":"https:\/\/babypillowwholesale.com\/lv\/wp-json\/wp\/v2\/types\/product"}],"replies":[{"embeddable":true,"href":"https:\/\/babypillowwholesale.com\/lv\/wp-json\/wp\/v2\/comments?post=3263"}],"wp:featuredmedia":[{"embeddable":true,"href":"https:\/\/babypillowwholesale.com\/lv\/wp-json\/wp\/v2\/media\/3280"}],"wp:attachment":[{"href":"https:\/\/babypillowwholesale.com\/lv\/wp-json\/wp\/v2\/media?parent=3263"}],"wp:term":[{"taxonomy":"product_brand","embeddable":true,"href":"https:\/\/babypillowwholesale.com\/lv\/wp-json\/wp\/v2\/product_brand?post=3263"},{"taxonomy":"product_cat","embeddable":true,"href":"https:\/\/babypillowwholesale.com\/lv\/wp-json\/wp\/v2\/product_cat?post=3263"},{"taxonomy":"product_tag","embeddable":true,"href":"https:\/\/babypillowwholesale.com\/lv\/wp-json\/wp\/v2\/product_tag?post=3263"}],"curies":[{"name":"wp","href":"https:\/\/api.w.org\/{rel}","templated":true}]}}