{"id":3261,"date":"2025-03-17T03:26:37","date_gmt":"2025-03-17T03:26:37","guid":{"rendered":"https:\/\/babypillowwholesale.com\/?post_type=product&#038;p=3261"},"modified":"2025-06-08T16:18:10","modified_gmt":"2025-06-08T16:18:10","slug":"apple-shaping-pillow","status":"publish","type":"product","link":"https:\/\/babypillowwholesale.com\/lv\/product\/apple-shaping-pillow\/","title":{"rendered":"\u0100bolu veidojo\u0161ais spilvens"},"content":{"rendered":"<div class=\"auto-hide-last-sibling-br paragraph-qzbcQC paragraph-element br-paragraph-space\" data-immersive-translate-walked=\"8e61f2e7-6af2-46e5-9672-3b9e4f4033d9\" data-immersive-translate-paragraph=\"1\">Iepaz\u012bstieties ar Apple Shaping Pillow, kas ir ide\u0101ls \u0161arma un funkcionalit\u0101tes apvienojums, kas ir \u012bpa\u0161i piel\u0101gots d\u0101rgajiem z\u012bdai\u0146iem vecum\u0101 no 0 l\u012bdz 6 m\u0113ne\u0161iem. T\u0101 burv\u012bgais \u0101bolu iedvesmojo\u0161ais siluets ar smalkiem lapu akcentiem ne tikai pie\u0161\u0137ir mazu\u013ca pasaulei skaistumu, bet ar\u012b kalpo svar\u012bgam m\u0113r\u0137im. Strat\u0113\u0123iski novietotais centr\u0101lais izgriezums nodro\u0161ina maigu, gl\u0101sto\u0161u atbalstu j\u016bsu mazu\u013ca maigajai galvi\u0146ai, pal\u012bdzot tai ieg\u016bt skaistu formu, b\u0113rnam augot. T\u0101 izm\u0113rs ir 22*20*1,5*1,5\/3 cm, t\u0101p\u0113c tas ir neticami univers\u0101ls. Ielieciet to m\u0101j\u012bgaj\u0101 b\u0113rna gulti\u0146as viet\u0101 un v\u0113rojiet, k\u0101 tas p\u0101rv\u0113r\u0161 gul\u0113tie\u0161anas laiku par sap\u0146ainu piedz\u012bvojumu. Saulain\u0101 dien\u0101 \u0101r\u0101 ievietojiet to b\u0113rnu rati\u0146os, nodro\u0161inot mazulim \u0113rtu braucienu. Un garajos braucienos ar automa\u0161\u012bnu tas cie\u0161i iek\u013caujas automa\u0161\u012bnas s\u0113dekl\u012bt\u012b, nodro\u0161inot paz\u012bstamu un nomierino\u0161u atp\u016btas vietu j\u016bsu mazulim. Vec\u0101ki saj\u016bsmin\u0101s par \u0161o spilvenu! Daudzi ir st\u0101st\u012bju\u0161i, ka tas ir k\u013cuvis par neaizst\u0101jamu vi\u0146u mazu\u013ca kop\u0161anas rut\u012bnas sast\u0101vda\u013cu. \"Mans mazulis izskat\u0101s tik mier\u012bgs, gu\u013cot uz \u0161\u012b \u0101bolu formas spilvena. Tas ir m\u012bksts, un es jau redzu at\u0161\u0137ir\u012bbu vi\u0146a galvas form\u0101,\" saka k\u0101da laim\u012bga mamma. Cits t\u0113tis koment\u0113: \"Da\u017e\u0101d\u0101s kr\u0101su iesp\u0113jas \u013c\u0101va to viegli saska\u0146ot ar m\u016bsu b\u0113rnistabas interjeru. Turkl\u0101t to ir tik \u0113rti \u0146emt l\u012bdzi, lai kurp m\u0113s dotos.\" \u0100bolu veidojo\u0161ais spilvens ir pieejams apburo\u0161os roz\u0101 to\u0146os, izsmalcin\u0101t\u0101 tum\u0161i za\u013c\u0101 un nomierino\u0161\u0101 zil\u0101 kr\u0101s\u0101, t\u0101p\u0113c varat izv\u0113l\u0113ties j\u016bsu gaumei piem\u0113rot\u0101ko toni. Tas nav tikai spilvens, tas ir m\u012b\u013c\u0161 pavadonis mazu\u013ca pirmaj\u0101s dz\u012bves dien\u0101s.<\/div>","protected":false},"excerpt":{"rendered":"<p>Apple Shaping Pillow ir gudri izstr\u0101d\u0101ts produkts z\u012bdai\u0146iem vecum\u0101 no 0 l\u012bdz 6 m\u0113ne\u0161iem. T\u0101 \u0101bolu formas forma ir ne tikai m\u012b\u013ca, bet ar\u012b praktiska. Unik\u0101lais izgriezums pa vidu maigi atbalsta mazu\u013ca galvu, pal\u012bdzot saglab\u0101t optim\u0101lu formu iz\u0161\u0137iro\u0161ajos pirmajos m\u0113ne\u0161os. Izm\u0113rs 22*<em data-immersive-translate-walked=\"5509ee64-5f83-48cf-a52f-9b37e33a2d1d\">20*<\/em>1,5\/3CM, tas ir kompakts un viegli ievietojams b\u0113rnu gulti\u0146\u0101, rati\u0146os vai b\u0113rnu auto s\u0113dekl\u012bt\u012b. Roz\u0101, tum\u0161i za\u013c\u0101 un zil\u0101 kr\u0101s\u0101, t\u0101 atbilst da\u017e\u0101diem stila v\u0113lm\u0113m, padarot to par burv\u012bgu un funkcion\u0101lu papildin\u0101jumu b\u0113rnu apr\u016bpes piederumiem.<\/p>","protected":false},"featured_media":3279,"comment_status":"open","ping_status":"closed","template":"","meta":{"_uag_custom_page_level_css":"","site-sidebar-layout":"default","site-content-layout":"","ast-site-content-layout":"default","site-content-style":"default","site-sidebar-style":"default","ast-global-header-display":"","ast-banner-title-visibility":"","ast-main-header-display":"","ast-hfb-above-header-display":"","ast-hfb-below-header-display":"","ast-hfb-mobile-header-display":"","site-post-title":"","ast-breadcrumbs-content":"","ast-featured-img":"","footer-sml-layout":"","ast-disable-related-posts":"","theme-transparent-header-meta":"default","adv-header-id-meta":"","stick-header-meta":"","header-above-stick-meta":"","header-main-stick-meta":"","header-below-stick-meta":"","astra-migrate-meta-layouts":"set","ast-page-background-enabled":"default","ast-page-background-meta":{"desktop":{"background-color":"","background-image":"","background-repeat":"repeat","background-position":"center center","background-size":"auto","background-attachment":"scroll","background-type":"","background-media":"","overlay-type":"","overlay-color":"","overlay-opacity":"","overlay-gradient":""},"tablet":{"background-color":"","background-image":"","background-repeat":"repeat","background-position":"center center","background-size":"auto","background-attachment":"scroll","background-type":"","background-media":"","overlay-type":"","overlay-color":"","overlay-opacity":"","overlay-gradient":""},"mobile":{"background-color":"","background-image":"","background-repeat":"repeat","background-position":"center center","background-size":"auto","background-attachment":"scroll","background-type":"","background-media":"","overlay-type":"","overlay-color":"","overlay-opacity":"","overlay-gradient":""}},"ast-content-background-meta":{"desktop":{"background-color":"var(--ast-global-color-5)","background-image":"","background-repeat":"repeat","background-position":"center center","background-size":"auto","background-attachment":"scroll","background-type":"","background-media":"","overlay-type":"","overlay-color":"","overlay-opacity":"","overlay-gradient":""},"tablet":{"background-color":"var(--ast-global-color-5)","background-image":"","background-repeat":"repeat","background-position":"center center","background-size":"auto","background-attachment":"scroll","background-type":"","background-media":"","overlay-type":"","overlay-color":"","overlay-opacity":"","overlay-gradient":""},"mobile":{"background-color":"var(--ast-global-color-5)","background-image":"","background-repeat":"repeat","background-position":"center center","background-size":"auto","background-attachment":"scroll","background-type":"","background-media":"","overlay-type":"","overlay-color":"","overlay-opacity":"","overlay-gradient":""}}},"product_brand":[],"product_cat":[54,42],"product_tag":[70,68,71,69],"class_list":{"0":"post-3261","1":"product","2":"type-product","3":"status-publish","4":"has-post-thumbnail","6":"product_cat-0-to-6months","7":"product_cat-merchandise","8":"product_tag-babypillow","9":"product_tag-cuteanimalpillow","10":"product_tag-headshapesupport","11":"product_tag-kouniushapingpillow","12":"desktop-align-left","13":"tablet-align-left","14":"mobile-align-left","16":"first","17":"instock","18":"shipping-taxable","19":"product-type-simple"},"aioseo_notices":[],"uagb_featured_image_src":{"full":["https:\/\/babypillowwholesale.com\/wp-content\/uploads\/2025\/03\/1112-1.jpg",1000,1000,false],"thumbnail":["https:\/\/babypillowwholesale.com\/wp-content\/uploads\/2025\/03\/1112-1-150x150.jpg",150,150,true],"medium":["https:\/\/babypillowwholesale.com\/wp-content\/uploads\/2025\/03\/1112-1-300x300.jpg",300,300,true],"medium_large":["https:\/\/babypillowwholesale.com\/wp-content\/uploads\/2025\/03\/1112-1-768x768.jpg",768,768,true],"large":["https:\/\/babypillowwholesale.com\/wp-content\/uploads\/2025\/03\/1112-1.jpg",1000,1000,false],"1536x1536":["https:\/\/babypillowwholesale.com\/wp-content\/uploads\/2025\/03\/1112-1.jpg",1000,1000,false],"2048x2048":["https:\/\/babypillowwholesale.com\/wp-content\/uploads\/2025\/03\/1112-1.jpg",1000,1000,false],"trp-custom-language-flag":["https:\/\/babypillowwholesale.com\/wp-content\/uploads\/2025\/03\/1112-1.jpg",12,12,false],"woocommerce_thumbnail":["https:\/\/babypillowwholesale.com\/wp-content\/uploads\/2025\/03\/1112-1-300x300.jpg",300,300,true],"woocommerce_single":["https:\/\/babypillowwholesale.com\/wp-content\/uploads\/2025\/03\/1112-1-600x600.jpg",600,600,true],"woocommerce_gallery_thumbnail":["https:\/\/babypillowwholesale.com\/wp-content\/uploads\/2025\/03\/1112-1-100x100.jpg",100,100,true]},"uagb_author_info":{"display_name":"Etnen zhong","author_link":"https:\/\/babypillowwholesale.com\/lv\/author\/"},"uagb_comment_info":0,"uagb_excerpt":"The Apple Shaping Pillow is a cleverly designed product for infants aged 0 to 6 months. Its apple - shaped form is not only cute but also practical. The unique cut - out design in the middle gently supports the baby's head, helping to maintain an optimal shape during the crucial early months. Measuring 22*20*1.5\/3CM,&hellip;","jetpack_sharing_enabled":true,"_links":{"self":[{"href":"https:\/\/babypillowwholesale.com\/lv\/wp-json\/wp\/v2\/product\/3261","targetHints":{"allow":["GET"]}}],"collection":[{"href":"https:\/\/babypillowwholesale.com\/lv\/wp-json\/wp\/v2\/product"}],"about":[{"href":"https:\/\/babypillowwholesale.com\/lv\/wp-json\/wp\/v2\/types\/product"}],"replies":[{"embeddable":true,"href":"https:\/\/babypillowwholesale.com\/lv\/wp-json\/wp\/v2\/comments?post=3261"}],"wp:featuredmedia":[{"embeddable":true,"href":"https:\/\/babypillowwholesale.com\/lv\/wp-json\/wp\/v2\/media\/3279"}],"wp:attachment":[{"href":"https:\/\/babypillowwholesale.com\/lv\/wp-json\/wp\/v2\/media?parent=3261"}],"wp:term":[{"taxonomy":"product_brand","embeddable":true,"href":"https:\/\/babypillowwholesale.com\/lv\/wp-json\/wp\/v2\/product_brand?post=3261"},{"taxonomy":"product_cat","embeddable":true,"href":"https:\/\/babypillowwholesale.com\/lv\/wp-json\/wp\/v2\/product_cat?post=3261"},{"taxonomy":"product_tag","embeddable":true,"href":"https:\/\/babypillowwholesale.com\/lv\/wp-json\/wp\/v2\/product_tag?post=3261"}],"curies":[{"name":"wp","href":"https:\/\/api.w.org\/{rel}","templated":true}]}}