{"id":3256,"date":"2025-03-15T07:30:39","date_gmt":"2025-03-15T07:30:39","guid":{"rendered":"https:\/\/babypillowwholesale.com\/?post_type=product&#038;p=3256"},"modified":"2025-06-08T16:20:33","modified_gmt":"2025-06-08T16:20:33","slug":"cute-bunny-shaping-pillow","status":"publish","type":"product","link":"https:\/\/babypillowwholesale.com\/lv\/product\/cute-bunny-shaping-pillow\/","title":{"rendered":"Gudrs za\u0137a veido\u0161anas spilvens"},"content":{"rendered":"<div class=\"auto-hide-last-sibling-br paragraph-qzbcQC paragraph-element br-paragraph-space\" data-immersive-translate-walked=\"8e61f2e7-6af2-46e5-9672-3b9e4f4033d9\" data-immersive-translate-paragraph=\"1\">\u013baujiet savam mazulim izbaud\u012bt komforta pasauli ar m\u016bsu burv\u012bgo Cute Bunny Shaping Pillow, kas ir absol\u016bti nepiecie\u0161ams z\u012bdai\u0146iem vecum\u0101 no 0 l\u012bdz 6 m\u0113ne\u0161iem. \u0160o spilvenu rot\u0101 za\u0137\u012b\u0161a ausis un m\u012bl\u012bgs dizains, un tas ir ne tikai miega piederums, bet ar\u012b valdzino\u0161a rota\u013clieta, kas pie\u0161\u0137ir j\u016bsu mazu\u013ca telpai d\u012bvain\u012bbas piesk\u0101rienu.<\/div>\n<div class=\"auto-hide-last-sibling-br paragraph-qzbcQC paragraph-element br-paragraph-space\" data-immersive-translate-walked=\"8e61f2e7-6af2-46e5-9672-3b9e4f4033d9\" data-immersive-translate-paragraph=\"1\">T\u0101 unik\u0101l\u0101 forma ir prec\u012bzi izstr\u0101d\u0101ta, un t\u0101 nodro\u0161ina maigu, bet stingru atbalstu j\u016bsu mazu\u013ca maigajai galvi\u0146ai, veicinot perfektu galvas formu mazu\u013ca dr\u012bkst\u0113\u0161anas laik\u0101, kad vi\u0146\u0161 gu\u013c pirmajos dz\u012bves m\u0113ne\u0161os. \u0112rta 26 mm izm\u0113ra<em data-immersive-translate-walked=\"8e61f2e7-6af2-46e5-9672-3b9e4f4033d9\">23<\/em>0\/3CM, tas ir daudzpus\u012bgs pal\u012bgs, kas lieliski iederas da\u017e\u0101dos apst\u0101k\u013cos.<\/div>\n<div class=\"auto-hide-last-sibling-br paragraph-qzbcQC paragraph-element br-paragraph-space\" data-immersive-translate-walked=\"8e61f2e7-6af2-46e5-9672-3b9e4f4033d9\" data-immersive-translate-paragraph=\"1\">Neatkar\u012bgi no t\u0101, vai tas ir novietots b\u0113rnistabas gulti\u0146as centr\u0101, radot sap\u0146ainu patv\u0113rumu ilgi gaid\u012btajam snaudienam, vai ar\u012b ievietots rati\u0146os saulainas p\u0113cpusdienas pastaigas laik\u0101 park\u0101, \u0161is spilvens nodro\u0161in\u0101s j\u016bsu mazu\u013ca komfortu ce\u013cojuma laik\u0101. Pat nak\u0161\u0146o\u0161anas laik\u0101 pie vecm\u0101mi\u0146as to var viegli iepakot, lai rad\u012btu paz\u012bstamu un m\u0101j\u012bgu miega vidi.<\/div>\n<div class=\"auto-hide-last-sibling-br paragraph-qzbcQC paragraph-element br-paragraph-space\" data-immersive-translate-walked=\"8e61f2e7-6af2-46e5-9672-3b9e4f4033d9\" data-immersive-translate-paragraph=\"1\">Pieejami burv\u012bgi maigi roz\u0101 un mier\u012bgi zili to\u0146i, t\u0101p\u0113c varat izv\u0113l\u0113ties kr\u0101su, kas vislab\u0101k papildina j\u016bsu mazu\u013ca istabas iek\u0101rtojumu vai vienk\u0101r\u0161i atbilst j\u016bsu person\u012bgaj\u0101m v\u0113lm\u0113m. Uzlabojiet sava mazu\u013ca miega pieredzi ar \u0161o Cute Bunny Shaping Pillow, kur\u0101 funkcionalit\u0101te satiekas ar skaistumu visjauk\u0101kaj\u0101 veid\u0101.<\/div>","protected":false},"excerpt":{"rendered":"<p>Cute Bunny Shaping Pillow ir burv\u012bgs un funkcion\u0101ls aksesu\u0101rs z\u012bdai\u0146iem vecum\u0101 no 0 l\u012bdz 6 m\u0113ne\u0161iem. Tas ir veidots k\u0101 burv\u012bgs za\u0137\u012btis ar m\u012b\u013c\u0101m aus\u012bt\u0113m un m\u012b\u013cu seji\u0146u, kas uzreiz piesaista uzman\u012bbu. T\u0101 \u012bpa\u0161ais dizains ir veidots t\u0101, lai maigi atbalst\u012btu mazu\u013ca galvu, pal\u012bdzot saglab\u0101t vesel\u012bgu galvas formu pirmajos dz\u012bves m\u0113ne\u0161os. Izm\u0113rs 26<em data-immersive-translate-walked=\"8e61f2e7-6af2-46e5-9672-3b9e4f4033d9\">23<\/em>0\/3CM, tas ir ide\u0101ls izm\u0113rs, lai \u0113rti ietilptu b\u0113rnu gulti\u0146\u0101 vai rati\u0146os. Tas ir pieejams gan maigi roz\u0101, gan nomierino\u0161i zil\u0101 kr\u0101s\u0101, t\u0101d\u0113j\u0101di apmierinot da\u017e\u0101das est\u0113tisk\u0101s v\u0113lmes un vienlaikus nodro\u0161inot mazulim m\u012bkstu un m\u0101j\u012bgu atp\u016btas vietu.<\/p>","protected":false},"featured_media":3277,"comment_status":"open","ping_status":"closed","template":"","meta":{"_uag_custom_page_level_css":"","site-sidebar-layout":"default","site-content-layout":"","ast-site-content-layout":"default","site-content-style":"default","site-sidebar-style":"default","ast-global-header-display":"","ast-banner-title-visibility":"","ast-main-header-display":"","ast-hfb-above-header-display":"","ast-hfb-below-header-display":"","ast-hfb-mobile-header-display":"","site-post-title":"","ast-breadcrumbs-content":"","ast-featured-img":"","footer-sml-layout":"","ast-disable-related-posts":"","theme-transparent-header-meta":"default","adv-header-id-meta":"","stick-header-meta":"","header-above-stick-meta":"","header-main-stick-meta":"","header-below-stick-meta":"","astra-migrate-meta-layouts":"set","ast-page-background-enabled":"default","ast-page-background-meta":{"desktop":{"background-color":"","background-image":"","background-repeat":"repeat","background-position":"center center","background-size":"auto","background-attachment":"scroll","background-type":"","background-media":"","overlay-type":"","overlay-color":"","overlay-opacity":"","overlay-gradient":""},"tablet":{"background-color":"","background-image":"","background-repeat":"repeat","background-position":"center center","background-size":"auto","background-attachment":"scroll","background-type":"","background-media":"","overlay-type":"","overlay-color":"","overlay-opacity":"","overlay-gradient":""},"mobile":{"background-color":"","background-image":"","background-repeat":"repeat","background-position":"center center","background-size":"auto","background-attachment":"scroll","background-type":"","background-media":"","overlay-type":"","overlay-color":"","overlay-opacity":"","overlay-gradient":""}},"ast-content-background-meta":{"desktop":{"background-color":"var(--ast-global-color-5)","background-image":"","background-repeat":"repeat","background-position":"center center","background-size":"auto","background-attachment":"scroll","background-type":"","background-media":"","overlay-type":"","overlay-color":"","overlay-opacity":"","overlay-gradient":""},"tablet":{"background-color":"var(--ast-global-color-5)","background-image":"","background-repeat":"repeat","background-position":"center center","background-size":"auto","background-attachment":"scroll","background-type":"","background-media":"","overlay-type":"","overlay-color":"","overlay-opacity":"","overlay-gradient":""},"mobile":{"background-color":"var(--ast-global-color-5)","background-image":"","background-repeat":"repeat","background-position":"center center","background-size":"auto","background-attachment":"scroll","background-type":"","background-media":"","overlay-type":"","overlay-color":"","overlay-opacity":"","overlay-gradient":""}}},"product_brand":[],"product_cat":[54,42],"product_tag":[70,68,71,69],"class_list":{"0":"post-3256","1":"product","2":"type-product","3":"status-publish","4":"has-post-thumbnail","6":"product_cat-0-to-6months","7":"product_cat-merchandise","8":"product_tag-babypillow","9":"product_tag-cuteanimalpillow","10":"product_tag-headshapesupport","11":"product_tag-kouniushapingpillow","12":"desktop-align-left","13":"tablet-align-left","14":"mobile-align-left","16":"first","17":"instock","18":"featured","19":"shipping-taxable","20":"product-type-simple"},"aioseo_notices":[],"uagb_featured_image_src":{"full":["https:\/\/babypillowwholesale.com\/wp-content\/uploads\/2025\/03\/1123.jpg",1000,1000,false],"thumbnail":["https:\/\/babypillowwholesale.com\/wp-content\/uploads\/2025\/03\/1123-150x150.jpg",150,150,true],"medium":["https:\/\/babypillowwholesale.com\/wp-content\/uploads\/2025\/03\/1123-300x300.jpg",300,300,true],"medium_large":["https:\/\/babypillowwholesale.com\/wp-content\/uploads\/2025\/03\/1123-768x768.jpg",768,768,true],"large":["https:\/\/babypillowwholesale.com\/wp-content\/uploads\/2025\/03\/1123.jpg",1000,1000,false],"1536x1536":["https:\/\/babypillowwholesale.com\/wp-content\/uploads\/2025\/03\/1123.jpg",1000,1000,false],"2048x2048":["https:\/\/babypillowwholesale.com\/wp-content\/uploads\/2025\/03\/1123.jpg",1000,1000,false],"trp-custom-language-flag":["https:\/\/babypillowwholesale.com\/wp-content\/uploads\/2025\/03\/1123.jpg",12,12,false],"woocommerce_thumbnail":["https:\/\/babypillowwholesale.com\/wp-content\/uploads\/2025\/03\/1123-300x300.jpg",300,300,true],"woocommerce_single":["https:\/\/babypillowwholesale.com\/wp-content\/uploads\/2025\/03\/1123-600x600.jpg",600,600,true],"woocommerce_gallery_thumbnail":["https:\/\/babypillowwholesale.com\/wp-content\/uploads\/2025\/03\/1123-100x100.jpg",100,100,true]},"uagb_author_info":{"display_name":"Etnen zhong","author_link":"https:\/\/babypillowwholesale.com\/lv\/author\/"},"uagb_comment_info":0,"uagb_excerpt":"The Cute Bunny Shaping Pillow is an adorable and functional accessory for infants aged 0 to 6 months. Shaped like a charming bunny with cute ears and a sweet face, it immediately catches the eye. Its specialized design is crafted to gently support a baby's head, helping to maintain a healthy head shape during the&hellip;","jetpack_sharing_enabled":true,"_links":{"self":[{"href":"https:\/\/babypillowwholesale.com\/lv\/wp-json\/wp\/v2\/product\/3256","targetHints":{"allow":["GET"]}}],"collection":[{"href":"https:\/\/babypillowwholesale.com\/lv\/wp-json\/wp\/v2\/product"}],"about":[{"href":"https:\/\/babypillowwholesale.com\/lv\/wp-json\/wp\/v2\/types\/product"}],"replies":[{"embeddable":true,"href":"https:\/\/babypillowwholesale.com\/lv\/wp-json\/wp\/v2\/comments?post=3256"}],"wp:featuredmedia":[{"embeddable":true,"href":"https:\/\/babypillowwholesale.com\/lv\/wp-json\/wp\/v2\/media\/3277"}],"wp:attachment":[{"href":"https:\/\/babypillowwholesale.com\/lv\/wp-json\/wp\/v2\/media?parent=3256"}],"wp:term":[{"taxonomy":"product_brand","embeddable":true,"href":"https:\/\/babypillowwholesale.com\/lv\/wp-json\/wp\/v2\/product_brand?post=3256"},{"taxonomy":"product_cat","embeddable":true,"href":"https:\/\/babypillowwholesale.com\/lv\/wp-json\/wp\/v2\/product_cat?post=3256"},{"taxonomy":"product_tag","embeddable":true,"href":"https:\/\/babypillowwholesale.com\/lv\/wp-json\/wp\/v2\/product_tag?post=3256"}],"curies":[{"name":"wp","href":"https:\/\/api.w.org\/{rel}","templated":true}]}}