{"id":3152,"date":"2025-02-24T03:46:58","date_gmt":"2025-02-24T03:46:58","guid":{"rendered":"https:\/\/babypillowwholesale.com\/?post_type=product&#038;p=3152"},"modified":"2025-06-08T16:21:25","modified_gmt":"2025-06-08T16:21:25","slug":"koala-shaping-pillow","status":"publish","type":"product","link":"https:\/\/babypillowwholesale.com\/lv\/product\/koala-shaping-pillow\/","title":{"rendered":"Koala veidojo\u0161ais spilvens"},"content":{"rendered":"<p>Atkl\u0101jiet Koala form\u0113jo\u0161o spilvenu - komforta un funkcionalit\u0101tes \u0161edevru, kas r\u016bp\u012bgi izstr\u0101d\u0101ts vismaz\u0101kajiem gu\u013co\u0161ajiem b\u0113rniem vecum\u0101 no 0 l\u012bdz 6 m\u0113ne\u0161iem. T\u0101 burv\u012bgais, dz\u012bvnieka iedvesmotais siluets ir ne tikai vizu\u0101ls baud\u012bjums, bet ar\u012b v\u0101rti uz saldiem sap\u0146iem j\u016bsu mazajam prieka k\u016bni\u0146ai. \u0160\u012b spilvena ergonomisk\u0101 forma ir maigs apsk\u0101viens j\u016bsu mazu\u013ca maigajai galvi\u0146ai, r\u016bp\u012bgi un prec\u012bzi vadot to, lai, b\u0113rnam augot, veidotos ide\u0101la forma. \u0112rts izm\u0113rs 26*23*3 cm, un tas ir univers\u0101ls pal\u012bgs, kas nevainojami iederas da\u017e\u0101dos apst\u0101k\u013cos. Iedom\u0101jieties, ka tas ir ievietots m\u012bkst\u0101 b\u0113rna gulti\u0146as m\u012bkstum\u0101, radot m\u0101j\u012bgu patv\u0113rumu gariem, mier\u012bgiem miega br\u012b\u017eiem dienas laik\u0101. Kad esat ce\u013c\u0101 - vai t\u0101 b\u016btu nesteidz\u012bga pastaiga ar rati\u0146iem, vai \u0123imenes piedz\u012bvojums automa\u0161\u012bn\u0101 - Koala veidojo\u0161ais spilvens nodro\u0161ina nemain\u012bgu atbalstu un komfortu, padarot katru braucienu mier\u012bgu. Tas ir pieejams burv\u012bg\u0101s roz\u0101 un zil\u0101 kr\u0101s\u0101, \u013caujot jums izv\u0113l\u0113ties to toni, kas vislab\u0101k atbilst j\u016bsu mazu\u013ca b\u0113rnistabas interjeram vai person\u012bgajai gaumei. Koala veidojo\u0161ais spilvens ir vair\u0101k nek\u0101 tikai spilvens, tas ir praktiskuma un \u0161arma apvienojums, oblig\u0101ts papildin\u0101jums j\u016bsu mazu\u013ca pasaul\u0113, kas apvieno miega m\u0101kslu ar form\u0113\u0161anas zin\u0101tni.<\/p>","protected":false},"excerpt":{"rendered":"<p>Koala veidojo\u0161ais spilvens ir piel\u0101gots z\u012bdai\u0146iem vecum\u0101 no 0 l\u012bdz 6 m\u0113ne\u0161iem. T\u0101 burv\u012bgais dizains atg\u0101dina burv\u012bgu dz\u012bvnieku, kas noteikti patiks gan z\u012bdai\u0146iem, gan vec\u0101kiem. Spilvena ergonomisk\u0101 forma ir veidota t\u0101, lai maigi vad\u012btu un atbalst\u012btu mazu\u013ca galvu, veicinot pareizu galvas formu att\u012bst\u012bbu. \u0112rt\u0101 izm\u0113r\u0101 - 26<em data-immersive-translate-walked=\"000db34a-f9f0-4794-a784-0d6465363590\">23<\/em>0\/3CM, to ir viegli novietot da\u017e\u0101d\u0101s ar b\u0113rnu vajadz\u012bb\u0101m saist\u012bt\u0101s viet\u0101s, piem\u0113ram, gulti\u0146\u0101s vai rati\u0146os. Tas ir pieejams div\u0101s skaist\u0101s kr\u0101s\u0101s - roz\u0101 un zil\u0101 - un pied\u0101v\u0101 iesp\u0113jas, kas atbilst da\u017e\u0101d\u0101m stila v\u0113lm\u0113m, apvienojot funkcionalit\u0101ti ar mazu\u013ca simp\u0101tijas piesk\u0101rienu.<\/p>","protected":false},"featured_media":3276,"comment_status":"open","ping_status":"closed","template":"","meta":{"_uag_custom_page_level_css":"","site-sidebar-layout":"default","site-content-layout":"","ast-site-content-layout":"default","site-content-style":"default","site-sidebar-style":"default","ast-global-header-display":"","ast-banner-title-visibility":"","ast-main-header-display":"","ast-hfb-above-header-display":"","ast-hfb-below-header-display":"","ast-hfb-mobile-header-display":"","site-post-title":"","ast-breadcrumbs-content":"","ast-featured-img":"","footer-sml-layout":"","ast-disable-related-posts":"","theme-transparent-header-meta":"default","adv-header-id-meta":"","stick-header-meta":"","header-above-stick-meta":"","header-main-stick-meta":"","header-below-stick-meta":"","astra-migrate-meta-layouts":"set","ast-page-background-enabled":"default","ast-page-background-meta":{"desktop":{"background-color":"","background-image":"","background-repeat":"repeat","background-position":"center center","background-size":"auto","background-attachment":"scroll","background-type":"","background-media":"","overlay-type":"","overlay-color":"","overlay-opacity":"","overlay-gradient":""},"tablet":{"background-color":"","background-image":"","background-repeat":"repeat","background-position":"center center","background-size":"auto","background-attachment":"scroll","background-type":"","background-media":"","overlay-type":"","overlay-color":"","overlay-opacity":"","overlay-gradient":""},"mobile":{"background-color":"","background-image":"","background-repeat":"repeat","background-position":"center center","background-size":"auto","background-attachment":"scroll","background-type":"","background-media":"","overlay-type":"","overlay-color":"","overlay-opacity":"","overlay-gradient":""}},"ast-content-background-meta":{"desktop":{"background-color":"var(--ast-global-color-5)","background-image":"","background-repeat":"repeat","background-position":"center center","background-size":"auto","background-attachment":"scroll","background-type":"","background-media":"","overlay-type":"","overlay-color":"","overlay-opacity":"","overlay-gradient":""},"tablet":{"background-color":"var(--ast-global-color-5)","background-image":"","background-repeat":"repeat","background-position":"center center","background-size":"auto","background-attachment":"scroll","background-type":"","background-media":"","overlay-type":"","overlay-color":"","overlay-opacity":"","overlay-gradient":""},"mobile":{"background-color":"var(--ast-global-color-5)","background-image":"","background-repeat":"repeat","background-position":"center center","background-size":"auto","background-attachment":"scroll","background-type":"","background-media":"","overlay-type":"","overlay-color":"","overlay-opacity":"","overlay-gradient":""}}},"product_brand":[],"product_cat":[54,42],"product_tag":[70,68,71,69],"class_list":{"0":"post-3152","1":"product","2":"type-product","3":"status-publish","4":"has-post-thumbnail","6":"product_cat-0-to-6months","7":"product_cat-merchandise","8":"product_tag-babypillow","9":"product_tag-cuteanimalpillow","10":"product_tag-headshapesupport","11":"product_tag-kouniushapingpillow","12":"desktop-align-left","13":"tablet-align-left","14":"mobile-align-left","16":"first","17":"instock","18":"featured","19":"shipping-taxable","20":"product-type-simple"},"aioseo_notices":[],"uagb_featured_image_src":{"full":["https:\/\/babypillowwholesale.com\/wp-content\/uploads\/2025\/02\/1122.jpg",1000,1000,false],"thumbnail":["https:\/\/babypillowwholesale.com\/wp-content\/uploads\/2025\/02\/1122-150x150.jpg",150,150,true],"medium":["https:\/\/babypillowwholesale.com\/wp-content\/uploads\/2025\/02\/1122-300x300.jpg",300,300,true],"medium_large":["https:\/\/babypillowwholesale.com\/wp-content\/uploads\/2025\/02\/1122-768x768.jpg",768,768,true],"large":["https:\/\/babypillowwholesale.com\/wp-content\/uploads\/2025\/02\/1122.jpg",1000,1000,false],"1536x1536":["https:\/\/babypillowwholesale.com\/wp-content\/uploads\/2025\/02\/1122.jpg",1000,1000,false],"2048x2048":["https:\/\/babypillowwholesale.com\/wp-content\/uploads\/2025\/02\/1122.jpg",1000,1000,false],"trp-custom-language-flag":["https:\/\/babypillowwholesale.com\/wp-content\/uploads\/2025\/02\/1122.jpg",12,12,false],"woocommerce_thumbnail":["https:\/\/babypillowwholesale.com\/wp-content\/uploads\/2025\/02\/1122-300x300.jpg",300,300,true],"woocommerce_single":["https:\/\/babypillowwholesale.com\/wp-content\/uploads\/2025\/02\/1122-600x600.jpg",600,600,true],"woocommerce_gallery_thumbnail":["https:\/\/babypillowwholesale.com\/wp-content\/uploads\/2025\/02\/1122-100x100.jpg",100,100,true]},"uagb_author_info":{"display_name":"Etnen zhong","author_link":"https:\/\/babypillowwholesale.com\/lv\/author\/"},"uagb_comment_info":0,"uagb_excerpt":"The Koala Shaping Pillow is tailored for infants aged 0 to 6 months. Its charming design resembles an adorable animal, which is sure to appeal to both babies and parents. The pillow's ergonomic shape is crafted to gently guide and support a baby's head, promoting proper head shape development. With a convenient size of 26230\/3CM,&hellip;","jetpack_sharing_enabled":true,"_links":{"self":[{"href":"https:\/\/babypillowwholesale.com\/lv\/wp-json\/wp\/v2\/product\/3152","targetHints":{"allow":["GET"]}}],"collection":[{"href":"https:\/\/babypillowwholesale.com\/lv\/wp-json\/wp\/v2\/product"}],"about":[{"href":"https:\/\/babypillowwholesale.com\/lv\/wp-json\/wp\/v2\/types\/product"}],"replies":[{"embeddable":true,"href":"https:\/\/babypillowwholesale.com\/lv\/wp-json\/wp\/v2\/comments?post=3152"}],"wp:featuredmedia":[{"embeddable":true,"href":"https:\/\/babypillowwholesale.com\/lv\/wp-json\/wp\/v2\/media\/3276"}],"wp:attachment":[{"href":"https:\/\/babypillowwholesale.com\/lv\/wp-json\/wp\/v2\/media?parent=3152"}],"wp:term":[{"taxonomy":"product_brand","embeddable":true,"href":"https:\/\/babypillowwholesale.com\/lv\/wp-json\/wp\/v2\/product_brand?post=3152"},{"taxonomy":"product_cat","embeddable":true,"href":"https:\/\/babypillowwholesale.com\/lv\/wp-json\/wp\/v2\/product_cat?post=3152"},{"taxonomy":"product_tag","embeddable":true,"href":"https:\/\/babypillowwholesale.com\/lv\/wp-json\/wp\/v2\/product_tag?post=3152"}],"curies":[{"name":"wp","href":"https:\/\/api.w.org\/{rel}","templated":true}]}}