{"id":1199,"date":"2025-02-17T16:07:49","date_gmt":"2025-02-17T16:07:49","guid":{"rendered":"http:\/\/babypillowwholesale.com\/product\/boho-bangle-bracelet-2\/"},"modified":"2025-06-08T16:23:33","modified_gmt":"2025-06-08T16:23:33","slug":"boho-bangle-bracelet-2","status":"publish","type":"product","link":"https:\/\/babypillowwholesale.com\/lv\/product\/boho-bangle-bracelet-2\/","title":{"rendered":"Mickey Bear veidojo\u0161ais spilvens"},"content":{"rendered":"<p>Iepaz\u012bstin\u0101m ar burv\u012bgo Miki l\u0101c\u012b\u0161a veido\u0161anas spilvenu, kas ir ide\u0101ls kompanjons, izsmalcin\u0101ti izstr\u0101d\u0101ts d\u0101rgajiem z\u012bdai\u0146iem vecum\u0101 no 0 l\u012bdz 6 m\u0113ne\u0161iem. T\u0101 neatvair\u0101mi simp\u0101tiskais l\u0101c\u012b\u0161a izskats ne tikai priec\u0113 vizu\u0101li, bet ar\u012b kalpo b\u016btiskam m\u0113r\u0137im - maigi veidot mazu\u013ca maigo galvi\u0146u. T\u0101 izm\u0113ri ir 26*23*0\/3 cm, un tas cie\u0161i piegu\u013c mazu\u013ca \u0137erme\u0146a l\u012bkn\u0113m, nodro\u0161inot maksim\u0101lu komfortu. Tas ir pieejams burv\u012bg\u0101 roz\u0101 un nomierino\u0161\u0101 zil\u0101 kr\u0101s\u0101, t\u0101d\u0113j\u0101di apmierinot da\u017e\u0101das est\u0113tisk\u0101s v\u0113lmes. \u0160is veidojo\u0161ais spilvens ir daudzpus\u012bgi lietojams. Dienas miega laik\u0101 b\u0113rnistab\u0101 t\u0101 m\u012bkst\u0101 tekst\u016bra un atbalsto\u0161ais dizains pal\u012bdz mazulim atp\u016bsties un mier\u012bgi gul\u0113t. Dodoties \u0123imenes ce\u013cojum\u0101, to var ievietot b\u0113rna autokr\u0113sli\u0146\u0101, nodro\u0161inot mazulim paz\u012bstamu un m\u0101j\u012bgu atp\u016btas vietu. Pat \u012bs\u0101 vieso\u0161an\u0101s reiz\u0113 pie vecvec\u0101kiem, vienk\u0101r\u0161i pa\u0146emiet l\u012bdzi \u0161o kompakto spilvenu, lai b\u0113rnam rad\u012btu mierino\u0161u miega vidi. Mikija l\u0101c\u012b\u0161a veidojo\u0161ais spilvens ir vair\u0101k nek\u0101 tikai miega piederums, tas ir funkcionalit\u0101tes, \u0161arma un \u0113rt\u012bbas apvienojums, oblig\u0101ts j\u016bsu mazu\u013ca apr\u016bpes piederumu papildin\u0101jums, kas apvieno praktiskumu ar burv\u012bbu.<\/p>","protected":false},"excerpt":{"rendered":"<p>\u0160is Miki l\u0101c\u012b\u0161a veido\u0161anas spilvens ir \u012bpa\u0161i izstr\u0101d\u0101ts z\u012bdai\u0146iem vecum\u0101 no 0 l\u012bdz 6 m\u0113ne\u0161iem. Tas ir \u013coti pievilc\u012bgs ar savu m\u012bl\u012bgo l\u0101\u010da formu. Unik\u0101lais dizains pal\u012bdz veidot mazu\u013ca galvu. Atbilsto\u0161a izm\u0113ra 26\/<em>3<\/em>0\/3CM atbilst mazu\u013ca \u0137erme\u0146a izliekumam. Pieejams div\u0101s kr\u0101s\u0101s - roz\u0101 un zil\u0101, tas var atbilst da\u017e\u0101d\u0101m v\u0113lm\u0113m. Tas ir praktisks un jauks izstr\u0101d\u0101jums mazu\u013ca apr\u016bpei.<\/p>","protected":false},"featured_media":3275,"comment_status":"open","ping_status":"closed","template":"","meta":{"_uag_custom_page_level_css":"","site-sidebar-layout":"default","site-content-layout":"","ast-site-content-layout":"default","site-content-style":"default","site-sidebar-style":"default","ast-global-header-display":"","ast-banner-title-visibility":"","ast-main-header-display":"","ast-hfb-above-header-display":"","ast-hfb-below-header-display":"","ast-hfb-mobile-header-display":"","site-post-title":"","ast-breadcrumbs-content":"","ast-featured-img":"","footer-sml-layout":"","ast-disable-related-posts":"","theme-transparent-header-meta":"default","adv-header-id-meta":"","stick-header-meta":"","header-above-stick-meta":"","header-main-stick-meta":"","header-below-stick-meta":"","astra-migrate-meta-layouts":"set","ast-page-background-enabled":"default","ast-page-background-meta":{"desktop":{"background-color":"","background-image":"","background-repeat":"repeat","background-position":"center center","background-size":"auto","background-attachment":"scroll","background-type":"","background-media":"","overlay-type":"","overlay-color":"","overlay-opacity":"","overlay-gradient":""},"tablet":{"background-color":"","background-image":"","background-repeat":"repeat","background-position":"center center","background-size":"auto","background-attachment":"scroll","background-type":"","background-media":"","overlay-type":"","overlay-color":"","overlay-opacity":"","overlay-gradient":""},"mobile":{"background-color":"","background-image":"","background-repeat":"repeat","background-position":"center center","background-size":"auto","background-attachment":"scroll","background-type":"","background-media":"","overlay-type":"","overlay-color":"","overlay-opacity":"","overlay-gradient":""}},"ast-content-background-meta":{"desktop":{"background-color":"var(--ast-global-color-5)","background-image":"","background-repeat":"repeat","background-position":"center center","background-size":"auto","background-attachment":"scroll","background-type":"","background-media":"","overlay-type":"","overlay-color":"","overlay-opacity":"","overlay-gradient":""},"tablet":{"background-color":"var(--ast-global-color-5)","background-image":"","background-repeat":"repeat","background-position":"center center","background-size":"auto","background-attachment":"scroll","background-type":"","background-media":"","overlay-type":"","overlay-color":"","overlay-opacity":"","overlay-gradient":""},"mobile":{"background-color":"var(--ast-global-color-5)","background-image":"","background-repeat":"repeat","background-position":"center center","background-size":"auto","background-attachment":"scroll","background-type":"","background-media":"","overlay-type":"","overlay-color":"","overlay-opacity":"","overlay-gradient":""}}},"product_brand":[],"product_cat":[54,42],"product_tag":[70,68,71,69],"class_list":{"0":"post-1199","1":"product","2":"type-product","3":"status-publish","4":"has-post-thumbnail","6":"product_cat-0-to-6months","7":"product_cat-merchandise","8":"product_tag-babypillow","9":"product_tag-cuteanimalpillow","10":"product_tag-headshapesupport","11":"product_tag-kouniushapingpillow","12":"desktop-align-left","13":"tablet-align-left","14":"mobile-align-left","16":"first","17":"instock","18":"shipping-taxable","19":"product-type-simple"},"aioseo_notices":[],"uagb_featured_image_src":{"full":["https:\/\/babypillowwholesale.com\/wp-content\/uploads\/2025\/02\/1119.jpg",1000,1000,false],"thumbnail":["https:\/\/babypillowwholesale.com\/wp-content\/uploads\/2025\/02\/1119-150x150.jpg",150,150,true],"medium":["https:\/\/babypillowwholesale.com\/wp-content\/uploads\/2025\/02\/1119-300x300.jpg",300,300,true],"medium_large":["https:\/\/babypillowwholesale.com\/wp-content\/uploads\/2025\/02\/1119-768x768.jpg",768,768,true],"large":["https:\/\/babypillowwholesale.com\/wp-content\/uploads\/2025\/02\/1119.jpg",1000,1000,false],"1536x1536":["https:\/\/babypillowwholesale.com\/wp-content\/uploads\/2025\/02\/1119.jpg",1000,1000,false],"2048x2048":["https:\/\/babypillowwholesale.com\/wp-content\/uploads\/2025\/02\/1119.jpg",1000,1000,false],"trp-custom-language-flag":["https:\/\/babypillowwholesale.com\/wp-content\/uploads\/2025\/02\/1119.jpg",12,12,false],"woocommerce_thumbnail":["https:\/\/babypillowwholesale.com\/wp-content\/uploads\/2025\/02\/1119-300x300.jpg",300,300,true],"woocommerce_single":["https:\/\/babypillowwholesale.com\/wp-content\/uploads\/2025\/02\/1119-600x600.jpg",600,600,true],"woocommerce_gallery_thumbnail":["https:\/\/babypillowwholesale.com\/wp-content\/uploads\/2025\/02\/1119-100x100.jpg",100,100,true]},"uagb_author_info":{"display_name":"Etnen zhong","author_link":"https:\/\/babypillowwholesale.com\/lv\/author\/"},"uagb_comment_info":0,"uagb_excerpt":"This Mickey Bear Shaping Pillow is specially designed for babies aged 0 to 6 months. With its cute bear - shaped appearance, it's very attractive. The unique design helps to shape the baby's head. The appropriate size of 26\/30\/3CM fits the baby's body curve. Available in two colors, pink and blue, it can meet different&hellip;","jetpack_sharing_enabled":true,"_links":{"self":[{"href":"https:\/\/babypillowwholesale.com\/lv\/wp-json\/wp\/v2\/product\/1199","targetHints":{"allow":["GET"]}}],"collection":[{"href":"https:\/\/babypillowwholesale.com\/lv\/wp-json\/wp\/v2\/product"}],"about":[{"href":"https:\/\/babypillowwholesale.com\/lv\/wp-json\/wp\/v2\/types\/product"}],"replies":[{"embeddable":true,"href":"https:\/\/babypillowwholesale.com\/lv\/wp-json\/wp\/v2\/comments?post=1199"}],"wp:featuredmedia":[{"embeddable":true,"href":"https:\/\/babypillowwholesale.com\/lv\/wp-json\/wp\/v2\/media\/3275"}],"wp:attachment":[{"href":"https:\/\/babypillowwholesale.com\/lv\/wp-json\/wp\/v2\/media?parent=1199"}],"wp:term":[{"taxonomy":"product_brand","embeddable":true,"href":"https:\/\/babypillowwholesale.com\/lv\/wp-json\/wp\/v2\/product_brand?post=1199"},{"taxonomy":"product_cat","embeddable":true,"href":"https:\/\/babypillowwholesale.com\/lv\/wp-json\/wp\/v2\/product_cat?post=1199"},{"taxonomy":"product_tag","embeddable":true,"href":"https:\/\/babypillowwholesale.com\/lv\/wp-json\/wp\/v2\/product_tag?post=1199"}],"curies":[{"name":"wp","href":"https:\/\/api.w.org\/{rel}","templated":true}]}}