{"id":3497,"date":"2025-04-19T12:47:24","date_gmt":"2025-04-19T12:47:24","guid":{"rendered":"https:\/\/babypillowwholesale.com\/?post_type=product&#038;p=3497"},"modified":"2025-06-05T13:57:14","modified_gmt":"2025-06-05T13:57:14","slug":"memory-foam-pillow-heart-shaped-pillow-core","status":"publish","type":"product","link":"https:\/\/babypillowwholesale.com\/lt\/product\/memory-foam-pillow-heart-shaped-pillow-core\/","title":{"rendered":"Atminties put\u0173 pagalv\u0117 - \u0161irdies formos pagalv\u0117s \u0161erdis"},"content":{"rendered":"<div class=\"auto-hide-last-sibling-br paragraph-qzbcQC paragraph-element br-paragraph-space\">\n<div class=\"auto-hide-last-sibling-br paragraph-qzbcQC paragraph-element br-paragraph-space\">\n<div class=\"auto-hide-last-sibling-br paragraph-qzbcQC paragraph-element br-paragraph-space\">\n<div class=\"auto-hide-last-sibling-br paragraph-qzbcQC paragraph-element br-paragraph-space\">\n<div class=\"inter-wlTS5w\" data-immersive-translate-walked=\"d12d8f94-b8ff-4d99-b7de-4fecb356978f\">\n<div class=\"container-QE4ayg\">\n<div class=\"item-jU10IN\">\n<div class=\"container-jODEnh chrome70-container\">\n<div class=\"inner-eE95c9 inner-item-aL3Ui_\" data-target-id=\"message-box-target-id\" data-testid=\"union_message\">\n<div class=\"message-block-container-liuetz\" data-testid=\"message-block-container\">\n<div class=\"message-box-ZWbBdF\" data-testid=\"receive_message\" data-message-id=\"3380063449561346\">\n<div class=\"message-box-content-wrapper-srHdUj\">\n<div class=\"message-content message-box-content-otxGGw receive-message-box-content-_lREFj samantha-message-box-content-Qjmpja\" data-testid=\"message_content\">\n<div class=\"container-hfX5E8 flow-markdown-body theme-samantha-yJEgBp\" dir=\"ltr\" data-testid=\"message_text_content\" data-show-indicator=\"false\">\n<div class=\"auto-hide-last-sibling-br paragraph-qzbcQC paragraph-element br-paragraph-space\">\n<div class=\"auto-hide-last-sibling-br paragraph-qzbcQC paragraph-element br-paragraph-space\">\u0160i atminties put\u0173 pagalv\u0117 su \u0161irdel\u0117s formos \u0161erdimi, sukurta i\u0161skirtinai 0-6 m\u0117nesi\u0173 k\u016bdikiams, yra asmenin\u0117s prabangos \u012frodymas. Did\u017eiuojam\u0117s gal\u0117dami paversti \u0161\u012f \u017eav\u0173 \u0161irdies formos pagrind\u0105 individualiu meno k\u016briniu, pritaikytu i\u0161rankiausiam skoniui.<\/div>\n<p>&nbsp;<\/p>\n<div class=\"auto-hide-last-sibling-br paragraph-qzbcQC paragraph-element br-paragraph-space\">Tiems, kurie svajoja apie \u012fmantrias svajones, \u012fsivaizduokite mirgan\u010di\u0173 \u017evaig\u017ed\u017ei\u0173 \u017evaig\u017edyn\u0105 ir besi\u0161ypsant\u012f pusm\u0117nul\u012f, subtiliai atspausdint\u0105 ant \u0161irdies. Atrodo, kad kiekviena \u017evaig\u017ed\u0117 talpina savyje svajoni\u0173 visat\u0105 ir sukuria dangi\u0161k\u0105 prieglobst\u012f, kuris ramina ir \u017eavi. Jei pirmenyb\u0119 teikiate gamtos gro\u017eiui, \u012fsivaizduokite ve\u0161lius, \u017ealius lapus, susipynusius su \u0161velniomis \u017eydin\u010diomis g\u0117l\u0117mis. \u0160velni\u0173, raminan\u010di\u0173 atspalvi\u0173 \u017eiedlapiai \u012f pagalv\u0119 atne\u0161a pavasario sodo gaiv\u0105 ir suteikia ramyb\u0117s bei gaivumo.<\/div>\n<p>&nbsp;<\/p>\n<div class=\"auto-hide-last-sibling-br paragraph-qzbcQC paragraph-element br-paragraph-space\">\u0160iuolaiki\u0161kai m\u0105stantiems \u017emon\u0117ms galima skland\u017eiai integruoti \u0161varias, minimalistines linijas ir geometrinius ra\u0161tus. A\u0161tr\u016bs kampai ir glotnios kreiv\u0117s susikerta \u0161iuolaikinio dizaino \u0161okyje, sukurdamos stiling\u0105 ir \u0161ird\u017eiai miel\u0105 \u012fvaizd\u012f. \u0160ie ra\u0161tai - ne tik dekoracijos, bet ir parei\u0161kimai, atspindintys unikali\u0105 k\u016bdikio kambario asmenyb\u0119 ir skon\u012f.<\/div>\n<p>&nbsp;<\/p>\n<div class=\"auto-hide-last-sibling-br paragraph-qzbcQC paragraph-element br-paragraph-space\">Kiekvienas pagal u\u017esakym\u0105 sukurtas ra\u0161tas kuriamas itin kruop\u0161\u010diai ir atid\u017eiai, naudojant tik saugiausius, netoksi\u0161kus da\u017eus. Taip u\u017etikrinama, kad kiekviena pagalv\u0117s \u0161erdis b\u016bt\u0173 ne tik vizualus \u0161edevras, bet ir saugus bei patogus prieglobstis j\u016bs\u0173 ma\u017eyliui.<\/div>\n<p>&nbsp;<\/p>\n<div class=\"auto-hide-last-sibling-br paragraph-qzbcQC paragraph-element br-paragraph-space\">Si\u016blome tok\u012f plat\u0173 pritaikymo spektr\u0105, tod\u0117l galime patenkinti visus estetinius pageidavimus. Nesvarbu, ar tai b\u016bt\u0173 \u012fnoringa stebukl\u0173 \u0161alis, gamtos prieglobstis, ar moderni minimalistin\u0117 oaz\u0117, \u0161i\u0105 \u0161irdies formos pagalv\u0117s \u0161erd\u012f galima transformuoti taip, kad ji atitikt\u0173 ir pranokt\u0173 l\u016bkes\u010dius. Rinkoje, prisotintoje bendrini\u0173 gamini\u0173, m\u016bs\u0173 individualiai pritaikytas dizainas u\u017etikrina, kad j\u016bs\u0173 pasi\u016blymas i\u0161siskirt\u0173, patraukt\u0173 d\u0117mes\u012f ir u\u017ekariaut\u0173 \u0161irdis. Toks personalizavimo lygis ne tik padidina pardavimus, bet ir sukuria gilesn\u012f ry\u0161\u012f su j\u016bs\u0173 klientais, si\u016blydamas jiems gamin\u012f, kuris yra toks pat unikalus kaip ir j\u0173 ma\u017eylis.<\/div>\n<p>&nbsp;<\/p>\n<div class=\"auto-hide-last-sibling-br paragraph-qzbcQC paragraph-element br-paragraph-space\">Pagerinkite savo produkt\u0173 linij\u0105 naudodami m\u016bs\u0173 \"Memory Foam Pillow - Heart - shaped Pillow Core\", kur pritaikymas atitinka prabang\u0105, o kiekviena pagalv\u0117 pasakoja unikali\u0105 istorij\u0105.<\/div>\n<\/div>\n<\/div>\n<\/div>\n<\/div>\n<\/div>\n<\/div>\n<\/div>\n<\/div>\n<\/div>\n<\/div>\n<\/div>\n<\/div>\n<\/div>\n<\/div>\n<\/div>","protected":false},"excerpt":{"rendered":"<div class=\"auto-hide-last-sibling-br paragraph-qzbcQC paragraph-element br-paragraph-space\">\u0160i atminties put\u0173 pagalv\u0117 - \u0161irdies formos pagalv\u0117s \u0161erdis, skirta 0-6 m\u0117nesi\u0173 k\u016bdikiams, suteikia didel\u012f pritaikymo prana\u0161um\u0105. Galime sukurti i\u0161skirtinius, specialiai jums pritaikytus ra\u0161tus, atitinkan\u010dius j\u016bs\u0173 konkre\u010dius poreikius. Pavyzd\u017eiui, jei j\u016bs\u0173 klientai dievina miel\u0105 stili\u0173, galime atspausdinti \u017eavius animacini\u0173 film\u0173 persona\u017eus arba dailius g\u0117li\u0173 motyvus. Pageidaujate eleganti\u0161ko stiliaus? Galima naudoti paprastus, bet stilingus geometrinius ra\u0161tus arba \u0161velnius pastelinius gradientus. \u0160ie pritaikyti dizainai ne tik padidina gaminio vizualin\u012f patrauklum\u0105, bet ir padaro j\u012f i\u0161skirtin\u012f rinkoje, pritraukia daugiau pirk\u0117j\u0173 ir padidina pardavimus. Prisitaikydami prie \u012fvairi\u0173 dizaino pageidavim\u0173, galite pasi\u016blyti gamin\u012f, kuris puikiai atitikt\u0173 skirting\u0173 vartotoj\u0173 estetik\u0105 ir u\u017etikrint\u0173 konkurencin\u012f prana\u0161um\u0105.<\/div>","protected":false},"featured_media":3498,"comment_status":"open","ping_status":"closed","template":"","meta":{"_uag_custom_page_level_css":"","site-sidebar-layout":"default","site-content-layout":"","ast-site-content-layout":"default","site-content-style":"default","site-sidebar-style":"default","ast-global-header-display":"","ast-banner-title-visibility":"","ast-main-header-display":"","ast-hfb-above-header-display":"","ast-hfb-below-header-display":"","ast-hfb-mobile-header-display":"","site-post-title":"","ast-breadcrumbs-content":"","ast-featured-img":"","footer-sml-layout":"","ast-disable-related-posts":"","theme-transparent-header-meta":"default","adv-header-id-meta":"","stick-header-meta":"","header-above-stick-meta":"","header-main-stick-meta":"","header-below-stick-meta":"","astra-migrate-meta-layouts":"set","ast-page-background-enabled":"default","ast-page-background-meta":{"desktop":{"background-color":"","background-image":"","background-repeat":"repeat","background-position":"center center","background-size":"auto","background-attachment":"scroll","background-type":"","background-media":"","overlay-type":"","overlay-color":"","overlay-opacity":"","overlay-gradient":""},"tablet":{"background-color":"","background-image":"","background-repeat":"repeat","background-position":"center center","background-size":"auto","background-attachment":"scroll","background-type":"","background-media":"","overlay-type":"","overlay-color":"","overlay-opacity":"","overlay-gradient":""},"mobile":{"background-color":"","background-image":"","background-repeat":"repeat","background-position":"center center","background-size":"auto","background-attachment":"scroll","background-type":"","background-media":"","overlay-type":"","overlay-color":"","overlay-opacity":"","overlay-gradient":""}},"ast-content-background-meta":{"desktop":{"background-color":"var(--ast-global-color-5)","background-image":"","background-repeat":"repeat","background-position":"center center","background-size":"auto","background-attachment":"scroll","background-type":"","background-media":"","overlay-type":"","overlay-color":"","overlay-opacity":"","overlay-gradient":""},"tablet":{"background-color":"var(--ast-global-color-5)","background-image":"","background-repeat":"repeat","background-position":"center center","background-size":"auto","background-attachment":"scroll","background-type":"","background-media":"","overlay-type":"","overlay-color":"","overlay-opacity":"","overlay-gradient":""},"mobile":{"background-color":"var(--ast-global-color-5)","background-image":"","background-repeat":"repeat","background-position":"center center","background-size":"auto","background-attachment":"scroll","background-type":"","background-media":"","overlay-type":"","overlay-color":"","overlay-opacity":"","overlay-gradient":""}}},"product_brand":[],"product_cat":[65,32],"product_tag":[70,68,71,69],"class_list":{"0":"post-3497","1":"product","2":"type-product","3":"status-publish","4":"has-post-thumbnail","6":"product_cat-0-to-6months-oem","7":"product_cat-customize","8":"product_tag-babypillow","9":"product_tag-cuteanimalpillow","10":"product_tag-headshapesupport","11":"product_tag-kouniushapingpillow","12":"desktop-align-left","13":"tablet-align-left","14":"mobile-align-left","16":"first","17":"instock","18":"shipping-taxable","19":"product-type-simple"},"aioseo_notices":[],"uagb_featured_image_src":{"full":["https:\/\/babypillowwholesale.com\/wp-content\/uploads\/2025\/04\/0020.jpg",1000,1000,false],"thumbnail":["https:\/\/babypillowwholesale.com\/wp-content\/uploads\/2025\/04\/0020-150x150.jpg",150,150,true],"medium":["https:\/\/babypillowwholesale.com\/wp-content\/uploads\/2025\/04\/0020-300x300.jpg",300,300,true],"medium_large":["https:\/\/babypillowwholesale.com\/wp-content\/uploads\/2025\/04\/0020-768x768.jpg",768,768,true],"large":["https:\/\/babypillowwholesale.com\/wp-content\/uploads\/2025\/04\/0020.jpg",1000,1000,false],"1536x1536":["https:\/\/babypillowwholesale.com\/wp-content\/uploads\/2025\/04\/0020.jpg",1000,1000,false],"2048x2048":["https:\/\/babypillowwholesale.com\/wp-content\/uploads\/2025\/04\/0020.jpg",1000,1000,false],"trp-custom-language-flag":["https:\/\/babypillowwholesale.com\/wp-content\/uploads\/2025\/04\/0020.jpg",12,12,false],"woocommerce_thumbnail":["https:\/\/babypillowwholesale.com\/wp-content\/uploads\/2025\/04\/0020-300x300.jpg",300,300,true],"woocommerce_single":["https:\/\/babypillowwholesale.com\/wp-content\/uploads\/2025\/04\/0020-600x600.jpg",600,600,true],"woocommerce_gallery_thumbnail":["https:\/\/babypillowwholesale.com\/wp-content\/uploads\/2025\/04\/0020-100x100.jpg",100,100,true]},"uagb_author_info":{"display_name":"Etnen zhong","author_link":"https:\/\/babypillowwholesale.com\/lt\/author\/"},"uagb_comment_info":0,"uagb_excerpt":"This Memory Foam Pillow - Heart - shaped Pillow Core, designed for babies aged 0 - 6 months, offers a powerful customization advantage. We can craft exquisite, tailored patterns to meet your specific needs. For example, if your customers adore cute styles, we can print charming cartoon characters or dainty floral motifs. Prefer an elegant&hellip;","jetpack_sharing_enabled":true,"_links":{"self":[{"href":"https:\/\/babypillowwholesale.com\/lt\/wp-json\/wp\/v2\/product\/3497","targetHints":{"allow":["GET"]}}],"collection":[{"href":"https:\/\/babypillowwholesale.com\/lt\/wp-json\/wp\/v2\/product"}],"about":[{"href":"https:\/\/babypillowwholesale.com\/lt\/wp-json\/wp\/v2\/types\/product"}],"replies":[{"embeddable":true,"href":"https:\/\/babypillowwholesale.com\/lt\/wp-json\/wp\/v2\/comments?post=3497"}],"wp:featuredmedia":[{"embeddable":true,"href":"https:\/\/babypillowwholesale.com\/lt\/wp-json\/wp\/v2\/media\/3498"}],"wp:attachment":[{"href":"https:\/\/babypillowwholesale.com\/lt\/wp-json\/wp\/v2\/media?parent=3497"}],"wp:term":[{"taxonomy":"product_brand","embeddable":true,"href":"https:\/\/babypillowwholesale.com\/lt\/wp-json\/wp\/v2\/product_brand?post=3497"},{"taxonomy":"product_cat","embeddable":true,"href":"https:\/\/babypillowwholesale.com\/lt\/wp-json\/wp\/v2\/product_cat?post=3497"},{"taxonomy":"product_tag","embeddable":true,"href":"https:\/\/babypillowwholesale.com\/lt\/wp-json\/wp\/v2\/product_tag?post=3497"}],"curies":[{"name":"wp","href":"https:\/\/api.w.org\/{rel}","templated":true}]}}