{"id":3495,"date":"2025-04-19T12:29:32","date_gmt":"2025-04-19T12:29:32","guid":{"rendered":"https:\/\/babypillowwholesale.com\/?post_type=product&#038;p=3495"},"modified":"2025-06-05T14:31:06","modified_gmt":"2025-06-05T14:31:06","slug":"memory-foam-pillow-ingot-shaped-pillow-core","status":"publish","type":"product","link":"https:\/\/babypillowwholesale.com\/lt\/product\/memory-foam-pillow-ingot-shaped-pillow-core\/","title":{"rendered":"Atminties put\u0173 pagalv\u0117 - Ingotas - formos pagalv\u0117s \u0161erdis"},"content":{"rendered":"<div class=\"auto-hide-last-sibling-br paragraph-qzbcQC paragraph-element br-paragraph-space\">\n<div class=\"auto-hide-last-sibling-br paragraph-qzbcQC paragraph-element br-paragraph-space\">\n<div class=\"auto-hide-last-sibling-br paragraph-qzbcQC paragraph-element br-paragraph-space\">\n<div class=\"auto-hide-last-sibling-br paragraph-qzbcQC paragraph-element br-paragraph-space\">\n<div class=\"inter-wlTS5w\" data-immersive-translate-walked=\"d12d8f94-b8ff-4d99-b7de-4fecb356978f\">\n<div class=\"container-QE4ayg\">\n<div class=\"item-jU10IN\">\n<div class=\"container-jODEnh chrome70-container\">\n<div class=\"inner-eE95c9 inner-item-aL3Ui_\" data-target-id=\"message-box-target-id\" data-testid=\"union_message\">\n<div class=\"message-block-container-liuetz\" data-testid=\"message-block-container\">\n<div class=\"message-box-ZWbBdF\" data-testid=\"receive_message\" data-message-id=\"3380063449561346\">\n<div class=\"message-box-content-wrapper-srHdUj\">\n<div class=\"message-content message-box-content-otxGGw receive-message-box-content-_lREFj samantha-message-box-content-Qjmpja\" data-testid=\"message_content\">\n<div class=\"container-hfX5E8 flow-markdown-body theme-samantha-yJEgBp\" dir=\"ltr\" data-testid=\"message_text_content\" data-show-indicator=\"false\">\n<div class=\"auto-hide-last-sibling-br paragraph-qzbcQC paragraph-element br-paragraph-space\">\u0160i atminties put\u0173 pagalv\u0117 - Ingoto formos pagalv\u0117s \u0161erdis, kruop\u0161\u010diai sukurta 0-6 m\u0117nesi\u0173 k\u016bdikiams, suteikia neprilygstam\u0105 pritaikymo galimyb\u0119. Specializuojam\u0117s kurdami i\u0161skirtinius, ak\u012f traukian\u010dius ra\u0161tus, pritaikytus tiksliai pagal j\u016bs\u0173 poreikius. Pavyzd\u017eiui, jei pageidaujate \"sodo f\u0117j\u0173\" temos, galime sukurti subtilias f\u0117j\u0173 fig\u016br\u0117les, skraidan\u010dias tarp \u017eydin\u010di\u0173 ro\u017ei\u0173 ir margu\u010di\u0173, o ma\u017eyt\u0117s boru\u017e\u0117l\u0117s ir kaman\u0117s suteiks gyvumo. Arba \"kosmoso ir nuotyki\u0173\" motyvas - \u012fsivaizduokite mielus raketinius laivus, skrendan\u010dius pro mirgan\u010dias \u017evaig\u017edes ir besi\u0161ypsan\u010dius m\u0117nulius, su\u017eadinan\u010dius k\u016bdikio vaizduot\u0119. \u0160ie personalizuoti, puikiai sukurti ra\u0161tai ne tik padidina vizualin\u012f \u017eaves\u012f - jie paver\u010dia pagalv\u0117s pagrind\u0105 unikaliu \u0161edevru. Tokie i\u0161skirtiniai dizainai padarys j\u016bs\u0173 gamin\u012f i\u0161skirtiniu rinkoje, su\u017eav\u0117s klientus ir gerokai padidins pardavimus. Naudodamiesi m\u016bs\u0173 paslaugomis, pasi\u016blysite ne tik gamin\u012f, bet ir unikal\u0173 lob\u012f, patraukl\u0173 t\u0117vams, kurie ie\u0161ko ir auk\u0161\u010diausios kokyb\u0117s, ir estetinio \u017eavesio.<\/div>\n<\/div>\n<\/div>\n<\/div>\n<\/div>\n<\/div>\n<\/div>\n<\/div>\n<\/div>\n<\/div>\n<\/div>\n<\/div>\n<\/div>\n<\/div>\n<\/div>","protected":false},"excerpt":{"rendered":"<div class=\"auto-hide-last-sibling-br paragraph-qzbcQC paragraph-element br-paragraph-space\">\u0160i atminties put\u0173 pagalv\u0117 - Ingoto formos pagalv\u0117s \u0161erdis, skirta 0-6 m\u0117nesi\u0173 am\u017eiaus k\u016bdikiams, suteikia puiki\u0105 galimyb\u0119 pritaikyti pagal savo poreikius. Galime sukurti i\u0161skirtinius, ak\u012f traukian\u010dius ra\u0161tus, pritaikytus konkretiems j\u016bs\u0173 poreikiams. Nesvarbu, ar tai b\u016bt\u0173 \u017eav\u016bs gyv\u016bn\u0173 motyvai, eleganti\u0161ki g\u0117li\u0173 ra\u0161tai, ar bet kokie kiti j\u016bs\u0173 \u012fsivaizduojami k\u016brybiniai sumanymai, \u0161ie personalizuoti ra\u0161tai padidins pagalv\u0117s \u0161erdies vizualin\u012f patrauklum\u0105. Tokie unikal\u016bs ra\u0161tai pad\u0117s j\u016bs\u0173 gaminiui i\u0161siskirti rinkoje, pritraukti daugiau klient\u0173 ir gerokai padidinti pardavimus. Naudodamiesi m\u016bs\u0173 pritaikymo paslauga, galite pasi\u016blyti i\u0161skirtin\u012f ir \u017eav\u0173 gamin\u012f, kuris patiks t\u0117vams, ie\u0161kantiems ir kokyb\u0117s, ir estetinio patrauklumo.<\/div>","protected":false},"featured_media":3502,"comment_status":"open","ping_status":"closed","template":"","meta":{"_uag_custom_page_level_css":"","site-sidebar-layout":"default","site-content-layout":"","ast-site-content-layout":"default","site-content-style":"default","site-sidebar-style":"default","ast-global-header-display":"","ast-banner-title-visibility":"","ast-main-header-display":"","ast-hfb-above-header-display":"","ast-hfb-below-header-display":"","ast-hfb-mobile-header-display":"","site-post-title":"","ast-breadcrumbs-content":"","ast-featured-img":"","footer-sml-layout":"","ast-disable-related-posts":"","theme-transparent-header-meta":"default","adv-header-id-meta":"","stick-header-meta":"","header-above-stick-meta":"","header-main-stick-meta":"","header-below-stick-meta":"","astra-migrate-meta-layouts":"set","ast-page-background-enabled":"default","ast-page-background-meta":{"desktop":{"background-color":"","background-image":"","background-repeat":"repeat","background-position":"center center","background-size":"auto","background-attachment":"scroll","background-type":"","background-media":"","overlay-type":"","overlay-color":"","overlay-opacity":"","overlay-gradient":""},"tablet":{"background-color":"","background-image":"","background-repeat":"repeat","background-position":"center center","background-size":"auto","background-attachment":"scroll","background-type":"","background-media":"","overlay-type":"","overlay-color":"","overlay-opacity":"","overlay-gradient":""},"mobile":{"background-color":"","background-image":"","background-repeat":"repeat","background-position":"center center","background-size":"auto","background-attachment":"scroll","background-type":"","background-media":"","overlay-type":"","overlay-color":"","overlay-opacity":"","overlay-gradient":""}},"ast-content-background-meta":{"desktop":{"background-color":"var(--ast-global-color-5)","background-image":"","background-repeat":"repeat","background-position":"center center","background-size":"auto","background-attachment":"scroll","background-type":"","background-media":"","overlay-type":"","overlay-color":"","overlay-opacity":"","overlay-gradient":""},"tablet":{"background-color":"var(--ast-global-color-5)","background-image":"","background-repeat":"repeat","background-position":"center center","background-size":"auto","background-attachment":"scroll","background-type":"","background-media":"","overlay-type":"","overlay-color":"","overlay-opacity":"","overlay-gradient":""},"mobile":{"background-color":"var(--ast-global-color-5)","background-image":"","background-repeat":"repeat","background-position":"center center","background-size":"auto","background-attachment":"scroll","background-type":"","background-media":"","overlay-type":"","overlay-color":"","overlay-opacity":"","overlay-gradient":""}}},"product_brand":[],"product_cat":[65,32],"product_tag":[70,68,71,69],"class_list":{"0":"post-3495","1":"product","2":"type-product","3":"status-publish","4":"has-post-thumbnail","6":"product_cat-0-to-6months-oem","7":"product_cat-customize","8":"product_tag-babypillow","9":"product_tag-cuteanimalpillow","10":"product_tag-headshapesupport","11":"product_tag-kouniushapingpillow","12":"desktop-align-left","13":"tablet-align-left","14":"mobile-align-left","16":"first","17":"instock","18":"shipping-taxable","19":"product-type-simple"},"aioseo_notices":[],"uagb_featured_image_src":{"full":["https:\/\/babypillowwholesale.com\/wp-content\/uploads\/2025\/04\/0007.jpg",1000,1000,false],"thumbnail":["https:\/\/babypillowwholesale.com\/wp-content\/uploads\/2025\/04\/0007-150x150.jpg",150,150,true],"medium":["https:\/\/babypillowwholesale.com\/wp-content\/uploads\/2025\/04\/0007-300x300.jpg",300,300,true],"medium_large":["https:\/\/babypillowwholesale.com\/wp-content\/uploads\/2025\/04\/0007-768x768.jpg",768,768,true],"large":["https:\/\/babypillowwholesale.com\/wp-content\/uploads\/2025\/04\/0007.jpg",1000,1000,false],"1536x1536":["https:\/\/babypillowwholesale.com\/wp-content\/uploads\/2025\/04\/0007.jpg",1000,1000,false],"2048x2048":["https:\/\/babypillowwholesale.com\/wp-content\/uploads\/2025\/04\/0007.jpg",1000,1000,false],"trp-custom-language-flag":["https:\/\/babypillowwholesale.com\/wp-content\/uploads\/2025\/04\/0007.jpg",12,12,false],"woocommerce_thumbnail":["https:\/\/babypillowwholesale.com\/wp-content\/uploads\/2025\/04\/0007-300x300.jpg",300,300,true],"woocommerce_single":["https:\/\/babypillowwholesale.com\/wp-content\/uploads\/2025\/04\/0007-600x600.jpg",600,600,true],"woocommerce_gallery_thumbnail":["https:\/\/babypillowwholesale.com\/wp-content\/uploads\/2025\/04\/0007-100x100.jpg",100,100,true]},"uagb_author_info":{"display_name":"Etnen zhong","author_link":"https:\/\/babypillowwholesale.com\/lt\/author\/"},"uagb_comment_info":0,"uagb_excerpt":"This Memory Foam Pillow - Ingot - shaped Pillow Core, designed for babies aged 0 - 6 months, offers a fantastic opportunity for customization. We can craft exquisite, eye - catching patterns tailored to your specific needs. Whether it\u2019s adorable animal motifs, elegant floral designs, or any other creative concepts you envision, these personalized patterns&hellip;","jetpack_sharing_enabled":true,"_links":{"self":[{"href":"https:\/\/babypillowwholesale.com\/lt\/wp-json\/wp\/v2\/product\/3495","targetHints":{"allow":["GET"]}}],"collection":[{"href":"https:\/\/babypillowwholesale.com\/lt\/wp-json\/wp\/v2\/product"}],"about":[{"href":"https:\/\/babypillowwholesale.com\/lt\/wp-json\/wp\/v2\/types\/product"}],"replies":[{"embeddable":true,"href":"https:\/\/babypillowwholesale.com\/lt\/wp-json\/wp\/v2\/comments?post=3495"}],"wp:featuredmedia":[{"embeddable":true,"href":"https:\/\/babypillowwholesale.com\/lt\/wp-json\/wp\/v2\/media\/3502"}],"wp:attachment":[{"href":"https:\/\/babypillowwholesale.com\/lt\/wp-json\/wp\/v2\/media?parent=3495"}],"wp:term":[{"taxonomy":"product_brand","embeddable":true,"href":"https:\/\/babypillowwholesale.com\/lt\/wp-json\/wp\/v2\/product_brand?post=3495"},{"taxonomy":"product_cat","embeddable":true,"href":"https:\/\/babypillowwholesale.com\/lt\/wp-json\/wp\/v2\/product_cat?post=3495"},{"taxonomy":"product_tag","embeddable":true,"href":"https:\/\/babypillowwholesale.com\/lt\/wp-json\/wp\/v2\/product_tag?post=3495"}],"curies":[{"name":"wp","href":"https:\/\/api.w.org\/{rel}","templated":true}]}}