{"id":3493,"date":"2025-04-19T12:14:12","date_gmt":"2025-04-19T12:14:12","guid":{"rendered":"https:\/\/babypillowwholesale.com\/?post_type=product&#038;p=3493"},"modified":"2025-06-05T14:36:07","modified_gmt":"2025-06-05T14:36:07","slug":"memory-foam-pillow-c-shaped-pillow-core","status":"publish","type":"product","link":"https:\/\/babypillowwholesale.com\/lt\/product\/memory-foam-pillow-c-shaped-pillow-core\/","title":{"rendered":"Atminties put\u0173 pagalv\u0117 - C formos pagalv\u0117s \u0161erdis"},"content":{"rendered":"<div class=\"auto-hide-last-sibling-br paragraph-qzbcQC paragraph-element br-paragraph-space\">\n<div class=\"auto-hide-last-sibling-br paragraph-qzbcQC paragraph-element br-paragraph-space\">\n<div class=\"auto-hide-last-sibling-br paragraph-qzbcQC paragraph-element br-paragraph-space\">\n<div class=\"auto-hide-last-sibling-br paragraph-qzbcQC paragraph-element br-paragraph-space\">\n<div class=\"inter-wlTS5w\" data-immersive-translate-walked=\"d12d8f94-b8ff-4d99-b7de-4fecb356978f\">\n<div class=\"container-QE4ayg\">\n<div class=\"item-jU10IN\">\n<div class=\"container-jODEnh chrome70-container\">\n<div class=\"inner-eE95c9 inner-item-aL3Ui_\" data-target-id=\"message-box-target-id\" data-testid=\"union_message\">\n<div class=\"message-block-container-liuetz\" data-testid=\"message-block-container\">\n<div class=\"message-box-ZWbBdF\" data-testid=\"receive_message\" data-message-id=\"3380063449561346\">\n<div class=\"message-box-content-wrapper-srHdUj\">\n<div class=\"message-content message-box-content-otxGGw receive-message-box-content-_lREFj samantha-message-box-content-Qjmpja\" data-testid=\"message_content\">\n<div class=\"container-hfX5E8 flow-markdown-body theme-samantha-yJEgBp\" dir=\"ltr\" data-testid=\"message_text_content\" data-show-indicator=\"false\">\n<div class=\"auto-hide-last-sibling-br paragraph-qzbcQC paragraph-element br-paragraph-space\">\u0160tai \"Memory Foam Pillow - C formos pagalv\u0117s \u0161erdis\" - tai miegui b\u016btina pagalv\u0117l\u0117, kruop\u0161\u010diai sukurta 0-6 m\u0117nesi\u0173 am\u017eiaus k\u016bdikiams. Ikoni\u0161ka C formos pagalv\u0117 n\u0117ra tik forma - tai pradinis kelion\u0117s pagal u\u017esakym\u0105 ta\u0161kas.<\/div>\n<p>&nbsp;<\/p>\n<div class=\"auto-hide-last-sibling-br paragraph-qzbcQC paragraph-element br-paragraph-space\">Suprantame, kad kiekvieno k\u016bdikio kont\u016brai yra tokie pat unikal\u016bs kaip ir pirmoji \u0161ypsena. \u0160tai kod\u0117l si\u016blome neprilygstam\u0105 galimyb\u0119 tiksliai nustatyti \u0161ios pagalv\u0117s \u0161erdies i\u0161lenkim\u0105 ir stor\u012f. Nesvarbu, ar j\u016bs\u0173 ma\u017eyliui reikia \u0161velnaus, prigludusio apkabinimo, ar tvirtesn\u0117s atramin\u0117s strukt\u016bros, mes galime j\u0105 tobulai suformuoti ir u\u017etikrinti, kad ji tikt\u0173 taip pat individualiai, kaip ir jis pats.<\/div>\n<p>&nbsp;<\/p>\n<div class=\"auto-hide-last-sibling-br paragraph-qzbcQC paragraph-element br-paragraph-space\">\u0160io C formos stebuklo pavir\u0161ius - tai portalas \u012f vaizduot\u0117s pasaul\u012f. Naudodami tik pa\u010dius saugiausius, netoksi\u0161kus da\u017eus, galime j\u012f papuo\u0161ti ra\u0161tais, kurie, atrodo, \u0161oka su \u012fmantrumu. \u012esivaizduokite pastelini\u0173 atspalvi\u0173 bang\u0173 kaskad\u0105, tarsi ne\u0161an\u010di\u0105 k\u016bdik\u012f \u012f svajing\u0105 paj\u016brio mieg\u0105, arba mirgan\u010di\u0173 \u017evaig\u017ed\u017ei\u0173 \u017evaig\u017edyn\u0105, paver\u010diant\u012f kiekvien\u0105 mieg\u0105 dangaus nuotykiu. Tai ne tik dizainas - tai vartai \u012f karalyst\u0119, kurioje patogumas dera su k\u016brybi\u0161kumu.<\/div>\n<p>&nbsp;<\/p>\n<div class=\"auto-hide-last-sibling-br paragraph-qzbcQC paragraph-element br-paragraph-space\">Ta\u010diau tuo pritaikymas nesibaigia. Hidrofilinio putplas\u010dio \u0161erdis - tai lyt\u0117jimo galimybi\u0173 drob\u0117. Galime pritaikyti jos kietum\u0105 pagal tikslius j\u016bs\u0173 pageidavimus, nesvarbu, ar pageidaujate mink\u0161tumo, pana\u0161aus \u012f debesies mink\u0161tum\u0105, ar u\u017etikrinan\u010dio stabilumo, kur\u012f suteikia labiau strukt\u016brizuota atrama. B\u016btent \u0161is atsidavimas individualumui, nepaprastumo siekis paver\u010dia m\u016bs\u0173 hidrofilinio putplas\u010dio pagalv\u0119 - C formos pagalv\u0117s \u0161erd\u012f i\u0161 paprasto gaminio \u012f branginam\u0105, vienintel\u012f tokio pob\u016bd\u017eio lop\u0161\u012f j\u016bs\u0173 k\u016bdikio miegui.<\/div>\n<\/div>\n<\/div>\n<\/div>\n<\/div>\n<\/div>\n<\/div>\n<\/div>\n<\/div>\n<\/div>\n<\/div>\n<\/div>\n<\/div>\n<\/div>\n<\/div>","protected":false},"excerpt":{"rendered":"<div class=\"auto-hide-last-sibling-br paragraph-qzbcQC paragraph-element br-paragraph-space\">\u0160i atminties put\u0173 pagalv\u0117 su C formos pagalv\u0117s \u0161erdimi, skirta 0-6 m\u0117nesi\u0173 k\u016bdikiams, suteikia daugyb\u0119 pritaikymo ir dizaino galimybi\u0173. Jos i\u0161skirtin\u0119 C form\u0105 galima dar labiau patobulinti. Galime reguliuoti pagalv\u0117s \u0161erdies i\u0161lenkim\u0105 ir stor\u012f, kad ji geriau atitikt\u0173 k\u016bdikio k\u016bno kont\u016brus, padidindami komfort\u0105 ir atram\u0105. Pavir\u0161i\u0173 galima pritaikyti netoksi\u0161kais, k\u016bdikiui draugi\u0161kais ra\u0161tais, pavyzd\u017eiui, \u0161velniomis pastelini\u0173 spalv\u0173 bangomis arba ma\u017eomis mielomis \u017evaig\u017edut\u0117mis, suteikian\u010diomis \u017eavesio. Be to, hidrofilinio putplas\u010dio kietum\u0105 galima pritaikyti pagal konkre\u010dius poreikius - mink\u0161tesn\u012f, kad b\u016bt\u0173 jau\u010diamas didesnis mink\u0161tumas, arba kietesn\u0117s tekst\u016bros, kad b\u016bt\u0173 u\u017etikrintas didesnis stabilumas. Taip t\u0117vai gali sukurti i\u0161ties individualizuot\u0105 pagalv\u0117s \u0161erd\u012f, atitinkan\u010di\u0105 unikalius j\u0173 k\u016bdikio reikalavimus.<\/div>","protected":false},"featured_media":3494,"comment_status":"open","ping_status":"closed","template":"","meta":{"_uag_custom_page_level_css":"","site-sidebar-layout":"default","site-content-layout":"","ast-site-content-layout":"default","site-content-style":"default","site-sidebar-style":"default","ast-global-header-display":"","ast-banner-title-visibility":"","ast-main-header-display":"","ast-hfb-above-header-display":"","ast-hfb-below-header-display":"","ast-hfb-mobile-header-display":"","site-post-title":"","ast-breadcrumbs-content":"","ast-featured-img":"","footer-sml-layout":"","ast-disable-related-posts":"","theme-transparent-header-meta":"default","adv-header-id-meta":"","stick-header-meta":"","header-above-stick-meta":"","header-main-stick-meta":"","header-below-stick-meta":"","astra-migrate-meta-layouts":"set","ast-page-background-enabled":"default","ast-page-background-meta":{"desktop":{"background-color":"","background-image":"","background-repeat":"repeat","background-position":"center center","background-size":"auto","background-attachment":"scroll","background-type":"","background-media":"","overlay-type":"","overlay-color":"","overlay-opacity":"","overlay-gradient":""},"tablet":{"background-color":"","background-image":"","background-repeat":"repeat","background-position":"center center","background-size":"auto","background-attachment":"scroll","background-type":"","background-media":"","overlay-type":"","overlay-color":"","overlay-opacity":"","overlay-gradient":""},"mobile":{"background-color":"","background-image":"","background-repeat":"repeat","background-position":"center center","background-size":"auto","background-attachment":"scroll","background-type":"","background-media":"","overlay-type":"","overlay-color":"","overlay-opacity":"","overlay-gradient":""}},"ast-content-background-meta":{"desktop":{"background-color":"var(--ast-global-color-5)","background-image":"","background-repeat":"repeat","background-position":"center center","background-size":"auto","background-attachment":"scroll","background-type":"","background-media":"","overlay-type":"","overlay-color":"","overlay-opacity":"","overlay-gradient":""},"tablet":{"background-color":"var(--ast-global-color-5)","background-image":"","background-repeat":"repeat","background-position":"center center","background-size":"auto","background-attachment":"scroll","background-type":"","background-media":"","overlay-type":"","overlay-color":"","overlay-opacity":"","overlay-gradient":""},"mobile":{"background-color":"var(--ast-global-color-5)","background-image":"","background-repeat":"repeat","background-position":"center center","background-size":"auto","background-attachment":"scroll","background-type":"","background-media":"","overlay-type":"","overlay-color":"","overlay-opacity":"","overlay-gradient":""}}},"product_brand":[],"product_cat":[65,32],"product_tag":[70,68,71,69],"class_list":{"0":"post-3493","1":"product","2":"type-product","3":"status-publish","4":"has-post-thumbnail","6":"product_cat-0-to-6months-oem","7":"product_cat-customize","8":"product_tag-babypillow","9":"product_tag-cuteanimalpillow","10":"product_tag-headshapesupport","11":"product_tag-kouniushapingpillow","12":"desktop-align-left","13":"tablet-align-left","14":"mobile-align-left","16":"first","17":"instock","18":"shipping-taxable","19":"product-type-simple"},"aioseo_notices":[],"uagb_featured_image_src":{"full":["https:\/\/babypillowwholesale.com\/wp-content\/uploads\/2025\/04\/0005.jpg",1000,1000,false],"thumbnail":["https:\/\/babypillowwholesale.com\/wp-content\/uploads\/2025\/04\/0005-150x150.jpg",150,150,true],"medium":["https:\/\/babypillowwholesale.com\/wp-content\/uploads\/2025\/04\/0005-300x300.jpg",300,300,true],"medium_large":["https:\/\/babypillowwholesale.com\/wp-content\/uploads\/2025\/04\/0005-768x768.jpg",768,768,true],"large":["https:\/\/babypillowwholesale.com\/wp-content\/uploads\/2025\/04\/0005.jpg",1000,1000,false],"1536x1536":["https:\/\/babypillowwholesale.com\/wp-content\/uploads\/2025\/04\/0005.jpg",1000,1000,false],"2048x2048":["https:\/\/babypillowwholesale.com\/wp-content\/uploads\/2025\/04\/0005.jpg",1000,1000,false],"trp-custom-language-flag":["https:\/\/babypillowwholesale.com\/wp-content\/uploads\/2025\/04\/0005.jpg",12,12,false],"woocommerce_thumbnail":["https:\/\/babypillowwholesale.com\/wp-content\/uploads\/2025\/04\/0005-300x300.jpg",300,300,true],"woocommerce_single":["https:\/\/babypillowwholesale.com\/wp-content\/uploads\/2025\/04\/0005-600x600.jpg",600,600,true],"woocommerce_gallery_thumbnail":["https:\/\/babypillowwholesale.com\/wp-content\/uploads\/2025\/04\/0005-100x100.jpg",100,100,true]},"uagb_author_info":{"display_name":"Etnen zhong","author_link":"https:\/\/babypillowwholesale.com\/lt\/author\/"},"uagb_comment_info":0,"uagb_excerpt":"This Memory Foam Pillow - C - shaped Pillow Core, designed for babies aged 0 - 6 months, presents a wealth of customization and design possibilities. Its distinctive C - shape can be further refined. We can adjust the curvature and thickness of the pillow core to better fit the baby's body contour, enhancing comfort&hellip;","jetpack_sharing_enabled":true,"_links":{"self":[{"href":"https:\/\/babypillowwholesale.com\/lt\/wp-json\/wp\/v2\/product\/3493","targetHints":{"allow":["GET"]}}],"collection":[{"href":"https:\/\/babypillowwholesale.com\/lt\/wp-json\/wp\/v2\/product"}],"about":[{"href":"https:\/\/babypillowwholesale.com\/lt\/wp-json\/wp\/v2\/types\/product"}],"replies":[{"embeddable":true,"href":"https:\/\/babypillowwholesale.com\/lt\/wp-json\/wp\/v2\/comments?post=3493"}],"wp:featuredmedia":[{"embeddable":true,"href":"https:\/\/babypillowwholesale.com\/lt\/wp-json\/wp\/v2\/media\/3494"}],"wp:attachment":[{"href":"https:\/\/babypillowwholesale.com\/lt\/wp-json\/wp\/v2\/media?parent=3493"}],"wp:term":[{"taxonomy":"product_brand","embeddable":true,"href":"https:\/\/babypillowwholesale.com\/lt\/wp-json\/wp\/v2\/product_brand?post=3493"},{"taxonomy":"product_cat","embeddable":true,"href":"https:\/\/babypillowwholesale.com\/lt\/wp-json\/wp\/v2\/product_cat?post=3493"},{"taxonomy":"product_tag","embeddable":true,"href":"https:\/\/babypillowwholesale.com\/lt\/wp-json\/wp\/v2\/product_tag?post=3493"}],"curies":[{"name":"wp","href":"https:\/\/api.w.org\/{rel}","templated":true}]}}