{"id":3491,"date":"2025-04-19T09:25:10","date_gmt":"2025-04-19T09:25:10","guid":{"rendered":"https:\/\/babypillowwholesale.com\/?post_type=product&#038;p=3491"},"modified":"2025-06-05T14:43:03","modified_gmt":"2025-06-05T14:43:03","slug":"memory-foam-pillow-small-apple-shaped-pillow-core","status":"publish","type":"product","link":"https:\/\/babypillowwholesale.com\/lt\/product\/memory-foam-pillow-small-apple-shaped-pillow-core\/","title":{"rendered":"Atminties put\u0173 pagalv\u0117 - ma\u017eas obuolys - formos pagalv\u0117s \u0161erdis"},"content":{"rendered":"<div class=\"auto-hide-last-sibling-br paragraph-qzbcQC paragraph-element br-paragraph-space\">\n<div class=\"auto-hide-last-sibling-br paragraph-qzbcQC paragraph-element br-paragraph-space\">\n<div class=\"auto-hide-last-sibling-br paragraph-qzbcQC paragraph-element br-paragraph-space\">\n<div class=\"auto-hide-last-sibling-br paragraph-qzbcQC paragraph-element br-paragraph-space\">Pristatome \"Memory Foam Pillow - Small Apple\" - ma\u017eo obuolio formos pagalv\u0117s \u0161erd\u012f - nuostab\u0173 miego reikmen\u012f, pritaikyt\u0105 patiems ma\u017eiausiems 0-6 m\u0117nesi\u0173 am\u017eiaus svajokliams. \u017davingas obuolio siluetas - tai ne tik vizualus malonumas, bet ir vartai \u012f neprilygstamo pritaikymo srit\u012f.<\/div>\n<p>&nbsp;<\/p>\n<div class=\"auto-hide-last-sibling-br paragraph-qzbcQC paragraph-element br-paragraph-space\">Pripa\u017e\u012fstame, kad kiekvienas k\u016bdikis yra unikalus, tod\u0117l ir jo komfortas tur\u0117t\u0173 b\u016bti toks pat. Tod\u0117l si\u016blome galimyb\u0119 tiksliai reguliuoti hidrofilinio putplas\u010dio tank\u012f. Nesvarbu, ar j\u016bs\u0173 ma\u017eylis m\u0117gsta mink\u0161t\u0105 kaip debes\u0117lis mink\u0161tum\u0105, ar raminant\u012f tvirtum\u0105, kuris suteikia \u0161velni\u0105 atram\u0105, mes galime sukurti tobul\u0105 lyt\u0117jimo patirt\u012f.<\/div>\n<p>&nbsp;<\/p>\n<div class=\"auto-hide-last-sibling-br paragraph-qzbcQC paragraph-element br-paragraph-space\">\u0160io obuolio formos stebuklo pavir\u0161ius - tu\u0161\u010dia drob\u0117 k\u016brybai. Naudodami tik pa\u010dius saugiausius, netoksi\u0161kus da\u017eus, galime j\u012f papuo\u0161ti kerin\u010diais atspaudais. \u012esivaizduokite \u0161velni\u0173 obel\u0173 \u017eied\u0173 \u017evaig\u017edyn\u0105, kurio \u017eiedlapiai tarsi plevena \u0161velniame v\u0117jyje, arba \u017eaisming\u0105 boru\u017e\u0117li\u0173 parad\u0105, tarsi su misija atne\u0161ti \u0161ypsen\u0105 j\u016bs\u0173 k\u016bdikio miegui. \u0160ie atspaudai - ne tik dekoracijos, bet ir istorijos, laukian\u010dios, kol bus papasakotos, ir kiekvienam miegui suteiks magijos.<\/div>\n<p>&nbsp;<\/p>\n<div class=\"auto-hide-last-sibling-br paragraph-qzbcQC paragraph-element br-paragraph-space\">Ta\u010diau tuo pritaikymas nesibaigia. Galima kruop\u0161\u010diai reguliuoti centrin\u0119 \u012fdub\u0105, kuri yra labai svarbi j\u016bs\u0173 k\u016bdikio patogumui. Galime tiksliai pakeisti jos dyd\u012f ir i\u0161lenkim\u0105, kad ji priglust\u0173 prie j\u016bs\u0173 k\u016bdikio galvyt\u0117s tarsi meilus apkabinimas. B\u016btent \u0161is d\u0117mesys detal\u0117ms, \u0161is \u012fsipareigojimas unikalumui daro m\u016bs\u0173 \"Memory Foam Pillow - Small Apple - shape Pillow Core\" ne tik gamin\u012f, bet ir brang\u0173 suvenyr\u0105, vienintel\u012f tokio pob\u016bd\u017eio lop\u0161in\u0119 j\u016bs\u0173 ma\u017eylio miegui.<\/div>\n<\/div>\n<\/div>\n<\/div>","protected":false},"excerpt":{"rendered":"<div class=\"auto-hide-last-sibling-br paragraph-qzbcQC paragraph-element br-paragraph-space\">\u0160i atminties put\u0173 pagalv\u0117 - ma\u017eo obuolio formos pagalv\u0117s \u0161erdis, tinkama 0-6 m\u0117nesi\u0173 k\u016bdikiams, suteikia puiki\u0173 pritaikymo ir dizaino galimybi\u0173. Jos miela obuolio forma yra tik prad\u017eia. Galime pakeisti hidrofilinio putplas\u010dio tank\u012f, kad jis atitikt\u0173 konkre\u010dius j\u016bs\u0173 k\u016bdikio komforto reikalavimus, nesvarbu, ar tai b\u016bt\u0173 mink\u0161tesnis jausmas, kad b\u016bt\u0173 jaukiau, ar kietesn\u0117 tekst\u016bra, kad b\u016bt\u0173 geresn\u0117 atrama.Pavir\u0161i\u0173 galima individualizuoti k\u016bdikiui saugiais, netoksi\u0161kais spaudiniais. Pagalvokite apie \u0161velnius obuoli\u0173 \u017eied\u0173 ra\u0161tus ar ma\u017ey\u010dius boru\u017e\u0117li\u0173 motyvus, kurie suteikia \u012fmantrumo. Be to, centrinio \u012fdubimo dyd\u012f ir i\u0161lenkim\u0105 galima tiksliai sureguliuoti, kad jis idealiai tikt\u0173 j\u016bs\u0173 k\u016bdikio galvai ir u\u017etikrint\u0173 optimal\u0173 komfort\u0105 bei atram\u0105. Tai leid\u017eia sukurti i\u0161ties unikali\u0105 pagalv\u0117s \u0161erd\u012f, atitinkan\u010di\u0105 ir k\u016bdikio poreikius, ir j\u016bs\u0173 estetinius pageidavimus.<\/div>","protected":false},"featured_media":3492,"comment_status":"open","ping_status":"closed","template":"","meta":{"_uag_custom_page_level_css":"","site-sidebar-layout":"default","site-content-layout":"","ast-site-content-layout":"default","site-content-style":"default","site-sidebar-style":"default","ast-global-header-display":"","ast-banner-title-visibility":"","ast-main-header-display":"","ast-hfb-above-header-display":"","ast-hfb-below-header-display":"","ast-hfb-mobile-header-display":"","site-post-title":"","ast-breadcrumbs-content":"","ast-featured-img":"","footer-sml-layout":"","ast-disable-related-posts":"","theme-transparent-header-meta":"default","adv-header-id-meta":"","stick-header-meta":"","header-above-stick-meta":"","header-main-stick-meta":"","header-below-stick-meta":"","astra-migrate-meta-layouts":"set","ast-page-background-enabled":"default","ast-page-background-meta":{"desktop":{"background-color":"","background-image":"","background-repeat":"repeat","background-position":"center center","background-size":"auto","background-attachment":"scroll","background-type":"","background-media":"","overlay-type":"","overlay-color":"","overlay-opacity":"","overlay-gradient":""},"tablet":{"background-color":"","background-image":"","background-repeat":"repeat","background-position":"center center","background-size":"auto","background-attachment":"scroll","background-type":"","background-media":"","overlay-type":"","overlay-color":"","overlay-opacity":"","overlay-gradient":""},"mobile":{"background-color":"","background-image":"","background-repeat":"repeat","background-position":"center center","background-size":"auto","background-attachment":"scroll","background-type":"","background-media":"","overlay-type":"","overlay-color":"","overlay-opacity":"","overlay-gradient":""}},"ast-content-background-meta":{"desktop":{"background-color":"var(--ast-global-color-5)","background-image":"","background-repeat":"repeat","background-position":"center center","background-size":"auto","background-attachment":"scroll","background-type":"","background-media":"","overlay-type":"","overlay-color":"","overlay-opacity":"","overlay-gradient":""},"tablet":{"background-color":"var(--ast-global-color-5)","background-image":"","background-repeat":"repeat","background-position":"center center","background-size":"auto","background-attachment":"scroll","background-type":"","background-media":"","overlay-type":"","overlay-color":"","overlay-opacity":"","overlay-gradient":""},"mobile":{"background-color":"var(--ast-global-color-5)","background-image":"","background-repeat":"repeat","background-position":"center center","background-size":"auto","background-attachment":"scroll","background-type":"","background-media":"","overlay-type":"","overlay-color":"","overlay-opacity":"","overlay-gradient":""}}},"product_brand":[],"product_cat":[65,32],"product_tag":[70,68,71,69],"class_list":{"0":"post-3491","1":"product","2":"type-product","3":"status-publish","4":"has-post-thumbnail","6":"product_cat-0-to-6months-oem","7":"product_cat-customize","8":"product_tag-babypillow","9":"product_tag-cuteanimalpillow","10":"product_tag-headshapesupport","11":"product_tag-kouniushapingpillow","12":"desktop-align-left","13":"tablet-align-left","14":"mobile-align-left","16":"first","17":"instock","18":"shipping-taxable","19":"product-type-simple"},"aioseo_notices":[],"uagb_featured_image_src":{"full":["https:\/\/babypillowwholesale.com\/wp-content\/uploads\/2025\/04\/0004.jpg",1000,1000,false],"thumbnail":["https:\/\/babypillowwholesale.com\/wp-content\/uploads\/2025\/04\/0004-150x150.jpg",150,150,true],"medium":["https:\/\/babypillowwholesale.com\/wp-content\/uploads\/2025\/04\/0004-300x300.jpg",300,300,true],"medium_large":["https:\/\/babypillowwholesale.com\/wp-content\/uploads\/2025\/04\/0004-768x768.jpg",768,768,true],"large":["https:\/\/babypillowwholesale.com\/wp-content\/uploads\/2025\/04\/0004.jpg",1000,1000,false],"1536x1536":["https:\/\/babypillowwholesale.com\/wp-content\/uploads\/2025\/04\/0004.jpg",1000,1000,false],"2048x2048":["https:\/\/babypillowwholesale.com\/wp-content\/uploads\/2025\/04\/0004.jpg",1000,1000,false],"trp-custom-language-flag":["https:\/\/babypillowwholesale.com\/wp-content\/uploads\/2025\/04\/0004.jpg",12,12,false],"woocommerce_thumbnail":["https:\/\/babypillowwholesale.com\/wp-content\/uploads\/2025\/04\/0004-300x300.jpg",300,300,true],"woocommerce_single":["https:\/\/babypillowwholesale.com\/wp-content\/uploads\/2025\/04\/0004-600x600.jpg",600,600,true],"woocommerce_gallery_thumbnail":["https:\/\/babypillowwholesale.com\/wp-content\/uploads\/2025\/04\/0004-100x100.jpg",100,100,true]},"uagb_author_info":{"display_name":"Etnen zhong","author_link":"https:\/\/babypillowwholesale.com\/lt\/author\/"},"uagb_comment_info":0,"uagb_excerpt":"This Memory Foam Pillow - Small Apple - shaped Pillow Core, suitable for babies aged 0 - 6 months, offers remarkable customization and design potential. Its cute apple - like shape is just the starting point. We can modify the density of the hydrophilic foam to suit your baby's specific comfort requirements, whether it's a&hellip;","jetpack_sharing_enabled":true,"_links":{"self":[{"href":"https:\/\/babypillowwholesale.com\/lt\/wp-json\/wp\/v2\/product\/3491","targetHints":{"allow":["GET"]}}],"collection":[{"href":"https:\/\/babypillowwholesale.com\/lt\/wp-json\/wp\/v2\/product"}],"about":[{"href":"https:\/\/babypillowwholesale.com\/lt\/wp-json\/wp\/v2\/types\/product"}],"replies":[{"embeddable":true,"href":"https:\/\/babypillowwholesale.com\/lt\/wp-json\/wp\/v2\/comments?post=3491"}],"wp:featuredmedia":[{"embeddable":true,"href":"https:\/\/babypillowwholesale.com\/lt\/wp-json\/wp\/v2\/media\/3492"}],"wp:attachment":[{"href":"https:\/\/babypillowwholesale.com\/lt\/wp-json\/wp\/v2\/media?parent=3491"}],"wp:term":[{"taxonomy":"product_brand","embeddable":true,"href":"https:\/\/babypillowwholesale.com\/lt\/wp-json\/wp\/v2\/product_brand?post=3491"},{"taxonomy":"product_cat","embeddable":true,"href":"https:\/\/babypillowwholesale.com\/lt\/wp-json\/wp\/v2\/product_cat?post=3491"},{"taxonomy":"product_tag","embeddable":true,"href":"https:\/\/babypillowwholesale.com\/lt\/wp-json\/wp\/v2\/product_tag?post=3491"}],"curies":[{"name":"wp","href":"https:\/\/api.w.org\/{rel}","templated":true}]}}