{"id":3488,"date":"2025-04-19T02:55:35","date_gmt":"2025-04-19T02:55:35","guid":{"rendered":"https:\/\/babypillowwholesale.com\/?post_type=product&#038;p=3488"},"modified":"2025-06-05T14:47:34","modified_gmt":"2025-06-05T14:47:34","slug":"memory-foam-pillow-thin-bear-shaped-pillow-core","status":"publish","type":"product","link":"https:\/\/babypillowwholesale.com\/lt\/product\/memory-foam-pillow-thin-bear-shaped-pillow-core\/","title":{"rendered":"Atminties put\u0173 pagalv\u0117 - plonas me\u0161kiukas - formos pagalv\u0117s \u0161erdis"},"content":{"rendered":"<div class=\"auto-hide-last-sibling-br paragraph-qzbcQC paragraph-element br-paragraph-space\">\n<div class=\"auto-hide-last-sibling-br paragraph-qzbcQC paragraph-element br-paragraph-space\">\n<div class=\"auto-hide-last-sibling-br paragraph-qzbcQC paragraph-element br-paragraph-space\">\u0160tai \"Memory Foam Pillow - Thin Bear\" - pagalv\u0117s \u0161erdis - \u0161edevras, sukurtas specialiai patiems ma\u017eiausiems 0-6 m\u0117nesi\u0173 am\u017eiaus miegaliams. \u012esp\u016bdingas me\u0161kiuko siluetas - tai ne tik estetinis pasirinkimas, bet ir portalas \u012f pagal u\u017esakym\u0105 sukurt\u0173 galimybi\u0173 visat\u0105.<\/div>\n<p>&nbsp;<\/p>\n<div class=\"auto-hide-last-sibling-br paragraph-qzbcQC paragraph-element br-paragraph-space\">Suprantame, kad komfortas yra toks pat individualus kaip ir saldi j\u016bs\u0173 k\u016bdikio \u0161ypsena. Tod\u0117l si\u016blome galimyb\u0119 tiksliai reguliuoti hidrofilinio putplas\u010dio mink\u0161tum\u0105. Nesvarbu, ar pageidaujate debes\u0117lio \u0161velnumo \u0161velniausioms galvyt\u0117ms, ar \u0161iek tiek kietesnio mink\u0161tiklio, kad jis suteikt\u0173 papildom\u0105 atram\u0105, mes jums pad\u0117sime. Tai pritaikymo lygis, d\u0117l kurio \u0161i pagalv\u0117s \u0161erdis i\u0161 paprasto aksesuaro tampa asmenine poilsio oaze.<\/div>\n<p>&nbsp;<\/p>\n<div class=\"auto-hide-last-sibling-br paragraph-qzbcQC paragraph-element br-paragraph-space\">\u0160io me\u0161kos formos stebuklo pavir\u0161ius yra tu\u0161\u010dia drob\u0117, laukianti menin\u0117s i\u0161rai\u0161kos. Naudodami tik pa\u010dius saugiausius, netoksi\u0161kus da\u017eus, galime j\u012f papuo\u0161ti kerin\u010diais atspaudais. \u012esivaizduokite \u0161velni\u0173 margu\u010di\u0173 \u017evaig\u017edyn\u0105, kurio \u017eiedlapiai tarsi si\u016bbuoja pu\u010diant \u0161velniam v\u0117jeliui, arba \u017eavi\u0173 zuiku\u010di\u0173 p\u0117dsak\u0173 tak\u0105, tarsi vedant\u012f j\u016bs\u0173 k\u016bdik\u012f \u012f svajoni\u0173 pasaul\u012f. \u0160ie atspaudai - tai ne tik dekoracijos, bet ir istorijos, laukian\u010dios, kol bus papasakotos, ir kiekvienam miegui suteiks magijos.<\/div>\n<p>&nbsp;<\/p>\n<div class=\"auto-hide-last-sibling-br paragraph-qzbcQC paragraph-element br-paragraph-space\">Be to, centrinis \u012fdubimas - esminis elementas, sukurtas i\u0161 naujo, kad k\u016bdikiui b\u016bt\u0173 patogiau. Jos dyd\u012f ir gyl\u012f galime reguliuoti chirurginiu tikslumu, kad ji priglust\u0173 prie j\u016bs\u0173 k\u016bdikio galvos tarsi meilus apkabinimas. B\u016btent \u0161is d\u0117mesys detal\u0117ms, \u0161is \u012fsipareigojimas unikalumui lemia, kad m\u016bs\u0173 atminties put\u0173 pagalv\u0117 - plonas me\u0161kiuko formos pagalv\u0117s \u0161erdis yra ne tik gaminys, bet ir brangus suvenyras, vienintelis tokio tipo lop\u0161in\u0117 j\u016bs\u0173 ma\u017eylio miegui.<\/div>\n<\/div>\n<\/div>","protected":false},"excerpt":{"rendered":"<p>\u0160i pagalv\u0117 i\u0161 atminties put\u0173 - plona me\u0161kiuko formos pagalv\u0117s \u0161erdis, skirta 0-6 m\u0117nesi\u0173 k\u016bdikiams, suteikia daugyb\u0119 pritaikymo ir dizaino galimybi\u0173. Jos \u017eavinga me\u0161kiuko forma - puiki drob\u0117 k\u016brybi\u0161kumui. Pagal j\u016bs\u0173 pageidavimus galime pritaikyti hidrofilinio putplas\u010dio mink\u0161tumo lyg\u012f, u\u017etikrindami ideal\u0173 komfort\u0105 j\u016bs\u0173 ma\u017eyliui. Pavir\u0161i\u0173 galima papuo\u0161ti netoksi\u0161kais, k\u016bdikiams saugiais pie\u0161iniais, pavyzd\u017eiui, ma\u017ey\u010diais g\u0117li\u0173 ra\u0161tais ar miel\u0173 gyv\u016bn\u0173 p\u0117d\u0173 atspaudais, taip suteikiant jam unikalumo ir \u017eavesio. Be to, centrinio \u012fdubimo dyd\u012f ir gyl\u012f galima reguliuoti, kad geriau atitikt\u0173 k\u016bdikio galvos form\u0105. Tai leid\u017eia sukurti i\u0161ties individualizuot\u0105 pagalv\u0117s \u0161erd\u012f, kuri ne tik atitikt\u0173 k\u016bdikio komforto poreikius, bet ir i\u0161siskirt\u0173 kaip ypatingas, vienetinis daiktas.<\/p>","protected":false},"featured_media":3489,"comment_status":"open","ping_status":"closed","template":"","meta":{"_uag_custom_page_level_css":"","site-sidebar-layout":"default","site-content-layout":"","ast-site-content-layout":"default","site-content-style":"default","site-sidebar-style":"default","ast-global-header-display":"","ast-banner-title-visibility":"","ast-main-header-display":"","ast-hfb-above-header-display":"","ast-hfb-below-header-display":"","ast-hfb-mobile-header-display":"","site-post-title":"","ast-breadcrumbs-content":"","ast-featured-img":"","footer-sml-layout":"","ast-disable-related-posts":"","theme-transparent-header-meta":"default","adv-header-id-meta":"","stick-header-meta":"","header-above-stick-meta":"","header-main-stick-meta":"","header-below-stick-meta":"","astra-migrate-meta-layouts":"set","ast-page-background-enabled":"default","ast-page-background-meta":{"desktop":{"background-color":"","background-image":"","background-repeat":"repeat","background-position":"center center","background-size":"auto","background-attachment":"scroll","background-type":"","background-media":"","overlay-type":"","overlay-color":"","overlay-opacity":"","overlay-gradient":""},"tablet":{"background-color":"","background-image":"","background-repeat":"repeat","background-position":"center center","background-size":"auto","background-attachment":"scroll","background-type":"","background-media":"","overlay-type":"","overlay-color":"","overlay-opacity":"","overlay-gradient":""},"mobile":{"background-color":"","background-image":"","background-repeat":"repeat","background-position":"center center","background-size":"auto","background-attachment":"scroll","background-type":"","background-media":"","overlay-type":"","overlay-color":"","overlay-opacity":"","overlay-gradient":""}},"ast-content-background-meta":{"desktop":{"background-color":"var(--ast-global-color-5)","background-image":"","background-repeat":"repeat","background-position":"center center","background-size":"auto","background-attachment":"scroll","background-type":"","background-media":"","overlay-type":"","overlay-color":"","overlay-opacity":"","overlay-gradient":""},"tablet":{"background-color":"var(--ast-global-color-5)","background-image":"","background-repeat":"repeat","background-position":"center center","background-size":"auto","background-attachment":"scroll","background-type":"","background-media":"","overlay-type":"","overlay-color":"","overlay-opacity":"","overlay-gradient":""},"mobile":{"background-color":"var(--ast-global-color-5)","background-image":"","background-repeat":"repeat","background-position":"center center","background-size":"auto","background-attachment":"scroll","background-type":"","background-media":"","overlay-type":"","overlay-color":"","overlay-opacity":"","overlay-gradient":""}}},"product_brand":[],"product_cat":[65,32],"product_tag":[70,68,71,69],"class_list":{"0":"post-3488","1":"product","2":"type-product","3":"status-publish","4":"has-post-thumbnail","6":"product_cat-0-to-6months-oem","7":"product_cat-customize","8":"product_tag-babypillow","9":"product_tag-cuteanimalpillow","10":"product_tag-headshapesupport","11":"product_tag-kouniushapingpillow","12":"desktop-align-left","13":"tablet-align-left","14":"mobile-align-left","16":"first","17":"instock","18":"shipping-taxable","19":"product-type-simple"},"aioseo_notices":[],"uagb_featured_image_src":{"full":["https:\/\/babypillowwholesale.com\/wp-content\/uploads\/2025\/04\/0003.jpg",1000,1000,false],"thumbnail":["https:\/\/babypillowwholesale.com\/wp-content\/uploads\/2025\/04\/0003-150x150.jpg",150,150,true],"medium":["https:\/\/babypillowwholesale.com\/wp-content\/uploads\/2025\/04\/0003-300x300.jpg",300,300,true],"medium_large":["https:\/\/babypillowwholesale.com\/wp-content\/uploads\/2025\/04\/0003-768x768.jpg",768,768,true],"large":["https:\/\/babypillowwholesale.com\/wp-content\/uploads\/2025\/04\/0003.jpg",1000,1000,false],"1536x1536":["https:\/\/babypillowwholesale.com\/wp-content\/uploads\/2025\/04\/0003.jpg",1000,1000,false],"2048x2048":["https:\/\/babypillowwholesale.com\/wp-content\/uploads\/2025\/04\/0003.jpg",1000,1000,false],"trp-custom-language-flag":["https:\/\/babypillowwholesale.com\/wp-content\/uploads\/2025\/04\/0003.jpg",12,12,false],"woocommerce_thumbnail":["https:\/\/babypillowwholesale.com\/wp-content\/uploads\/2025\/04\/0003-300x300.jpg",300,300,true],"woocommerce_single":["https:\/\/babypillowwholesale.com\/wp-content\/uploads\/2025\/04\/0003-600x600.jpg",600,600,true],"woocommerce_gallery_thumbnail":["https:\/\/babypillowwholesale.com\/wp-content\/uploads\/2025\/04\/0003-100x100.jpg",100,100,true]},"uagb_author_info":{"display_name":"Etnen zhong","author_link":"https:\/\/babypillowwholesale.com\/lt\/author\/"},"uagb_comment_info":0,"uagb_excerpt":"This Memory Foam Pillow - Thin Bear - shaped Pillow Core, designed for babies aged 0 - 6 months, offers a world of customization and design opportunities. Its endearing bear - shaped form is the perfect canvas for creativity. We can customize the softness level of the hydrophilic foam according to your preference, ensuring the&hellip;","jetpack_sharing_enabled":true,"_links":{"self":[{"href":"https:\/\/babypillowwholesale.com\/lt\/wp-json\/wp\/v2\/product\/3488","targetHints":{"allow":["GET"]}}],"collection":[{"href":"https:\/\/babypillowwholesale.com\/lt\/wp-json\/wp\/v2\/product"}],"about":[{"href":"https:\/\/babypillowwholesale.com\/lt\/wp-json\/wp\/v2\/types\/product"}],"replies":[{"embeddable":true,"href":"https:\/\/babypillowwholesale.com\/lt\/wp-json\/wp\/v2\/comments?post=3488"}],"wp:featuredmedia":[{"embeddable":true,"href":"https:\/\/babypillowwholesale.com\/lt\/wp-json\/wp\/v2\/media\/3489"}],"wp:attachment":[{"href":"https:\/\/babypillowwholesale.com\/lt\/wp-json\/wp\/v2\/media?parent=3488"}],"wp:term":[{"taxonomy":"product_brand","embeddable":true,"href":"https:\/\/babypillowwholesale.com\/lt\/wp-json\/wp\/v2\/product_brand?post=3488"},{"taxonomy":"product_cat","embeddable":true,"href":"https:\/\/babypillowwholesale.com\/lt\/wp-json\/wp\/v2\/product_cat?post=3488"},{"taxonomy":"product_tag","embeddable":true,"href":"https:\/\/babypillowwholesale.com\/lt\/wp-json\/wp\/v2\/product_tag?post=3488"}],"curies":[{"name":"wp","href":"https:\/\/api.w.org\/{rel}","templated":true}]}}