{"id":3485,"date":"2025-04-19T02:35:27","date_gmt":"2025-04-19T02:35:27","guid":{"rendered":"https:\/\/babypillowwholesale.com\/?post_type=product&#038;p=3485"},"modified":"2025-06-05T14:53:09","modified_gmt":"2025-06-05T14:53:09","slug":"memory-foam-pillow-thick-bear-shaped-pillow-core","status":"publish","type":"product","link":"https:\/\/babypillowwholesale.com\/lt\/product\/memory-foam-pillow-thick-bear-shaped-pillow-core\/","title":{"rendered":"Atminties put\u0173 pagalv\u0117 - storas lokys - formos pagalv\u0117s \u0161erdis"},"content":{"rendered":"<div class=\"auto-hide-last-sibling-br paragraph-qzbcQC paragraph-element br-paragraph-space\">\n<div class=\"auto-hide-last-sibling-br paragraph-qzbcQC paragraph-element br-paragraph-space\">\u0160i atminties put\u0173 pagalv\u0117 - storas me\u0161kiuko formos pagalv\u0117s \u0161erdis, sukurta specialiai 0-6 m\u0117nesi\u0173 k\u016bdikiams, yra unikalumo ir pritaikymo galimybi\u0173 pavyzdys. I\u0161 prigimties \u017eavus me\u0161kiuko siluetas - tai ne tik mielas dizaino pasirinkimas, bet ir atspirties ta\u0161kas, nuo kurio galima sukurti vienintel\u0119 ir nepakartojam\u0105 pagalv\u0117l\u0119 k\u016bdikiui.<\/div>\n<p>&nbsp;<\/p>\n<div class=\"auto-hide-last-sibling-br paragraph-qzbcQC paragraph-element br-paragraph-space\">Ventiliacijos angos - pagrindin\u0117 funkcin\u0117 ypatyb\u0117 - n\u0117ra i\u0161kaltos akmenyje. Galime kruop\u0161\u010diai reguliuoti j\u0173 skai\u010di\u0173 ir matmenis, tiksliai nustatydami pagalv\u0117s \u0161erdies pralaidum\u0105 orui, kad atitikt\u0173 konkre\u010dius j\u016bs\u0173 k\u016bdikio komforto poreikius. Tai daugiau nei \u012fprastas pritaikymo lygis, u\u017etikrinantis optimali\u0105 oro cirkuliacij\u0105, kad j\u016bs\u0173 ma\u017eylis gal\u0117t\u0173 ramiai miegoti.<\/div>\n<p>&nbsp;<\/p>\n<div class=\"auto-hide-last-sibling-br paragraph-qzbcQC paragraph-element br-paragraph-space\">Kai kalbama apie i\u0161vaizd\u0105, galimyb\u0117s yra tokios pat neribotos, kaip ir j\u016bs\u0173 vaizduot\u0117. Naudodami tik pa\u010dius saugiausius, netoksi\u0161kus pigmentus, me\u0161kos kail\u012f galime paversti spalv\u0173 mai\u0161tu. \u012esivaizduokite me\u0161kiuk\u0105 \u0161velniausi\u0173 pastelini\u0173 spalv\u0173 kailiuku, sukelian\u010diu ramyb\u0117s poj\u016bt\u012f, arba me\u0161kiuk\u0105, papuo\u0161t\u0105 ry\u0161kiais, linksmais atspalviais, kurie su\u017eadins j\u016bs\u0173 k\u016bdikio smalsum\u0105. Svarbu ne tik estetika, bet ir vizualin\u0117 patirtis, kuri vienodai ramina ir stimuliuoja.<\/div>\n<p>&nbsp;<\/p>\n<div class=\"auto-hide-last-sibling-br paragraph-qzbcQC paragraph-element br-paragraph-space\">Ta\u010diau tuo pritaikymas nesibaigia. Galime prid\u0117ti nuostabi\u0173 puo\u0161men\u0173, pavyzd\u017eiui, rankomis siuvin\u0117tas akis, kurios, rodos, \u0161iltai \u017eybsi, arba siuvin\u0117t\u0105 nos\u012f, kuri suteikia me\u0161kiukui gyvybingo \u017eavesio. \u0160ios ma\u017eos detal\u0117s yra ne tik dekoratyvin\u0117s - jos pagalv\u0117s \u0161erd\u012f i\u0161 paprasto aksesuaro paver\u010dia brangiu j\u016bs\u0173 k\u016bdikio draugu.<\/div>\n<p>&nbsp;<\/p>\n<div class=\"auto-hide-last-sibling-br paragraph-qzbcQC paragraph-element br-paragraph-space\">Su \u0161ia atminties put\u0173 pagalve - storo me\u0161kiuko formos pagalv\u0117s \u0161erdimi gaunate ne tik gamin\u012f, bet ir asmenin\u012f komforto ir mielumo prieglobst\u012f, kuris u\u017eims ypating\u0105 viet\u0105 ankstyvuosiuose j\u016bs\u0173 k\u016bdikio prisiminimuose.<\/div>\n<\/div>","protected":false},"excerpt":{"rendered":"<p>\u0160i atminties put\u0173 pagalv\u0117 - storas me\u0161kiuko formos pagalv\u0117s \u0161erdis, skirta 0-6 m\u0117nesi\u0173 k\u016bdikiams, suteikia pla\u010dias pritaikymo ir dizaino galimybes. Jos \u017eavinga me\u0161kiuko forma yra \u017eavingas pagrindas tolesniam personalizavimui. Ventiliacijos ang\u0173 skai\u010di\u0173 ir dyd\u012f galima reguliuoti pagal konkre\u010dius poreikius, taip optimizuojant oro pralaidum\u0105. Kalbant apie i\u0161vaizd\u0105, me\u0161kiuko \"kail\u012f\" galima da\u017eyti netoksi\u0161komis, k\u016bdikiams nekenksmingomis spalvomis, taip sukuriant \u012fvairi\u0173 miel\u0173 spalv\u0173 schem\u0173, pavyzd\u017eiui, \u0161velni\u0173 pastelini\u0173 spalv\u0173 me\u0161kiuk\u0105, kad jis atrodyt\u0173 \u0161velniai, arba ry\u0161kesni\u0173 spalv\u0173, kad jis b\u016bt\u0173 \u017eaismingas. Be to, galima prid\u0117ti nedideli\u0173 pagra\u017einim\u0173, pavyzd\u017eiui, i\u0161siuvin\u0117t\u0173 aki\u0173 ar i\u0161siuvin\u0117tos nosies, kad me\u0161kiuko forma b\u016bt\u0173 ry\u0161kesn\u0117 ir mielesn\u0117. Toks pritaikymas leid\u017eia t\u0117vams sukurti unikali\u0105 ir ypating\u0105 pagalv\u0117s \u0161erd\u012f, kuri ne tik atitikt\u0173 funkcinius reikalavimus, bet ir tapt\u0173 mylimu prisiminimu j\u0173 ma\u017eyliams.<\/p>","protected":false},"featured_media":3486,"comment_status":"open","ping_status":"closed","template":"","meta":{"_uag_custom_page_level_css":"","site-sidebar-layout":"default","site-content-layout":"","ast-site-content-layout":"default","site-content-style":"default","site-sidebar-style":"default","ast-global-header-display":"","ast-banner-title-visibility":"","ast-main-header-display":"","ast-hfb-above-header-display":"","ast-hfb-below-header-display":"","ast-hfb-mobile-header-display":"","site-post-title":"","ast-breadcrumbs-content":"","ast-featured-img":"","footer-sml-layout":"","ast-disable-related-posts":"","theme-transparent-header-meta":"default","adv-header-id-meta":"","stick-header-meta":"","header-above-stick-meta":"","header-main-stick-meta":"","header-below-stick-meta":"","astra-migrate-meta-layouts":"set","ast-page-background-enabled":"default","ast-page-background-meta":{"desktop":{"background-color":"","background-image":"","background-repeat":"repeat","background-position":"center center","background-size":"auto","background-attachment":"scroll","background-type":"","background-media":"","overlay-type":"","overlay-color":"","overlay-opacity":"","overlay-gradient":""},"tablet":{"background-color":"","background-image":"","background-repeat":"repeat","background-position":"center center","background-size":"auto","background-attachment":"scroll","background-type":"","background-media":"","overlay-type":"","overlay-color":"","overlay-opacity":"","overlay-gradient":""},"mobile":{"background-color":"","background-image":"","background-repeat":"repeat","background-position":"center center","background-size":"auto","background-attachment":"scroll","background-type":"","background-media":"","overlay-type":"","overlay-color":"","overlay-opacity":"","overlay-gradient":""}},"ast-content-background-meta":{"desktop":{"background-color":"var(--ast-global-color-5)","background-image":"","background-repeat":"repeat","background-position":"center center","background-size":"auto","background-attachment":"scroll","background-type":"","background-media":"","overlay-type":"","overlay-color":"","overlay-opacity":"","overlay-gradient":""},"tablet":{"background-color":"var(--ast-global-color-5)","background-image":"","background-repeat":"repeat","background-position":"center center","background-size":"auto","background-attachment":"scroll","background-type":"","background-media":"","overlay-type":"","overlay-color":"","overlay-opacity":"","overlay-gradient":""},"mobile":{"background-color":"var(--ast-global-color-5)","background-image":"","background-repeat":"repeat","background-position":"center center","background-size":"auto","background-attachment":"scroll","background-type":"","background-media":"","overlay-type":"","overlay-color":"","overlay-opacity":"","overlay-gradient":""}}},"product_brand":[],"product_cat":[65,32],"product_tag":[70,68,71,69],"class_list":{"0":"post-3485","1":"product","2":"type-product","3":"status-publish","4":"has-post-thumbnail","6":"product_cat-0-to-6months-oem","7":"product_cat-customize","8":"product_tag-babypillow","9":"product_tag-cuteanimalpillow","10":"product_tag-headshapesupport","11":"product_tag-kouniushapingpillow","12":"desktop-align-left","13":"tablet-align-left","14":"mobile-align-left","16":"first","17":"instock","18":"shipping-taxable","19":"product-type-simple"},"aioseo_notices":[],"uagb_featured_image_src":{"full":["https:\/\/babypillowwholesale.com\/wp-content\/uploads\/2025\/04\/0002.jpg",1000,1000,false],"thumbnail":["https:\/\/babypillowwholesale.com\/wp-content\/uploads\/2025\/04\/0002-150x150.jpg",150,150,true],"medium":["https:\/\/babypillowwholesale.com\/wp-content\/uploads\/2025\/04\/0002-300x300.jpg",300,300,true],"medium_large":["https:\/\/babypillowwholesale.com\/wp-content\/uploads\/2025\/04\/0002-768x768.jpg",768,768,true],"large":["https:\/\/babypillowwholesale.com\/wp-content\/uploads\/2025\/04\/0002.jpg",1000,1000,false],"1536x1536":["https:\/\/babypillowwholesale.com\/wp-content\/uploads\/2025\/04\/0002.jpg",1000,1000,false],"2048x2048":["https:\/\/babypillowwholesale.com\/wp-content\/uploads\/2025\/04\/0002.jpg",1000,1000,false],"trp-custom-language-flag":["https:\/\/babypillowwholesale.com\/wp-content\/uploads\/2025\/04\/0002.jpg",12,12,false],"woocommerce_thumbnail":["https:\/\/babypillowwholesale.com\/wp-content\/uploads\/2025\/04\/0002-300x300.jpg",300,300,true],"woocommerce_single":["https:\/\/babypillowwholesale.com\/wp-content\/uploads\/2025\/04\/0002-600x600.jpg",600,600,true],"woocommerce_gallery_thumbnail":["https:\/\/babypillowwholesale.com\/wp-content\/uploads\/2025\/04\/0002-100x100.jpg",100,100,true]},"uagb_author_info":{"display_name":"Etnen zhong","author_link":"https:\/\/babypillowwholesale.com\/lt\/author\/"},"uagb_comment_info":0,"uagb_excerpt":"This Memory Foam Pillow - Thick Bear - shaped Pillow Core, designed for babies aged 0 - 6 months, offers extensive customization and design potential. Its adorable bear - like form serves as a charming base for further personalization. The number and size of the ventilation holes can be adjusted according to specific needs, optimizing&hellip;","jetpack_sharing_enabled":true,"_links":{"self":[{"href":"https:\/\/babypillowwholesale.com\/lt\/wp-json\/wp\/v2\/product\/3485","targetHints":{"allow":["GET"]}}],"collection":[{"href":"https:\/\/babypillowwholesale.com\/lt\/wp-json\/wp\/v2\/product"}],"about":[{"href":"https:\/\/babypillowwholesale.com\/lt\/wp-json\/wp\/v2\/types\/product"}],"replies":[{"embeddable":true,"href":"https:\/\/babypillowwholesale.com\/lt\/wp-json\/wp\/v2\/comments?post=3485"}],"wp:featuredmedia":[{"embeddable":true,"href":"https:\/\/babypillowwholesale.com\/lt\/wp-json\/wp\/v2\/media\/3486"}],"wp:attachment":[{"href":"https:\/\/babypillowwholesale.com\/lt\/wp-json\/wp\/v2\/media?parent=3485"}],"wp:term":[{"taxonomy":"product_brand","embeddable":true,"href":"https:\/\/babypillowwholesale.com\/lt\/wp-json\/wp\/v2\/product_brand?post=3485"},{"taxonomy":"product_cat","embeddable":true,"href":"https:\/\/babypillowwholesale.com\/lt\/wp-json\/wp\/v2\/product_cat?post=3485"},{"taxonomy":"product_tag","embeddable":true,"href":"https:\/\/babypillowwholesale.com\/lt\/wp-json\/wp\/v2\/product_tag?post=3485"}],"curies":[{"name":"wp","href":"https:\/\/api.w.org\/{rel}","templated":true}]}}