{"id":3474,"date":"2025-04-18T16:21:06","date_gmt":"2025-04-18T16:21:06","guid":{"rendered":"https:\/\/babypillowwholesale.com\/?post_type=product&#038;p=3474"},"modified":"2025-06-05T14:55:58","modified_gmt":"2025-06-05T14:55:58","slug":"memory-foam-pillow-round-pillow-core","status":"publish","type":"product","link":"https:\/\/babypillowwholesale.com\/lt\/product\/memory-foam-pillow-round-pillow-core\/","title":{"rendered":"Atminties put\u0173 pagalv\u0117 - apvali pagalv\u0117s \u0161erdis"},"content":{"rendered":"<div class=\"auto-hide-last-sibling-br paragraph-qzbcQC paragraph-element br-paragraph-space\">\u0160i atminties put\u0173 pagalv\u0117 su apvalia pagalv\u0117s \u0161erdimi, pritaikyta 0-6 m\u0117nesi\u0173 k\u016bdikiams, yra neribot\u0173 galimybi\u0173 drob\u0117, kai kalbama apie modelio pritaikym\u0105 ir dizain\u0105. Jos glotnus pavir\u0161ius paruo\u0161tas transformacijai, tod\u0117l suteikia i\u0161skirtin\u0119 galimyb\u0119 sukurti unikal\u0173 k\u016brin\u012f.<\/div>\n<p>&nbsp;<\/p>\n<div class=\"auto-hide-last-sibling-br paragraph-qzbcQC paragraph-element br-paragraph-space\">\u012esivaizduokite, kad j\u012f puo\u0161ia kerintys motyvai, kurie ne tik vizualiai \u017eavi, bet ir primena k\u016bdikyst\u0117s nekaltum\u0105. Subtil\u016bs mi\u0161ko b\u016btybi\u0173, pavyzd\u017eiui, \u0161velni\u0173 elni\u0173 ar smalsi\u0173 voveri\u0173, ra\u0161tai gali suteikti gamtos \u017eavesio. Arba galb\u016bt svajing\u0173 \u017evaig\u017edyn\u0173 su mirgan\u010diomis \u017evaig\u017edut\u0117mis ir besi\u0161ypsan\u010diu m\u0117nuliu, kad ma\u017eylis u\u017emigt\u0173 dangi\u0161ku miegu. \u0160ie ra\u0161tai parinkti ne atsitiktinai - jie kruop\u0161\u010diai atrinkti, kad sukurt\u0173 j\u016bs\u0173 k\u016bdik\u012f raminant\u012f regin\u012f.<\/div>\n<p>&nbsp;<\/p>\n<div class=\"auto-hide-last-sibling-br paragraph-qzbcQC paragraph-element br-paragraph-space\">Taikydami moderniausius netoksi\u0161kus spausdinimo b\u016bdus u\u017etikriname, kad kiekvienas dizainas ne tik d\u017eiugint\u0173 akis, bet ir b\u016bt\u0173 visi\u0161kai saugus jautriai k\u016bdikio odai. Toks pritaikymo lygis neapsiriboja vien estetika; t\u0117vai gali \u012f \u0161\u012f b\u016btin\u0105 daikt\u0105 perkelti savo asmenin\u012f stili\u0173 ir unikali\u0105 dar\u017eelio atmosfer\u0105. Nesvarbu, ar siekiate modernaus, minimalistinio \u012fvaizd\u017eio, ar \u012fnoringos, pasak\u0173 knyg\u0173 \u012fkv\u0117ptos temos, \u0161i\u0105 pagalv\u0117s \u0161erd\u012f galima pritaikyti taip, kad ji tapt\u0173 i\u0161skirtiniu, pagal individual\u0173 u\u017esakym\u0105 sukurtu j\u016bs\u0173 k\u016bdikio pasaulio papildymu.<\/div>","protected":false},"excerpt":{"rendered":"<p>\u0160i\u0105 atminties put\u0173 pagalv\u0119 su apvalia pagalv\u0117s \u0161erdimi, tinkan\u010di\u0105 k\u016bdikiams nuo 0 iki 6 m\u0117nesi\u0173, galima labai lengvai pritaikyti ir kurti. Lygus pagalv\u0117s \u0161erdies pavir\u0161ius yra ideali drob\u0117 \u012fvairiems ra\u0161tams. Galima prid\u0117ti \u0161velni\u0173, k\u016bdikiui draugi\u0161k\u0173 motyv\u0173, pavyzd\u017eiui, miel\u0173 gyv\u016bn\u0173 ra\u0161t\u0173, \u0161velni\u0173 g\u0117li\u0173 ra\u0161t\u0173 arba \u012fmantri\u0173 dangaus element\u0173, pavyzd\u017eiui, \u017evaig\u017ed\u017ei\u0173 ir m\u0117nuli\u0173. \u0160iuos ra\u0161tus galima atspausdinti netoksi\u0161kais, k\u016bdikiui saugiais spaudos b\u016bdais, kad jie b\u016bt\u0173 saug\u016bs jautriai k\u016bdikio odelei. Pasirinktiniai ra\u0161tai gali ne tik padidinti pagalv\u0117s patrauklum\u0105, bet ir leisti t\u0117vams pasirinkti j\u0173 vaik\u0173 kambario interjer\u0105 ar asmeninius pageidavimus atitinkan\u010dius ra\u0161tus, taip suteikiant \u0161iam b\u016btinam k\u016bdikio daiktui i\u0161skirtinumo.<\/p>","protected":false},"featured_media":3484,"comment_status":"open","ping_status":"closed","template":"","meta":{"_uag_custom_page_level_css":"","site-sidebar-layout":"default","site-content-layout":"","ast-site-content-layout":"default","site-content-style":"default","site-sidebar-style":"default","ast-global-header-display":"","ast-banner-title-visibility":"","ast-main-header-display":"","ast-hfb-above-header-display":"","ast-hfb-below-header-display":"","ast-hfb-mobile-header-display":"","site-post-title":"","ast-breadcrumbs-content":"","ast-featured-img":"","footer-sml-layout":"","ast-disable-related-posts":"","theme-transparent-header-meta":"default","adv-header-id-meta":"","stick-header-meta":"","header-above-stick-meta":"","header-main-stick-meta":"","header-below-stick-meta":"","astra-migrate-meta-layouts":"set","ast-page-background-enabled":"default","ast-page-background-meta":{"desktop":{"background-color":"","background-image":"","background-repeat":"repeat","background-position":"center center","background-size":"auto","background-attachment":"scroll","background-type":"","background-media":"","overlay-type":"","overlay-color":"","overlay-opacity":"","overlay-gradient":""},"tablet":{"background-color":"","background-image":"","background-repeat":"repeat","background-position":"center center","background-size":"auto","background-attachment":"scroll","background-type":"","background-media":"","overlay-type":"","overlay-color":"","overlay-opacity":"","overlay-gradient":""},"mobile":{"background-color":"","background-image":"","background-repeat":"repeat","background-position":"center center","background-size":"auto","background-attachment":"scroll","background-type":"","background-media":"","overlay-type":"","overlay-color":"","overlay-opacity":"","overlay-gradient":""}},"ast-content-background-meta":{"desktop":{"background-color":"var(--ast-global-color-5)","background-image":"","background-repeat":"repeat","background-position":"center center","background-size":"auto","background-attachment":"scroll","background-type":"","background-media":"","overlay-type":"","overlay-color":"","overlay-opacity":"","overlay-gradient":""},"tablet":{"background-color":"var(--ast-global-color-5)","background-image":"","background-repeat":"repeat","background-position":"center center","background-size":"auto","background-attachment":"scroll","background-type":"","background-media":"","overlay-type":"","overlay-color":"","overlay-opacity":"","overlay-gradient":""},"mobile":{"background-color":"var(--ast-global-color-5)","background-image":"","background-repeat":"repeat","background-position":"center center","background-size":"auto","background-attachment":"scroll","background-type":"","background-media":"","overlay-type":"","overlay-color":"","overlay-opacity":"","overlay-gradient":""}}},"product_brand":[],"product_cat":[65,32],"product_tag":[70,68,71,69],"class_list":{"0":"post-3474","1":"product","2":"type-product","3":"status-publish","4":"has-post-thumbnail","6":"product_cat-0-to-6months-oem","7":"product_cat-customize","8":"product_tag-babypillow","9":"product_tag-cuteanimalpillow","10":"product_tag-headshapesupport","11":"product_tag-kouniushapingpillow","12":"desktop-align-left","13":"tablet-align-left","14":"mobile-align-left","16":"first","17":"instock","18":"shipping-taxable","19":"product-type-simple"},"aioseo_notices":[],"uagb_featured_image_src":{"full":["https:\/\/babypillowwholesale.com\/wp-content\/uploads\/2025\/04\/0001.jpg",1000,1000,false],"thumbnail":["https:\/\/babypillowwholesale.com\/wp-content\/uploads\/2025\/04\/0001-150x150.jpg",150,150,true],"medium":["https:\/\/babypillowwholesale.com\/wp-content\/uploads\/2025\/04\/0001-300x300.jpg",300,300,true],"medium_large":["https:\/\/babypillowwholesale.com\/wp-content\/uploads\/2025\/04\/0001-768x768.jpg",768,768,true],"large":["https:\/\/babypillowwholesale.com\/wp-content\/uploads\/2025\/04\/0001.jpg",1000,1000,false],"1536x1536":["https:\/\/babypillowwholesale.com\/wp-content\/uploads\/2025\/04\/0001.jpg",1000,1000,false],"2048x2048":["https:\/\/babypillowwholesale.com\/wp-content\/uploads\/2025\/04\/0001.jpg",1000,1000,false],"trp-custom-language-flag":["https:\/\/babypillowwholesale.com\/wp-content\/uploads\/2025\/04\/0001.jpg",12,12,false],"woocommerce_thumbnail":["https:\/\/babypillowwholesale.com\/wp-content\/uploads\/2025\/04\/0001-300x300.jpg",300,300,true],"woocommerce_single":["https:\/\/babypillowwholesale.com\/wp-content\/uploads\/2025\/04\/0001-600x600.jpg",600,600,true],"woocommerce_gallery_thumbnail":["https:\/\/babypillowwholesale.com\/wp-content\/uploads\/2025\/04\/0001-100x100.jpg",100,100,true]},"uagb_author_info":{"display_name":"Etnen zhong","author_link":"https:\/\/babypillowwholesale.com\/lt\/author\/"},"uagb_comment_info":0,"uagb_excerpt":"This Memory Foam Pillow - Round Pillow Core, suitable for babies from 0 - 6 months, offers great potential for pattern customization and design. The smooth surface of the pillow core provides an ideal canvas for various designs. Gentle, baby - friendly motifs such as cute animal prints, soft floral patterns, or whimsical celestial elements&hellip;","jetpack_sharing_enabled":true,"_links":{"self":[{"href":"https:\/\/babypillowwholesale.com\/lt\/wp-json\/wp\/v2\/product\/3474","targetHints":{"allow":["GET"]}}],"collection":[{"href":"https:\/\/babypillowwholesale.com\/lt\/wp-json\/wp\/v2\/product"}],"about":[{"href":"https:\/\/babypillowwholesale.com\/lt\/wp-json\/wp\/v2\/types\/product"}],"replies":[{"embeddable":true,"href":"https:\/\/babypillowwholesale.com\/lt\/wp-json\/wp\/v2\/comments?post=3474"}],"wp:featuredmedia":[{"embeddable":true,"href":"https:\/\/babypillowwholesale.com\/lt\/wp-json\/wp\/v2\/media\/3484"}],"wp:attachment":[{"href":"https:\/\/babypillowwholesale.com\/lt\/wp-json\/wp\/v2\/media?parent=3474"}],"wp:term":[{"taxonomy":"product_brand","embeddable":true,"href":"https:\/\/babypillowwholesale.com\/lt\/wp-json\/wp\/v2\/product_brand?post=3474"},{"taxonomy":"product_cat","embeddable":true,"href":"https:\/\/babypillowwholesale.com\/lt\/wp-json\/wp\/v2\/product_cat?post=3474"},{"taxonomy":"product_tag","embeddable":true,"href":"https:\/\/babypillowwholesale.com\/lt\/wp-json\/wp\/v2\/product_tag?post=3474"}],"curies":[{"name":"wp","href":"https:\/\/api.w.org\/{rel}","templated":true}]}}