{"id":3469,"date":"2025-04-18T15:46:47","date_gmt":"2025-04-18T15:46:47","guid":{"rendered":"https:\/\/babypillowwholesale.com\/?post_type=product&#038;p=3469"},"modified":"2025-06-05T16:08:42","modified_gmt":"2025-06-05T16:08:42","slug":"multifunctional-positioning-baby-sleep-pillow","status":"publish","type":"product","link":"https:\/\/babypillowwholesale.com\/lt\/product\/multifunctional-positioning-baby-sleep-pillow\/","title":{"rendered":"Daugiafunkcin\u0117 pad\u0117ties nustatymo k\u016bdikio miego pagalv\u0117"},"content":{"rendered":"<div class=\"auto-hide-last-sibling-br paragraph-qzbcQC paragraph-element br-paragraph-space\" data-immersive-translate-walked=\"8e61f2e7-6af2-46e5-9672-3b9e4f4033d9\" data-immersive-translate-paragraph=\"1\">\n<div class=\"auto-hide-last-sibling-br paragraph-qzbcQC paragraph-element br-paragraph-space\">\n<div class=\"auto-hide-last-sibling-br paragraph-qzbcQC paragraph-element br-paragraph-space\">\n<div class=\"auto-hide-last-sibling-br paragraph-qzbcQC paragraph-element br-paragraph-space\">\n<div class=\"auto-hide-last-sibling-br paragraph-qzbcQC paragraph-element br-paragraph-space\">\n<div class=\"auto-hide-last-sibling-br paragraph-qzbcQC paragraph-element br-paragraph-space\">\n<div class=\"inter-wlTS5w\">\n<div class=\"container-QE4ayg\">\n<div class=\"item-jU10IN\">\n<div class=\"container-jODEnh chrome70-container\">\n<div class=\"inner-eE95c9 inner-item-aL3Ui_\" data-target-id=\"message-box-target-id\" data-testid=\"union_message\">\n<div class=\"message-block-container-liuetz\" data-testid=\"message-block-container\">\n<div class=\"message-box-ZWbBdF\" data-testid=\"receive_message\">\n<div class=\"message-box-content-wrapper-srHdUj\">\n<div class=\"message-content message-box-content-otxGGw receive-message-box-content-_lREFj samantha-message-box-content-Qjmpja\" data-testid=\"message_content\">\n<div class=\"container-hfX5E8 flow-markdown-body theme-samantha-yJEgBp\" dir=\"ltr\" data-testid=\"message_text_content\" data-show-indicator=\"false\">\n<div class=\"auto-hide-last-sibling-br paragraph-qzbcQC paragraph-element br-paragraph-space\">\n<div class=\"auto-hide-last-sibling-br paragraph-qzbcQC paragraph-element br-paragraph-space\">\n<div class=\"auto-hide-last-sibling-br paragraph-qzbcQC paragraph-element br-paragraph-space\">\n<div class=\"auto-hide-last-sibling-br paragraph-qzbcQC paragraph-element br-paragraph-space\">\n<div class=\"message-box-content-wrapper-srHdUj\">\n<div class=\"message-content message-box-content-otxGGw receive-message-box-content-_lREFj samantha-message-box-content-Qjmpja\" data-testid=\"message_content\">\n<div class=\"container-hfX5E8 flow-markdown-body theme-samantha-yJEgBp\" dir=\"ltr\" data-testid=\"message_text_content\" data-show-indicator=\"false\">\n<div class=\"auto-hide-last-sibling-br paragraph-qzbcQC paragraph-element br-paragraph-space\">\n<div class=\"auto-hide-last-sibling-br paragraph-qzbcQC paragraph-element br-paragraph-space\">\n<div class=\"auto-hide-last-sibling-br paragraph-qzbcQC paragraph-element br-paragraph-space\">Pristatome daugiafunkcin\u0119 pozicin\u0119 k\u016bdikio miego pagalv\u0119 - nepakei\u010diam\u0105 0-6 m\u0117nesi\u0173 am\u017eiaus k\u016bdiki\u0173 pagalv\u0117l\u0119. \u0160i pagalv\u0117 - tai komforto oaz\u0117, kruop\u0161\u010diai sukurta atsi\u017evelgiant \u012f j\u016bs\u0173 k\u016bdikio gerov\u0119.<\/div>\n<p>&nbsp;<\/p>\n<div class=\"auto-hide-last-sibling-br paragraph-qzbcQC paragraph-element br-paragraph-space\">Vidin\u0117 \u0161erdis, pagaminta i\u0161 suspaudimui atsparios medviln\u0117s, yra in\u017einerijos stebuklas. Ji \u0161velniai, bet tvirtai priglunda prie \u0161velni\u0173 k\u016bdikio form\u0173 ir laikui b\u0117gant i\u0161laiko savo form\u0105. Taip u\u017etikrinama, kad kiekvienas naudojimas b\u016bt\u0173 toks pat patogus, kaip ir pirmasis, nes suteikia pastovi\u0105 ir jauki\u0105 poilsio viet\u0105.<\/div>\n<p>&nbsp;<\/p>\n<div class=\"auto-hide-last-sibling-br paragraph-qzbcQC paragraph-element br-paragraph-space\">I\u0161orinis sluoksnis - harmoningas mink\u0161tos medviln\u0117s ir patvaraus poliesterio pluo\u0161to mi\u0161inys - maloniai veikia jautri\u0105 k\u016bdikio od\u0105. Jis ne tik ne\u012ftik\u0117tinai \u0161velnus, bet ir sukurtas taip, kad atlaikyt\u0173 kasdienio naudojimo sunkumus, tod\u0117l valymas tampa lengvas.<\/div>\n<p>&nbsp;<\/p>\n<div class=\"auto-hide-last-sibling-br paragraph-qzbcQC paragraph-element br-paragraph-space\">Matavimas 28*<em>40*<\/em>60 cm, tod\u0117l j\u016bs\u0173 ma\u017eyliui suteikiama erdvi ir saugi vieta. Maitinant k\u016bdik\u012f, ji padeda k\u016bdikiui \u012f puiki\u0105 pad\u0117t\u012f, suma\u017eina i\u0161siliejimo rizik\u0105 ir suteikia daugiau komforto tiek k\u016bdikiui, tiek t\u0117vams. K\u016bdikiui snaud\u017eiant ar tiesiog atsipalaidavimo akimirk\u0105, jis gali b\u016bti paguldytas, kad jaust\u0173si saugiai ir jaukiai.<\/div>\n<p>&nbsp;<\/p>\n<div class=\"auto-hide-last-sibling-br paragraph-qzbcQC paragraph-element br-paragraph-space\">T\u0117vai d\u017eiaug\u0117si \u0161iuo gaminiu. \"\u0160i pagalv\u0117 kei\u010dia \u017eaidim\u0105! Su ja maitinti daug lengviau, o mano k\u016bdikis joje jau\u010diasi taip patogiai. Man patinka, kokia ji mink\u0161ta\", - dalijosi nauja mama. Kitas t\u0117velis d\u017eiaug\u0117si: \"Nerimavau d\u0117l savo k\u016bdikio pad\u0117ties miego metu, bet \u0161i pagalv\u0117 i\u0161laiko j\u012f vietoje. J\u0105 b\u016btina tur\u0117ti visiems naujiems t\u0117vams\".<\/div>\n<p>&nbsp;<\/p>\n<div class=\"auto-hide-last-sibling-br paragraph-qzbcQC paragraph-element br-paragraph-space\">I\u0161 esm\u0117s daugiafunkcin\u0117 k\u016bdikio miego pagalv\u0117 yra daugiau nei tik pagalv\u0117 - tai ramyb\u0117s \u0161altinis, komforto lop\u0161ys ir b\u016btinas k\u016bdikio kambario priedas.<\/div>\n<\/div>\n<\/div>\n<\/div>\n<\/div>\n<\/div>\n<\/div>\n<\/div>\n<\/div>\n<\/div>\n<\/div>\n<\/div>\n<\/div>\n<\/div>\n<\/div>\n<\/div>\n<\/div>\n<\/div>\n<\/div>\n<\/div>\n<\/div>\n<\/div>\n<\/div>\n<\/div>\n<\/div>\n<\/div>","protected":false},"excerpt":{"rendered":"<p>Daugiafunkcin\u0117 pozicin\u0117 k\u016bdikio miego pagalv\u0117 yra b\u016btinas daiktas 0-6 m\u0117nesi\u0173 k\u016bdikiams. Jos ergonomi\u0161kas dizainas suteikia saugi\u0105 ir patogi\u0105 viet\u0105 k\u016bdikiams. Vidinis branduolys, pagamintas i\u0161 suspaudimui atsparios medviln\u0117s, suteikia \u0161velni\u0105 atram\u0105 ir gerai i\u0161laiko savo form\u0105, u\u017etikrindamas ilgalaik\u012f komfort\u0105. I\u0161orinis sluoksnis, medviln\u0117s ir poliesterio pluo\u0161to derinys, yra mink\u0161tas ir draugi\u0161kas odai, taip pat patvarus ir lengvai valomas. Specifikacija 28*<em>40*<\/em>60 cm, tod\u0117l joje yra pakankamai vietos k\u016bdikiui patogiai gul\u0117ti. Nesvarbu, ar tai b\u016bt\u0173 maitinimas, ar snaudimas, ar tiesiog poilsis, \u0161i pagalv\u0117 padeda i\u0161laikyti k\u016bdik\u012f tinkamoje pad\u0117tyje, skatindama geresn\u012f mieg\u0105 ir saugum\u0105.<\/p>","protected":false},"featured_media":3470,"comment_status":"open","ping_status":"closed","template":"","meta":{"_uag_custom_page_level_css":"","site-sidebar-layout":"default","site-content-layout":"","ast-site-content-layout":"default","site-content-style":"default","site-sidebar-style":"default","ast-global-header-display":"","ast-banner-title-visibility":"","ast-main-header-display":"","ast-hfb-above-header-display":"","ast-hfb-below-header-display":"","ast-hfb-mobile-header-display":"","site-post-title":"","ast-breadcrumbs-content":"","ast-featured-img":"","footer-sml-layout":"","ast-disable-related-posts":"","theme-transparent-header-meta":"default","adv-header-id-meta":"","stick-header-meta":"","header-above-stick-meta":"","header-main-stick-meta":"","header-below-stick-meta":"","astra-migrate-meta-layouts":"set","ast-page-background-enabled":"default","ast-page-background-meta":{"desktop":{"background-color":"","background-image":"","background-repeat":"repeat","background-position":"center center","background-size":"auto","background-attachment":"scroll","background-type":"","background-media":"","overlay-type":"","overlay-color":"","overlay-opacity":"","overlay-gradient":""},"tablet":{"background-color":"","background-image":"","background-repeat":"repeat","background-position":"center center","background-size":"auto","background-attachment":"scroll","background-type":"","background-media":"","overlay-type":"","overlay-color":"","overlay-opacity":"","overlay-gradient":""},"mobile":{"background-color":"","background-image":"","background-repeat":"repeat","background-position":"center center","background-size":"auto","background-attachment":"scroll","background-type":"","background-media":"","overlay-type":"","overlay-color":"","overlay-opacity":"","overlay-gradient":""}},"ast-content-background-meta":{"desktop":{"background-color":"var(--ast-global-color-5)","background-image":"","background-repeat":"repeat","background-position":"center center","background-size":"auto","background-attachment":"scroll","background-type":"","background-media":"","overlay-type":"","overlay-color":"","overlay-opacity":"","overlay-gradient":""},"tablet":{"background-color":"var(--ast-global-color-5)","background-image":"","background-repeat":"repeat","background-position":"center center","background-size":"auto","background-attachment":"scroll","background-type":"","background-media":"","overlay-type":"","overlay-color":"","overlay-opacity":"","overlay-gradient":""},"mobile":{"background-color":"var(--ast-global-color-5)","background-image":"","background-repeat":"repeat","background-position":"center center","background-size":"auto","background-attachment":"scroll","background-type":"","background-media":"","overlay-type":"","overlay-color":"","overlay-opacity":"","overlay-gradient":""}}},"product_brand":[],"product_cat":[21],"product_tag":[70,68,71,69],"class_list":{"0":"post-3469","1":"product","2":"type-product","3":"status-publish","4":"has-post-thumbnail","6":"product_cat-others","7":"product_tag-babypillow","8":"product_tag-cuteanimalpillow","9":"product_tag-headshapesupport","10":"product_tag-kouniushapingpillow","11":"desktop-align-left","12":"tablet-align-left","13":"mobile-align-left","15":"first","16":"instock","17":"shipping-taxable","18":"product-type-simple"},"aioseo_notices":[],"uagb_featured_image_src":{"full":["https:\/\/babypillowwholesale.com\/wp-content\/uploads\/2025\/04\/028.jpg",1000,1000,false],"thumbnail":["https:\/\/babypillowwholesale.com\/wp-content\/uploads\/2025\/04\/028-150x150.jpg",150,150,true],"medium":["https:\/\/babypillowwholesale.com\/wp-content\/uploads\/2025\/04\/028-300x300.jpg",300,300,true],"medium_large":["https:\/\/babypillowwholesale.com\/wp-content\/uploads\/2025\/04\/028-768x768.jpg",768,768,true],"large":["https:\/\/babypillowwholesale.com\/wp-content\/uploads\/2025\/04\/028.jpg",1000,1000,false],"1536x1536":["https:\/\/babypillowwholesale.com\/wp-content\/uploads\/2025\/04\/028.jpg",1000,1000,false],"2048x2048":["https:\/\/babypillowwholesale.com\/wp-content\/uploads\/2025\/04\/028.jpg",1000,1000,false],"trp-custom-language-flag":["https:\/\/babypillowwholesale.com\/wp-content\/uploads\/2025\/04\/028.jpg",12,12,false],"woocommerce_thumbnail":["https:\/\/babypillowwholesale.com\/wp-content\/uploads\/2025\/04\/028-300x300.jpg",300,300,true],"woocommerce_single":["https:\/\/babypillowwholesale.com\/wp-content\/uploads\/2025\/04\/028-600x600.jpg",600,600,true],"woocommerce_gallery_thumbnail":["https:\/\/babypillowwholesale.com\/wp-content\/uploads\/2025\/04\/028-100x100.jpg",100,100,true]},"uagb_author_info":{"display_name":"Etnen zhong","author_link":"https:\/\/babypillowwholesale.com\/lt\/author\/"},"uagb_comment_info":0,"uagb_excerpt":"The Multifunctional Positioning Baby Sleep Pillow is an essential item for infants aged 0 - 6 months. Its ergonomic design provides a secure and comfortable space for babies. The inner core, made of compression - resistant rebound cotton, offers gentle support and maintains its shape well, ensuring long - lasting comfort. The outer layer, a&hellip;","jetpack_sharing_enabled":true,"_links":{"self":[{"href":"https:\/\/babypillowwholesale.com\/lt\/wp-json\/wp\/v2\/product\/3469","targetHints":{"allow":["GET"]}}],"collection":[{"href":"https:\/\/babypillowwholesale.com\/lt\/wp-json\/wp\/v2\/product"}],"about":[{"href":"https:\/\/babypillowwholesale.com\/lt\/wp-json\/wp\/v2\/types\/product"}],"replies":[{"embeddable":true,"href":"https:\/\/babypillowwholesale.com\/lt\/wp-json\/wp\/v2\/comments?post=3469"}],"wp:featuredmedia":[{"embeddable":true,"href":"https:\/\/babypillowwholesale.com\/lt\/wp-json\/wp\/v2\/media\/3470"}],"wp:attachment":[{"href":"https:\/\/babypillowwholesale.com\/lt\/wp-json\/wp\/v2\/media?parent=3469"}],"wp:term":[{"taxonomy":"product_brand","embeddable":true,"href":"https:\/\/babypillowwholesale.com\/lt\/wp-json\/wp\/v2\/product_brand?post=3469"},{"taxonomy":"product_cat","embeddable":true,"href":"https:\/\/babypillowwholesale.com\/lt\/wp-json\/wp\/v2\/product_cat?post=3469"},{"taxonomy":"product_tag","embeddable":true,"href":"https:\/\/babypillowwholesale.com\/lt\/wp-json\/wp\/v2\/product_tag?post=3469"}],"curies":[{"name":"wp","href":"https:\/\/api.w.org\/{rel}","templated":true}]}}