{"id":3451,"date":"2025-04-17T15:57:48","date_gmt":"2025-04-17T15:57:48","guid":{"rendered":"https:\/\/babypillowwholesale.com\/?post_type=product&#038;p=3451"},"modified":"2025-06-08T02:16:42","modified_gmt":"2025-06-08T02:16:42","slug":"foldable-travel-pillow","status":"publish","type":"product","link":"https:\/\/babypillowwholesale.com\/lt\/product\/foldable-travel-pillow\/","title":{"rendered":"Sulankstoma kelionin\u0117 pagalv\u0117"},"content":{"rendered":"<div class=\"auto-hide-last-sibling-br paragraph-qzbcQC paragraph-element br-paragraph-space\" data-immersive-translate-walked=\"8e61f2e7-6af2-46e5-9672-3b9e4f4033d9\" data-immersive-translate-paragraph=\"1\">\n<div class=\"auto-hide-last-sibling-br paragraph-qzbcQC paragraph-element br-paragraph-space\">\n<div class=\"auto-hide-last-sibling-br paragraph-qzbcQC paragraph-element br-paragraph-space\">\n<div class=\"auto-hide-last-sibling-br paragraph-qzbcQC paragraph-element br-paragraph-space\">\n<div class=\"auto-hide-last-sibling-br paragraph-qzbcQC paragraph-element br-paragraph-space\">\n<div class=\"auto-hide-last-sibling-br paragraph-qzbcQC paragraph-element br-paragraph-space\">\n<div class=\"inter-wlTS5w\">\n<div class=\"container-QE4ayg\">\n<div class=\"item-jU10IN\">\n<div class=\"container-jODEnh chrome70-container\">\n<div class=\"inner-eE95c9 inner-item-aL3Ui_\" data-target-id=\"message-box-target-id\" data-testid=\"union_message\">\n<div class=\"message-block-container-liuetz\" data-testid=\"message-block-container\">\n<div class=\"message-box-ZWbBdF\" data-testid=\"receive_message\">\n<div class=\"message-box-content-wrapper-srHdUj\">\n<div class=\"message-content message-box-content-otxGGw receive-message-box-content-_lREFj samantha-message-box-content-Qjmpja\" data-testid=\"message_content\">\n<div class=\"container-hfX5E8 flow-markdown-body theme-samantha-yJEgBp\" dir=\"ltr\" data-testid=\"message_text_content\" data-show-indicator=\"false\">\n<div class=\"auto-hide-last-sibling-br paragraph-qzbcQC paragraph-element br-paragraph-space\">\n<div class=\"auto-hide-last-sibling-br paragraph-qzbcQC paragraph-element br-paragraph-space\">\n<div class=\"auto-hide-last-sibling-br paragraph-qzbcQC paragraph-element br-paragraph-space\">\n<div class=\"auto-hide-last-sibling-br paragraph-qzbcQC paragraph-element br-paragraph-space\">\n<div class=\"message-box-content-wrapper-srHdUj\">\n<div class=\"message-content message-box-content-otxGGw receive-message-box-content-_lREFj samantha-message-box-content-Qjmpja\" data-testid=\"message_content\">\n<div class=\"container-hfX5E8 flow-markdown-body theme-samantha-yJEgBp\" dir=\"ltr\" data-testid=\"message_text_content\" data-show-indicator=\"false\">\n<div class=\"auto-hide-last-sibling-br paragraph-qzbcQC paragraph-element br-paragraph-space\">\n<div class=\"auto-hide-last-sibling-br paragraph-qzbcQC paragraph-element br-paragraph-space\">Suteikite komfort\u0105 keliaudami su m\u016bs\u0173 sulankstoma kelionine pagalve - privalomu suaugusiesiems skirtu aksesuaru. 26* dyd\u017eio<em>24*<\/em>7,5 cm ergonomi\u0161ka U formos liemen\u0117l\u0117 \u0161velniai priglunda prie kaklo ir suteikia atram\u0105 kelioni\u0173 metu. Nesvarbu, ar skrendate tolimojo skryd\u017eio l\u0117ktuvu, ar keliaujate traukiniu, ar tiesiog gai\u0161tate laik\u0105 triuk\u0161mingoje oro uosto laukimo sal\u0117je, \u0161i pagalv\u0117 yra patikimas s\u0105jungininkas, padedantis i\u0161vengti kaklo nuovargio ir diskomforto.<\/div>\n<p>&nbsp;<\/p>\n<div class=\"auto-hide-last-sibling-br paragraph-qzbcQC paragraph-element br-paragraph-space\">Pagaminta i\u0161 mink\u0161t\u0173 ir patvari\u0173 med\u017eiag\u0173 mi\u0161inio, ji yra tarsi \u0161velnus apkabinimas, \u017eadantis ilgalaik\u012f komfort\u0105. Ta\u010diau i\u0161 ties\u0173 ji i\u0161siskiria i\u0161 kit\u0173 - tai i\u0161radinga sulankstoma konstrukcija. Lengvai sulankstomas, jis lengvai \u012fsideda \u012f rankin\u0119 ar baga\u017e\u0105 ir u\u017eima nedaug vietos. Tod\u0117l tai puikus kelioni\u0173 palydovas tiems, kurie nuolat keliauja, ta\u010diau nenusileid\u017eia stiliui. Apvilktas eleganti\u0161ka, sant\u016bria pilka spalva, jis dvelkia rafinuotumu, ta\u010diau i\u0161lieka prakti\u0161kas.<\/div>\n<p>&nbsp;<\/p>\n<div class=\"auto-hide-last-sibling-br paragraph-qzbcQC paragraph-element br-paragraph-space\">Kelioni\u0173 entuziastai suskubo j\u0105 girti. \"\u0160i sulankstoma kelionin\u0117 pagalv\u0117 kei\u010dia \u017eaidimo taisykles! Anks\u010diau bijojau ilg\u0173 skryd\u017ei\u0173 d\u0117l kaklo skausm\u0173, o dabar j\u0173 laukiu su nekantrumu. Ji tokia patogi ir lengvai pakuojama\", - d\u017eiaug\u0117si vienas da\u017enai skraidantis keleivis. Kitas keliautojas dalijosi: \"Pasi\u0117miau j\u0105 \u012f keliones keliais ir traukiniu. Jis kompakti\u0161kas, patogus, o pilka spalva suteikia jam eleganti\u0161k\u0105 i\u0161vaizd\u0105. Ji tapo nepakei\u010diama mano kelioni\u0173 \u012frangos dalimi.\"<\/div>\n<p>&nbsp;<\/p>\n<div class=\"auto-hide-last-sibling-br paragraph-qzbcQC paragraph-element br-paragraph-space\">I\u0161 esm\u0117s m\u016bs\u0173 sulankstoma kelionin\u0117 pagalv\u0117 yra daugiau nei tik priedas - tai bilietas \u012f komfort\u0105, paver\u010diantis kiekvien\u0105 kelion\u0119 malonesne ir ramesne patirtimi.<\/div>\n<\/div>\n<\/div>\n<\/div>\n<\/div>\n<\/div>\n<\/div>\n<\/div>\n<\/div>\n<\/div>\n<\/div>\n<\/div>\n<\/div>\n<\/div>\n<\/div>\n<\/div>\n<\/div>\n<\/div>\n<\/div>\n<\/div>\n<\/div>\n<\/div>\n<\/div>\n<\/div>\n<\/div>","protected":false},"excerpt":{"rendered":"<p>Sulankstoma kelionin\u0117 pagalv\u0117 pritaikyta suaugusiesiems. Specifikacijos 26*<em>24*<\/em>7,5 cm dyd\u017eio, kompakti\u0161kas ir ergonomi\u0161kas U formos d\u0117klas puikiai priglunda prie kaklo ir suteikia puiki\u0105 atram\u0105 keliaujant. Nesvarbu, ar skrendate tolim\u0105 skryd\u012f, ar keliaujate traukiniu, ar tiesiog snaud\u017eiate laukiamajame, \u0161i pagalv\u0117 pad\u0117s i\u0161vengti kaklo nuovargio ir diskomforto. Ji pagaminta i\u0161 mink\u0161t\u0173 ir patvari\u0173 med\u017eiag\u0173, u\u017etikrinan\u010di\u0173 patog\u0173 prisilietim\u0105. I\u0161skirtinis bruo\u017eas - sulankstoma konstrukcija, tod\u0117l j\u0105 lengva laikyti krep\u0161yje ar baga\u017ee, u\u017eimant minimaliai vietos. Eleganti\u0161kos pilkos spalvos pagalv\u0117l\u0117je suderintas prakti\u0161kumas ir paprasta, bet stilinga i\u0161vaizda, tod\u0117l ji yra b\u016btinas kelioni\u0173 palydovas keliaujantiems.<\/p>","protected":false},"featured_media":3452,"comment_status":"open","ping_status":"closed","template":"","meta":{"_uag_custom_page_level_css":"","site-sidebar-layout":"default","site-content-layout":"","ast-site-content-layout":"default","site-content-style":"default","site-sidebar-style":"default","ast-global-header-display":"","ast-banner-title-visibility":"","ast-main-header-display":"","ast-hfb-above-header-display":"","ast-hfb-below-header-display":"","ast-hfb-mobile-header-display":"","site-post-title":"","ast-breadcrumbs-content":"","ast-featured-img":"","footer-sml-layout":"","ast-disable-related-posts":"","theme-transparent-header-meta":"default","adv-header-id-meta":"","stick-header-meta":"","header-above-stick-meta":"","header-main-stick-meta":"","header-below-stick-meta":"","astra-migrate-meta-layouts":"set","ast-page-background-enabled":"default","ast-page-background-meta":{"desktop":{"background-color":"","background-image":"","background-repeat":"repeat","background-position":"center center","background-size":"auto","background-attachment":"scroll","background-type":"","background-media":"","overlay-type":"","overlay-color":"","overlay-opacity":"","overlay-gradient":""},"tablet":{"background-color":"","background-image":"","background-repeat":"repeat","background-position":"center center","background-size":"auto","background-attachment":"scroll","background-type":"","background-media":"","overlay-type":"","overlay-color":"","overlay-opacity":"","overlay-gradient":""},"mobile":{"background-color":"","background-image":"","background-repeat":"repeat","background-position":"center center","background-size":"auto","background-attachment":"scroll","background-type":"","background-media":"","overlay-type":"","overlay-color":"","overlay-opacity":"","overlay-gradient":""}},"ast-content-background-meta":{"desktop":{"background-color":"var(--ast-global-color-5)","background-image":"","background-repeat":"repeat","background-position":"center center","background-size":"auto","background-attachment":"scroll","background-type":"","background-media":"","overlay-type":"","overlay-color":"","overlay-opacity":"","overlay-gradient":""},"tablet":{"background-color":"var(--ast-global-color-5)","background-image":"","background-repeat":"repeat","background-position":"center center","background-size":"auto","background-attachment":"scroll","background-type":"","background-media":"","overlay-type":"","overlay-color":"","overlay-opacity":"","overlay-gradient":""},"mobile":{"background-color":"var(--ast-global-color-5)","background-image":"","background-repeat":"repeat","background-position":"center center","background-size":"auto","background-attachment":"scroll","background-type":"","background-media":"","overlay-type":"","overlay-color":"","overlay-opacity":"","overlay-gradient":""}}},"product_brand":[],"product_cat":[21],"product_tag":[70,68,71,69],"class_list":{"0":"post-3451","1":"product","2":"type-product","3":"status-publish","4":"has-post-thumbnail","6":"product_cat-others","7":"product_tag-babypillow","8":"product_tag-cuteanimalpillow","9":"product_tag-headshapesupport","10":"product_tag-kouniushapingpillow","11":"desktop-align-left","12":"tablet-align-left","13":"mobile-align-left","15":"first","16":"instock","17":"shipping-taxable","18":"product-type-simple"},"aioseo_notices":[],"uagb_featured_image_src":{"full":["https:\/\/babypillowwholesale.com\/wp-content\/uploads\/2025\/04\/1100.jpg",1000,1000,false],"thumbnail":["https:\/\/babypillowwholesale.com\/wp-content\/uploads\/2025\/04\/1100-150x150.jpg",150,150,true],"medium":["https:\/\/babypillowwholesale.com\/wp-content\/uploads\/2025\/04\/1100-300x300.jpg",300,300,true],"medium_large":["https:\/\/babypillowwholesale.com\/wp-content\/uploads\/2025\/04\/1100-768x768.jpg",768,768,true],"large":["https:\/\/babypillowwholesale.com\/wp-content\/uploads\/2025\/04\/1100.jpg",1000,1000,false],"1536x1536":["https:\/\/babypillowwholesale.com\/wp-content\/uploads\/2025\/04\/1100.jpg",1000,1000,false],"2048x2048":["https:\/\/babypillowwholesale.com\/wp-content\/uploads\/2025\/04\/1100.jpg",1000,1000,false],"trp-custom-language-flag":["https:\/\/babypillowwholesale.com\/wp-content\/uploads\/2025\/04\/1100.jpg",12,12,false],"woocommerce_thumbnail":["https:\/\/babypillowwholesale.com\/wp-content\/uploads\/2025\/04\/1100-300x300.jpg",300,300,true],"woocommerce_single":["https:\/\/babypillowwholesale.com\/wp-content\/uploads\/2025\/04\/1100-600x600.jpg",600,600,true],"woocommerce_gallery_thumbnail":["https:\/\/babypillowwholesale.com\/wp-content\/uploads\/2025\/04\/1100-100x100.jpg",100,100,true]},"uagb_author_info":{"display_name":"Etnen zhong","author_link":"https:\/\/babypillowwholesale.com\/lt\/author\/"},"uagb_comment_info":0,"uagb_excerpt":"The Foldable Travel Pillow is tailor - made for adults. With a specification of 26*24*7.5CM, its compact and ergonomic U - shape snugly fits around the neck, providing excellent support during travel. Whether you're on a long - distance flight, a tiring train journey, or simply taking a nap in a waiting lounge, this pillow&hellip;","jetpack_sharing_enabled":true,"_links":{"self":[{"href":"https:\/\/babypillowwholesale.com\/lt\/wp-json\/wp\/v2\/product\/3451","targetHints":{"allow":["GET"]}}],"collection":[{"href":"https:\/\/babypillowwholesale.com\/lt\/wp-json\/wp\/v2\/product"}],"about":[{"href":"https:\/\/babypillowwholesale.com\/lt\/wp-json\/wp\/v2\/types\/product"}],"replies":[{"embeddable":true,"href":"https:\/\/babypillowwholesale.com\/lt\/wp-json\/wp\/v2\/comments?post=3451"}],"wp:featuredmedia":[{"embeddable":true,"href":"https:\/\/babypillowwholesale.com\/lt\/wp-json\/wp\/v2\/media\/3452"}],"wp:attachment":[{"href":"https:\/\/babypillowwholesale.com\/lt\/wp-json\/wp\/v2\/media?parent=3451"}],"wp:term":[{"taxonomy":"product_brand","embeddable":true,"href":"https:\/\/babypillowwholesale.com\/lt\/wp-json\/wp\/v2\/product_brand?post=3451"},{"taxonomy":"product_cat","embeddable":true,"href":"https:\/\/babypillowwholesale.com\/lt\/wp-json\/wp\/v2\/product_cat?post=3451"},{"taxonomy":"product_tag","embeddable":true,"href":"https:\/\/babypillowwholesale.com\/lt\/wp-json\/wp\/v2\/product_tag?post=3451"}],"curies":[{"name":"wp","href":"https:\/\/api.w.org\/{rel}","templated":true}]}}