{"id":3417,"date":"2025-04-15T10:05:43","date_gmt":"2025-04-15T10:05:43","guid":{"rendered":"https:\/\/babypillowwholesale.com\/?post_type=product&#038;p=3417"},"modified":"2025-06-08T02:51:20","modified_gmt":"2025-06-08T02:51:20","slug":"hydrophilic-foam-childrens-pillow","status":"publish","type":"product","link":"https:\/\/babypillowwholesale.com\/lt\/product\/hydrophilic-foam-childrens-pillow\/","title":{"rendered":"Hidrofilini\u0173 put\u0173 pagalv\u0117 vaikams"},"content":{"rendered":"<div class=\"auto-hide-last-sibling-br paragraph-qzbcQC paragraph-element br-paragraph-space\" data-immersive-translate-walked=\"8e61f2e7-6af2-46e5-9672-3b9e4f4033d9\" data-immersive-translate-paragraph=\"1\">\n<div class=\"auto-hide-last-sibling-br paragraph-qzbcQC paragraph-element br-paragraph-space\">\n<div class=\"auto-hide-last-sibling-br paragraph-qzbcQC paragraph-element br-paragraph-space\">\n<div class=\"auto-hide-last-sibling-br paragraph-qzbcQC paragraph-element br-paragraph-space\">\n<div class=\"auto-hide-last-sibling-br paragraph-qzbcQC paragraph-element br-paragraph-space\">\n<div class=\"auto-hide-last-sibling-br paragraph-qzbcQC paragraph-element br-paragraph-space\">\n<div class=\"inter-wlTS5w\">\n<div class=\"container-QE4ayg\">\n<div class=\"item-jU10IN\">\n<div class=\"container-jODEnh chrome70-container\">\n<div class=\"inner-eE95c9 inner-item-aL3Ui_\" data-target-id=\"message-box-target-id\" data-testid=\"union_message\">\n<div class=\"message-block-container-liuetz\" data-testid=\"message-block-container\">\n<div class=\"message-box-ZWbBdF\" data-testid=\"receive_message\">\n<div class=\"message-box-content-wrapper-srHdUj\">\n<div class=\"message-content message-box-content-otxGGw receive-message-box-content-_lREFj samantha-message-box-content-Qjmpja\" data-testid=\"message_content\">\n<div class=\"container-hfX5E8 flow-markdown-body theme-samantha-yJEgBp\" dir=\"ltr\" data-testid=\"message_text_content\" data-show-indicator=\"false\">\n<div class=\"auto-hide-last-sibling-br paragraph-qzbcQC paragraph-element br-paragraph-space\">\n<div class=\"auto-hide-last-sibling-br paragraph-qzbcQC paragraph-element br-paragraph-space\">\n<div class=\"auto-hide-last-sibling-br paragraph-qzbcQC paragraph-element br-paragraph-space\">\n<div class=\"auto-hide-last-sibling-br paragraph-qzbcQC paragraph-element br-paragraph-space\">\n<div class=\"auto-hide-last-sibling-br paragraph-qzbcQC paragraph-element br-paragraph-space\">\n<div class=\"auto-hide-last-sibling-br paragraph-qzbcQC paragraph-element br-paragraph-space\">Pristatome hidrofilinio putplas\u010dio vaiki\u0161k\u0105 pagalv\u0119 - svajing\u0105 miego palydov\u0105, pritaikyt\u0105 2-8 met\u0173 vaikams. 45* dyd\u017eio<em>28*<\/em>3\/5 cm dyd\u017eio, tod\u0117l jis puikiai tinka j\u016bs\u0173 vaiko galvai ir kaklui, suteikdamas optimali\u0105 atram\u0105 ramiam miegui.<\/div>\n<p>&nbsp;<\/p>\n<div class=\"auto-hide-last-sibling-br paragraph-qzbcQC paragraph-element br-paragraph-space\">\u0160i pagalv\u0117 pagaminta i\u0161 auk\u0161\u010diausios kokyb\u0117s hidrofilinio putplas\u010dio, tod\u0117l yra komforto pavyzdys. Ji nepaprastai mink\u0161ta ir kvie\u010dia ma\u017eyl\u012f pasinerti \u012f jos pliu\u0161in\u012f gl\u0117b\u012f. Be to, jos pralaidumas orui u\u017etikrina v\u0117si\u0105 ir maloni\u0105 miego aplink\u0105, neleisdamas patirti diskomforto nei \u0161ilt\u0105 vasaros nakt\u012f, nei jauk\u0173 \u017eiemos vakar\u0105.<\/div>\n<p>&nbsp;<\/p>\n<div class=\"auto-hide-last-sibling-br paragraph-qzbcQC paragraph-element br-paragraph-space\">Pagalv\u0117s pavir\u0161ius - gyvybinga \u017eavinga drob\u0117, papuo\u0161ta nuostabiais \"Cocoa Bear\" pie\u0161iniais. Nuo nuotyki\u0173 kupino Kakavos me\u0161kiuko, keliaujan\u010dio \u012f kosmos\u0105 ir \u017eadinan\u010dio vaizduot\u0119 apie visatos stebuklus, iki didvyri\u0161ko Kakavos me\u0161kiuko, banglen\u010di\u0173 sporto \u010dempiono, \u012fkvepian\u010dio pasakoti apie dr\u0105s\u0105 ir nuotykius atviroje j\u016broje. Kiekvienas motyvas - tai portalas \u012f skirting\u0105 linksmybi\u0173 ir fantazij\u0173 pasaul\u012f, kuris u\u017eburia vaiko vaizduot\u0119 ir paver\u010dia mieg\u0105 jaudinan\u010dia kelione.<\/div>\n<p>&nbsp;<\/p>\n<div class=\"auto-hide-last-sibling-br paragraph-qzbcQC paragraph-element br-paragraph-space\">\u0160ie \u017eav\u016bs ra\u0161tai taip pat suteikia asmeni\u0161kumo j\u016bs\u0173 vaiko miegamajam. Jis tampa pagrindiniu j\u0173 miego erdv\u0117s ta\u0161ku, d\u017eiaugsmo ir jaukumo \u0161altiniu. Per pasak\u0173 valand\u0117l\u0119, kai paguldysite vaik\u0105 \u012f lov\u0105, \u017eavios me\u0161kiuko Kakavos iliustracijos sukurs dirv\u0105 sald\u017ei\u0173 sapn\u0173 nak\u010diai. O per tingus savaitgalio snaudulius - tai mink\u0161tas prieglobstis, kuriame vaikas gali atsipalaiduoti ir pails\u0117ti.<\/div>\n<p>&nbsp;<\/p>\n<div class=\"auto-hide-last-sibling-br paragraph-qzbcQC paragraph-element br-paragraph-space\">T\u0117vai buvo su\u017eav\u0117ti \u0161ia pagalve. \"Mano penkiametis visi\u0161kai dievina hidrofilinio putplas\u010dio vaiki\u0161k\u0105 pagalv\u0119! \u012evair\u016bs \"Kakavinio me\u0161kiuko\" ra\u0161tai yra hitas, o man patinka, kokia ji mink\u0161ta ir pralaidi orui. D\u0117l jos miegoti tapo lengva\", - dalijosi patenkinta mama. T\u0117tis antrino: \"\u012esigij\u0119 \u0161i\u0105 pagalv\u0119 pasteb\u0117jome, kad vaiko miego kokyb\u0117 tikrai pasikeit\u0117. Ji gerai laikosi, o d\u0117l miel\u0173 ra\u0161t\u0173 tapo m\u0117gstamiausia miegamojo dekoro dalimi.\"<\/div>\n<p>&nbsp;<\/p>\n<div class=\"auto-hide-last-sibling-br paragraph-qzbcQC paragraph-element br-paragraph-space\">I\u0161 esm\u0117s hidrofilinio putplas\u010dio pagalv\u0117 vaikams yra ne tik patalyn\u0117s reikmuo, bet ir brangi j\u016bs\u0173 vaiko kasdienyb\u0117s dalis, kurioje suderintas patogumas, funkcionalumas ir \u0161iek tiek \u012fmantrumo, kad miegas b\u016bt\u0173 toks pat malonus kaip niekur kitur.<\/div>\n<\/div>\n<\/div>\n<\/div>\n<\/div>\n<\/div>\n<\/div>\n<\/div>\n<\/div>\n<\/div>\n<\/div>\n<\/div>\n<\/div>\n<\/div>\n<\/div>\n<\/div>\n<\/div>\n<\/div>\n<\/div>\n<\/div>\n<\/div>\n<\/div>","protected":false},"excerpt":{"rendered":"<div class=\"container-QE4ayg\">\n<div class=\"item-jU10IN\">\n<div class=\"container-jODEnh chrome70-container\">\n<div class=\"inner-eE95c9 inner-item-aL3Ui_\" data-target-id=\"message-box-target-id\" data-testid=\"union_message\">\n<div class=\"message-block-container-liuetz\" data-testid=\"message-block-container\">\n<div class=\"message-box-ZWbBdF\" data-testid=\"receive_message\" data-message-id=\"3087713235977218\">\n<div class=\"message-box-content-wrapper-srHdUj\">\n<div class=\"message-content message-box-content-otxGGw receive-message-box-content-_lREFj samantha-message-box-content-Qjmpja\" data-testid=\"message_content\">\n<div class=\"container-hfX5E8 flow-markdown-body theme-samantha-yJEgBp\" dir=\"ltr\" data-testid=\"message_text_content\" data-show-indicator=\"false\">\n<div class=\"auto-hide-last-sibling-br paragraph-qzbcQC paragraph-element br-paragraph-space\">Hidrofilinio putplas\u010dio vaiki\u0161ka pagalv\u0117 yra idealus miego priedas 2-8 met\u0173 vaikams. Pagalv\u0117l\u0117 yra 45*<em>28*<\/em>3\/5CM, tai patogus dydis, u\u017etikrinantis tinkam\u0105 galvos ir kaklo atram\u0105. Pagalv\u0117 pagaminta i\u0161 hidrofilinio putplas\u010dio, kuris yra mink\u0161tas ir pralaidus orui, tod\u0117l u\u017etikrina v\u0117si\u0105 ir jauki\u0105 miego aplink\u0105. Jos pavir\u0161i\u0173 puo\u0161ia \u012fvair\u016bs \u017eav\u016bs \"Cocoa Bear\" ra\u0161tai, \u012fskaitant \u012fvairias temas, pavyzd\u017eiui, kosmines keliones ir superheroj\u0173 nuotykius. \u0160ie \u017eav\u016bs ra\u0161tai ne tik lavina vaik\u0173 vaizduot\u0119, bet ir smagiai papildo j\u0173 miegamuosius. \u0160ioje pagalv\u0117je dera patogumas, funkcionalumas ir mielumas, tod\u0117l ji yra puikus pasirinkimas vaik\u0173 miego kokybei pagerinti.<\/div>\n<\/div>\n<\/div>\n<\/div>\n<\/div>\n<\/div>\n<\/div>\n<\/div>\n<\/div>\n<\/div>\n<div class=\"container-QE4ayg\">\n<div class=\"item-jU10IN\">\n<div class=\"container-jODEnh chrome70-container\">\n<div class=\"inner-eE95c9 inner-item-aL3Ui_\" data-target-id=\"message-box-target-id\" data-testid=\"union_message\">\n<div class=\"message-block-container-liuetz\" data-testid=\"message-block-container\">\n<div class=\"message-box-ZWbBdF message-box__reverse-vkxp8L\" data-testid=\"send_message\" data-message-id=\"3087382231145474\">\n<div class=\"message-box-content-wrapper-srHdUj send-message-e0EUGT\">\n<div class=\"message-content message-box-content-otxGGw send-message-box-content-N1r3Gh samantha-message-box-content-Qjmpja\" data-testid=\"message_content\"><\/div>\n<\/div>\n<\/div>\n<\/div>\n<\/div>\n<\/div>\n<\/div>\n<\/div>","protected":false},"featured_media":3418,"comment_status":"open","ping_status":"closed","template":"","meta":{"_uag_custom_page_level_css":"","site-sidebar-layout":"default","site-content-layout":"","ast-site-content-layout":"default","site-content-style":"default","site-sidebar-style":"default","ast-global-header-display":"","ast-banner-title-visibility":"","ast-main-header-display":"","ast-hfb-above-header-display":"","ast-hfb-below-header-display":"","ast-hfb-mobile-header-display":"","site-post-title":"","ast-breadcrumbs-content":"","ast-featured-img":"","footer-sml-layout":"","ast-disable-related-posts":"","theme-transparent-header-meta":"default","adv-header-id-meta":"","stick-header-meta":"","header-above-stick-meta":"","header-main-stick-meta":"","header-below-stick-meta":"","astra-migrate-meta-layouts":"set","ast-page-background-enabled":"default","ast-page-background-meta":{"desktop":{"background-color":"","background-image":"","background-repeat":"repeat","background-position":"center center","background-size":"auto","background-attachment":"scroll","background-type":"","background-media":"","overlay-type":"","overlay-color":"","overlay-opacity":"","overlay-gradient":""},"tablet":{"background-color":"","background-image":"","background-repeat":"repeat","background-position":"center center","background-size":"auto","background-attachment":"scroll","background-type":"","background-media":"","overlay-type":"","overlay-color":"","overlay-opacity":"","overlay-gradient":""},"mobile":{"background-color":"","background-image":"","background-repeat":"repeat","background-position":"center center","background-size":"auto","background-attachment":"scroll","background-type":"","background-media":"","overlay-type":"","overlay-color":"","overlay-opacity":"","overlay-gradient":""}},"ast-content-background-meta":{"desktop":{"background-color":"var(--ast-global-color-5)","background-image":"","background-repeat":"repeat","background-position":"center center","background-size":"auto","background-attachment":"scroll","background-type":"","background-media":"","overlay-type":"","overlay-color":"","overlay-opacity":"","overlay-gradient":""},"tablet":{"background-color":"var(--ast-global-color-5)","background-image":"","background-repeat":"repeat","background-position":"center center","background-size":"auto","background-attachment":"scroll","background-type":"","background-media":"","overlay-type":"","overlay-color":"","overlay-opacity":"","overlay-gradient":""},"mobile":{"background-color":"var(--ast-global-color-5)","background-image":"","background-repeat":"repeat","background-position":"center center","background-size":"auto","background-attachment":"scroll","background-type":"","background-media":"","overlay-type":"","overlay-color":"","overlay-opacity":"","overlay-gradient":""}}},"product_brand":[],"product_cat":[57,42],"product_tag":[70,68,71,69],"class_list":{"0":"post-3417","1":"product","2":"type-product","3":"status-publish","4":"has-post-thumbnail","6":"product_cat-2-to-8-years","7":"product_cat-merchandise","8":"product_tag-babypillow","9":"product_tag-cuteanimalpillow","10":"product_tag-headshapesupport","11":"product_tag-kouniushapingpillow","12":"desktop-align-left","13":"tablet-align-left","14":"mobile-align-left","16":"first","17":"instock","18":"shipping-taxable","19":"product-type-simple"},"aioseo_notices":[],"uagb_featured_image_src":{"full":["https:\/\/babypillowwholesale.com\/wp-content\/uploads\/2025\/04\/1709.jpg",1000,1000,false],"thumbnail":["https:\/\/babypillowwholesale.com\/wp-content\/uploads\/2025\/04\/1709-150x150.jpg",150,150,true],"medium":["https:\/\/babypillowwholesale.com\/wp-content\/uploads\/2025\/04\/1709-300x300.jpg",300,300,true],"medium_large":["https:\/\/babypillowwholesale.com\/wp-content\/uploads\/2025\/04\/1709-768x768.jpg",768,768,true],"large":["https:\/\/babypillowwholesale.com\/wp-content\/uploads\/2025\/04\/1709.jpg",1000,1000,false],"1536x1536":["https:\/\/babypillowwholesale.com\/wp-content\/uploads\/2025\/04\/1709.jpg",1000,1000,false],"2048x2048":["https:\/\/babypillowwholesale.com\/wp-content\/uploads\/2025\/04\/1709.jpg",1000,1000,false],"trp-custom-language-flag":["https:\/\/babypillowwholesale.com\/wp-content\/uploads\/2025\/04\/1709.jpg",12,12,false],"woocommerce_thumbnail":["https:\/\/babypillowwholesale.com\/wp-content\/uploads\/2025\/04\/1709-300x300.jpg",300,300,true],"woocommerce_single":["https:\/\/babypillowwholesale.com\/wp-content\/uploads\/2025\/04\/1709-600x600.jpg",600,600,true],"woocommerce_gallery_thumbnail":["https:\/\/babypillowwholesale.com\/wp-content\/uploads\/2025\/04\/1709-100x100.jpg",100,100,true]},"uagb_author_info":{"display_name":"Etnen zhong","author_link":"https:\/\/babypillowwholesale.com\/lt\/author\/"},"uagb_comment_info":0,"uagb_excerpt":"The Hydrophilic Foam Children's Pillow is an ideal sleep accessory for children aged 2 - 8 years. With a specification of 45*28*3\/5CM, it provides a comfortable size that offers proper support for the head and neck. The pillow is made of hydrophilic foam, which is soft and breathable, ensuring a cool and cozy sleep environment.&hellip;","jetpack_sharing_enabled":true,"_links":{"self":[{"href":"https:\/\/babypillowwholesale.com\/lt\/wp-json\/wp\/v2\/product\/3417","targetHints":{"allow":["GET"]}}],"collection":[{"href":"https:\/\/babypillowwholesale.com\/lt\/wp-json\/wp\/v2\/product"}],"about":[{"href":"https:\/\/babypillowwholesale.com\/lt\/wp-json\/wp\/v2\/types\/product"}],"replies":[{"embeddable":true,"href":"https:\/\/babypillowwholesale.com\/lt\/wp-json\/wp\/v2\/comments?post=3417"}],"wp:featuredmedia":[{"embeddable":true,"href":"https:\/\/babypillowwholesale.com\/lt\/wp-json\/wp\/v2\/media\/3418"}],"wp:attachment":[{"href":"https:\/\/babypillowwholesale.com\/lt\/wp-json\/wp\/v2\/media?parent=3417"}],"wp:term":[{"taxonomy":"product_brand","embeddable":true,"href":"https:\/\/babypillowwholesale.com\/lt\/wp-json\/wp\/v2\/product_brand?post=3417"},{"taxonomy":"product_cat","embeddable":true,"href":"https:\/\/babypillowwholesale.com\/lt\/wp-json\/wp\/v2\/product_cat?post=3417"},{"taxonomy":"product_tag","embeddable":true,"href":"https:\/\/babypillowwholesale.com\/lt\/wp-json\/wp\/v2\/product_tag?post=3417"}],"curies":[{"name":"wp","href":"https:\/\/api.w.org\/{rel}","templated":true}]}}