{"id":3408,"date":"2025-04-15T07:56:02","date_gmt":"2025-04-15T07:56:02","guid":{"rendered":"https:\/\/babypillowwholesale.com\/?post_type=product&#038;p=3408"},"modified":"2025-06-08T07:48:00","modified_gmt":"2025-06-08T07:48:00","slug":"neck-protecting-pillow","status":"publish","type":"product","link":"https:\/\/babypillowwholesale.com\/lt\/product\/neck-protecting-pillow\/","title":{"rendered":"Kaklo - apsaugin\u0117 pagalv\u0117"},"content":{"rendered":"<div class=\"auto-hide-last-sibling-br paragraph-qzbcQC paragraph-element br-paragraph-space\" data-immersive-translate-walked=\"8e61f2e7-6af2-46e5-9672-3b9e4f4033d9\" data-immersive-translate-paragraph=\"1\">\n<div class=\"auto-hide-last-sibling-br paragraph-qzbcQC paragraph-element br-paragraph-space\">\n<div class=\"auto-hide-last-sibling-br paragraph-qzbcQC paragraph-element br-paragraph-space\">\n<div class=\"auto-hide-last-sibling-br paragraph-qzbcQC paragraph-element br-paragraph-space\">\n<div class=\"auto-hide-last-sibling-br paragraph-qzbcQC paragraph-element br-paragraph-space\">\n<div class=\"auto-hide-last-sibling-br paragraph-qzbcQC paragraph-element br-paragraph-space\">\n<div class=\"inter-wlTS5w\">\n<div class=\"container-QE4ayg\">\n<div class=\"item-jU10IN\">\n<div class=\"container-jODEnh chrome70-container\">\n<div class=\"inner-eE95c9 inner-item-aL3Ui_\" data-target-id=\"message-box-target-id\" data-testid=\"union_message\">\n<div class=\"message-block-container-liuetz\" data-testid=\"message-block-container\">\n<div class=\"message-box-ZWbBdF\" data-testid=\"receive_message\">\n<div class=\"message-box-content-wrapper-srHdUj\">\n<div class=\"message-content message-box-content-otxGGw receive-message-box-content-_lREFj samantha-message-box-content-Qjmpja\" data-testid=\"message_content\">\n<div class=\"container-hfX5E8 flow-markdown-body theme-samantha-yJEgBp\" dir=\"ltr\" data-testid=\"message_text_content\" data-show-indicator=\"false\">\n<div class=\"auto-hide-last-sibling-br paragraph-qzbcQC paragraph-element br-paragraph-space\">\n<div class=\"auto-hide-last-sibling-br paragraph-qzbcQC paragraph-element br-paragraph-space\">\n<div class=\"auto-hide-last-sibling-br paragraph-qzbcQC paragraph-element br-paragraph-space\">Pristatome kakl\u0105 saugan\u010di\u0105 pagalv\u0119 - puik\u0173 patogumo ir funkcionalumo derin\u012f vaikams. Kruop\u0161\u010diai suprojektuota ergonomi\u0161kos formos pagalv\u0117 suteikia i\u0161skirtin\u0119 atram\u0105 kaklui, veiksmingai palaiko tinkam\u0105 kaklin\u0117s stuburo dalies i\u0161sid\u0117stym\u0105 ir suma\u017eina kaklo patempimo rizik\u0105. Nesvarbu, ar j\u016bs\u0173 vaikas u\u017emiega, ar \u012fsitrauk\u0119s \u012f pasak\u0173 knyg\u0105, ar \u017ei\u016bri m\u0117gstam\u0105 animacin\u012f filmuk\u0105, \u0161i pagalv\u0117 suteikia jauk\u0173 prieglobst\u012f.<\/div>\n<p>&nbsp;<\/p>\n<div class=\"auto-hide-last-sibling-br paragraph-qzbcQC paragraph-element br-paragraph-space\">Papuo\u0161tas \u017eavingu pandos motyvu ir \u017eaismingu u\u017era\u0161u \"KungFu PANQA\", jis smagiai papuo\u0161 bet kur\u012f miegam\u0105j\u012f. Galimos ry\u0161kios ro\u017ein\u0117s, m\u0117lynos, violetin\u0117s ir tamsiai m\u0117lynos spalv\u0173 palet\u0117s, tod\u0117l ji atitinka \u012fvairius estetinius pageidavimus. Pagaminta i\u0161 mink\u0161t\u0173, auk\u0161tos kokyb\u0117s med\u017eiag\u0173, ji u\u017etikrina jauk\u0173 ir ram\u0173 poils\u012f.<\/div>\n<p>&nbsp;<\/p>\n<div class=\"auto-hide-last-sibling-br paragraph-qzbcQC paragraph-element br-paragraph-space\">T\u0117vai giria jo poveik\u012f: \"Mano vaikas dievina \u0161i\u0105 pagalv\u0119! Ji mink\u0161ta, miela ir labai pagerino j\u0173 komfort\u0105 miego ir \u017eaidim\u0173 metu\", - d\u017eiaug\u0117si viena mama. Kitas t\u0117vas pa\u017eym\u0117jo: \"Dizainas \u017eavus, o \u017einojimas, kad ji palaiko mano vaiko kaklo sveikat\u0105, suteikia man ramyb\u0119. Nuostabus j\u0173 patalyn\u0117s priedas!\"<\/div>\n<p>&nbsp;<\/p>\n<div class=\"auto-hide-last-sibling-br paragraph-qzbcQC paragraph-element br-paragraph-space\">Trumpai tariant, \u0161i kakl\u0105 sauganti pagalv\u0117 - tai daugiau nei tik miego reikmuo; tai draugas, kuris u\u017etikrina komfort\u0105, sveikat\u0105 ir d\u017eiaugsm\u0105 kiekvien\u0105 j\u016bs\u0173 vaiko dienos akimirk\u0105.<\/div>\n<\/div>\n<\/div>\n<\/div>\n<\/div>\n<\/div>\n<\/div>\n<\/div>\n<\/div>\n<\/div>\n<\/div>\n<\/div>\n<\/div>\n<\/div>\n<\/div>\n<\/div>\n<\/div>\n<\/div>\n<\/div>","protected":false},"excerpt":{"rendered":"<p>Kakl\u0105 sauganti pagalv\u0117 yra idealus pasirinkimas vaikams. Jos unikali konstrukcija ergonomi\u0161kai sukurta taip, kad u\u017etikrint\u0173 puiki\u0105 kaklo atram\u0105, pad\u0117t\u0173 i\u0161laikyti taisykling\u0105 kaklin\u0117s stuburo dalies laikysen\u0105 ir suma\u017eint\u0173 kaklo diskomforto rizik\u0105. Ant pagalv\u0117s pavaizduotas mielas pandos motyvas su u\u017era\u0161u \"KungFu PANQA\", suteikiantis linksmumo. Pagalv\u0117 gali b\u016bti \u012fvairi\u0173 spalv\u0173, \u012fskaitant ro\u017ein\u0119, m\u0117lyn\u0105, violetin\u0119 ir tamsiai m\u0117lyn\u0105, tod\u0117l gali atitikti \u012fvairius estetinius pageidavimus. Specifikacija 26*<em>24*<\/em>10 cm, tod\u0117l jis yra tinkamo dyd\u017eio vaikams. Pagamintas i\u0161 mink\u0161t\u0173 ir patogi\u0173 med\u017eiag\u0173, jis u\u017etikrina jauk\u0173 mieg\u0105, tod\u0117l puikiai papildo vaiko patalyn\u0119.<\/p>","protected":false},"featured_media":3409,"comment_status":"open","ping_status":"closed","template":"","meta":{"_uag_custom_page_level_css":"","site-sidebar-layout":"default","site-content-layout":"","ast-site-content-layout":"default","site-content-style":"default","site-sidebar-style":"default","ast-global-header-display":"","ast-banner-title-visibility":"","ast-main-header-display":"","ast-hfb-above-header-display":"","ast-hfb-below-header-display":"","ast-hfb-mobile-header-display":"","site-post-title":"","ast-breadcrumbs-content":"","ast-featured-img":"","footer-sml-layout":"","ast-disable-related-posts":"","theme-transparent-header-meta":"default","adv-header-id-meta":"","stick-header-meta":"","header-above-stick-meta":"","header-main-stick-meta":"","header-below-stick-meta":"","astra-migrate-meta-layouts":"set","ast-page-background-enabled":"default","ast-page-background-meta":{"desktop":{"background-color":"","background-image":"","background-repeat":"repeat","background-position":"center center","background-size":"auto","background-attachment":"scroll","background-type":"","background-media":"","overlay-type":"","overlay-color":"","overlay-opacity":"","overlay-gradient":""},"tablet":{"background-color":"","background-image":"","background-repeat":"repeat","background-position":"center center","background-size":"auto","background-attachment":"scroll","background-type":"","background-media":"","overlay-type":"","overlay-color":"","overlay-opacity":"","overlay-gradient":""},"mobile":{"background-color":"","background-image":"","background-repeat":"repeat","background-position":"center center","background-size":"auto","background-attachment":"scroll","background-type":"","background-media":"","overlay-type":"","overlay-color":"","overlay-opacity":"","overlay-gradient":""}},"ast-content-background-meta":{"desktop":{"background-color":"var(--ast-global-color-5)","background-image":"","background-repeat":"repeat","background-position":"center center","background-size":"auto","background-attachment":"scroll","background-type":"","background-media":"","overlay-type":"","overlay-color":"","overlay-opacity":"","overlay-gradient":""},"tablet":{"background-color":"var(--ast-global-color-5)","background-image":"","background-repeat":"repeat","background-position":"center center","background-size":"auto","background-attachment":"scroll","background-type":"","background-media":"","overlay-type":"","overlay-color":"","overlay-opacity":"","overlay-gradient":""},"mobile":{"background-color":"var(--ast-global-color-5)","background-image":"","background-repeat":"repeat","background-position":"center center","background-size":"auto","background-attachment":"scroll","background-type":"","background-media":"","overlay-type":"","overlay-color":"","overlay-opacity":"","overlay-gradient":""}}},"product_brand":[],"product_cat":[21],"product_tag":[70,68,71,69],"class_list":{"0":"post-3408","1":"product","2":"type-product","3":"status-publish","4":"has-post-thumbnail","6":"product_cat-others","7":"product_tag-babypillow","8":"product_tag-cuteanimalpillow","9":"product_tag-headshapesupport","10":"product_tag-kouniushapingpillow","11":"desktop-align-left","12":"tablet-align-left","13":"mobile-align-left","15":"first","16":"instock","17":"shipping-taxable","18":"product-type-simple"},"aioseo_notices":[],"uagb_featured_image_src":{"full":["https:\/\/babypillowwholesale.com\/wp-content\/uploads\/2025\/04\/1103.jpg",1000,1000,false],"thumbnail":["https:\/\/babypillowwholesale.com\/wp-content\/uploads\/2025\/04\/1103-150x150.jpg",150,150,true],"medium":["https:\/\/babypillowwholesale.com\/wp-content\/uploads\/2025\/04\/1103-300x300.jpg",300,300,true],"medium_large":["https:\/\/babypillowwholesale.com\/wp-content\/uploads\/2025\/04\/1103-768x768.jpg",768,768,true],"large":["https:\/\/babypillowwholesale.com\/wp-content\/uploads\/2025\/04\/1103.jpg",1000,1000,false],"1536x1536":["https:\/\/babypillowwholesale.com\/wp-content\/uploads\/2025\/04\/1103.jpg",1000,1000,false],"2048x2048":["https:\/\/babypillowwholesale.com\/wp-content\/uploads\/2025\/04\/1103.jpg",1000,1000,false],"trp-custom-language-flag":["https:\/\/babypillowwholesale.com\/wp-content\/uploads\/2025\/04\/1103.jpg",12,12,false],"woocommerce_thumbnail":["https:\/\/babypillowwholesale.com\/wp-content\/uploads\/2025\/04\/1103-300x300.jpg",300,300,true],"woocommerce_single":["https:\/\/babypillowwholesale.com\/wp-content\/uploads\/2025\/04\/1103-600x600.jpg",600,600,true],"woocommerce_gallery_thumbnail":["https:\/\/babypillowwholesale.com\/wp-content\/uploads\/2025\/04\/1103-100x100.jpg",100,100,true]},"uagb_author_info":{"display_name":"Etnen zhong","author_link":"https:\/\/babypillowwholesale.com\/lt\/author\/"},"uagb_comment_info":0,"uagb_excerpt":"The Neck - Protecting Pillow is an ideal choice for children. Its unique design is ergonomically crafted to provide excellent support for the neck, helping to maintain a proper cervical spine posture and reduce the risk of neck discomfort. The pillow features a cute panda motif with the words \u201cKungFu PANQA\u201d, adding an element of&hellip;","jetpack_sharing_enabled":true,"_links":{"self":[{"href":"https:\/\/babypillowwholesale.com\/lt\/wp-json\/wp\/v2\/product\/3408","targetHints":{"allow":["GET"]}}],"collection":[{"href":"https:\/\/babypillowwholesale.com\/lt\/wp-json\/wp\/v2\/product"}],"about":[{"href":"https:\/\/babypillowwholesale.com\/lt\/wp-json\/wp\/v2\/types\/product"}],"replies":[{"embeddable":true,"href":"https:\/\/babypillowwholesale.com\/lt\/wp-json\/wp\/v2\/comments?post=3408"}],"wp:featuredmedia":[{"embeddable":true,"href":"https:\/\/babypillowwholesale.com\/lt\/wp-json\/wp\/v2\/media\/3409"}],"wp:attachment":[{"href":"https:\/\/babypillowwholesale.com\/lt\/wp-json\/wp\/v2\/media?parent=3408"}],"wp:term":[{"taxonomy":"product_brand","embeddable":true,"href":"https:\/\/babypillowwholesale.com\/lt\/wp-json\/wp\/v2\/product_brand?post=3408"},{"taxonomy":"product_cat","embeddable":true,"href":"https:\/\/babypillowwholesale.com\/lt\/wp-json\/wp\/v2\/product_cat?post=3408"},{"taxonomy":"product_tag","embeddable":true,"href":"https:\/\/babypillowwholesale.com\/lt\/wp-json\/wp\/v2\/product_tag?post=3408"}],"curies":[{"name":"wp","href":"https:\/\/api.w.org\/{rel}","templated":true}]}}