{"id":3389,"date":"2025-04-11T08:14:21","date_gmt":"2025-04-11T08:14:21","guid":{"rendered":"https:\/\/babypillowwholesale.com\/?post_type=product&#038;p=3389"},"modified":"2025-06-08T08:00:10","modified_gmt":"2025-06-08T08:00:10","slug":"heart-printed-shaping-pillow","status":"publish","type":"product","link":"https:\/\/babypillowwholesale.com\/lt\/product\/heart-printed-shaping-pillow\/","title":{"rendered":"\u0160irdis - Spausdinta formuojanti pagalv\u0117"},"content":{"rendered":"<div class=\"auto-hide-last-sibling-br paragraph-qzbcQC paragraph-element br-paragraph-space\" data-immersive-translate-walked=\"8e61f2e7-6af2-46e5-9672-3b9e4f4033d9\" data-immersive-translate-paragraph=\"1\">\n<div class=\"auto-hide-last-sibling-br paragraph-qzbcQC paragraph-element br-paragraph-space\">\n<div class=\"auto-hide-last-sibling-br paragraph-qzbcQC paragraph-element br-paragraph-space\">\n<div class=\"auto-hide-last-sibling-br paragraph-qzbcQC paragraph-element br-paragraph-space\">\n<div class=\"auto-hide-last-sibling-br paragraph-qzbcQC paragraph-element br-paragraph-space\">\n<div class=\"auto-hide-last-sibling-br paragraph-qzbcQC paragraph-element br-paragraph-space\">Pristatome \"\u0160ird\u012f\" - spausdint\u0105 formuojan\u010di\u0105 pagalv\u0119, \u017eaving\u0105 ir b\u016btin\u0105 miego palydov\u0105, pritaikyt\u0105 0-6 m\u0117nesi\u0173 k\u016bdikiams. \u0160i pagalv\u0117 - tai harmoningas gro\u017eio ir funkcionalumo derinys, o jos pavir\u0161ius tarnauja kaip audeklas nuostabiai atsitiktini\u0173 atspaud\u0173 gamai. \u0160velnios \u0161irdel\u0117s, plazdantys pauk\u0161teliai ir dail\u016bs g\u0117li\u0173 elementai \u0161oka per audin\u012f, sukurdami vizualin\u0119 simfonij\u0105, kuri ramina jausmus ir sukelia \u0161ilumos bei \u0161velnumo poj\u016bt\u012f.<\/div>\n<p>&nbsp;<\/p>\n<div class=\"auto-hide-last-sibling-br paragraph-qzbcQC paragraph-element br-paragraph-space\">Kruop\u0161\u010diai pagaminta pagalv\u0117 suteikia \u0161velni\u0105, bet tvirt\u0105 atram\u0105, kuri labai svarbi formuojant ir i\u0161laikant k\u016bdikio galvyt\u0119 pirmaisiais m\u0117nesiais. 27* dyd\u017eio<em>26*<\/em>2,5 cm, tod\u0117l jis puikiai \u012fsitaiso k\u016bdikio lovel\u0117je, suteikdamas jauk\u0173 ir saug\u0173 prieglobst\u012f j\u016bs\u0173 ma\u017eyliui.<\/div>\n<p>&nbsp;<\/p>\n<div class=\"auto-hide-last-sibling-br paragraph-qzbcQC paragraph-element br-paragraph-space\">\u012esivaizduokite savo brang\u0173 k\u016bdik\u012f, gulint\u012f lovel\u0117je, kurio galva patogiai priglausta prie \u0161ios pagalv\u0117l\u0117s. Dienos miego metu ji tampa mink\u0161tu, maloniu prieglobs\u010diu, o nakt\u012f suteikia saugumo jausm\u0105 ir padeda k\u016bdikiui ramiai u\u017emigti. Ji taip pat suteikia \u017eavesio vaik\u0173 kambariui, paversdama erdv\u0119 jaukesne ir \u0161ird\u012f \u0161ildan\u010dia aplinka.<\/div>\n<p>&nbsp;<\/p>\n<div class=\"auto-hide-last-sibling-br paragraph-qzbcQC paragraph-element br-paragraph-space\">T\u0117vai negail\u0117jo pagyr\u0173 \u0161iam produktui. \"A\u0161 visi\u0161kai \u012fsimyl\u0117jau \"\u0160ird\u012f\" - spausdint\u0105 formuojan\u010di\u0105 pagalv\u0119! Ji ne tik \u017eavinga, bet ir atrodo, kad mano k\u016bdikiui taip patogu. Spaudiniai tokie mieli, ir man patinka, kad ji padeda formuoti galv\u0105\", - d\u017eiaug\u0117si viena nauja mama. T\u0117tis prid\u016br\u0117: \"Prad\u0117j\u0119 naudoti \u0161i\u0105 pagalv\u0119 pasteb\u0117jome tikr\u0105 k\u016bdikio miego skirtum\u0105. Ji gerai pagaminta, o jos dizainas tiesiog idealiai tinka m\u016bs\u0173 vaik\u0173 kambariui. Puikus atradimas!\"<\/div>\n<p>&nbsp;<\/p>\n<div class=\"auto-hide-last-sibling-br paragraph-qzbcQC paragraph-element br-paragraph-space\">\u0160irdies formos pagalv\u0117 su spauda yra daugiau nei tik patalyn\u0117s reikmuo; tai brangi ankstyvojo k\u016bdikio gyvenimo dalis, kuri kiekvien\u0105 miego akimirk\u0105 suteikia patogumo, mielumo ir saugumo jausmo.<\/div>\n<\/div>\n<\/div>\n<\/div>\n<\/div>\n<\/div>","protected":false},"excerpt":{"rendered":"<p>\u0160irdis - spausdinta formuojanti pagalv\u0117l\u0117 yra \u017eavingas ir funkcionalus miego aksesuaras, skirtas 0-6 m\u0117nesi\u0173 k\u016bdikiams. Jos pavir\u0161i\u0173 puo\u0161ia gra\u017e\u016bs atsitiktiniai \u0161irdeli\u0173, pauk\u0161teli\u0173 ir g\u0117li\u0173 ra\u0161tai, sukuriantys miel\u0105 ir raminant\u012f vaizd\u0105. R\u016bpestingai pagamintas, jis suteikia \u0161velni\u0105 atram\u0105, padedan\u010di\u0105 formuoti ir i\u0161laikyti k\u016bdikio galvyt\u0119. I\u0161matavimai: 27*<em>26*<\/em>2,5 cm, jis patogiai telpa k\u016bdikio lovel\u0117je. \u0160i pagalv\u0117 ne tik suteikia mink\u0161t\u0105 ir jauki\u0105 poilsio viet\u0105 k\u016bdikiui, bet ir suteikia \u0161iltumo ir mielumo vaik\u0173 kambariui, tod\u0117l yra idealus pasirinkimas norint u\u017etikrinti rami\u0105 miego aplink\u0105 j\u016bs\u0173 ma\u017eyliui.<\/p>","protected":false},"featured_media":3390,"comment_status":"open","ping_status":"closed","template":"","meta":{"_uag_custom_page_level_css":"","site-sidebar-layout":"default","site-content-layout":"","ast-site-content-layout":"default","site-content-style":"default","site-sidebar-style":"default","ast-global-header-display":"","ast-banner-title-visibility":"","ast-main-header-display":"","ast-hfb-above-header-display":"","ast-hfb-below-header-display":"","ast-hfb-mobile-header-display":"","site-post-title":"","ast-breadcrumbs-content":"","ast-featured-img":"","footer-sml-layout":"","ast-disable-related-posts":"","theme-transparent-header-meta":"default","adv-header-id-meta":"","stick-header-meta":"","header-above-stick-meta":"","header-main-stick-meta":"","header-below-stick-meta":"","astra-migrate-meta-layouts":"set","ast-page-background-enabled":"default","ast-page-background-meta":{"desktop":{"background-color":"","background-image":"","background-repeat":"repeat","background-position":"center center","background-size":"auto","background-attachment":"scroll","background-type":"","background-media":"","overlay-type":"","overlay-color":"","overlay-opacity":"","overlay-gradient":""},"tablet":{"background-color":"","background-image":"","background-repeat":"repeat","background-position":"center center","background-size":"auto","background-attachment":"scroll","background-type":"","background-media":"","overlay-type":"","overlay-color":"","overlay-opacity":"","overlay-gradient":""},"mobile":{"background-color":"","background-image":"","background-repeat":"repeat","background-position":"center center","background-size":"auto","background-attachment":"scroll","background-type":"","background-media":"","overlay-type":"","overlay-color":"","overlay-opacity":"","overlay-gradient":""}},"ast-content-background-meta":{"desktop":{"background-color":"var(--ast-global-color-5)","background-image":"","background-repeat":"repeat","background-position":"center center","background-size":"auto","background-attachment":"scroll","background-type":"","background-media":"","overlay-type":"","overlay-color":"","overlay-opacity":"","overlay-gradient":""},"tablet":{"background-color":"var(--ast-global-color-5)","background-image":"","background-repeat":"repeat","background-position":"center center","background-size":"auto","background-attachment":"scroll","background-type":"","background-media":"","overlay-type":"","overlay-color":"","overlay-opacity":"","overlay-gradient":""},"mobile":{"background-color":"var(--ast-global-color-5)","background-image":"","background-repeat":"repeat","background-position":"center center","background-size":"auto","background-attachment":"scroll","background-type":"","background-media":"","overlay-type":"","overlay-color":"","overlay-opacity":"","overlay-gradient":""}}},"product_brand":[],"product_cat":[54,42],"product_tag":[70,68,71,69],"class_list":{"0":"post-3389","1":"product","2":"type-product","3":"status-publish","4":"has-post-thumbnail","6":"product_cat-0-to-6months","7":"product_cat-merchandise","8":"product_tag-babypillow","9":"product_tag-cuteanimalpillow","10":"product_tag-headshapesupport","11":"product_tag-kouniushapingpillow","12":"desktop-align-left","13":"tablet-align-left","14":"mobile-align-left","16":"first","17":"instock","18":"shipping-taxable","19":"product-type-simple"},"aioseo_notices":[],"uagb_featured_image_src":{"full":["https:\/\/babypillowwholesale.com\/wp-content\/uploads\/2025\/04\/1009.jpg",1000,1000,false],"thumbnail":["https:\/\/babypillowwholesale.com\/wp-content\/uploads\/2025\/04\/1009-150x150.jpg",150,150,true],"medium":["https:\/\/babypillowwholesale.com\/wp-content\/uploads\/2025\/04\/1009-300x300.jpg",300,300,true],"medium_large":["https:\/\/babypillowwholesale.com\/wp-content\/uploads\/2025\/04\/1009-768x768.jpg",768,768,true],"large":["https:\/\/babypillowwholesale.com\/wp-content\/uploads\/2025\/04\/1009.jpg",1000,1000,false],"1536x1536":["https:\/\/babypillowwholesale.com\/wp-content\/uploads\/2025\/04\/1009.jpg",1000,1000,false],"2048x2048":["https:\/\/babypillowwholesale.com\/wp-content\/uploads\/2025\/04\/1009.jpg",1000,1000,false],"trp-custom-language-flag":["https:\/\/babypillowwholesale.com\/wp-content\/uploads\/2025\/04\/1009.jpg",12,12,false],"woocommerce_thumbnail":["https:\/\/babypillowwholesale.com\/wp-content\/uploads\/2025\/04\/1009-300x300.jpg",300,300,true],"woocommerce_single":["https:\/\/babypillowwholesale.com\/wp-content\/uploads\/2025\/04\/1009-600x600.jpg",600,600,true],"woocommerce_gallery_thumbnail":["https:\/\/babypillowwholesale.com\/wp-content\/uploads\/2025\/04\/1009-100x100.jpg",100,100,true]},"uagb_author_info":{"display_name":"Etnen zhong","author_link":"https:\/\/babypillowwholesale.com\/lt\/author\/"},"uagb_comment_info":0,"uagb_excerpt":"The Heart - Printed Shaping Pillow is a charming and functional sleep accessory designed for infants aged 0 - 6 months. Its surface is adorned with lovely random prints of hearts, birds, and floral elements, creating a sweet and soothing visual appeal. Crafted with care, it provides gentle support to help shape and maintain the&hellip;","jetpack_sharing_enabled":true,"_links":{"self":[{"href":"https:\/\/babypillowwholesale.com\/lt\/wp-json\/wp\/v2\/product\/3389","targetHints":{"allow":["GET"]}}],"collection":[{"href":"https:\/\/babypillowwholesale.com\/lt\/wp-json\/wp\/v2\/product"}],"about":[{"href":"https:\/\/babypillowwholesale.com\/lt\/wp-json\/wp\/v2\/types\/product"}],"replies":[{"embeddable":true,"href":"https:\/\/babypillowwholesale.com\/lt\/wp-json\/wp\/v2\/comments?post=3389"}],"wp:featuredmedia":[{"embeddable":true,"href":"https:\/\/babypillowwholesale.com\/lt\/wp-json\/wp\/v2\/media\/3390"}],"wp:attachment":[{"href":"https:\/\/babypillowwholesale.com\/lt\/wp-json\/wp\/v2\/media?parent=3389"}],"wp:term":[{"taxonomy":"product_brand","embeddable":true,"href":"https:\/\/babypillowwholesale.com\/lt\/wp-json\/wp\/v2\/product_brand?post=3389"},{"taxonomy":"product_cat","embeddable":true,"href":"https:\/\/babypillowwholesale.com\/lt\/wp-json\/wp\/v2\/product_cat?post=3389"},{"taxonomy":"product_tag","embeddable":true,"href":"https:\/\/babypillowwholesale.com\/lt\/wp-json\/wp\/v2\/product_tag?post=3389"}],"curies":[{"name":"wp","href":"https:\/\/api.w.org\/{rel}","templated":true}]}}