{"id":3386,"date":"2025-04-11T08:03:37","date_gmt":"2025-04-11T08:03:37","guid":{"rendered":"https:\/\/babypillowwholesale.com\/?post_type=product&#038;p=3386"},"modified":"2025-06-08T08:05:40","modified_gmt":"2025-06-08T08:05:40","slug":"bear-ear-printed-shaping-pillow","status":"publish","type":"product","link":"https:\/\/babypillowwholesale.com\/lt\/product\/bear-ear-printed-shaping-pillow\/","title":{"rendered":"Lokio ausis Spausdinta formuojanti pagalv\u0117"},"content":{"rendered":"<div class=\"auto-hide-last-sibling-br paragraph-qzbcQC paragraph-element br-paragraph-space\" data-immersive-translate-walked=\"8e61f2e7-6af2-46e5-9672-3b9e4f4033d9\" data-immersive-translate-paragraph=\"1\">\n<div class=\"auto-hide-last-sibling-br paragraph-qzbcQC paragraph-element br-paragraph-space\">\n<div class=\"auto-hide-last-sibling-br paragraph-qzbcQC paragraph-element br-paragraph-space\">\n<div class=\"auto-hide-last-sibling-br paragraph-qzbcQC paragraph-element br-paragraph-space\">\n<div class=\"auto-hide-last-sibling-br paragraph-qzbcQC paragraph-element br-paragraph-space\">Pristatome me\u0161kiuko ausies formos pagalv\u0117l\u0119 - \u017eaving\u0105 ir nepakei\u010diam\u0105 miego palydov\u0105, pritaikyt\u0105 0-6 m\u0117nesi\u0173 k\u016bdikiams. \u0160i pagalv\u0117 - tai mielumo ir funkcionalumo simfonija, pasi\u017eyminti \u017eavingu dizainu, kuriame yra \u017eav\u016bs me\u0161kiuko aus\u012f primenantys kont\u016brai. Jos pavir\u0161ius - tai d\u017eiaugsmo drob\u0117, papuo\u0161ta nuostabiais atsitiktiniais pie\u0161iniais su \u017eaviais me\u0161kiuk\u0173 motyvais, \u012fmantriais balionais ir sald\u017eiais vaisiais, kurie sukuria \u017eaving\u0105 atmosfer\u0105.<\/div>\n<p>&nbsp;<\/p>\n<div class=\"auto-hide-last-sibling-br paragraph-qzbcQC paragraph-element br-paragraph-space\">Pagaminta i\u0161 auk\u0161\u010diausios kokyb\u0117s med\u017eiag\u0173, ji \u0161velniai, bet tvirtai apkabina. \u0160i pagalv\u0117 yra meistri\u0161kai sukurta taip, kad gal\u0117t\u0173 prilaikyti j\u016bs\u0173 k\u016bdikio galv\u0105 ir pad\u0117t\u0173 i\u0161laikyti sveik\u0105 galvos form\u0105 pirmaisiais gyvenimo m\u0117nesiais. 28* dyd\u017eio<em>21*<\/em>1,5 cm, jis puikiai \u012fsitaiso k\u016bdikio lovel\u0117je, sukurdamas jauk\u0173 ir saug\u0173 prieglobst\u012f j\u016bs\u0173 ma\u017eyliui.<\/div>\n<p>&nbsp;<\/p>\n<div class=\"auto-hide-last-sibling-br paragraph-qzbcQC paragraph-element br-paragraph-space\">\u012esivaizduokite savo brang\u0173 k\u016bdik\u012f, gulint\u012f savo lovel\u0117je ir patogiai \u012fsitaisius\u012f ant \u0161ios pagalv\u0117l\u0117s. Dienos miego metu ji suteikia mink\u0161t\u0105 ir malon\u0173 pavir\u0161i\u0173, o nakt\u012f tampa komforto ir saugumo \u0161altiniu, padedan\u010diu k\u016bdikiui ramiai u\u017emigti. Ji taip pat yra gra\u017eus dekoratyvinis elementas vaik\u0173 kambaryje, suteikiantis kambario interjerui \u012fmantrumo.<\/div>\n<p>&nbsp;<\/p>\n<div class=\"auto-hide-last-sibling-br paragraph-qzbcQC paragraph-element br-paragraph-space\">T\u0117vai d\u017eiaug\u0117si \u0161iuo gaminiu. \"\u0160i\u0105 me\u0161kiuko ausies formos pagalv\u0117l\u0119 b\u016btina tur\u0117ti! Mano k\u016bdikiui atrodo daug patogiau, o d\u0117l miel\u0173 ra\u0161t\u0173 ji i\u0161siskiria vaik\u0173 kambaryje. Man patinka, kad ji taip pat padeda formuoti galv\u0105\", - d\u017eiaug\u0117si nauja mama. Vienas t\u0117tis prid\u016br\u0117: \"Esame tikrai su\u017eav\u0117ti kokybe. Jis mink\u0161tas, patvarus, o dizainas tiesiog \u017eavus. Tai tapo svarbia m\u016bs\u0173 k\u016bdikio miego \u012frangos dalimi.\"<\/div>\n<p>&nbsp;<\/p>\n<div class=\"auto-hide-last-sibling-br paragraph-qzbcQC paragraph-element br-paragraph-space\">I\u0161 esm\u0117s \"Bear Ear\" spausdinta formuojanti pagalv\u0117 yra harmoningas patogumo, mielumo ir prakti\u0161kumo derinys. Tai ne tik patalyn\u0117s reikmuo; tai brangi ankstyvojo k\u016bdikio gyvenimo dalis, praturtinanti kiekvien\u0105 miego akimirk\u0105 savo \u0161velnia parama ir \u017eavingu buvimu.<\/div>\n<\/div>\n<\/div>\n<\/div>\n<\/div>","protected":false},"excerpt":{"rendered":"<p>\"Lokio ausies\" spausdinta formavimo pagalv\u0117l\u0117 yra \u017eavinga ir prakti\u0161ka miego pagalbin\u0117 priemon\u0117 0-6 m\u0117nesi\u0173 k\u016bdikiams. Pagalv\u0117l\u0117s dizainas - tai mielos me\u0161kiuko ausies formos, papuo\u0161tos \u017eavingais atsitiktiniais \u017eavi\u0173 me\u0161kiuk\u0173 motyvais ir kitais mielais elementais. Pagamintas i\u0161 kokybi\u0161k\u0173 med\u017eiag\u0173, jis \u0161velniai palaiko k\u016bdikio galvos form\u0105. I\u0161matavimai: 28*<em>21*<\/em>1,5 cm, jis puikiai tinka k\u016bdikio lovel\u0117je. \u0160i pagalv\u0117 ne tik suteikia mink\u0161t\u0105 ir patogi\u0105 viet\u0105 k\u016bdikiui pails\u0117ti, bet ir papuo\u0161ia vaik\u0173 kambar\u012f, sukurdama maloni\u0105 aplink\u0105 k\u016bdikio miegui.<\/p>","protected":false},"featured_media":3387,"comment_status":"open","ping_status":"closed","template":"","meta":{"_uag_custom_page_level_css":"","site-sidebar-layout":"default","site-content-layout":"","ast-site-content-layout":"default","site-content-style":"default","site-sidebar-style":"default","ast-global-header-display":"","ast-banner-title-visibility":"","ast-main-header-display":"","ast-hfb-above-header-display":"","ast-hfb-below-header-display":"","ast-hfb-mobile-header-display":"","site-post-title":"","ast-breadcrumbs-content":"","ast-featured-img":"","footer-sml-layout":"","ast-disable-related-posts":"","theme-transparent-header-meta":"default","adv-header-id-meta":"","stick-header-meta":"","header-above-stick-meta":"","header-main-stick-meta":"","header-below-stick-meta":"","astra-migrate-meta-layouts":"set","ast-page-background-enabled":"default","ast-page-background-meta":{"desktop":{"background-color":"","background-image":"","background-repeat":"repeat","background-position":"center center","background-size":"auto","background-attachment":"scroll","background-type":"","background-media":"","overlay-type":"","overlay-color":"","overlay-opacity":"","overlay-gradient":""},"tablet":{"background-color":"","background-image":"","background-repeat":"repeat","background-position":"center center","background-size":"auto","background-attachment":"scroll","background-type":"","background-media":"","overlay-type":"","overlay-color":"","overlay-opacity":"","overlay-gradient":""},"mobile":{"background-color":"","background-image":"","background-repeat":"repeat","background-position":"center center","background-size":"auto","background-attachment":"scroll","background-type":"","background-media":"","overlay-type":"","overlay-color":"","overlay-opacity":"","overlay-gradient":""}},"ast-content-background-meta":{"desktop":{"background-color":"var(--ast-global-color-5)","background-image":"","background-repeat":"repeat","background-position":"center center","background-size":"auto","background-attachment":"scroll","background-type":"","background-media":"","overlay-type":"","overlay-color":"","overlay-opacity":"","overlay-gradient":""},"tablet":{"background-color":"var(--ast-global-color-5)","background-image":"","background-repeat":"repeat","background-position":"center center","background-size":"auto","background-attachment":"scroll","background-type":"","background-media":"","overlay-type":"","overlay-color":"","overlay-opacity":"","overlay-gradient":""},"mobile":{"background-color":"var(--ast-global-color-5)","background-image":"","background-repeat":"repeat","background-position":"center center","background-size":"auto","background-attachment":"scroll","background-type":"","background-media":"","overlay-type":"","overlay-color":"","overlay-opacity":"","overlay-gradient":""}}},"product_brand":[],"product_cat":[54,42],"product_tag":[70,68,71,69],"class_list":{"0":"post-3386","1":"product","2":"type-product","3":"status-publish","4":"has-post-thumbnail","6":"product_cat-0-to-6months","7":"product_cat-merchandise","8":"product_tag-babypillow","9":"product_tag-cuteanimalpillow","10":"product_tag-headshapesupport","11":"product_tag-kouniushapingpillow","12":"desktop-align-left","13":"tablet-align-left","14":"mobile-align-left","16":"first","17":"instock","18":"shipping-taxable","19":"product-type-simple"},"aioseo_notices":[],"uagb_featured_image_src":{"full":["https:\/\/babypillowwholesale.com\/wp-content\/uploads\/2025\/04\/1010.jpg",1000,1000,false],"thumbnail":["https:\/\/babypillowwholesale.com\/wp-content\/uploads\/2025\/04\/1010-150x150.jpg",150,150,true],"medium":["https:\/\/babypillowwholesale.com\/wp-content\/uploads\/2025\/04\/1010-300x300.jpg",300,300,true],"medium_large":["https:\/\/babypillowwholesale.com\/wp-content\/uploads\/2025\/04\/1010-768x768.jpg",768,768,true],"large":["https:\/\/babypillowwholesale.com\/wp-content\/uploads\/2025\/04\/1010.jpg",1000,1000,false],"1536x1536":["https:\/\/babypillowwholesale.com\/wp-content\/uploads\/2025\/04\/1010.jpg",1000,1000,false],"2048x2048":["https:\/\/babypillowwholesale.com\/wp-content\/uploads\/2025\/04\/1010.jpg",1000,1000,false],"trp-custom-language-flag":["https:\/\/babypillowwholesale.com\/wp-content\/uploads\/2025\/04\/1010.jpg",12,12,false],"woocommerce_thumbnail":["https:\/\/babypillowwholesale.com\/wp-content\/uploads\/2025\/04\/1010-300x300.jpg",300,300,true],"woocommerce_single":["https:\/\/babypillowwholesale.com\/wp-content\/uploads\/2025\/04\/1010-600x600.jpg",600,600,true],"woocommerce_gallery_thumbnail":["https:\/\/babypillowwholesale.com\/wp-content\/uploads\/2025\/04\/1010-100x100.jpg",100,100,true]},"uagb_author_info":{"display_name":"Etnen zhong","author_link":"https:\/\/babypillowwholesale.com\/lt\/author\/"},"uagb_comment_info":0,"uagb_excerpt":"The Bear Ear Printed Shaping Pillow is a charming and practical sleep aid for infants aged 0 - 6 months. Its design features cute bear ear - like shapes and is adorned with delightful random prints of adorable bear motifs and other sweet elements. Made with quality materials, it provides gentle support to help maintain&hellip;","jetpack_sharing_enabled":true,"_links":{"self":[{"href":"https:\/\/babypillowwholesale.com\/lt\/wp-json\/wp\/v2\/product\/3386","targetHints":{"allow":["GET"]}}],"collection":[{"href":"https:\/\/babypillowwholesale.com\/lt\/wp-json\/wp\/v2\/product"}],"about":[{"href":"https:\/\/babypillowwholesale.com\/lt\/wp-json\/wp\/v2\/types\/product"}],"replies":[{"embeddable":true,"href":"https:\/\/babypillowwholesale.com\/lt\/wp-json\/wp\/v2\/comments?post=3386"}],"wp:featuredmedia":[{"embeddable":true,"href":"https:\/\/babypillowwholesale.com\/lt\/wp-json\/wp\/v2\/media\/3387"}],"wp:attachment":[{"href":"https:\/\/babypillowwholesale.com\/lt\/wp-json\/wp\/v2\/media?parent=3386"}],"wp:term":[{"taxonomy":"product_brand","embeddable":true,"href":"https:\/\/babypillowwholesale.com\/lt\/wp-json\/wp\/v2\/product_brand?post=3386"},{"taxonomy":"product_cat","embeddable":true,"href":"https:\/\/babypillowwholesale.com\/lt\/wp-json\/wp\/v2\/product_cat?post=3386"},{"taxonomy":"product_tag","embeddable":true,"href":"https:\/\/babypillowwholesale.com\/lt\/wp-json\/wp\/v2\/product_tag?post=3386"}],"curies":[{"name":"wp","href":"https:\/\/api.w.org\/{rel}","templated":true}]}}