{"id":3383,"date":"2025-04-11T07:55:31","date_gmt":"2025-04-11T07:55:31","guid":{"rendered":"https:\/\/babypillowwholesale.com\/?post_type=product&#038;p=3383"},"modified":"2025-06-08T08:07:13","modified_gmt":"2025-06-08T08:07:13","slug":"little-apple-memory-pillow","status":"publish","type":"product","link":"https:\/\/babypillowwholesale.com\/lt\/product\/little-apple-memory-pillow\/","title":{"rendered":"\"Little Apple\" atminties pagalv\u0117"},"content":{"rendered":"<div class=\"auto-hide-last-sibling-br paragraph-qzbcQC paragraph-element br-paragraph-space\" data-immersive-translate-walked=\"8e61f2e7-6af2-46e5-9672-3b9e4f4033d9\" data-immersive-translate-paragraph=\"1\">\n<div class=\"auto-hide-last-sibling-br paragraph-qzbcQC paragraph-element br-paragraph-space\">\n<div class=\"auto-hide-last-sibling-br paragraph-qzbcQC paragraph-element br-paragraph-space\">\n<div class=\"auto-hide-last-sibling-br paragraph-qzbcQC paragraph-element br-paragraph-space\">Pristatome \"Little Apple Memory Pillow\" - miel\u0105 ir nepakei\u010diam\u0105 miego palydov\u0105, sukurt\u0105 specialiai 0-3 m\u0117nesi\u0173 k\u016bdikiams. \u0160i pagalv\u0117l\u0117 \u017eavingu obuolio siluetu i\u0161 karto patraukia ak\u012f, nuo pat prad\u017ei\u0173 skleisdama saldumo ir \u017eaismingumo jausm\u0105.<\/div>\n<p>&nbsp;<\/p>\n<div class=\"auto-hide-last-sibling-br paragraph-qzbcQC paragraph-element br-paragraph-space\">Jis pagamintas i\u0161 auk\u0161\u010diausios kokyb\u0117s atminties put\u0173 ir yra komforto pavyzdys. \u0160velniai ir vientisai prisitaiko prie unikali\u0173 k\u016bdikio galvos kont\u016br\u0173, tod\u0117l suteikia individual\u0173 atramos lyg\u012f, kuris yra \u0161velnus ir raminantis. Pagalv\u0117s pavir\u0161ius - \u017eavinga drob\u0117, papuo\u0161ta nuostabiais atsitiktiniais ra\u0161tais, kurie suteikia \u012fmantrumo ir \u0161ilumos. Kiekvienas ra\u0161tas - tarsi ma\u017eyt\u0117 istorija, prisidedanti prie bendro pagalv\u0117s \u017eavesio.<\/div>\n<p>&nbsp;<\/p>\n<div class=\"auto-hide-last-sibling-br paragraph-qzbcQC paragraph-element br-paragraph-space\">Nedidelis 20*<em>22*<\/em>1,5 cm, jis puikiai \u012fsitaiso k\u016bdikio lovel\u0117je ir sukuria jauk\u0173 prieglobst\u012f j\u016bs\u0173 ma\u017eyliui. \u012esivaizduokite savo brang\u0173 k\u016bdik\u012f, gulint\u012f savo lovel\u0117je, kurio galvyt\u0119 \u0161velniai glosto \u0161i obuolio formos pagalv\u0117l\u0117. Ji tampa mink\u0161ta ir saugia vieta, kur jis gali ramiai u\u017emigti, apsuptas \u0161velnaus atminties put\u0173 audinio ir miel\u0173 ra\u0161t\u0173.<\/div>\n<p>&nbsp;<\/p>\n<div class=\"auto-hide-last-sibling-br paragraph-qzbcQC paragraph-element br-paragraph-space\">Pirmosiomis dienomis, kai k\u016bdikis daug laiko praleid\u017eia miegodamas, \"Little Apple Memory Pillow\" yra nuolatinis komforto \u0161altinis. Nesvarbu, ar tai b\u016bt\u0173 trumpas dienos miegas, ar ilgesnis nakties miegas, \u0161i pagalv\u0117 suteikia pastov\u0173 ir raminant\u012f pavir\u0161i\u0173. Ji taip pat tampa pagrindiniu vaik\u0173 kambario akcentu, suteikdama mielo akcento bendram dekorui.<\/div>\n<p>&nbsp;<\/p>\n<div class=\"auto-hide-last-sibling-br paragraph-qzbcQC paragraph-element br-paragraph-space\">T\u0117vai negail\u0117jo pagyr\u0173 \u0161iai nuostabiai pagalvei. \"A\u0161 \u012fsimyl\u0117jau \"Little Apple Memory Pillow\"! Ji tokia miela, o mano naujagimis atrodo daug patogesnis. Atminties putos kei\u010dia \u017eaidim\u0105\", - d\u017eiaug\u0117si viena nauja mama. Vienas t\u0117tis prid\u016br\u0117: \"Mums patinka, kad ji suteikia \u0161iek tiek \u017eavesio vaik\u0173 kambariui. Ji gerai laikosi ir tikrai atrodo, kad padeda m\u016bs\u0173 k\u016bdikiui geriau miegoti.\"<\/div>\n<p>&nbsp;<\/p>\n<div class=\"auto-hide-last-sibling-br paragraph-qzbcQC paragraph-element br-paragraph-space\">I\u0161 esm\u0117s \"Little Apple Memory Pillow\" yra harmoningas patogumo, mielumo ir funkcionalumo derinys. Tai ne tik patalyn\u0117s reikmuo; tai brangi ankstyvojo k\u016bdikio gyvenimo dalis, kiekvien\u0105 miego akimirk\u0105 pripildanti ramyb\u0117s ir \u0161velnumo jausmo.<\/div>\n<\/div>\n<\/div>\n<\/div>","protected":false},"excerpt":{"rendered":"<p>\"Little Apple Memory Pillow\" yra miela ir prakti\u0161ka miego pagalv\u0117l\u0117, skirta 0-3 m\u0117nesi\u0173 k\u016bdikiams. Mielo obuoliuko formos pagalv\u0117l\u0117 i\u0161 karto patraukia ak\u012f savo \u017eavinga forma. Pagaminta i\u0161 atminties put\u0173, ji mink\u0161tai prisitaiko prie k\u016bdikio galvos, tod\u0117l suteikia \u0161velni\u0105 ir pritaikyt\u0105 atram\u0105. Pavir\u0161ius dekoruotas \u017eavingais atsitiktiniais ra\u0161tais, kurie suteikia meilumo. Kompakti\u0161ko dyd\u017eio 20*<em>22*<\/em>1,5 cm, jis puikiai tinka k\u016bdikio lovel\u0117je. \u0160i pagalv\u0117 ne tik padeda i\u0161laikyti k\u016bdikio galvos form\u0105, bet ir suteikia jauki\u0105 ir patogi\u0105 poilsio viet\u0105, sukurdama rami\u0105 aplink\u0105 ramiam k\u016bdikio miegui.<\/p>","protected":false},"featured_media":3384,"comment_status":"open","ping_status":"closed","template":"","meta":{"_uag_custom_page_level_css":"","site-sidebar-layout":"default","site-content-layout":"","ast-site-content-layout":"default","site-content-style":"default","site-sidebar-style":"default","ast-global-header-display":"","ast-banner-title-visibility":"","ast-main-header-display":"","ast-hfb-above-header-display":"","ast-hfb-below-header-display":"","ast-hfb-mobile-header-display":"","site-post-title":"","ast-breadcrumbs-content":"","ast-featured-img":"","footer-sml-layout":"","ast-disable-related-posts":"","theme-transparent-header-meta":"default","adv-header-id-meta":"","stick-header-meta":"","header-above-stick-meta":"","header-main-stick-meta":"","header-below-stick-meta":"","astra-migrate-meta-layouts":"set","ast-page-background-enabled":"default","ast-page-background-meta":{"desktop":{"background-color":"","background-image":"","background-repeat":"repeat","background-position":"center center","background-size":"auto","background-attachment":"scroll","background-type":"","background-media":"","overlay-type":"","overlay-color":"","overlay-opacity":"","overlay-gradient":""},"tablet":{"background-color":"","background-image":"","background-repeat":"repeat","background-position":"center center","background-size":"auto","background-attachment":"scroll","background-type":"","background-media":"","overlay-type":"","overlay-color":"","overlay-opacity":"","overlay-gradient":""},"mobile":{"background-color":"","background-image":"","background-repeat":"repeat","background-position":"center center","background-size":"auto","background-attachment":"scroll","background-type":"","background-media":"","overlay-type":"","overlay-color":"","overlay-opacity":"","overlay-gradient":""}},"ast-content-background-meta":{"desktop":{"background-color":"var(--ast-global-color-5)","background-image":"","background-repeat":"repeat","background-position":"center center","background-size":"auto","background-attachment":"scroll","background-type":"","background-media":"","overlay-type":"","overlay-color":"","overlay-opacity":"","overlay-gradient":""},"tablet":{"background-color":"var(--ast-global-color-5)","background-image":"","background-repeat":"repeat","background-position":"center center","background-size":"auto","background-attachment":"scroll","background-type":"","background-media":"","overlay-type":"","overlay-color":"","overlay-opacity":"","overlay-gradient":""},"mobile":{"background-color":"var(--ast-global-color-5)","background-image":"","background-repeat":"repeat","background-position":"center center","background-size":"auto","background-attachment":"scroll","background-type":"","background-media":"","overlay-type":"","overlay-color":"","overlay-opacity":"","overlay-gradient":""}}},"product_brand":[],"product_cat":[54,42],"product_tag":[70,68,71,69],"class_list":{"0":"post-3383","1":"product","2":"type-product","3":"status-publish","4":"has-post-thumbnail","6":"product_cat-0-to-6months","7":"product_cat-merchandise","8":"product_tag-babypillow","9":"product_tag-cuteanimalpillow","10":"product_tag-headshapesupport","11":"product_tag-kouniushapingpillow","12":"desktop-align-left","13":"tablet-align-left","14":"mobile-align-left","16":"first","17":"instock","18":"shipping-taxable","19":"product-type-simple"},"aioseo_notices":[],"uagb_featured_image_src":{"full":["https:\/\/babypillowwholesale.com\/wp-content\/uploads\/2025\/04\/1003.jpg",1000,1000,false],"thumbnail":["https:\/\/babypillowwholesale.com\/wp-content\/uploads\/2025\/04\/1003-150x150.jpg",150,150,true],"medium":["https:\/\/babypillowwholesale.com\/wp-content\/uploads\/2025\/04\/1003-300x300.jpg",300,300,true],"medium_large":["https:\/\/babypillowwholesale.com\/wp-content\/uploads\/2025\/04\/1003-768x768.jpg",768,768,true],"large":["https:\/\/babypillowwholesale.com\/wp-content\/uploads\/2025\/04\/1003.jpg",1000,1000,false],"1536x1536":["https:\/\/babypillowwholesale.com\/wp-content\/uploads\/2025\/04\/1003.jpg",1000,1000,false],"2048x2048":["https:\/\/babypillowwholesale.com\/wp-content\/uploads\/2025\/04\/1003.jpg",1000,1000,false],"trp-custom-language-flag":["https:\/\/babypillowwholesale.com\/wp-content\/uploads\/2025\/04\/1003.jpg",12,12,false],"woocommerce_thumbnail":["https:\/\/babypillowwholesale.com\/wp-content\/uploads\/2025\/04\/1003-300x300.jpg",300,300,true],"woocommerce_single":["https:\/\/babypillowwholesale.com\/wp-content\/uploads\/2025\/04\/1003-600x600.jpg",600,600,true],"woocommerce_gallery_thumbnail":["https:\/\/babypillowwholesale.com\/wp-content\/uploads\/2025\/04\/1003-100x100.jpg",100,100,true]},"uagb_author_info":{"display_name":"Etnen zhong","author_link":"https:\/\/babypillowwholesale.com\/lt\/author\/"},"uagb_comment_info":0,"uagb_excerpt":"The Little Apple Memory Pillow is a sweet and practical sleep essential designed for infants aged 0 - 3 months. Shaped like a cute apple, it immediately catches the eye with its adorable form. Made of memory foam, it softly conforms to the baby's head, providing gentle and customized support. The surface is decorated with&hellip;","jetpack_sharing_enabled":true,"_links":{"self":[{"href":"https:\/\/babypillowwholesale.com\/lt\/wp-json\/wp\/v2\/product\/3383","targetHints":{"allow":["GET"]}}],"collection":[{"href":"https:\/\/babypillowwholesale.com\/lt\/wp-json\/wp\/v2\/product"}],"about":[{"href":"https:\/\/babypillowwholesale.com\/lt\/wp-json\/wp\/v2\/types\/product"}],"replies":[{"embeddable":true,"href":"https:\/\/babypillowwholesale.com\/lt\/wp-json\/wp\/v2\/comments?post=3383"}],"wp:featuredmedia":[{"embeddable":true,"href":"https:\/\/babypillowwholesale.com\/lt\/wp-json\/wp\/v2\/media\/3384"}],"wp:attachment":[{"href":"https:\/\/babypillowwholesale.com\/lt\/wp-json\/wp\/v2\/media?parent=3383"}],"wp:term":[{"taxonomy":"product_brand","embeddable":true,"href":"https:\/\/babypillowwholesale.com\/lt\/wp-json\/wp\/v2\/product_brand?post=3383"},{"taxonomy":"product_cat","embeddable":true,"href":"https:\/\/babypillowwholesale.com\/lt\/wp-json\/wp\/v2\/product_cat?post=3383"},{"taxonomy":"product_tag","embeddable":true,"href":"https:\/\/babypillowwholesale.com\/lt\/wp-json\/wp\/v2\/product_tag?post=3383"}],"curies":[{"name":"wp","href":"https:\/\/api.w.org\/{rel}","templated":true}]}}