{"id":3380,"date":"2025-04-11T07:23:24","date_gmt":"2025-04-11T07:23:24","guid":{"rendered":"https:\/\/babypillowwholesale.com\/?post_type=product&#038;p=3380"},"modified":"2025-06-08T08:11:45","modified_gmt":"2025-06-08T08:11:45","slug":"little-bear-memory-pillow","status":"publish","type":"product","link":"https:\/\/babypillowwholesale.com\/lt\/product\/little-bear-memory-pillow\/","title":{"rendered":"Ma\u017eojo me\u0161kiuko atminties pagalv\u0117"},"content":{"rendered":"<div class=\"auto-hide-last-sibling-br paragraph-qzbcQC paragraph-element br-paragraph-space\" data-immersive-translate-walked=\"8e61f2e7-6af2-46e5-9672-3b9e4f4033d9\" data-immersive-translate-paragraph=\"1\">\n<div class=\"auto-hide-last-sibling-br paragraph-qzbcQC paragraph-element br-paragraph-space\">\n<div class=\"auto-hide-last-sibling-br paragraph-qzbcQC paragraph-element br-paragraph-space\">Pristatome \"Little Bear Memory\" pagalv\u0117l\u0119 - \u0161veln\u0173 ir svarb\u0173 miego palydov\u0105, kruop\u0161\u010diai sukurt\u0105 0-6 m\u0117nesi\u0173 k\u016bdikiams. \u0160i pagalv\u0117 yra komforto pavyzdys, pagaminta i\u0161 auk\u0161\u010diausios kokyb\u0117s atminties put\u0173, kurios dailiai prisitaiko prie k\u016bdikio galvos kont\u016br\u0173. Pagalv\u0117l\u0117 priglunda prie k\u016bno ir u\u017etikrina \u0161veln\u0173, bet palaikant\u012f komfort\u0105, kuris labai svarbus j\u016bs\u0173 ma\u017eylio besivystan\u010diai galvos formai.<\/div>\n<p>&nbsp;<\/p>\n<div class=\"auto-hide-last-sibling-br paragraph-qzbcQC paragraph-element br-paragraph-space\">Pagalv\u0117s pavir\u0161ius - tai mielumo drob\u0117, papuo\u0161ta daugybe \u017eavi\u0173 atsitiktini\u0173 ra\u0161t\u0173 su \u017eavingais me\u0161kiuk\u0173 motyvais. Kiekvienas me\u0161kiukas, pasi\u017eymintis miela i\u0161rai\u0161ka ir \u017eaismingu elgesiu, suteikia \u0161maik\u0161tumo ir \u0161ilumos, tod\u0117l pagalv\u0117 yra ne tik funkcionalus daiktas, bet ir vizualinio d\u017eiaugsmo \u0161altinis.<\/div>\n<p>&nbsp;<\/p>\n<div class=\"auto-hide-last-sibling-br paragraph-qzbcQC paragraph-element br-paragraph-space\">Kompakti\u0161kas 25* i\u0161matavimas<em>20*<\/em>1,5 cm, jis puikiai tinka k\u016bdikio lovel\u0117je ar lop\u0161yje. \u012esivaizduokite savo brang\u0173 k\u016bdik\u012f, \u012fsitaisius\u012f jaukioje miego vietoje, o jo ma\u017eyt\u0117 galvyt\u0117 \u0161velniai guli ant \u0161ios pagalv\u0117l\u0117s. Ji taps \u0161velnumo oaze, vieta, kur jie gal\u0117s ramiai snausti, apsupti guod\u017eian\u010di\u0173 me\u0161kiuk\u0173 atspaud\u0173.<\/div>\n<p>&nbsp;<\/p>\n<div class=\"auto-hide-last-sibling-br paragraph-qzbcQC paragraph-element br-paragraph-space\">Pirmosiomis dienomis, kai k\u016bdikis vis\u0105 dien\u0105 trumpai snaud\u017eia, \"Little Bear Memory\" pagalv\u0117 suteikia pastovi\u0105 ir patogi\u0105 viet\u0105. Ji taip pat nuramina miegant nakt\u012f, nes padeda k\u016bdikiui jaustis saugiai ir ramiai.<\/div>\n<p>&nbsp;<\/p>\n<div class=\"auto-hide-last-sibling-br paragraph-qzbcQC paragraph-element br-paragraph-space\">T\u0117vai d\u017eiaug\u0117si \u0161iuo gaminiu. \"\u0160i \"Little Bear Memory Pillow\" pagalv\u0117l\u0117 kei\u010dia \u017eaidimo taisykles! Mano naujagimis atrodo daug patogesnis, o man patinka mielieji me\u0161kiuk\u0173 ra\u0161tai. Galiu b\u016bti rami, nes \u017einau, kad ji padeda formuoti galv\u0105\", - d\u017eiaug\u0117si nauja mama. Vienas t\u0117tis prid\u016br\u0117: \"Esame tikrai su\u017eav\u0117ti kokybe. Jis puikiai laikosi ir tapo svarbia m\u016bs\u0173 k\u016bdikio miego \u012frangos dalimi.\"<\/div>\n<p>&nbsp;<\/p>\n<div class=\"auto-hide-last-sibling-br paragraph-qzbcQC paragraph-element br-paragraph-space\">I\u0161 esm\u0117s pagalv\u0117 \"Little Bear Memory Pillow\" yra harmoningas patogumo, mielumo ir funkcionalumo derinys. Tai ne tik patalyn\u0117s reikmuo; tai brangi pirm\u0173j\u0173 k\u016bdikio dien\u0173 dalis, suteikianti saugumo ir \u0161velnumo jausm\u0105 kiekvienai miego akimirkai.<\/div>\n<\/div>\n<\/div>","protected":false},"excerpt":{"rendered":"<p>\"Little Bear Memory Pillow\" yra subtilus ir funkcionalus miego aksesuaras, skirtas 0-6 m\u0117nesi\u0173 k\u016bdikiams. Pagaminta i\u0161 atminties put\u0173, ji \u0161velniai prisitaiko prie k\u016bdikio galvos formos ir suteikia individuali\u0105 atram\u0105. Jos pavir\u0161i\u0173 puo\u0161ia mieli atsitiktiniai me\u0161kiuk\u0173 motyv\u0173 atspaudai, suteikiantys \u017eavesio. Kompakti\u0161ko dyd\u017eio - 25*<em>20*<\/em>1,5 cm, jis tinka k\u016bdikio lovel\u0117je arba lop\u0161yje. \u0160i pagalv\u0117 ne tik padeda i\u0161laikyti k\u016bdikio galvos form\u0105, bet ir suteikia mink\u0161t\u0105 ir patogi\u0105 poilsio viet\u0105, sukuria jauki\u0105 aplink\u0105 k\u016bdikio miegui.<\/p>","protected":false},"featured_media":3381,"comment_status":"open","ping_status":"closed","template":"","meta":{"_uag_custom_page_level_css":"","site-sidebar-layout":"default","site-content-layout":"","ast-site-content-layout":"default","site-content-style":"default","site-sidebar-style":"default","ast-global-header-display":"","ast-banner-title-visibility":"","ast-main-header-display":"","ast-hfb-above-header-display":"","ast-hfb-below-header-display":"","ast-hfb-mobile-header-display":"","site-post-title":"","ast-breadcrumbs-content":"","ast-featured-img":"","footer-sml-layout":"","ast-disable-related-posts":"","theme-transparent-header-meta":"default","adv-header-id-meta":"","stick-header-meta":"","header-above-stick-meta":"","header-main-stick-meta":"","header-below-stick-meta":"","astra-migrate-meta-layouts":"set","ast-page-background-enabled":"default","ast-page-background-meta":{"desktop":{"background-color":"","background-image":"","background-repeat":"repeat","background-position":"center center","background-size":"auto","background-attachment":"scroll","background-type":"","background-media":"","overlay-type":"","overlay-color":"","overlay-opacity":"","overlay-gradient":""},"tablet":{"background-color":"","background-image":"","background-repeat":"repeat","background-position":"center center","background-size":"auto","background-attachment":"scroll","background-type":"","background-media":"","overlay-type":"","overlay-color":"","overlay-opacity":"","overlay-gradient":""},"mobile":{"background-color":"","background-image":"","background-repeat":"repeat","background-position":"center center","background-size":"auto","background-attachment":"scroll","background-type":"","background-media":"","overlay-type":"","overlay-color":"","overlay-opacity":"","overlay-gradient":""}},"ast-content-background-meta":{"desktop":{"background-color":"var(--ast-global-color-5)","background-image":"","background-repeat":"repeat","background-position":"center center","background-size":"auto","background-attachment":"scroll","background-type":"","background-media":"","overlay-type":"","overlay-color":"","overlay-opacity":"","overlay-gradient":""},"tablet":{"background-color":"var(--ast-global-color-5)","background-image":"","background-repeat":"repeat","background-position":"center center","background-size":"auto","background-attachment":"scroll","background-type":"","background-media":"","overlay-type":"","overlay-color":"","overlay-opacity":"","overlay-gradient":""},"mobile":{"background-color":"var(--ast-global-color-5)","background-image":"","background-repeat":"repeat","background-position":"center center","background-size":"auto","background-attachment":"scroll","background-type":"","background-media":"","overlay-type":"","overlay-color":"","overlay-opacity":"","overlay-gradient":""}}},"product_brand":[],"product_cat":[54,42],"product_tag":[70,68,71,69],"class_list":{"0":"post-3380","1":"product","2":"type-product","3":"status-publish","4":"has-post-thumbnail","6":"product_cat-0-to-6months","7":"product_cat-merchandise","8":"product_tag-babypillow","9":"product_tag-cuteanimalpillow","10":"product_tag-headshapesupport","11":"product_tag-kouniushapingpillow","12":"desktop-align-left","13":"tablet-align-left","14":"mobile-align-left","16":"first","17":"instock","18":"shipping-taxable","19":"product-type-simple"},"aioseo_notices":[],"uagb_featured_image_src":{"full":["https:\/\/babypillowwholesale.com\/wp-content\/uploads\/2025\/04\/1002.jpg",1000,1000,false],"thumbnail":["https:\/\/babypillowwholesale.com\/wp-content\/uploads\/2025\/04\/1002-150x150.jpg",150,150,true],"medium":["https:\/\/babypillowwholesale.com\/wp-content\/uploads\/2025\/04\/1002-300x300.jpg",300,300,true],"medium_large":["https:\/\/babypillowwholesale.com\/wp-content\/uploads\/2025\/04\/1002-768x768.jpg",768,768,true],"large":["https:\/\/babypillowwholesale.com\/wp-content\/uploads\/2025\/04\/1002.jpg",1000,1000,false],"1536x1536":["https:\/\/babypillowwholesale.com\/wp-content\/uploads\/2025\/04\/1002.jpg",1000,1000,false],"2048x2048":["https:\/\/babypillowwholesale.com\/wp-content\/uploads\/2025\/04\/1002.jpg",1000,1000,false],"trp-custom-language-flag":["https:\/\/babypillowwholesale.com\/wp-content\/uploads\/2025\/04\/1002.jpg",12,12,false],"woocommerce_thumbnail":["https:\/\/babypillowwholesale.com\/wp-content\/uploads\/2025\/04\/1002-300x300.jpg",300,300,true],"woocommerce_single":["https:\/\/babypillowwholesale.com\/wp-content\/uploads\/2025\/04\/1002-600x600.jpg",600,600,true],"woocommerce_gallery_thumbnail":["https:\/\/babypillowwholesale.com\/wp-content\/uploads\/2025\/04\/1002-100x100.jpg",100,100,true]},"uagb_author_info":{"display_name":"Etnen zhong","author_link":"https:\/\/babypillowwholesale.com\/lt\/author\/"},"uagb_comment_info":0,"uagb_excerpt":"The Little Bear Memory Pillow is a delicate and functional sleep accessory designed for infants aged 0 - 6 months. Made with memory foam, it gently conforms to the shape of the baby's head, providing customized support. Its surface is adorned with cute random prints of little bear motifs, adding an element of charm. With&hellip;","jetpack_sharing_enabled":true,"_links":{"self":[{"href":"https:\/\/babypillowwholesale.com\/lt\/wp-json\/wp\/v2\/product\/3380","targetHints":{"allow":["GET"]}}],"collection":[{"href":"https:\/\/babypillowwholesale.com\/lt\/wp-json\/wp\/v2\/product"}],"about":[{"href":"https:\/\/babypillowwholesale.com\/lt\/wp-json\/wp\/v2\/types\/product"}],"replies":[{"embeddable":true,"href":"https:\/\/babypillowwholesale.com\/lt\/wp-json\/wp\/v2\/comments?post=3380"}],"wp:featuredmedia":[{"embeddable":true,"href":"https:\/\/babypillowwholesale.com\/lt\/wp-json\/wp\/v2\/media\/3381"}],"wp:attachment":[{"href":"https:\/\/babypillowwholesale.com\/lt\/wp-json\/wp\/v2\/media?parent=3380"}],"wp:term":[{"taxonomy":"product_brand","embeddable":true,"href":"https:\/\/babypillowwholesale.com\/lt\/wp-json\/wp\/v2\/product_brand?post=3380"},{"taxonomy":"product_cat","embeddable":true,"href":"https:\/\/babypillowwholesale.com\/lt\/wp-json\/wp\/v2\/product_cat?post=3380"},{"taxonomy":"product_tag","embeddable":true,"href":"https:\/\/babypillowwholesale.com\/lt\/wp-json\/wp\/v2\/product_tag?post=3380"}],"curies":[{"name":"wp","href":"https:\/\/api.w.org\/{rel}","templated":true}]}}